{"id":119,"date":"2022-08-24T16:23:45","date_gmt":"2022-08-24T14:23:45","guid":{"rendered":"https:\/\/www.pinovo.eu\/?page_id=119"},"modified":"2026-04-15T14:39:52","modified_gmt":"2026-04-15T13:39:52","slug":"pinovo-eu","status":"publish","type":"page","link":"https:\/\/www.pinovo.eu\/de\/pinovo-eu\/","title":{"rendered":"Pinovo EU"},"content":{"rendered":"\n<p>Pinovo ist eine stolze Abteilung von ATEX-Tools, die sich auf innovative L\u00f6sungen zur Oberfl\u00e4chenvorbereitung f\u00fcr gef\u00e4hrliche und explosive Umgebungen spezialisiert hat. Als Teil von ATEX-Tools bringen wir ein umfangreiches Fachwissen und Zuverl\u00e4ssigkeit in jedes Projekt ein, um Sicherheit, Pr\u00e4zision und Umweltverantwortung zu gew\u00e4hrleisten.<\/p>\n\n\n\n<h2 class=\"wp-block-heading\">Innovative und zuverl\u00e4ssige L\u00f6sungen<\/h2>\n\n\n\n<p>Das patentierte Vakuumstrahlsystem von Pinovo setzt einen neuen Standard f\u00fcr staubfreie und umweltfreundliche Oberfl\u00e4chenvorbereitung. Unsere L\u00f6sungen verbessern nicht nur die Sicherheit, sondern steigern auch die betriebliche Effizienz, indem sie Ausfallzeiten reduzieren und sowohl Arbeiter als auch die Umwelt sch\u00fctzen.<\/p>\n\n\n\n<h2 class=\"wp-block-heading\">Unsere Mission &amp; Vision<\/h2>\n\n\n\n<p>Als Teil von ATEX-Tools verpflichtet sich Pinovo, sicherere, sauberere und effizientere Arbeitspl\u00e4tze zu schaffen. Unsere Mission ist es, die Branche in nachhaltigen L\u00f6sungen zur Oberfl\u00e4chenvorbereitung zu f\u00fchren, w\u00e4hrend unsere Vision darauf abzielt, dauerhafte Partnerschaften mit Kunden aufzubauen, indem wir kontinuierlich Qualit\u00e4t und Innovation liefern.<\/p>\n\n\n\n<h2 class=\"wp-block-heading\">ATEX-Zertifizierung: ein Ma\u00dfstab f\u00fcr Sicherheit<\/h2>\n\n\n\n<p>Alle Pinovo-Werkzeuge sind ATEX-zertifiziert und stellen sicher, dass sie die h\u00f6chsten Sicherheitsstandards f\u00fcr den Einsatz in explosiven und gef\u00e4hrlichen Bereichen erf\u00fcllen. Diese Zertifizierung spiegelt unser Engagement wider, zuverl\u00e4ssige, konforme Ausr\u00fcstung anzubieten, die den besonderen Anforderungen dieser Umgebungen gerecht wird.<\/p>\n\n\n\n<h2 class=\"wp-block-heading\"><strong>Ein Erbe der Exzellenz<\/strong><\/h2>\n\n\n\n<p>Pinovo ist Teil einer vertrauensw\u00fcrdigen Familie von L\u00f6sungen unter ATEX-Tools, die jahrelange Erfahrung mit modernster Technologie kombiniert, um die spezifischen Herausforderungen der von uns bedienten Branchen anzugehen. Wir bem\u00fchen uns, langfristige Beziehungen zu unseren Kunden aufzubauen, indem wir fortlaufende Unterst\u00fctzung und ma\u00dfgeschneiderte L\u00f6sungen bieten, um ihren individuellen Bed\u00fcrfnissen gerecht zu werden.<\/p>\n\n\n\n<p>Kontaktieren Sie uns noch heute, um zu erfahren, wie Pinovo und ATEX-Tools Ihre Abl\u00e4ufe unterst\u00fctzen und Ihre Oberfl\u00e4chenvorbereitungsprozesse verbessern k\u00f6nnen.<\/p>\n\n\n\n<div class=\"contact-cta\">\n    <img decoding=\"async\" data-src=\"https:\/\/www.pinovo.eu\/de\/wp-content\/uploads\/sites\/13\/2024\/12\/persoon-ctapng.png\" alt=\"persoon-ctapng\" src=\"data:image\/svg+xml;base64,PHN2ZyB3aWR0aD0iMSIgaGVpZ2h0PSIxIiB4bWxucz0iaHR0cDovL3d3dy53My5vcmcvMjAwMC9zdmciPjwvc3ZnPg==\" class=\"lazyload\" style=\"--smush-placeholder-width: 150px; --smush-placeholder-aspect-ratio: 150\/200;\">\n    <div class=\"content\">\n        <h2>Anrufen, E-Mail senden oder Route planen \u2026<\/h2>\n        <div class=\"buttons\">\n            <a href=\"tel:+3178 303 19 20\" class=\"btn btn-primary\">\n                <span class=\"icon-phone-spoed-button icon\"><\/span>\n                +3178 303 19 20            <\/a>\n            <a href=\"\/contact\" class=\"btn btn-primary\">\n                <span class=\"icon-mail icon\"><\/span>\n                Kontaktformulierung            <\/a>\n            <a href=\"https:\/\/www.google.com\/maps\/place\/Planckstraat+53,+3316+GS+Dordrecht\/@51.7760649,4.6320294,17z\/data=!3m1!4b1!4m6!3m5!1s0x47c42f69ef6cbd6b:0x699ebf9ab1046423!8m2!3d51.7760649!4d4.6346097!16s%2Fg%2F11b8v7k4z2?entry=ttu&amp;g_ep=EgoyMDI0MDgyOC4wIKXMDSoASAFQAw%3D%3D\" target=\"_blank\" class=\"btn btn-primary\">\n                <span class=\"icon-location\"><\/span>\n                Route:  Planckstraat 53, Dordrecht            <\/a>\n        <\/div>\n    <\/div>\n<\/div>\n\n\n\n<p>Seien Sie versichert, wir behandeln Ihre Kontaktdaten mit Sorgfalt. Pinovo verarbeitet die von Ihnen bereitgestellten pers\u00f6nlichen Daten gem\u00e4\u00df seiner etablierten <a href=\"\/privacybeleid\/\">Datenschutzerkl\u00e4rung<\/a>.<br><\/p>\n\n\n\n<div class=\"wp-block-columns is-layout-flex wp-container-core-columns-is-layout-28f84493 wp-block-columns-is-layout-flex\">\n<div class=\"wp-block-column is-layout-flow wp-block-column-is-layout-flow\">\n<div class=\"wp-block-columns alignfull is-layout-flex wp-container-core-columns-is-layout-28f84493 wp-block-columns-is-layout-flex\">\n<div class=\"wp-block-column is-layout-flow wp-block-column-is-layout-flow\" style=\"flex-basis:100%\"><div class=\"wp-block-image\">\n<figure class=\"aligncenter size-full is-resized\"><img decoding=\"async\" width=\"184\" height=\"184\" data-src=\"https:\/\/www.pinovo.eu\/wp-content\/uploads\/2024\/12\/adres.png\" alt=\"\" class=\"wp-image-2432 lazyload\" style=\"--smush-placeholder-width: 184px; --smush-placeholder-aspect-ratio: 184\/184;width:92px;height:92px\" data-srcset=\"https:\/\/www.pinovo.eu\/de\/wp-content\/uploads\/sites\/13\/2024\/12\/adres.png 184w, https:\/\/www.pinovo.eu\/de\/wp-content\/uploads\/sites\/13\/2024\/12\/adres-150x150.png 150w, https:\/\/www.pinovo.eu\/de\/wp-content\/uploads\/sites\/13\/2024\/12\/adres-100x100.png 100w\" data-sizes=\"(max-width: 184px) 100vw, 184px\" src=\"data:image\/svg+xml;base64,PHN2ZyB3aWR0aD0iMSIgaGVpZ2h0PSIxIiB4bWxucz0iaHR0cDovL3d3dy53My5vcmcvMjAwMC9zdmciPjwvc3ZnPg==\" \/><\/figure>\n<\/div><\/div>\n<\/div>\n\n\n\n<p class=\"has-text-align-center\"><strong>Adresse<\/strong><\/p>\n\n\n\n<p class=\"has-text-align-center\">Planckstraat 53<br>3316 GS Dordrecht<br>Niederlande<\/p>\n<\/div>\n\n\n\n<div class=\"wp-block-column is-layout-flow wp-block-column-is-layout-flow\">\n<div class=\"wp-block-columns alignfull is-layout-flex wp-container-core-columns-is-layout-28f84493 wp-block-columns-is-layout-flex\">\n<div class=\"wp-block-column is-layout-flow wp-block-column-is-layout-flow\" style=\"flex-basis:100%\"><div class=\"wp-block-image\">\n<figure class=\"aligncenter size-full is-resized\"><img decoding=\"async\" width=\"184\" height=\"184\" data-src=\"https:\/\/www.pinovo.eu\/wp-content\/uploads\/2024\/12\/contactgegevens.png\" alt=\"\" class=\"wp-image-2431 lazyload\" style=\"--smush-placeholder-width: 184px; --smush-placeholder-aspect-ratio: 184\/184;width:92px;height:92px\" data-srcset=\"https:\/\/www.pinovo.eu\/de\/wp-content\/uploads\/sites\/13\/2024\/12\/contactgegevens.png 184w, https:\/\/www.pinovo.eu\/de\/wp-content\/uploads\/sites\/13\/2024\/12\/contactgegevens-150x150.png 150w, https:\/\/www.pinovo.eu\/de\/wp-content\/uploads\/sites\/13\/2024\/12\/contactgegevens-100x100.png 100w\" data-sizes=\"(max-width: 184px) 100vw, 184px\" src=\"data:image\/svg+xml;base64,PHN2ZyB3aWR0aD0iMSIgaGVpZ2h0PSIxIiB4bWxucz0iaHR0cDovL3d3dy53My5vcmcvMjAwMC9zdmciPjwvc3ZnPg==\" \/><\/figure>\n<\/div><\/div>\n<\/div>\n\n\n\n<p class=\"has-text-align-center\"><strong>Kontaktinformationen<\/strong><\/p>\n\n\n\n<p class=\"has-text-align-center\"><a href=\"mailto:info@pinovo.eu\">info@pinovo.eu<\/a><br>+31<a href=\"tel:003178 303 19 20\">78 303 19 20<\/a><\/p>\n<\/div>\n\n\n\n<div class=\"wp-block-column is-layout-flow wp-block-column-is-layout-flow\">\n<div class=\"wp-block-columns alignfull is-layout-flex wp-container-core-columns-is-layout-28f84493 wp-block-columns-is-layout-flex\">\n<div class=\"wp-block-column is-layout-flow wp-block-column-is-layout-flow\" style=\"flex-basis:100%\"><div class=\"wp-block-image\">\n<figure class=\"aligncenter size-full is-resized\"><img decoding=\"async\" width=\"184\" height=\"184\" data-src=\"https:\/\/www.pinovo.eu\/wp-content\/uploads\/2024\/12\/algemeen.png\" alt=\"\" class=\"wp-image-2430 lazyload\" style=\"--smush-placeholder-width: 184px; --smush-placeholder-aspect-ratio: 184\/184;width:92px;height:92px\" data-srcset=\"https:\/\/www.pinovo.eu\/de\/wp-content\/uploads\/sites\/13\/2024\/12\/algemeen.png 184w, https:\/\/www.pinovo.eu\/de\/wp-content\/uploads\/sites\/13\/2024\/12\/algemeen-150x150.png 150w, https:\/\/www.pinovo.eu\/de\/wp-content\/uploads\/sites\/13\/2024\/12\/algemeen-100x100.png 100w\" data-sizes=\"(max-width: 184px) 100vw, 184px\" src=\"data:image\/svg+xml;base64,PHN2ZyB3aWR0aD0iMSIgaGVpZ2h0PSIxIiB4bWxucz0iaHR0cDovL3d3dy53My5vcmcvMjAwMC9zdmciPjwvc3ZnPg==\" \/><\/figure>\n<\/div><\/div>\n<\/div>\n\n\n\n<p class=\"has-text-align-center\"><strong>Allgemein<\/strong><\/p>\n\n\n\n<p class=\"has-text-align-center\"><strong>IBAN <\/strong>NL15INGB0653137125<br><strong>BIC<\/strong> INGBNL2A<br><strong>USt-IdNr.<\/strong> NL00.71.84.980.B01<br><strong>Handelsregisternr.<\/strong> 27159814<\/p>\n<\/div>\n<\/div>\n\n\n\n<p><\/p>\n","protected":false},"excerpt":{"rendered":"<p>Pinovo ist eine stolze Abteilung von ATEX-Tools, die sich auf innovative L\u00f6sungen zur Oberfl\u00e4chenvorbereitung f\u00fcr gef\u00e4hrliche und explosive Umgebungen spezialisiert [&hellip;]<\/p>\n","protected":false},"author":2,"featured_media":0,"parent":0,"menu_order":0,"comment_status":"closed","ping_status":"closed","template":"templates\/page-contact.php","meta":{"_acf_changed":false,"content-type":"","editor_notices":[],"footnotes":""},"class_list":["post-119","page","type-page","status-publish","hentry"],"acf":[],"yoast_head":"<!-- This site is optimized with the Yoast SEO plugin v27.3 - https:\/\/yoast.com\/product\/yoast-seo-wordpress\/ -->\n<title>Pinovo EU - Pinovo | DE<\/title>\n<meta name=\"robots\" content=\"noindex, follow, max-snippet:-1, max-image-preview:large, max-video-preview:-1\" \/>\n<meta property=\"og:locale\" content=\"de_DE\" \/>\n<meta property=\"og:type\" content=\"article\" \/>\n<meta property=\"og:title\" content=\"Pinovo EU - Pinovo | DE\" \/>\n<meta property=\"og:description\" content=\"Pinovo ist eine stolze Abteilung von ATEX-Tools, die sich auf innovative L\u00f6sungen zur Oberfl\u00e4chenvorbereitung f\u00fcr gef\u00e4hrliche und explosive Umgebungen spezialisiert [&hellip;]\" \/>\n<meta property=\"og:url\" content=\"https:\/\/www.pinovo.eu\/de\/contact\/\" \/>\n<meta property=\"og:site_name\" content=\"Pinovo | DE\" \/>\n<meta property=\"article:modified_time\" content=\"2026-04-15T13:39:52+00:00\" \/>\n<meta property=\"og:image\" content=\"https:\/\/www.pinovo.eu\/wp-content\/uploads\/sites\/13\/2024\/12\/adres.png\" \/>\n<meta name=\"twitter:card\" content=\"summary_large_image\" \/>\n<meta name=\"twitter:label1\" content=\"Gesch\u00e4tzte Lesezeit\" \/>\n\t<meta name=\"twitter:data1\" content=\"2\u00a0Minuten\" \/>\n<script type=\"application\/ld+json\" class=\"yoast-schema-graph\">{\"@context\":\"https:\\\/\\\/schema.org\",\"@graph\":[{\"@type\":\"WebPage\",\"@id\":\"https:\\\/\\\/www.pinovo.eu\\\/de\\\/contact\\\/\",\"url\":\"https:\\\/\\\/www.pinovo.eu\\\/de\\\/contact\\\/\",\"name\":\"Pinovo EU - Pinovo | DE\",\"isPartOf\":{\"@id\":\"https:\\\/\\\/www.pinovo.eu\\\/de\\\/#website\"},\"primaryImageOfPage\":{\"@id\":\"https:\\\/\\\/www.pinovo.eu\\\/de\\\/contact\\\/#primaryimage\"},\"image\":{\"@id\":\"https:\\\/\\\/www.pinovo.eu\\\/de\\\/contact\\\/#primaryimage\"},\"thumbnailUrl\":\"https:\\\/\\\/www.pinovo.eu\\\/wp-content\\\/uploads\\\/2024\\\/12\\\/adres.png\",\"datePublished\":\"2022-08-24T14:23:45+00:00\",\"dateModified\":\"2026-04-15T13:39:52+00:00\",\"breadcrumb\":{\"@id\":\"https:\\\/\\\/www.pinovo.eu\\\/de\\\/contact\\\/#breadcrumb\"},\"inLanguage\":\"de\",\"potentialAction\":[{\"@type\":\"ReadAction\",\"target\":[\"https:\\\/\\\/www.pinovo.eu\\\/de\\\/contact\\\/\"]}]},{\"@type\":\"ImageObject\",\"inLanguage\":\"de\",\"@id\":\"https:\\\/\\\/www.pinovo.eu\\\/de\\\/contact\\\/#primaryimage\",\"url\":\"https:\\\/\\\/www.pinovo.eu\\\/wp-content\\\/uploads\\\/2024\\\/12\\\/adres.png\",\"contentUrl\":\"https:\\\/\\\/www.pinovo.eu\\\/wp-content\\\/uploads\\\/2024\\\/12\\\/adres.png\"},{\"@type\":\"BreadcrumbList\",\"@id\":\"https:\\\/\\\/www.pinovo.eu\\\/de\\\/contact\\\/#breadcrumb\",\"itemListElement\":[{\"@type\":\"ListItem\",\"position\":1,\"name\":\"Home\",\"item\":\"https:\\\/\\\/www.pinovo.eu\\\/de\\\/\"},{\"@type\":\"ListItem\",\"position\":2,\"name\":\"Pinovo EU\"}]},{\"@type\":\"WebSite\",\"@id\":\"https:\\\/\\\/www.pinovo.eu\\\/de\\\/#website\",\"url\":\"https:\\\/\\\/www.pinovo.eu\\\/de\\\/\",\"name\":\"Pinovo | DE\",\"description\":\"Pinovo slogan\",\"potentialAction\":[{\"@type\":\"SearchAction\",\"target\":{\"@type\":\"EntryPoint\",\"urlTemplate\":\"https:\\\/\\\/www.pinovo.eu\\\/de\\\/?s={search_term_string}\"},\"query-input\":{\"@type\":\"PropertyValueSpecification\",\"valueRequired\":true,\"valueName\":\"search_term_string\"}}],\"inLanguage\":\"de\"}]}<\/script>\n<!-- \/ Yoast SEO plugin. -->","yoast_head_json":{"title":"Pinovo EU - Pinovo | DE","robots":{"index":"noindex","follow":"follow","max-snippet":"max-snippet:-1","max-image-preview":"max-image-preview:large","max-video-preview":"max-video-preview:-1"},"og_locale":"de_DE","og_type":"article","og_title":"Pinovo EU - Pinovo | DE","og_description":"Pinovo ist eine stolze Abteilung von ATEX-Tools, die sich auf innovative L\u00f6sungen zur Oberfl\u00e4chenvorbereitung f\u00fcr gef\u00e4hrliche und explosive Umgebungen spezialisiert [&hellip;]","og_url":"https:\/\/www.pinovo.eu\/de\/contact\/","og_site_name":"Pinovo | DE","article_modified_time":"2026-04-15T13:39:52+00:00","og_image":[{"url":"https:\/\/www.pinovo.eu\/wp-content\/uploads\/sites\/13\/2024\/12\/adres.png","type":"","width":"","height":""}],"twitter_card":"summary_large_image","twitter_misc":{"Gesch\u00e4tzte Lesezeit":"2\u00a0Minuten"},"schema":{"@context":"https:\/\/schema.org","@graph":[{"@type":"WebPage","@id":"https:\/\/www.pinovo.eu\/de\/contact\/","url":"https:\/\/www.pinovo.eu\/de\/contact\/","name":"Pinovo EU - Pinovo | DE","isPartOf":{"@id":"https:\/\/www.pinovo.eu\/de\/#website"},"primaryImageOfPage":{"@id":"https:\/\/www.pinovo.eu\/de\/contact\/#primaryimage"},"image":{"@id":"https:\/\/www.pinovo.eu\/de\/contact\/#primaryimage"},"thumbnailUrl":"https:\/\/www.pinovo.eu\/wp-content\/uploads\/2024\/12\/adres.png","datePublished":"2022-08-24T14:23:45+00:00","dateModified":"2026-04-15T13:39:52+00:00","breadcrumb":{"@id":"https:\/\/www.pinovo.eu\/de\/contact\/#breadcrumb"},"inLanguage":"de","potentialAction":[{"@type":"ReadAction","target":["https:\/\/www.pinovo.eu\/de\/contact\/"]}]},{"@type":"ImageObject","inLanguage":"de","@id":"https:\/\/www.pinovo.eu\/de\/contact\/#primaryimage","url":"https:\/\/www.pinovo.eu\/wp-content\/uploads\/2024\/12\/adres.png","contentUrl":"https:\/\/www.pinovo.eu\/wp-content\/uploads\/2024\/12\/adres.png"},{"@type":"BreadcrumbList","@id":"https:\/\/www.pinovo.eu\/de\/contact\/#breadcrumb","itemListElement":[{"@type":"ListItem","position":1,"name":"Home","item":"https:\/\/www.pinovo.eu\/de\/"},{"@type":"ListItem","position":2,"name":"Pinovo EU"}]},{"@type":"WebSite","@id":"https:\/\/www.pinovo.eu\/de\/#website","url":"https:\/\/www.pinovo.eu\/de\/","name":"Pinovo | DE","description":"Pinovo slogan","potentialAction":[{"@type":"SearchAction","target":{"@type":"EntryPoint","urlTemplate":"https:\/\/www.pinovo.eu\/de\/?s={search_term_string}"},"query-input":{"@type":"PropertyValueSpecification","valueRequired":true,"valueName":"search_term_string"}}],"inLanguage":"de"}]}},"_links":{"self":[{"href":"https:\/\/www.pinovo.eu\/de\/wp-json\/wp\/v2\/pages\/119","targetHints":{"allow":["GET"]}}],"collection":[{"href":"https:\/\/www.pinovo.eu\/de\/wp-json\/wp\/v2\/pages"}],"about":[{"href":"https:\/\/www.pinovo.eu\/de\/wp-json\/wp\/v2\/types\/page"}],"author":[{"embeddable":true,"href":"https:\/\/www.pinovo.eu\/de\/wp-json\/wp\/v2\/users\/2"}],"replies":[{"embeddable":true,"href":"https:\/\/www.pinovo.eu\/de\/wp-json\/wp\/v2\/comments?post=119"}],"version-history":[{"count":11,"href":"https:\/\/www.pinovo.eu\/de\/wp-json\/wp\/v2\/pages\/119\/revisions"}],"predecessor-version":[{"id":2883,"href":"https:\/\/www.pinovo.eu\/de\/wp-json\/wp\/v2\/pages\/119\/revisions\/2883"}],"wp:attachment":[{"href":"https:\/\/www.pinovo.eu\/de\/wp-json\/wp\/v2\/media?parent=119"}],"curies":[{"name":"wp","href":"https:\/\/api.w.org\/{rel}","templated":true}]}}