{"id":1609,"date":"2024-04-29T12:09:00","date_gmt":"2024-04-29T11:09:00","guid":{"rendered":"https:\/\/www.pinovo.eu\/?page_id=1609"},"modified":"2026-04-15T14:37:09","modified_gmt":"2026-04-15T13:37:09","slug":"definitionen","status":"publish","type":"page","link":"https:\/\/www.pinovo.eu\/de\/definitionen\/","title":{"rendered":"Definitionen"},"content":{"rendered":"\n<p>Entdecken Sie unser umfassendes Glossar, das Ihnen hilft, die technischen Begriffe, die h\u00e4ufig bei <strong>Pinovo<\/strong> verwendet werden, zu verstehen. Von technischen Konzepten \u00fcber Branchenstandards bis hin zu unternehmensspezifischem Jargon m\u00f6chten wir eine zuverl\u00e4ssige Quelle f\u00fcr klare und n\u00fctzliche Informationen sein. Tauchen Sie in unser Glossar ein, um Ihr Verst\u00e4ndnis von <strong>Pinovo<\/strong> und den breiteren Branchen, die wir bedienen, zu vertiefen. Wenn Sie Fragen haben oder technische Beratung ben\u00f6tigen, z\u00f6gern Sie nicht, uns zu kontaktieren \u2013 wir sind hier, um zu helfen.<\/p>\n","protected":false},"excerpt":{"rendered":"<p>Entdecken Sie unser umfassendes Glossar, das Ihnen hilft, die technischen Begriffe, die h\u00e4ufig bei Pinovo verwendet werden, zu verstehen. Von [&hellip;]<\/p>\n","protected":false},"author":2,"featured_media":0,"parent":0,"menu_order":0,"comment_status":"closed","ping_status":"closed","template":"begrippenlijst.php","meta":{"_acf_changed":false,"content-type":"","editor_notices":[],"footnotes":""},"class_list":["post-1609","page","type-page","status-publish","hentry"],"acf":[],"yoast_head":"<!-- This site is optimized with the Yoast SEO plugin v27.3 - https:\/\/yoast.com\/product\/yoast-seo-wordpress\/ -->\n<title>Definitionen - Pinovo | DE<\/title>\n<meta name=\"robots\" content=\"noindex, follow, max-snippet:-1, max-image-preview:large, max-video-preview:-1\" \/>\n<meta property=\"og:locale\" content=\"de_DE\" \/>\n<meta property=\"og:type\" content=\"article\" \/>\n<meta property=\"og:title\" content=\"Definitionen - Pinovo | DE\" \/>\n<meta property=\"og:description\" content=\"Entdecken Sie unser umfassendes Glossar, das Ihnen hilft, die technischen Begriffe, die h\u00e4ufig bei Pinovo verwendet werden, zu verstehen. Von [&hellip;]\" \/>\n<meta property=\"og:url\" content=\"https:\/\/www.pinovo.eu\/de\/definitions\/\" \/>\n<meta property=\"og:site_name\" content=\"Pinovo | DE\" \/>\n<meta property=\"article:modified_time\" content=\"2026-04-15T13:37:09+00:00\" \/>\n<meta name=\"twitter:card\" content=\"summary_large_image\" \/>\n<meta name=\"twitter:label1\" content=\"Gesch\u00e4tzte Lesezeit\" \/>\n\t<meta name=\"twitter:data1\" content=\"1\u00a0Minute\" \/>\n<script type=\"application\/ld+json\" class=\"yoast-schema-graph\">{\"@context\":\"https:\\\/\\\/schema.org\",\"@graph\":[{\"@type\":\"WebPage\",\"@id\":\"https:\\\/\\\/www.pinovo.eu\\\/de\\\/definitions\\\/\",\"url\":\"https:\\\/\\\/www.pinovo.eu\\\/de\\\/definitions\\\/\",\"name\":\"Definitionen - Pinovo | DE\",\"isPartOf\":{\"@id\":\"https:\\\/\\\/www.pinovo.eu\\\/de\\\/#website\"},\"datePublished\":\"2024-04-29T11:09:00+00:00\",\"dateModified\":\"2026-04-15T13:37:09+00:00\",\"breadcrumb\":{\"@id\":\"https:\\\/\\\/www.pinovo.eu\\\/de\\\/definitions\\\/#breadcrumb\"},\"inLanguage\":\"de\",\"potentialAction\":[{\"@type\":\"ReadAction\",\"target\":[\"https:\\\/\\\/www.pinovo.eu\\\/de\\\/definitions\\\/\"]}]},{\"@type\":\"BreadcrumbList\",\"@id\":\"https:\\\/\\\/www.pinovo.eu\\\/de\\\/definitions\\\/#breadcrumb\",\"itemListElement\":[{\"@type\":\"ListItem\",\"position\":1,\"name\":\"Home\",\"item\":\"https:\\\/\\\/www.pinovo.eu\\\/de\\\/\"},{\"@type\":\"ListItem\",\"position\":2,\"name\":\"Definitions\"}]},{\"@type\":\"WebSite\",\"@id\":\"https:\\\/\\\/www.pinovo.eu\\\/de\\\/#website\",\"url\":\"https:\\\/\\\/www.pinovo.eu\\\/de\\\/\",\"name\":\"Pinovo | DE\",\"description\":\"Pinovo slogan\",\"potentialAction\":[{\"@type\":\"SearchAction\",\"target\":{\"@type\":\"EntryPoint\",\"urlTemplate\":\"https:\\\/\\\/www.pinovo.eu\\\/de\\\/?s={search_term_string}\"},\"query-input\":{\"@type\":\"PropertyValueSpecification\",\"valueRequired\":true,\"valueName\":\"search_term_string\"}}],\"inLanguage\":\"de\"}]}<\/script>\n<!-- \/ Yoast SEO plugin. -->","yoast_head_json":{"title":"Definitionen - Pinovo | DE","robots":{"index":"noindex","follow":"follow","max-snippet":"max-snippet:-1","max-image-preview":"max-image-preview:large","max-video-preview":"max-video-preview:-1"},"og_locale":"de_DE","og_type":"article","og_title":"Definitionen - Pinovo | DE","og_description":"Entdecken Sie unser umfassendes Glossar, das Ihnen hilft, die technischen Begriffe, die h\u00e4ufig bei Pinovo verwendet werden, zu verstehen. Von [&hellip;]","og_url":"https:\/\/www.pinovo.eu\/de\/definitions\/","og_site_name":"Pinovo | DE","article_modified_time":"2026-04-15T13:37:09+00:00","twitter_card":"summary_large_image","twitter_misc":{"Gesch\u00e4tzte Lesezeit":"1\u00a0Minute"},"schema":{"@context":"https:\/\/schema.org","@graph":[{"@type":"WebPage","@id":"https:\/\/www.pinovo.eu\/de\/definitions\/","url":"https:\/\/www.pinovo.eu\/de\/definitions\/","name":"Definitionen - Pinovo | DE","isPartOf":{"@id":"https:\/\/www.pinovo.eu\/de\/#website"},"datePublished":"2024-04-29T11:09:00+00:00","dateModified":"2026-04-15T13:37:09+00:00","breadcrumb":{"@id":"https:\/\/www.pinovo.eu\/de\/definitions\/#breadcrumb"},"inLanguage":"de","potentialAction":[{"@type":"ReadAction","target":["https:\/\/www.pinovo.eu\/de\/definitions\/"]}]},{"@type":"BreadcrumbList","@id":"https:\/\/www.pinovo.eu\/de\/definitions\/#breadcrumb","itemListElement":[{"@type":"ListItem","position":1,"name":"Home","item":"https:\/\/www.pinovo.eu\/de\/"},{"@type":"ListItem","position":2,"name":"Definitions"}]},{"@type":"WebSite","@id":"https:\/\/www.pinovo.eu\/de\/#website","url":"https:\/\/www.pinovo.eu\/de\/","name":"Pinovo | DE","description":"Pinovo slogan","potentialAction":[{"@type":"SearchAction","target":{"@type":"EntryPoint","urlTemplate":"https:\/\/www.pinovo.eu\/de\/?s={search_term_string}"},"query-input":{"@type":"PropertyValueSpecification","valueRequired":true,"valueName":"search_term_string"}}],"inLanguage":"de"}]}},"_links":{"self":[{"href":"https:\/\/www.pinovo.eu\/de\/wp-json\/wp\/v2\/pages\/1609","targetHints":{"allow":["GET"]}}],"collection":[{"href":"https:\/\/www.pinovo.eu\/de\/wp-json\/wp\/v2\/pages"}],"about":[{"href":"https:\/\/www.pinovo.eu\/de\/wp-json\/wp\/v2\/types\/page"}],"author":[{"embeddable":true,"href":"https:\/\/www.pinovo.eu\/de\/wp-json\/wp\/v2\/users\/2"}],"replies":[{"embeddable":true,"href":"https:\/\/www.pinovo.eu\/de\/wp-json\/wp\/v2\/comments?post=1609"}],"version-history":[{"count":7,"href":"https:\/\/www.pinovo.eu\/de\/wp-json\/wp\/v2\/pages\/1609\/revisions"}],"predecessor-version":[{"id":2878,"href":"https:\/\/www.pinovo.eu\/de\/wp-json\/wp\/v2\/pages\/1609\/revisions\/2878"}],"wp:attachment":[{"href":"https:\/\/www.pinovo.eu\/de\/wp-json\/wp\/v2\/media?parent=1609"}],"curies":[{"name":"wp","href":"https:\/\/api.w.org\/{rel}","templated":true}]}}