{"id":189,"date":"2022-12-19T14:42:44","date_gmt":"2022-12-19T12:42:44","guid":{"rendered":"https:\/\/www.pinovo.eu\/?page_id=189"},"modified":"2026-04-15T14:37:54","modified_gmt":"2026-04-15T13:37:54","slug":"allgemeine-geschaftsbedingungen-der-perspect-industrial-products-b-v","status":"publish","type":"page","link":"https:\/\/www.pinovo.eu\/de\/allgemeine-geschaftsbedingungen-der-perspect-industrial-products-b-v\/","title":{"rendered":"Allgemeine Gesch\u00e4ftsbedingungen der Perspect Industrial Products B.V."},"content":{"rendered":"\n<h2 class=\"wp-block-heading\"><strong>1. Definitionen<\/strong><br>In diesen Allgemeinen Gesch\u00e4ftsbedingungen haben die folgenden Begriffe die unten angegebene Bedeutung, sofern nicht ausdr\u00fccklich anders angegeben:<\/h2>\n\n\n\n<ul class=\"wp-block-list\">\n<li><strong>Perspect Industrial Products<\/strong>: der Nutzer dieser Allgemeinen Gesch\u00e4ftsbedingungen, die Gesellschaft mit beschr\u00e4nkter Haftung Perspect Industrial Products B.V.<\/li>\n\n\n\n<li><strong>Auftraggeber<\/strong>: der Vertragspartner von Perspect Industrial Products B.V.<\/li>\n\n\n\n<li><strong>Vertrag<\/strong>: der Vertrag, der der rechtlichen Beziehung zwischen Perspect Industrial Products B.V. und dem Auftraggeber zugrunde liegt und der unter anderem den Kauf, die Vermietung, den Mietkauf, die Leasing, etc. betrifft.<\/li>\n\n\n\n<li><strong>Ausr\u00fcstung<\/strong>: die auf Grundlage des Vertrags von Perspect Industrial Products B.V. an den Auftraggeber bereitgestellte\/lieferte Ausr\u00fcstung.<\/li>\n<\/ul>\n\n\n\n<p><strong>2. Geltungsbereich<\/strong><\/p>\n\n\n\n<ol start=\"1\" class=\"wp-block-list\">\n<li>Diese Allgemeinen Gesch\u00e4ftsbedingungen gelten f\u00fcr jeden Vertrag zwischen Perspect Industrial Products B.V. und dem Auftraggeber, es sei denn, es wird ausdr\u00fccklich und schriftlich von diesen Bedingungen abgewichen. Wenn mehrere Personen als Auftraggeber auftreten, haften sie gesamtschuldnerisch f\u00fcr die Erf\u00fcllung der Verpflichtungen gegen\u00fcber Perspect Industrial Products B.V.<\/li>\n\n\n\n<li>Diese Allgemeinen Gesch\u00e4ftsbedingungen gelten auch f\u00fcr alle Vertr\u00e4ge, die Dritte, einschlie\u00dflich Angestellte, Subunternehmer und engagierte Hilfskr\u00e4fte von sowohl Perspect Industrial Products B.V. als auch dem Auftraggeber betreffen.<\/li>\n\n\n\n<li>Die Geltung von Einkaufs- oder anderen Bedingungen des Auftraggebers wird ausdr\u00fccklich abgelehnt.<\/li>\n\n\n\n<li>Diese Bedingungen enthalten einen allgemeinen Abschnitt (Kapitel \u201eAllgemeines\u201c), der f\u00fcr alle Vertr\u00e4ge zwischen Perspect Industrial Products B.V. und dem Auftraggeber gilt. Dar\u00fcber hinaus enth\u00e4lt dieser Vertrag Bestimmungen, die speziell die Vermietung, das Leasing und\/oder den Mietkauf von Ausr\u00fcstung (Kapitel \u201eVermietung\u201c) sowie Bestimmungen bez\u00fcglich des Kaufs von Ausr\u00fcstung (Kapitel \u201eKauf\u201c) betreffen.<\/li>\n\n\n\n<li>Wenn eine oder mehrere Bestimmungen in diesen Allgemeinen Gesch\u00e4ftsbedingungen ung\u00fcltig oder annulliert werden, bleiben die \u00fcbrigen Bestimmungen vollst\u00e4ndig anwendbar. Perspect Industrial Products B.V. und der Auftraggeber werden dann beraten, um neue Bestimmungen zu vereinbaren, die die ung\u00fcltigen oder annullierten Bestimmungen ersetzen, wobei der Zweck und die Absicht der urspr\u00fcnglichen Bestimmungen so weit wie m\u00f6glich gewahrt bleiben.<\/li>\n<\/ol>\n\n\n\n<p><strong>3. Angebote und Kostenvoranschl\u00e4ge<\/strong><\/p>\n\n\n\n<ol start=\"1\" class=\"wp-block-list\">\n<li>Die Angebote und Kostenvoranschl\u00e4ge von Perspect Industrial Products B.V. sind unverbindlich und gelten f\u00fcr 30 Tage, sofern nicht anders angegeben. Perspect Industrial Products B.V. ist nur an die Angebote und Kostenvoranschl\u00e4ge gebunden, wenn die Annahme des Auftraggebers schriftlich von Perspect Industrial Products B.V. best\u00e4tigt wird.<\/li>\n\n\n\n<li>Die Preise in den Angeboten und Kostenvoranschl\u00e4gen von Perspect Industrial Products B.V. verstehen sich zuz\u00fcglich Mehrwertsteuer und anderer staatlicher Abgaben sowie aller zus\u00e4tzlichen Kosten wie Transport, Versand und Verwaltungskosten, sofern nicht anders angegeben.<\/li>\n\n\n\n<li>Wenn die Annahme des Auftraggebers (ob auf unwesentliche Punkte oder nicht) von dem Kostenvoranschlag abweicht, ist Perspect Industrial Products B.V. nicht daran gebunden. Der Vertrag kommt nur gem\u00e4\u00df der abweichenden Annahme zustande, wenn Perspect Industrial Products B.V. diese ausdr\u00fccklich best\u00e4tigt.<\/li>\n\n\n\n<li>Ein kombiniertes Preisangebot verpflichtet Perspect Industrial Products B.V. nicht, einen Teil des Angebots zu einem entsprechenden Teil des angebotenen Preises zu liefern.<\/li>\n\n\n\n<li>Angebote oder Kostenvoranschl\u00e4ge gelten nicht automatisch f\u00fcr zuk\u00fcnftige Auftr\u00e4ge.<\/li>\n<\/ol>\n\n\n\n<p><strong>4. K\u00fcndigung<\/strong><br>Perspect Industrial Products B.V. ist berechtigt, ihre Verpflichtungen auszusetzen oder den Vertrag einseitig schriftlich zu k\u00fcndigen, wenn:<\/p>\n\n\n\n<ol start=\"1\" class=\"wp-block-list\">\n<li>Der Auftraggeber seinen Verpflichtungen aus dem Vertrag nicht oder nicht vollst\u00e4ndig nachkommt.<\/li>\n\n\n\n<li>Nach Abschluss des Vertrags Umst\u00e4nde bekannt werden, die einen guten Grund zur Bef\u00fcrchtung geben, dass der Auftraggeber seinen Verpflichtungen nicht nachkommt, und der Auftraggeber bei Perspect Industrial Products B.V. keine angemessene Sicherheit verlangt.<\/li>\n\n\n\n<li>Der Auftraggeber zum Zeitpunkt des Vertragsschlusses aufgefordert wurde, Sicherheiten f\u00fcr die Erf\u00fcllung seiner Verpflichtungen aus dem Vertrag zu stellen, und diese Sicherheit nicht bereitgestellt oder unzureichend ist.<\/li>\n\n\n\n<li>Der Auftraggeber einen Antrag auf Moratorium stellt oder f\u00fcr insolvent erkl\u00e4rt wird.<\/li>\n\n\n\n<li>Umst\u00e4nde eintreten, die die Erf\u00fcllung des Vertrags unm\u00f6glich machen oder die unver\u00e4nderte Fortsetzung des Vertrags unangemessen machen.<\/li>\n<\/ol>\n\n\n\n<p>Wenn der Vertrag gek\u00fcndigt wird, sind die Forderungen von Perspect Industrial Products B.V. gegen\u00fcber dem Auftraggeber sofort f\u00e4llig und zahlbar, ohne vorherige Fristsetzung. Perspect Industrial Products B.V. beh\u00e4lt sich ihre rechtlichen und vertraglichen Anspr\u00fcche vor und bleibt berechtigt, vollen Schadenersatz zu verlangen.<\/p>\n\n\n\n<p><strong>5. Haftung<\/strong><\/p>\n\n\n\n<ol start=\"1\" class=\"wp-block-list\">\n<li>Perspect Industrial Products B.V. haftet nicht f\u00fcr Sch\u00e4den, die aus falschen und\/oder unvollst\u00e4ndigen Informationen stammen, die vom Auftraggeber oder in dessen Auftrag bereitgestellt wurden.<\/li>\n\n\n\n<li>Perspect Industrial Products B.V. haftet nicht f\u00fcr Sch\u00e4den, die durch Dritte verursacht werden, die vom Auftraggeber beauftragt oder empfohlen wurden.<\/li>\n\n\n\n<li>Perspect Industrial Products B.V. haftet nur f\u00fcr Sch\u00e4den, die durch ihre Haftpflichtversicherung gedeckt sind, und zwar nur bis zur H\u00f6he des von der Versicherung gezahlten Betrags zuz\u00fcglich etwaiger Selbstbeteiligungen oder im Falle von Vorsatz oder grober Fahrl\u00e4ssigkeit von Perspect Industrial Products B.V. oder ihren leitenden Angestellten.<\/li>\n\n\n\n<li>Bei Fehlen von Vorsatz oder grober Fahrl\u00e4ssigkeit und wenn die Versicherung nicht zahlt, ist die Haftung von Perspect Industrial Products B.V. auf die direkten Sch\u00e4den (au\u00dfer indirekten Sch\u00e4den) begrenzt, mit einem Maximum von 25.000 \u20ac oder dem Betrag, der von einem haftungspflichtigen Lieferanten zur\u00fcckerstattet wird.<\/li>\n\n\n\n<li>Der Auftraggeber muss Perspect Industrial Products B.V. schriftlich \u00fcber alle Anspr\u00fcche innerhalb von sechs Monaten informieren; andernfalls verfallen sie.<\/li>\n\n\n\n<li>Der Auftraggeber stellt Perspect Industrial Products B.V. von Anspr\u00fcchen Dritter im Zusammenhang mit dem Vertrag frei.<\/li>\n<\/ol>\n\n\n\n<p><strong>6. H\u00f6here Gewalt<\/strong><\/p>\n\n\n\n<ol start=\"1\" class=\"wp-block-list\">\n<li>Perspect Industrial Products B.V. haftet nicht f\u00fcr die Nichterf\u00fcllung aufgrund h\u00f6herer Gewalt.<\/li>\n\n\n\n<li>H\u00f6here Gewalt umfasst alle externen Ursachen, die au\u00dferhalb der Kontrolle von Perspect Industrial Products B.V. liegen.<\/li>\n\n\n\n<li>H\u00e4lt die h\u00f6here Gewalt l\u00e4nger als zwei Monate an, kann jede Partei den Vertrag k\u00fcndigen, ohne zur Schadensersatzpflicht verpflichtet zu sein.<\/li>\n<\/ol>\n\n\n\n<p><strong>7. Verarbeitung von CMR-haltigen Oberfl\u00e4chen<\/strong><\/p>\n\n\n\n<p>Der Auftraggeber muss vor dem Auftrag einen Test auf Chrom-6 durchf\u00fchren und die Ergebnisse mit Perspect teilen. Sollte dieser Test nicht durchgef\u00fchrt werden, kann Perspect dies zu zus\u00e4tzlichen Kosten durchf\u00fchren, und etwaige Folgewirkungen (wie z. B. Arbeitsunterbrechungen) gehen zu Lasten und Risiko des Auftraggebers.<\/p>\n\n\n\n<p>Wenn zu behandelnde\/entfernte Materialien potenziell CMR-Stoffe (z. B. Chrom-6) enthalten, muss der Auftraggeber dies im Voraus bekannt geben. Wenn dies nicht gemeldet wird und sp\u00e4ter festgestellt wird, liegt die Verantwortung beim Auftraggeber.<\/p>\n","protected":false},"excerpt":{"rendered":"<p>1. DefinitionenIn diesen Allgemeinen Gesch\u00e4ftsbedingungen haben die folgenden Begriffe die unten angegebene Bedeutung, sofern nicht ausdr\u00fccklich anders angegeben: 2. Geltungsbereich [&hellip;]<\/p>\n","protected":false},"author":2,"featured_media":0,"parent":0,"menu_order":0,"comment_status":"closed","ping_status":"closed","template":"","meta":{"_acf_changed":false,"content-type":"","editor_notices":[],"footnotes":""},"class_list":["post-189","page","type-page","status-publish","hentry"],"acf":[],"yoast_head":"<!-- This site is optimized with the Yoast SEO plugin v27.3 - https:\/\/yoast.com\/product\/yoast-seo-wordpress\/ -->\n<title>Allgemeine Gesch\u00e4ftsbedingungen der Perspect Industrial Products B.V. - Pinovo | DE<\/title>\n<meta name=\"robots\" content=\"noindex, follow, max-snippet:-1, max-image-preview:large, max-video-preview:-1\" \/>\n<meta property=\"og:locale\" content=\"de_DE\" \/>\n<meta property=\"og:type\" content=\"article\" \/>\n<meta property=\"og:title\" content=\"Allgemeine Gesch\u00e4ftsbedingungen der Perspect Industrial Products B.V. - Pinovo | DE\" \/>\n<meta property=\"og:description\" content=\"1. DefinitionenIn diesen Allgemeinen Gesch\u00e4ftsbedingungen haben die folgenden Begriffe die unten angegebene Bedeutung, sofern nicht ausdr\u00fccklich anders angegeben: 2. Geltungsbereich [&hellip;]\" \/>\n<meta property=\"og:url\" content=\"https:\/\/www.pinovo.eu\/de\/algemene-voorwaarden-perspect-industrial-products\/\" \/>\n<meta property=\"og:site_name\" content=\"Pinovo | DE\" \/>\n<meta property=\"article:modified_time\" content=\"2026-04-15T13:37:54+00:00\" \/>\n<meta name=\"twitter:card\" content=\"summary_large_image\" \/>\n<meta name=\"twitter:label1\" content=\"Gesch\u00e4tzte Lesezeit\" \/>\n\t<meta name=\"twitter:data1\" content=\"5\u00a0Minuten\" \/>\n<script type=\"application\/ld+json\" class=\"yoast-schema-graph\">{\"@context\":\"https:\\\/\\\/schema.org\",\"@graph\":[{\"@type\":\"WebPage\",\"@id\":\"https:\\\/\\\/www.pinovo.eu\\\/de\\\/algemene-voorwaarden-perspect-industrial-products\\\/\",\"url\":\"https:\\\/\\\/www.pinovo.eu\\\/de\\\/algemene-voorwaarden-perspect-industrial-products\\\/\",\"name\":\"Allgemeine Gesch\u00e4ftsbedingungen der Perspect Industrial Products B.V. - Pinovo | DE\",\"isPartOf\":{\"@id\":\"https:\\\/\\\/www.pinovo.eu\\\/de\\\/#website\"},\"datePublished\":\"2022-12-19T12:42:44+00:00\",\"dateModified\":\"2026-04-15T13:37:54+00:00\",\"breadcrumb\":{\"@id\":\"https:\\\/\\\/www.pinovo.eu\\\/de\\\/algemene-voorwaarden-perspect-industrial-products\\\/#breadcrumb\"},\"inLanguage\":\"de\",\"potentialAction\":[{\"@type\":\"ReadAction\",\"target\":[\"https:\\\/\\\/www.pinovo.eu\\\/de\\\/algemene-voorwaarden-perspect-industrial-products\\\/\"]}]},{\"@type\":\"BreadcrumbList\",\"@id\":\"https:\\\/\\\/www.pinovo.eu\\\/de\\\/algemene-voorwaarden-perspect-industrial-products\\\/#breadcrumb\",\"itemListElement\":[{\"@type\":\"ListItem\",\"position\":1,\"name\":\"Home\",\"item\":\"https:\\\/\\\/www.pinovo.eu\\\/de\\\/\"},{\"@type\":\"ListItem\",\"position\":2,\"name\":\"General Terms and Conditions Perspect Industrial Products B.V.\"}]},{\"@type\":\"WebSite\",\"@id\":\"https:\\\/\\\/www.pinovo.eu\\\/de\\\/#website\",\"url\":\"https:\\\/\\\/www.pinovo.eu\\\/de\\\/\",\"name\":\"Pinovo | DE\",\"description\":\"Pinovo slogan\",\"potentialAction\":[{\"@type\":\"SearchAction\",\"target\":{\"@type\":\"EntryPoint\",\"urlTemplate\":\"https:\\\/\\\/www.pinovo.eu\\\/de\\\/?s={search_term_string}\"},\"query-input\":{\"@type\":\"PropertyValueSpecification\",\"valueRequired\":true,\"valueName\":\"search_term_string\"}}],\"inLanguage\":\"de\"}]}<\/script>\n<!-- \/ Yoast SEO plugin. -->","yoast_head_json":{"title":"Allgemeine Gesch\u00e4ftsbedingungen der Perspect Industrial Products B.V. - Pinovo | DE","robots":{"index":"noindex","follow":"follow","max-snippet":"max-snippet:-1","max-image-preview":"max-image-preview:large","max-video-preview":"max-video-preview:-1"},"og_locale":"de_DE","og_type":"article","og_title":"Allgemeine Gesch\u00e4ftsbedingungen der Perspect Industrial Products B.V. - Pinovo | DE","og_description":"1. DefinitionenIn diesen Allgemeinen Gesch\u00e4ftsbedingungen haben die folgenden Begriffe die unten angegebene Bedeutung, sofern nicht ausdr\u00fccklich anders angegeben: 2. Geltungsbereich [&hellip;]","og_url":"https:\/\/www.pinovo.eu\/de\/algemene-voorwaarden-perspect-industrial-products\/","og_site_name":"Pinovo | DE","article_modified_time":"2026-04-15T13:37:54+00:00","twitter_card":"summary_large_image","twitter_misc":{"Gesch\u00e4tzte Lesezeit":"5\u00a0Minuten"},"schema":{"@context":"https:\/\/schema.org","@graph":[{"@type":"WebPage","@id":"https:\/\/www.pinovo.eu\/de\/algemene-voorwaarden-perspect-industrial-products\/","url":"https:\/\/www.pinovo.eu\/de\/algemene-voorwaarden-perspect-industrial-products\/","name":"Allgemeine Gesch\u00e4ftsbedingungen der Perspect Industrial Products B.V. - Pinovo | DE","isPartOf":{"@id":"https:\/\/www.pinovo.eu\/de\/#website"},"datePublished":"2022-12-19T12:42:44+00:00","dateModified":"2026-04-15T13:37:54+00:00","breadcrumb":{"@id":"https:\/\/www.pinovo.eu\/de\/algemene-voorwaarden-perspect-industrial-products\/#breadcrumb"},"inLanguage":"de","potentialAction":[{"@type":"ReadAction","target":["https:\/\/www.pinovo.eu\/de\/algemene-voorwaarden-perspect-industrial-products\/"]}]},{"@type":"BreadcrumbList","@id":"https:\/\/www.pinovo.eu\/de\/algemene-voorwaarden-perspect-industrial-products\/#breadcrumb","itemListElement":[{"@type":"ListItem","position":1,"name":"Home","item":"https:\/\/www.pinovo.eu\/de\/"},{"@type":"ListItem","position":2,"name":"General Terms and Conditions Perspect Industrial Products B.V."}]},{"@type":"WebSite","@id":"https:\/\/www.pinovo.eu\/de\/#website","url":"https:\/\/www.pinovo.eu\/de\/","name":"Pinovo | DE","description":"Pinovo slogan","potentialAction":[{"@type":"SearchAction","target":{"@type":"EntryPoint","urlTemplate":"https:\/\/www.pinovo.eu\/de\/?s={search_term_string}"},"query-input":{"@type":"PropertyValueSpecification","valueRequired":true,"valueName":"search_term_string"}}],"inLanguage":"de"}]}},"_links":{"self":[{"href":"https:\/\/www.pinovo.eu\/de\/wp-json\/wp\/v2\/pages\/189","targetHints":{"allow":["GET"]}}],"collection":[{"href":"https:\/\/www.pinovo.eu\/de\/wp-json\/wp\/v2\/pages"}],"about":[{"href":"https:\/\/www.pinovo.eu\/de\/wp-json\/wp\/v2\/types\/page"}],"author":[{"embeddable":true,"href":"https:\/\/www.pinovo.eu\/de\/wp-json\/wp\/v2\/users\/2"}],"replies":[{"embeddable":true,"href":"https:\/\/www.pinovo.eu\/de\/wp-json\/wp\/v2\/comments?post=189"}],"version-history":[{"count":2,"href":"https:\/\/www.pinovo.eu\/de\/wp-json\/wp\/v2\/pages\/189\/revisions"}],"predecessor-version":[{"id":2881,"href":"https:\/\/www.pinovo.eu\/de\/wp-json\/wp\/v2\/pages\/189\/revisions\/2881"}],"wp:attachment":[{"href":"https:\/\/www.pinovo.eu\/de\/wp-json\/wp\/v2\/media?parent=189"}],"curies":[{"name":"wp","href":"https:\/\/api.w.org\/{rel}","templated":true}]}}