{"id":2,"date":"2022-08-24T12:58:22","date_gmt":"2022-08-24T12:58:22","guid":{"rendered":"https:\/\/www.pinovo.eu\/?page_id=2"},"modified":"2026-04-15T15:50:37","modified_gmt":"2026-04-15T14:50:37","slug":"pinovo-sicheres-und-staubfreies-strahlen-in-atex-zonen","status":"publish","type":"page","link":"https:\/\/www.pinovo.eu\/de\/","title":{"rendered":"PINOVO: Sicheres und staubfreies Strahlen in ATEX-Zonen"},"content":{"rendered":"\n<p>Pinovo bietet ATEX-zertifizierte L\u00f6sungen, die es dir erm\u00f6glichen, Wartungsarbeiten in den herausforderndsten Umgebungen mit minimaler Ausfallzeit durchzuf\u00fchren.<\/p>\n\n\n\n<p><\/p>\n","protected":false},"excerpt":{"rendered":"<p>Pinovo bietet ATEX-zertifizierte L\u00f6sungen, die es dir erm\u00f6glichen, Wartungsarbeiten in den herausforderndsten Umgebungen mit minimaler Ausfallzeit durchzuf\u00fchren.<\/p>\n","protected":false},"author":2,"featured_media":0,"parent":0,"menu_order":0,"comment_status":"closed","ping_status":"open","template":"","meta":{"_acf_changed":false,"content-type":"","editor_notices":[],"footnotes":""},"class_list":["post-2","page","type-page","status-publish","hentry"],"acf":[],"yoast_head":"<!-- This site is optimized with the Yoast SEO plugin v27.3 - https:\/\/yoast.com\/product\/yoast-seo-wordpress\/ -->\n<title>Pinovo Blasting Machine\u2714\ufe0f Perspect Group<\/title>\n<meta name=\"description\" content=\"25+ years of experience \u2714\ufe0f Available from stock \u2714\ufe0f Always personal advice \u2714\ufe0f Quick &amp; easy ordering \u2714\ufe0f Express delivery available!\" \/>\n<meta name=\"robots\" content=\"noindex, follow, max-snippet:-1, max-image-preview:large, max-video-preview:-1\" \/>\n<meta property=\"og:locale\" content=\"de_DE\" \/>\n<meta property=\"og:type\" content=\"article\" \/>\n<meta property=\"og:title\" content=\"Pinovo Blasting Machine\u2714\ufe0f Perspect Group\" \/>\n<meta property=\"og:description\" content=\"25+ years of experience \u2714\ufe0f Available from stock \u2714\ufe0f Always personal advice \u2714\ufe0f Quick &amp; easy ordering \u2714\ufe0f Express delivery available!\" \/>\n<meta property=\"og:url\" content=\"https:\/\/www.pinovo.eu\/de\/\" \/>\n<meta property=\"og:site_name\" content=\"Pinovo | DE\" \/>\n<meta property=\"article:modified_time\" content=\"2026-04-15T14:50:37+00:00\" \/>\n<meta name=\"twitter:card\" content=\"summary_large_image\" \/>\n<meta name=\"twitter:label1\" content=\"Gesch\u00e4tzte Lesezeit\" \/>\n\t<meta name=\"twitter:data1\" content=\"1\u00a0Minute\" \/>\n<script type=\"application\/ld+json\" class=\"yoast-schema-graph\">{\"@context\":\"https:\\\/\\\/schema.org\",\"@graph\":[{\"@type\":\"WebPage\",\"@id\":\"https:\\\/\\\/www.pinovo.eu\\\/de\\\/\",\"url\":\"https:\\\/\\\/www.pinovo.eu\\\/de\\\/\",\"name\":\"Pinovo Blasting Machine\u2714\ufe0f Perspect Group\",\"isPartOf\":{\"@id\":\"https:\\\/\\\/www.pinovo.eu\\\/de\\\/#website\"},\"datePublished\":\"2022-08-24T12:58:22+00:00\",\"dateModified\":\"2026-04-15T14:50:37+00:00\",\"description\":\"25+ years of experience \u2714\ufe0f Available from stock \u2714\ufe0f Always personal advice \u2714\ufe0f Quick & easy ordering \u2714\ufe0f Express delivery available!\",\"breadcrumb\":{\"@id\":\"https:\\\/\\\/www.pinovo.eu\\\/de\\\/#breadcrumb\"},\"inLanguage\":\"de\",\"potentialAction\":[{\"@type\":\"ReadAction\",\"target\":[\"https:\\\/\\\/www.pinovo.eu\\\/de\\\/\"]}]},{\"@type\":\"BreadcrumbList\",\"@id\":\"https:\\\/\\\/www.pinovo.eu\\\/de\\\/#breadcrumb\",\"itemListElement\":[{\"@type\":\"ListItem\",\"position\":1,\"name\":\"Home\",\"item\":\"https:\\\/\\\/www.pinovo.eu\\\/de\\\/\"},{\"@type\":\"ListItem\",\"position\":2,\"name\":\"PINOVO: Sicheres und staubfreies Strahlen in ATEX-Zonen\"}]},{\"@type\":\"WebSite\",\"@id\":\"https:\\\/\\\/www.pinovo.eu\\\/de\\\/#website\",\"url\":\"https:\\\/\\\/www.pinovo.eu\\\/de\\\/\",\"name\":\"Pinovo | DE\",\"description\":\"Pinovo slogan\",\"potentialAction\":[{\"@type\":\"SearchAction\",\"target\":{\"@type\":\"EntryPoint\",\"urlTemplate\":\"https:\\\/\\\/www.pinovo.eu\\\/de\\\/?s={search_term_string}\"},\"query-input\":{\"@type\":\"PropertyValueSpecification\",\"valueRequired\":true,\"valueName\":\"search_term_string\"}}],\"inLanguage\":\"de\"}]}<\/script>\n<!-- \/ Yoast SEO plugin. -->","yoast_head_json":{"title":"Pinovo Blasting Machine\u2714\ufe0f Perspect Group","description":"25+ years of experience \u2714\ufe0f Available from stock \u2714\ufe0f Always personal advice \u2714\ufe0f Quick & easy ordering \u2714\ufe0f Express delivery available!","robots":{"index":"noindex","follow":"follow","max-snippet":"max-snippet:-1","max-image-preview":"max-image-preview:large","max-video-preview":"max-video-preview:-1"},"og_locale":"de_DE","og_type":"article","og_title":"Pinovo Blasting Machine\u2714\ufe0f Perspect Group","og_description":"25+ years of experience \u2714\ufe0f Available from stock \u2714\ufe0f Always personal advice \u2714\ufe0f Quick & easy ordering \u2714\ufe0f Express delivery available!","og_url":"https:\/\/www.pinovo.eu\/de\/","og_site_name":"Pinovo | DE","article_modified_time":"2026-04-15T14:50:37+00:00","twitter_card":"summary_large_image","twitter_misc":{"Gesch\u00e4tzte Lesezeit":"1\u00a0Minute"},"schema":{"@context":"https:\/\/schema.org","@graph":[{"@type":"WebPage","@id":"https:\/\/www.pinovo.eu\/de\/","url":"https:\/\/www.pinovo.eu\/de\/","name":"Pinovo Blasting Machine\u2714\ufe0f Perspect Group","isPartOf":{"@id":"https:\/\/www.pinovo.eu\/de\/#website"},"datePublished":"2022-08-24T12:58:22+00:00","dateModified":"2026-04-15T14:50:37+00:00","description":"25+ years of experience \u2714\ufe0f Available from stock \u2714\ufe0f Always personal advice \u2714\ufe0f Quick & easy ordering \u2714\ufe0f Express delivery available!","breadcrumb":{"@id":"https:\/\/www.pinovo.eu\/de\/#breadcrumb"},"inLanguage":"de","potentialAction":[{"@type":"ReadAction","target":["https:\/\/www.pinovo.eu\/de\/"]}]},{"@type":"BreadcrumbList","@id":"https:\/\/www.pinovo.eu\/de\/#breadcrumb","itemListElement":[{"@type":"ListItem","position":1,"name":"Home","item":"https:\/\/www.pinovo.eu\/de\/"},{"@type":"ListItem","position":2,"name":"PINOVO: Sicheres und staubfreies Strahlen in ATEX-Zonen"}]},{"@type":"WebSite","@id":"https:\/\/www.pinovo.eu\/de\/#website","url":"https:\/\/www.pinovo.eu\/de\/","name":"Pinovo | DE","description":"Pinovo slogan","potentialAction":[{"@type":"SearchAction","target":{"@type":"EntryPoint","urlTemplate":"https:\/\/www.pinovo.eu\/de\/?s={search_term_string}"},"query-input":{"@type":"PropertyValueSpecification","valueRequired":true,"valueName":"search_term_string"}}],"inLanguage":"de"}]}},"_links":{"self":[{"href":"https:\/\/www.pinovo.eu\/de\/wp-json\/wp\/v2\/pages\/2","targetHints":{"allow":["GET"]}}],"collection":[{"href":"https:\/\/www.pinovo.eu\/de\/wp-json\/wp\/v2\/pages"}],"about":[{"href":"https:\/\/www.pinovo.eu\/de\/wp-json\/wp\/v2\/types\/page"}],"author":[{"embeddable":true,"href":"https:\/\/www.pinovo.eu\/de\/wp-json\/wp\/v2\/users\/2"}],"replies":[{"embeddable":true,"href":"https:\/\/www.pinovo.eu\/de\/wp-json\/wp\/v2\/comments?post=2"}],"version-history":[{"count":35,"href":"https:\/\/www.pinovo.eu\/de\/wp-json\/wp\/v2\/pages\/2\/revisions"}],"predecessor-version":[{"id":2920,"href":"https:\/\/www.pinovo.eu\/de\/wp-json\/wp\/v2\/pages\/2\/revisions\/2920"}],"wp:attachment":[{"href":"https:\/\/www.pinovo.eu\/de\/wp-json\/wp\/v2\/media?parent=2"}],"curies":[{"name":"wp","href":"https:\/\/api.w.org\/{rel}","templated":true}]}}