{"id":3,"date":"2022-08-24T12:58:22","date_gmt":"2022-08-24T11:58:22","guid":{"rendered":"https:\/\/www.pinovo.eu\/?page_id=3"},"modified":"2026-04-15T14:40:45","modified_gmt":"2026-04-15T13:40:45","slug":"datenschutz-haftungsausschluss","status":"publish","type":"page","link":"https:\/\/www.pinovo.eu\/de\/datenschutz-haftungsausschluss\/","title":{"rendered":"Datenschutz &amp; Haftungsausschluss"},"content":{"rendered":"\n<h2 class=\"wp-block-heading\"><strong>NUTZUNGSBEDINGUNGEN<\/strong> <\/h2>\n\n\n\n<pDiese Website wird von Perspect Industrial Products erstellt und gepflegt. Die Nutzung dieser Website unterliegt den folgenden Nutzungsbedingungen. Durch die Nutzung dieser Website erkl\u00e4ren Sie sich mit den nachstehenden Bedingungen einverstanden und sind an sie gebunden. Perspect Industrial Products kann diese Nutzungsbedingungen \u00e4ndern. Sie sind dann an diese \u00c4nderungen gebunden.<\/p>\n\n\n\n<p><strong>HAFTUNGSAUSSCHLUSS<\/strong> Perspect Industrial Products schlie\u00dft jegliche Haftung f\u00fcr direkte und indirekte Sch\u00e4den jeglicher Art aus, die aus der Nutzung dieser Website oder einer vor\u00fcbergehenden Unf\u00e4higkeit, auf diese Website zuzugreifen, resultieren oder damit in Zusammenhang stehen. Die Informationen auf dieser Website dienen ausschlie\u00dflich allgemeinen Informationszwecken. Aus den Informationen auf dieser Website k\u00f6nnen keine Rechte abgeleitet werden. Die Informationen auf dieser Website stammen von Perspect Industrial Products oder Dritten. Obwohl bei der Zusammenstellung und Pflege dieser Website gro\u00dfe Sorgfalt angewendet wird, kann Perspect Industrial Products die Abwesenheit von Fehlern, Auslassungen oder veralteten Informationen nicht garantieren. Daher \u00fcbernimmt Perspect Industrial Products keine Haftung f\u00fcr Fehler, Auslassungen oder veraltete Informationen. Perspect Industrial Products kann auch nicht garantieren, dass diese Website fehlerfrei funktioniert oder dass diese Website und die zugeh\u00f6rigen Server frei von M\u00e4ngeln sind. Perspect Industrial Products kann auch nicht gew\u00e4hrleisten, dass die Informationen, die Sie konsultieren, f\u00fcr den Zweck geeignet sind, zu dem Sie sie suchen.<\/p>\n\n\n\n<p><strong>DATENSCHUTZ<\/strong> Perspect Industrial Products verarbeitet Ihre personenbezogenen Daten gem\u00e4\u00df der Datenschutz-Grundverordnung (DSGVO) sorgf\u00e4ltig und angemessen. Alle personenbezogenen Daten, die Sie Perspect Industrial Products zur Verf\u00fcgung stellen, werden vertraulich behandelt und ausschlie\u00dflich f\u00fcr den Zweck verwendet, f\u00fcr den Sie sie bereitgestellt haben (z. B. f\u00fcr ein Anfrageformular). Perspect Industrial Products gibt personenbezogene Daten nur an Dritte weiter, wenn eine gesetzliche Verpflichtung besteht oder Sie ausdr\u00fccklich die Erlaubnis zur Offenlegung Ihrer Daten gegeben haben. Sie haben jederzeit das Recht, auf Ihre personenbezogenen Daten zuzugreifen, und k\u00f6nnen schriftlich eine \u00c4nderung oder L\u00f6schung anfordern. Perspect Industrial Products erhebt statistische Informationen \u00fcber Besuche auf der Website. Diese Daten werden verwendet, um zu bestimmen, wie viele Besucher die Website einsehen, wie viel Zeit die Besucher auf der Website verbringen, welche Seiten am h\u00e4ufigsten besucht werden usw. Dies erm\u00f6glicht es Perspect Industrial Products, seine Dienstleistungen \u00fcber die Website zu verbessern. Das Statistikprogramm erhebt keine personenbezogenen Daten von den Besuchern.<\/p>\n\n\n\n<p><strong>Google Analytics deaktivieren<\/strong><\/p>\n\n\n\n<p><strong>COOKIES<\/strong> Perspect Industrial Products verwendet Cookies auf dieser Website. Ein Cookie ist ein Informationsst\u00fcck, das ein Browser als kleine Datei auf Ihrem Computer, Smartphone oder einem anderen Ger\u00e4t speichert. Cookies sind f\u00fcr Ihren Computer nicht sch\u00e4dlich, und Sie k\u00f6nnen sie jederzeit \u00fcber Ihren Browser l\u00f6schen. Dies k\u00f6nnen Sie jedoch nur selbst tun, da die Cookies auf Ihrem Computer gespeichert sind. Das L\u00f6schen von Cookies kann die Funktionalit\u00e4t der Website negativ beeinflussen. Perspect Industrial Products verwendet Cookies, um seine Dienstleistungen so gut wie m\u00f6glich auf die Bed\u00fcrfnisse der Besucher der Website abzustimmen. Dar\u00fcber hinaus platziert Perspect Industrial Products Cookies auf Ihrem Computer, Smartphone oder einem anderen Ger\u00e4t, um zu verhindern, dass Sie dieselbe Werbung zu h\u00e4ufig sehen. Diese Cookies sind nicht mit einem Profil \u00fcber Sie verkn\u00fcpft.<\/p>\n\n\n\n<p><strong>URHEBERRECHTE<\/strong> Alle Informationen auf dieser Website \u2013 einschlie\u00dflich, aber nicht beschr\u00e4nkt auf, Texte, Grafiken und Logos \u2013 sind urheberrechtlich gesch\u00fctzt. Mit Ausnahme der pers\u00f6nlichen und nicht kommerziellen Nutzung ist es nicht gestattet, diese Informationen auf irgendeine Weise ohne schriftliche Genehmigung des jeweiligen Urheberrechtsinhabers zu verbreiten, zu verkaufen, zu reproduzieren oder zu \u00e4ndern. Perspect Industrial Products beh\u00e4lt sich das Recht vor, den Zugang zu Informationen auf seiner Website zu verweigern oder Informationen zu entfernen, wenn es zu einer Verletzung der Rechte Dritter kommt.<\/p>\n\n\n\n<p><strong>EINGEREICHTE MATERIALIEN<\/strong> Autoren von eingereichtem Material behalten ihr Urheberrecht, gew\u00e4hren jedoch uneingeschr\u00e4nkte Erlaubnis zur Ver\u00f6ffentlichung auf der Website und zur Speicherung in (elektronischen) Datenbanken und anderen Dateien, ohne dass eine Verg\u00fctung geschuldet wird. Perspect Industrial Products beh\u00e4lt sich das Recht vor, eingereichtes Material zu entfernen, zu k\u00fcrzen, zu bearbeiten oder nicht zu ver\u00f6ffentlichen. Dies gilt sowohl f\u00fcr Texte als auch f\u00fcr Bilder. Perspect Industrial Products wird bei der Ver\u00f6ffentlichung einen Quellenverweis angeben.<\/p>\n\n\n\n<p><strong>LINKS<\/strong> Diese Website enth\u00e4lt Links zu anderen von Dritten betriebenen Websites und Ressourcen. Perspect Industrial Products stellt diese Links als Dienstleistung zur Verf\u00fcgung. Perspect Industrial Products ist in keiner Weise verantwortlich f\u00fcr die Informationen, die auf diesen externen Websites verf\u00fcgbar sind, die angebotenen Waren und Dienstleistungen, die geltenden Datenschutzrichtlinien oder die Verf\u00fcgbarkeit dieser Websites und Ressourcen. Dar\u00fcber hinaus haftet Perspect Industrial Products nicht f\u00fcr Viren oder andere sch\u00e4dliche Elemente, die auf Websites vorhanden sind, die \u00fcber diese Links zug\u00e4nglich sind.<\/p>\n\n\n\n<p><strong>ANWENDBARES RECHT<\/strong> Die Nutzung dieser Website unterliegt ausschlie\u00dflich dem niederl\u00e4ndischen Recht. Alle Streitigkeiten mit Perspect Industrial Products, die sich aus der Nutzung dieser Website ergeben, werden dem zust\u00e4ndigen Gericht in Rotterdam vorgelegt, es sei denn, Perspect Industrial Products zieht es vor, den Streit einem anderen normalerweise zust\u00e4ndigen niederl\u00e4ndischen Gericht zur Entscheidung zu unterbreiten.<\/p>\n","protected":false},"excerpt":{"rendered":"<p>NUTZUNGSBEDINGUNGEN<\/p>\n","protected":false},"author":2,"featured_media":0,"parent":0,"menu_order":0,"comment_status":"closed","ping_status":"open","template":"","meta":{"_acf_changed":false,"content-type":"","editor_notices":[],"footnotes":""},"class_list":["post-3","page","type-page","status-publish","hentry"],"acf":[],"yoast_head":"<!-- This site is optimized with the Yoast SEO plugin v27.3 - https:\/\/yoast.com\/product\/yoast-seo-wordpress\/ -->\n<title>Datenschutz &amp; Haftungsausschluss - Pinovo | DE<\/title>\n<meta name=\"robots\" content=\"noindex, follow, max-snippet:-1, max-image-preview:large, max-video-preview:-1\" \/>\n<meta property=\"og:locale\" content=\"de_DE\" \/>\n<meta property=\"og:type\" content=\"article\" \/>\n<meta property=\"og:title\" content=\"Datenschutz &amp; Haftungsausschluss - Pinovo | DE\" \/>\n<meta property=\"og:description\" content=\"NUTZUNGSBEDINGUNGEN\" \/>\n<meta property=\"og:url\" content=\"https:\/\/www.pinovo.eu\/de\/privacybeleid\/\" \/>\n<meta property=\"og:site_name\" content=\"Pinovo | DE\" \/>\n<meta property=\"article:modified_time\" content=\"2026-04-15T13:40:45+00:00\" \/>\n<meta name=\"twitter:card\" content=\"summary_large_image\" \/>\n<meta name=\"twitter:label1\" content=\"Gesch\u00e4tzte Lesezeit\" \/>\n\t<meta name=\"twitter:data1\" content=\"4\u00a0Minuten\" \/>\n<script type=\"application\/ld+json\" class=\"yoast-schema-graph\">{\"@context\":\"https:\\\/\\\/schema.org\",\"@graph\":[{\"@type\":\"WebPage\",\"@id\":\"https:\\\/\\\/www.pinovo.eu\\\/de\\\/privacybeleid\\\/\",\"url\":\"https:\\\/\\\/www.pinovo.eu\\\/de\\\/privacybeleid\\\/\",\"name\":\"Datenschutz &amp; Haftungsausschluss - Pinovo | DE\",\"isPartOf\":{\"@id\":\"https:\\\/\\\/www.pinovo.eu\\\/de\\\/#website\"},\"datePublished\":\"2022-08-24T11:58:22+00:00\",\"dateModified\":\"2026-04-15T13:40:45+00:00\",\"breadcrumb\":{\"@id\":\"https:\\\/\\\/www.pinovo.eu\\\/de\\\/privacybeleid\\\/#breadcrumb\"},\"inLanguage\":\"de\",\"potentialAction\":[{\"@type\":\"ReadAction\",\"target\":[\"https:\\\/\\\/www.pinovo.eu\\\/de\\\/privacybeleid\\\/\"]}]},{\"@type\":\"BreadcrumbList\",\"@id\":\"https:\\\/\\\/www.pinovo.eu\\\/de\\\/privacybeleid\\\/#breadcrumb\",\"itemListElement\":[{\"@type\":\"ListItem\",\"position\":1,\"name\":\"Home\",\"item\":\"https:\\\/\\\/www.pinovo.eu\\\/de\\\/\"},{\"@type\":\"ListItem\",\"position\":2,\"name\":\"Privacy &amp; Disclaimer\"}]},{\"@type\":\"WebSite\",\"@id\":\"https:\\\/\\\/www.pinovo.eu\\\/de\\\/#website\",\"url\":\"https:\\\/\\\/www.pinovo.eu\\\/de\\\/\",\"name\":\"Pinovo | DE\",\"description\":\"Pinovo slogan\",\"potentialAction\":[{\"@type\":\"SearchAction\",\"target\":{\"@type\":\"EntryPoint\",\"urlTemplate\":\"https:\\\/\\\/www.pinovo.eu\\\/de\\\/?s={search_term_string}\"},\"query-input\":{\"@type\":\"PropertyValueSpecification\",\"valueRequired\":true,\"valueName\":\"search_term_string\"}}],\"inLanguage\":\"de\"}]}<\/script>\n<!-- \/ Yoast SEO plugin. -->","yoast_head_json":{"title":"Datenschutz &amp; Haftungsausschluss - Pinovo | DE","robots":{"index":"noindex","follow":"follow","max-snippet":"max-snippet:-1","max-image-preview":"max-image-preview:large","max-video-preview":"max-video-preview:-1"},"og_locale":"de_DE","og_type":"article","og_title":"Datenschutz &amp; Haftungsausschluss - Pinovo | DE","og_description":"NUTZUNGSBEDINGUNGEN","og_url":"https:\/\/www.pinovo.eu\/de\/privacybeleid\/","og_site_name":"Pinovo | DE","article_modified_time":"2026-04-15T13:40:45+00:00","twitter_card":"summary_large_image","twitter_misc":{"Gesch\u00e4tzte Lesezeit":"4\u00a0Minuten"},"schema":{"@context":"https:\/\/schema.org","@graph":[{"@type":"WebPage","@id":"https:\/\/www.pinovo.eu\/de\/privacybeleid\/","url":"https:\/\/www.pinovo.eu\/de\/privacybeleid\/","name":"Datenschutz &amp; Haftungsausschluss - Pinovo | DE","isPartOf":{"@id":"https:\/\/www.pinovo.eu\/de\/#website"},"datePublished":"2022-08-24T11:58:22+00:00","dateModified":"2026-04-15T13:40:45+00:00","breadcrumb":{"@id":"https:\/\/www.pinovo.eu\/de\/privacybeleid\/#breadcrumb"},"inLanguage":"de","potentialAction":[{"@type":"ReadAction","target":["https:\/\/www.pinovo.eu\/de\/privacybeleid\/"]}]},{"@type":"BreadcrumbList","@id":"https:\/\/www.pinovo.eu\/de\/privacybeleid\/#breadcrumb","itemListElement":[{"@type":"ListItem","position":1,"name":"Home","item":"https:\/\/www.pinovo.eu\/de\/"},{"@type":"ListItem","position":2,"name":"Privacy &amp; Disclaimer"}]},{"@type":"WebSite","@id":"https:\/\/www.pinovo.eu\/de\/#website","url":"https:\/\/www.pinovo.eu\/de\/","name":"Pinovo | DE","description":"Pinovo slogan","potentialAction":[{"@type":"SearchAction","target":{"@type":"EntryPoint","urlTemplate":"https:\/\/www.pinovo.eu\/de\/?s={search_term_string}"},"query-input":{"@type":"PropertyValueSpecification","valueRequired":true,"valueName":"search_term_string"}}],"inLanguage":"de"}]}},"_links":{"self":[{"href":"https:\/\/www.pinovo.eu\/de\/wp-json\/wp\/v2\/pages\/3","targetHints":{"allow":["GET"]}}],"collection":[{"href":"https:\/\/www.pinovo.eu\/de\/wp-json\/wp\/v2\/pages"}],"about":[{"href":"https:\/\/www.pinovo.eu\/de\/wp-json\/wp\/v2\/types\/page"}],"author":[{"embeddable":true,"href":"https:\/\/www.pinovo.eu\/de\/wp-json\/wp\/v2\/users\/2"}],"replies":[{"embeddable":true,"href":"https:\/\/www.pinovo.eu\/de\/wp-json\/wp\/v2\/comments?post=3"}],"version-history":[{"count":2,"href":"https:\/\/www.pinovo.eu\/de\/wp-json\/wp\/v2\/pages\/3\/revisions"}],"predecessor-version":[{"id":2890,"href":"https:\/\/www.pinovo.eu\/de\/wp-json\/wp\/v2\/pages\/3\/revisions\/2890"}],"wp:attachment":[{"href":"https:\/\/www.pinovo.eu\/de\/wp-json\/wp\/v2\/media?parent=3"}],"curies":[{"name":"wp","href":"https:\/\/api.w.org\/{rel}","templated":true}]}}