{"id":2297,"date":"2024-11-18T13:38:00","date_gmt":"2024-11-18T12:38:00","guid":{"rendered":"https:\/\/www.pinovo.eu\/?post_type=product&#038;p=2297"},"modified":"2026-04-15T15:19:47","modified_gmt":"2026-04-15T14:19:47","slug":"piwalk","status":"publish","type":"product","link":"https:\/\/www.pinovo.eu\/de\/product\/vakuumstrahlmaschine\/piwalk\/","title":{"rendered":"PiWalk&#x2122;"},"content":{"rendered":"<h3><strong>PiWalk&#x2122;: Fortschrittliche staubfreie Strahltechnikl\u00f6sung f\u00fcr industrielle Anwendungen<\/strong><\/h3>\n<p>Der <strong>PiWalk&#x2122;<\/strong> ist ein innovatives, r\u00fcckentragbares Strahlwerkzeug, das unvergleichliche Effizienz und Sicherheit bei der Oberfl\u00e4chenvorbereitung bietet. Entworfen f\u00fcr die nahtlose Integration mit den Pinovo\u00ae-Kreislaufsystemen <strong>PiSys&#x2122; 100<\/strong> und <strong>PiSys&#x2122; 1000<\/strong>, setzt der PiWalk&#x2122; neue Ma\u00dfst\u00e4be in Pr\u00e4zision, \u00f6kologischer Nachhaltigkeit und Kosteneffektivit\u00e4t. Egal, ob Sie mittelgro\u00dfe horizontale Metallfl\u00e4chen vorbereiten oder komplizierte Industrieprojekte angehen, dieses Werkzeug sorgt f\u00fcr optimale Ergebnisse, ohne die Sicherheit der Arbeiter oder die Umwelt zu gef\u00e4hrden.<\/p>\n<h3><strong>Oberfl\u00e4chenvorbereitung revolutionieren<\/strong><\/h3>\n<p>Traditionelle Strahlsysteme hinterlassen oft Staub, Abfall und die Notwendigkeit einer umfangreichen Reinigung, was nachfolgende Aufgaben verz\u00f6gern kann. Der PiWalk&#x2122; beseitigt diese Ineffizienzen durch seinen <strong>geschlossenen Strahlprozess<\/strong>, der:<\/p>\n<ul>\n<li>Allen Staub und Schutt w\u00e4hrend des Strahlens erfasst.<\/li>\n<li>Oberfl\u00e4chen ohne zus\u00e4tzliche Vorbereitung f\u00fcr das Streichen oder andere Behandlungen bereitstellt.<\/li>\n<li>Den Verbrauch von Strahlmittel um bis zu <strong>85%<\/strong> reduziert und bis zu <strong>15 Wiederverwendungen<\/strong> von braunem Korund erlaubt.<\/li>\n<\/ul>\n<p>Das Ergebnis? Ein saubererer, schnellerer und kosteneffektiverer Oberfl\u00e4chenvorbereitungsprozess, selbst in <strong>ATEX-zertifizierten Umgebungen<\/strong>.<\/p>\n<h3><strong>F\u00fcr Vielseitigkeit entworfen<\/strong><\/h3>\n<p>Der PiWalk&#x2122; ist so konstruiert, dass er in einer Vielzahl von industriellen Umgebungen hervorragende Leistung bietet. Seine kompakte Gr\u00f6\u00dfe (501 mm x 248 mm x 350 mm) erm\u00f6glicht eine einfache Maneuverierung, selbst in engen R\u00e4umen, w\u00e4hrend seine <strong>9,5 mm D\u00fcsennozzle<\/strong> Pr\u00e4zision und Effizienz gew\u00e4hrleistet. Von der Korrosionsentfernung bis zur Vorbereitung von Rohrleitungen ist der PiWalk&#x2122; die ideale Wahl f\u00fcr Fachleute, die eine hochwertige Oberfl\u00e4chenvorbereitung bei minimalen Umweltauswirkungen suchen.<\/p>\n<h3><strong>Engagement f\u00fcr Nachhaltigkeit und Sicherheit<\/strong><\/h3>\n<p>Der PiWalk&#x2122; priorisiert die Gesundheit der Arbeiter und die Umwelt, ohne Kompromisse bei der Leistung einzugehen. Mit <strong>Null Emissionen<\/strong> und einem <strong>geschlossenen Abfallmanagementsystem<\/strong> sorgt er daf\u00fcr, dass Ihre Betriebsabl\u00e4ufe nachhaltig bleiben und den Branchenvorschriften entsprechen.<\/p>\n<ul>\n<li><strong>Lautst\u00e4rke<\/strong>: Arbeitet bei \u2264 90 dB, was einen sichereren und ruhigeren Arbeitsplatz gew\u00e4hrleistet.<\/li>\n<li><strong>Null Vibration<\/strong>: Reduziert Erm\u00fcdung und das Risiko von Verletzungen f\u00fcr die Bediener.<\/li>\n<li><strong>ATEX-Konformit\u00e4t<\/strong>: Zertifiziert f\u00fcr den sicheren Einsatz in explosiven Atmosph\u00e4ren.<\/li>\n<\/ul>\n<h3><strong>Optimieren Sie Ihre Betriebsabl\u00e4ufe mit PiWalk&#x2122;-Training<\/strong><\/h3>\n<p>Um die Vorteile des PiWalk&#x2122; voll auszusch\u00f6pfen, ziehen Sie in Betracht, sich f\u00fcr unser <strong>Pinovo Oberfl\u00e4chenvorbereitungstraining<\/strong> anzumelden. Dieses praktische Programm vermittelt Ihrem Team die F\u00e4higkeiten und Kenntnisse, um den PiWalk&#x2122; effizient zu betreiben. Kontaktieren Sie Ihren Distributor f\u00fcr ein Training in Ihrem eigenen Land.<\/p>\n<h3><strong>Gehen Sie den n\u00e4chsten Schritt<\/strong><\/h3>\n<p>Verbessern Sie Ihre Oberfl\u00e4chenvorbereitungsprozesse mit dem PiWalk&#x2122;. Egal, ob Sie die Produktivit\u00e4t steigern, Abfall reduzieren oder die Einhaltung der ATEX-Standards gew\u00e4hrleisten m\u00f6chten, dieses Werkzeug liefert unerreichte Ergebnisse.<\/p>\n<p>Fordern Sie noch heute ein Angebot an oder <a href=\"https:\/\/www.pinovo.eu\/contact\/\">kontaktieren Sie unser Team<\/a>, um mehr dar\u00fcber zu erfahren, wie der PiWalk&#x2122; Ihre Abl\u00e4ufe transformieren kann.<\/p>\n","protected":false},"excerpt":{"rendered":"<p>Die <strong>PiWalk&#x2122;<\/strong> von <a href=\"https:\/\/www.pinovo.eu\/product-category\/vacuum-blasting-machine\/\">Pinovo Vakuumstrahlmaschine<\/a> ist ein geh\u00e4uftes, geschlossenes Gritstrahlwerkzeug, das f\u00fcr den Einsatz mit den geschlossenen Strahlsystemen von Pinovo\u00ae <strong>PiSys&#x2122; 100<\/strong> und <strong>PiSys&#x2122; 1000<\/strong> konzipiert ist. Es bietet eine effiziente und staubfreie Oberfl\u00e4chenvorbereitung mit minimalem Reinigungsaufwand und hinterl\u00e4sst die Oberfl\u00e4chen bereit zum Streichen oder zur Nachbehandlung. Der leise Betrieb und die M\u00f6glichkeit, Abrasivmaterialien bis zu 15 Mal wiederzuverwenden, machen es zu einer umweltfreundlichen und kosteneffizienten L\u00f6sung f\u00fcr Oberfl\u00e4chenvorbereitungsarbeiten.<\/p>\n","protected":false},"featured_media":2298,"template":"","meta":{"_acf_changed":false,"content-type":"","editor_notices":[]},"product_brand":[],"product_cat":[93,96],"product_tag":[],"class_list":{"0":"post-2297","1":"product","2":"type-product","3":"status-publish","4":"has-post-thumbnail","6":"product_cat-vakuumstrahlmaschine","7":"product_cat-piwalk","9":"first","10":"instock","11":"taxable","12":"shipping-taxable","13":"product-type-simple"},"acf":[],"yoast_head":"<!-- This site is optimized with the Yoast SEO plugin v27.3 - https:\/\/yoast.com\/product\/yoast-seo-wordpress\/ -->\n<title>PiWalk\u2122 - Dust-free &amp; eco-friendly closed-loop Grit Blasting Tool<\/title>\n<meta name=\"description\" content=\"PiWalk\u2122, a walk-behind grit blasting tool for safe, dust-free surface prepa. Ideal for ATEX zones. Reduces waste and maximizes efficiency. Request a quote!\" \/>\n<meta name=\"robots\" content=\"noindex, follow, max-snippet:-1, max-image-preview:large, max-video-preview:-1\" \/>\n<meta property=\"og:locale\" content=\"de_DE\" \/>\n<meta property=\"og:type\" content=\"article\" \/>\n<meta property=\"og:title\" content=\"PiWalk\u2122 - Dust-free &amp; eco-friendly closed-loop Grit Blasting Tool\" \/>\n<meta property=\"og:description\" content=\"PiWalk\u2122, a walk-behind grit blasting tool for safe, dust-free surface prepa. Ideal for ATEX zones. Reduces waste and maximizes efficiency. Request a quote!\" \/>\n<meta property=\"og:url\" content=\"https:\/\/www.pinovo.eu\/de\/product\/vakuumstrahlmaschine\/piwalk\/\" \/>\n<meta property=\"og:site_name\" content=\"Pinovo | DE\" \/>\n<meta property=\"article:modified_time\" content=\"2026-04-15T14:19:47+00:00\" \/>\n<meta property=\"og:image\" content=\"https:\/\/www.pinovo.eu\/de\/wp-content\/uploads\/sites\/13\/2024\/11\/PiWalk.png\" \/>\n\t<meta property=\"og:image:width\" content=\"1080\" \/>\n\t<meta property=\"og:image:height\" content=\"1080\" \/>\n\t<meta property=\"og:image:type\" content=\"image\/png\" \/>\n<meta name=\"twitter:card\" content=\"summary_large_image\" \/>\n<meta name=\"twitter:label1\" content=\"Gesch\u00e4tzte Lesezeit\" \/>\n\t<meta name=\"twitter:data1\" content=\"2\u00a0Minuten\" \/>\n<script type=\"application\/ld+json\" class=\"yoast-schema-graph\">{\"@context\":\"https:\\\/\\\/schema.org\",\"@graph\":[{\"@type\":\"WebPage\",\"@id\":\"https:\\\/\\\/www.pinovo.eu\\\/de\\\/product\\\/vakuumstrahlmaschine\\\/piwalk\\\/\",\"url\":\"https:\\\/\\\/www.pinovo.eu\\\/de\\\/product\\\/vakuumstrahlmaschine\\\/piwalk\\\/\",\"name\":\"PiWalk\u2122 - Dust-free & eco-friendly closed-loop Grit Blasting Tool\",\"isPartOf\":{\"@id\":\"https:\\\/\\\/www.pinovo.eu\\\/de\\\/#website\"},\"primaryImageOfPage\":{\"@id\":\"https:\\\/\\\/www.pinovo.eu\\\/de\\\/product\\\/vakuumstrahlmaschine\\\/piwalk\\\/#primaryimage\"},\"image\":{\"@id\":\"https:\\\/\\\/www.pinovo.eu\\\/de\\\/product\\\/vakuumstrahlmaschine\\\/piwalk\\\/#primaryimage\"},\"thumbnailUrl\":\"https:\\\/\\\/www.pinovo.eu\\\/de\\\/wp-content\\\/uploads\\\/sites\\\/13\\\/2024\\\/11\\\/PiWalk.png\",\"datePublished\":\"2024-11-18T12:38:00+00:00\",\"dateModified\":\"2026-04-15T14:19:47+00:00\",\"description\":\"PiWalk\u2122, a walk-behind grit blasting tool for safe, dust-free surface prepa. Ideal for ATEX zones. Reduces waste and maximizes efficiency. Request a quote!\",\"breadcrumb\":{\"@id\":\"https:\\\/\\\/www.pinovo.eu\\\/de\\\/product\\\/vakuumstrahlmaschine\\\/piwalk\\\/#breadcrumb\"},\"inLanguage\":\"de\",\"potentialAction\":[{\"@type\":\"ReadAction\",\"target\":[\"https:\\\/\\\/www.pinovo.eu\\\/de\\\/product\\\/vakuumstrahlmaschine\\\/piwalk\\\/\"]}]},{\"@type\":\"ImageObject\",\"inLanguage\":\"de\",\"@id\":\"https:\\\/\\\/www.pinovo.eu\\\/de\\\/product\\\/vakuumstrahlmaschine\\\/piwalk\\\/#primaryimage\",\"url\":\"https:\\\/\\\/www.pinovo.eu\\\/de\\\/wp-content\\\/uploads\\\/sites\\\/13\\\/2024\\\/11\\\/PiWalk.png\",\"contentUrl\":\"https:\\\/\\\/www.pinovo.eu\\\/de\\\/wp-content\\\/uploads\\\/sites\\\/13\\\/2024\\\/11\\\/PiWalk.png\",\"width\":1080,\"height\":1080},{\"@type\":\"BreadcrumbList\",\"@id\":\"https:\\\/\\\/www.pinovo.eu\\\/de\\\/product\\\/vakuumstrahlmaschine\\\/piwalk\\\/#breadcrumb\",\"itemListElement\":[{\"@type\":\"ListItem\",\"position\":1,\"name\":\"Home\",\"item\":\"https:\\\/\\\/www.pinovo.eu\\\/de\\\/\"},{\"@type\":\"ListItem\",\"position\":2,\"name\":\"Products\",\"item\":\"https:\\\/\\\/www.pinovo.eu\\\/de\\\/products\\\/\"},{\"@type\":\"ListItem\",\"position\":3,\"name\":\"PiWalk\u2122\"}]},{\"@type\":\"WebSite\",\"@id\":\"https:\\\/\\\/www.pinovo.eu\\\/de\\\/#website\",\"url\":\"https:\\\/\\\/www.pinovo.eu\\\/de\\\/\",\"name\":\"Pinovo | DE\",\"description\":\"Pinovo slogan\",\"potentialAction\":[{\"@type\":\"SearchAction\",\"target\":{\"@type\":\"EntryPoint\",\"urlTemplate\":\"https:\\\/\\\/www.pinovo.eu\\\/de\\\/?s={search_term_string}\"},\"query-input\":{\"@type\":\"PropertyValueSpecification\",\"valueRequired\":true,\"valueName\":\"search_term_string\"}}],\"inLanguage\":\"de\"}]}<\/script>\n<!-- \/ Yoast SEO plugin. -->","yoast_head_json":{"title":"PiWalk\u2122 - Dust-free & eco-friendly closed-loop Grit Blasting Tool","description":"PiWalk\u2122, a walk-behind grit blasting tool for safe, dust-free surface prepa. Ideal for ATEX zones. Reduces waste and maximizes efficiency. Request a quote!","robots":{"index":"noindex","follow":"follow","max-snippet":"max-snippet:-1","max-image-preview":"max-image-preview:large","max-video-preview":"max-video-preview:-1"},"og_locale":"de_DE","og_type":"article","og_title":"PiWalk\u2122 - Dust-free & eco-friendly closed-loop Grit Blasting Tool","og_description":"PiWalk\u2122, a walk-behind grit blasting tool for safe, dust-free surface prepa. Ideal for ATEX zones. Reduces waste and maximizes efficiency. Request a quote!","og_url":"https:\/\/www.pinovo.eu\/de\/product\/vakuumstrahlmaschine\/piwalk\/","og_site_name":"Pinovo | DE","article_modified_time":"2026-04-15T14:19:47+00:00","og_image":[{"width":1080,"height":1080,"url":"https:\/\/www.pinovo.eu\/de\/wp-content\/uploads\/sites\/13\/2024\/11\/PiWalk.png","type":"image\/png"}],"twitter_card":"summary_large_image","twitter_misc":{"Gesch\u00e4tzte Lesezeit":"2\u00a0Minuten"},"schema":{"@context":"https:\/\/schema.org","@graph":[{"@type":"WebPage","@id":"https:\/\/www.pinovo.eu\/de\/product\/vakuumstrahlmaschine\/piwalk\/","url":"https:\/\/www.pinovo.eu\/de\/product\/vakuumstrahlmaschine\/piwalk\/","name":"PiWalk\u2122 - Dust-free & eco-friendly closed-loop Grit Blasting Tool","isPartOf":{"@id":"https:\/\/www.pinovo.eu\/de\/#website"},"primaryImageOfPage":{"@id":"https:\/\/www.pinovo.eu\/de\/product\/vakuumstrahlmaschine\/piwalk\/#primaryimage"},"image":{"@id":"https:\/\/www.pinovo.eu\/de\/product\/vakuumstrahlmaschine\/piwalk\/#primaryimage"},"thumbnailUrl":"https:\/\/www.pinovo.eu\/de\/wp-content\/uploads\/sites\/13\/2024\/11\/PiWalk.png","datePublished":"2024-11-18T12:38:00+00:00","dateModified":"2026-04-15T14:19:47+00:00","description":"PiWalk\u2122, a walk-behind grit blasting tool for safe, dust-free surface prepa. Ideal for ATEX zones. Reduces waste and maximizes efficiency. Request a quote!","breadcrumb":{"@id":"https:\/\/www.pinovo.eu\/de\/product\/vakuumstrahlmaschine\/piwalk\/#breadcrumb"},"inLanguage":"de","potentialAction":[{"@type":"ReadAction","target":["https:\/\/www.pinovo.eu\/de\/product\/vakuumstrahlmaschine\/piwalk\/"]}]},{"@type":"ImageObject","inLanguage":"de","@id":"https:\/\/www.pinovo.eu\/de\/product\/vakuumstrahlmaschine\/piwalk\/#primaryimage","url":"https:\/\/www.pinovo.eu\/de\/wp-content\/uploads\/sites\/13\/2024\/11\/PiWalk.png","contentUrl":"https:\/\/www.pinovo.eu\/de\/wp-content\/uploads\/sites\/13\/2024\/11\/PiWalk.png","width":1080,"height":1080},{"@type":"BreadcrumbList","@id":"https:\/\/www.pinovo.eu\/de\/product\/vakuumstrahlmaschine\/piwalk\/#breadcrumb","itemListElement":[{"@type":"ListItem","position":1,"name":"Home","item":"https:\/\/www.pinovo.eu\/de\/"},{"@type":"ListItem","position":2,"name":"Products","item":"https:\/\/www.pinovo.eu\/de\/products\/"},{"@type":"ListItem","position":3,"name":"PiWalk\u2122"}]},{"@type":"WebSite","@id":"https:\/\/www.pinovo.eu\/de\/#website","url":"https:\/\/www.pinovo.eu\/de\/","name":"Pinovo | DE","description":"Pinovo slogan","potentialAction":[{"@type":"SearchAction","target":{"@type":"EntryPoint","urlTemplate":"https:\/\/www.pinovo.eu\/de\/?s={search_term_string}"},"query-input":{"@type":"PropertyValueSpecification","valueRequired":true,"valueName":"search_term_string"}}],"inLanguage":"de"}]}},"_links":{"self":[{"href":"https:\/\/www.pinovo.eu\/de\/wp-json\/wp\/v2\/product\/2297","targetHints":{"allow":["GET"]}}],"collection":[{"href":"https:\/\/www.pinovo.eu\/de\/wp-json\/wp\/v2\/product"}],"about":[{"href":"https:\/\/www.pinovo.eu\/de\/wp-json\/wp\/v2\/types\/product"}],"wp:featuredmedia":[{"embeddable":true,"href":"https:\/\/www.pinovo.eu\/de\/wp-json\/wp\/v2\/media\/2298"}],"wp:attachment":[{"href":"https:\/\/www.pinovo.eu\/de\/wp-json\/wp\/v2\/media?parent=2297"}],"wp:term":[{"taxonomy":"product_brand","embeddable":true,"href":"https:\/\/www.pinovo.eu\/de\/wp-json\/wp\/v2\/product_brand?post=2297"},{"taxonomy":"product_cat","embeddable":true,"href":"https:\/\/www.pinovo.eu\/de\/wp-json\/wp\/v2\/product_cat?post=2297"},{"taxonomy":"product_tag","embeddable":true,"href":"https:\/\/www.pinovo.eu\/de\/wp-json\/wp\/v2\/product_tag?post=2297"}],"curies":[{"name":"wp","href":"https:\/\/api.w.org\/{rel}","templated":true}]}}