{"id":2299,"date":"2024-11-18T14:00:13","date_gmt":"2024-11-18T13:00:13","guid":{"rendered":"https:\/\/www.pinovo.eu\/?post_type=product&#038;p=2299"},"modified":"2026-04-15T15:19:26","modified_gmt":"2026-04-15T14:19:26","slug":"pihab","status":"publish","type":"product","link":"https:\/\/www.pinovo.eu\/de\/product\/vakuumstrahlmaschine\/pihab\/","title":{"rendered":"PiHab&#x2122;"},"content":{"rendered":"<h2>PiHab&#x2122;: Un\u00fcbertroffene Pr\u00e4zision f\u00fcr komplexe Strahlanwendungen<\/h2>\n<p>Effiziente Oberfl\u00e4chenvorbereitung bringt oft Herausforderungen mit sich, insbesondere bei komplexen Geometrien wie Rohren, Ventilen oder strukturellen Tr\u00e4gern. Das <strong>PiHab&#x2122;<\/strong> wurde entwickelt, um diese H\u00fcrden mit seinem flexiblen und transparenten Strahlkabine zu \u00fcberwinden. Egal, ob du an Flanschen, Rohrb\u00f6gen oder strukturellen St\u00fctzen arbeitest, das PiHab&#x2122; sorgt daf\u00fcr, dass jede Ecke mit Pr\u00e4zision und minimalem Aufwand erreicht wird.<\/p>\n<p>Mit seinem <strong>geschlossenen Strahlsystem<\/strong> bietet das PiHab&#x2122; eine unvergleichliche Staubkontrolle, was es zur idealen Wahl f\u00fcr empfindliche Umgebungen macht, in denen Kontamination und Ausfallzeiten minimiert werden m\u00fcssen. Die Kompatibilit\u00e4t des Werkzeugs mit dem <strong>Pinovo\u00ae PiSys&#x2122; 100<\/strong> und <strong>PiSys&#x2122; 1000<\/strong> erh\u00f6ht die Vielseitigkeit und bietet eine nahtlose L\u00f6sung sowohl f\u00fcr Spotstrahlen als auch f\u00fcr gro\u00dfangelegte Wartungsarbeiten.<\/p>\n<h2>Warum PiHab&#x2122; w\u00e4hlen?<\/h2>\n<ul>\n<li><strong>Flexibilit\u00e4t f\u00fcr komplexe Geometrien<\/strong><br \/>\nDas PiHab&#x2122; passt sich verschiedenen Formen und Oberfl\u00e4chen an und ist somit f\u00fcr komplexe industrielle Strukturen wie Rohr-T-St\u00fccke und Flansche geeignet. Diese Flexibilit\u00e4t reduziert die Zeit und den Aufwand f\u00fcr eine gr\u00fcndliche Oberfl\u00e4chenvorbereitung.<\/li>\n<li><strong>Umweltfreundliches Strahlen<\/strong><br \/>\nDank der M\u00f6glichkeit, Pinovo\u00ae Strahlmittel bis zu <strong>25 Mal<\/strong> wiederzuverwenden, verringert das PiHab&#x2122; den Abrasivverbrauch erheblich \u2013 was die Betriebskosten und die Umweltbelastung senkt.<\/li>\n<li><strong>Staubfreies und sicheres Arbeiten<\/strong><br \/>\nDer geschlossene Strahlprozess eliminiert fliegendes Strahlmittel und h\u00e4lt die umliegenden Bereiche sauber und sicher. Dies reduziert die Notwendigkeit einer nachtr\u00e4glichen Reinigung und gew\u00e4hrleistet die Einhaltung strenger Umweltvorschriften.<\/li>\n<li><strong>Sofort einsatzbereit<\/strong><br \/>\nOberfl\u00e4chen, die mit dem PiHab&#x2122; behandelt wurden, erfordern keine zus\u00e4tzliche Vorbereitung, sodass eine sofortige Nachbehandlung wie Lackieren oder Beschichten m\u00f6glich ist.<\/li>\n<\/ul>\n<h3><strong>Entdecke verwandte Anwendungen<\/strong><\/h3>\n<p>Das PiHab&#x2122; ist Teil des Pinovo-\u00d6kosystems, das entwickelt wurde, um andere Produkte wie das <strong>PicoPipe&#x2122;<\/strong> f\u00fcr Rohrleitungsstrahlen oder das <strong>PiWalk&#x2122;<\/strong> f\u00fcr horizontale Fl\u00e4chen zu erg\u00e4nzen. Zusammen bieten diese Werkzeuge eine umfassende L\u00f6sung f\u00fcr eine Vielzahl industrieller Oberfl\u00e4chenvorbereitungsbed\u00fcrfnisse.<\/p>\n","protected":false},"excerpt":{"rendered":"<p>Das <strong>PiHab&#x2122;<\/strong> ist ein vielseitiges und transparentes Strahlkabine, das f\u00fcr komplexe Rohr- und Tr\u00e4gersysteme entwickelt wurde. Es ist kompatibel mit den Pinovo\u00ae Kreislauf-Globula-Strahlensystemen <strong>PiSys&#x2122; 100<\/strong> und <strong>PiSys&#x2122; 1000<\/strong>, und sorgt f\u00fcr eine effiziente, staubfreie Oberfl\u00e4chenvorbereitung mit minimalem Reinigungsaufwand. Das PiHab&#x2122; erm\u00f6glicht bis zu <strong>25 Wiederverwendungen<\/strong> des Pinovo\u00ae Strahlmittels und reduziert den Verbrauch von abrasiven Medien um bis zu <strong>90%<\/strong>.<\/p>\n","protected":false},"featured_media":2300,"template":"","meta":{"_acf_changed":false,"content-type":"","editor_notices":[]},"product_brand":[],"product_cat":[93,95],"product_tag":[],"class_list":{"0":"post-2299","1":"product","2":"type-product","3":"status-publish","4":"has-post-thumbnail","6":"product_cat-vakuumstrahlmaschine","7":"product_cat-pihab","9":"first","10":"instock","11":"taxable","12":"shipping-taxable","13":"product-type-simple"},"acf":[],"yoast_head":"<!-- This site is optimized with the Yoast SEO plugin v27.3 - https:\/\/yoast.com\/product\/yoast-seo-wordpress\/ -->\n<title>PiHab\u2122 - Flexible, Dust-Free Abrasive Blasting for ATEX-zones<\/title>\n<meta name=\"description\" content=\"PiHab\u2122 enclosure ensures dust-free, efficient blasting of pipes and beams. Reduce abrasive waste by 90% with Pinovo&#039;s patented technology. Request a quote!\" \/>\n<meta name=\"robots\" content=\"noindex, follow, max-snippet:-1, max-image-preview:large, max-video-preview:-1\" \/>\n<meta property=\"og:locale\" content=\"de_DE\" \/>\n<meta property=\"og:type\" content=\"article\" \/>\n<meta property=\"og:title\" content=\"PiHab\u2122 - Flexible, Dust-Free Abrasive Blasting for ATEX-zones\" \/>\n<meta property=\"og:description\" content=\"PiHab\u2122 enclosure ensures dust-free, efficient blasting of pipes and beams. Reduce abrasive waste by 90% with Pinovo&#039;s patented technology. Request a quote!\" \/>\n<meta property=\"og:url\" content=\"https:\/\/www.pinovo.eu\/de\/product\/vakuumstrahlmaschine\/pihab\/\" \/>\n<meta property=\"og:site_name\" content=\"Pinovo | DE\" \/>\n<meta property=\"article:modified_time\" content=\"2026-04-15T14:19:26+00:00\" \/>\n<meta property=\"og:image\" content=\"https:\/\/www.pinovo.eu\/de\/wp-content\/uploads\/sites\/13\/2024\/11\/PiHab.png\" \/>\n\t<meta property=\"og:image:width\" content=\"1080\" \/>\n\t<meta property=\"og:image:height\" content=\"1080\" \/>\n\t<meta property=\"og:image:type\" content=\"image\/png\" \/>\n<meta name=\"twitter:card\" content=\"summary_large_image\" \/>\n<meta name=\"twitter:label1\" content=\"Gesch\u00e4tzte Lesezeit\" \/>\n\t<meta name=\"twitter:data1\" content=\"2\u00a0Minuten\" \/>\n<script type=\"application\/ld+json\" class=\"yoast-schema-graph\">{\"@context\":\"https:\\\/\\\/schema.org\",\"@graph\":[{\"@type\":\"WebPage\",\"@id\":\"https:\\\/\\\/www.pinovo.eu\\\/de\\\/product\\\/vakuumstrahlmaschine\\\/pihab\\\/\",\"url\":\"https:\\\/\\\/www.pinovo.eu\\\/de\\\/product\\\/vakuumstrahlmaschine\\\/pihab\\\/\",\"name\":\"PiHab\u2122 - Flexible, Dust-Free Abrasive Blasting for ATEX-zones\",\"isPartOf\":{\"@id\":\"https:\\\/\\\/www.pinovo.eu\\\/de\\\/#website\"},\"primaryImageOfPage\":{\"@id\":\"https:\\\/\\\/www.pinovo.eu\\\/de\\\/product\\\/vakuumstrahlmaschine\\\/pihab\\\/#primaryimage\"},\"image\":{\"@id\":\"https:\\\/\\\/www.pinovo.eu\\\/de\\\/product\\\/vakuumstrahlmaschine\\\/pihab\\\/#primaryimage\"},\"thumbnailUrl\":\"https:\\\/\\\/www.pinovo.eu\\\/de\\\/wp-content\\\/uploads\\\/sites\\\/13\\\/2024\\\/11\\\/PiHab.png\",\"datePublished\":\"2024-11-18T13:00:13+00:00\",\"dateModified\":\"2026-04-15T14:19:26+00:00\",\"description\":\"PiHab\u2122 enclosure ensures dust-free, efficient blasting of pipes and beams. Reduce abrasive waste by 90% with Pinovo's patented technology. Request a quote!\",\"breadcrumb\":{\"@id\":\"https:\\\/\\\/www.pinovo.eu\\\/de\\\/product\\\/vakuumstrahlmaschine\\\/pihab\\\/#breadcrumb\"},\"inLanguage\":\"de\",\"potentialAction\":[{\"@type\":\"ReadAction\",\"target\":[\"https:\\\/\\\/www.pinovo.eu\\\/de\\\/product\\\/vakuumstrahlmaschine\\\/pihab\\\/\"]}]},{\"@type\":\"ImageObject\",\"inLanguage\":\"de\",\"@id\":\"https:\\\/\\\/www.pinovo.eu\\\/de\\\/product\\\/vakuumstrahlmaschine\\\/pihab\\\/#primaryimage\",\"url\":\"https:\\\/\\\/www.pinovo.eu\\\/de\\\/wp-content\\\/uploads\\\/sites\\\/13\\\/2024\\\/11\\\/PiHab.png\",\"contentUrl\":\"https:\\\/\\\/www.pinovo.eu\\\/de\\\/wp-content\\\/uploads\\\/sites\\\/13\\\/2024\\\/11\\\/PiHab.png\",\"width\":1080,\"height\":1080},{\"@type\":\"BreadcrumbList\",\"@id\":\"https:\\\/\\\/www.pinovo.eu\\\/de\\\/product\\\/vakuumstrahlmaschine\\\/pihab\\\/#breadcrumb\",\"itemListElement\":[{\"@type\":\"ListItem\",\"position\":1,\"name\":\"Home\",\"item\":\"https:\\\/\\\/www.pinovo.eu\\\/de\\\/\"},{\"@type\":\"ListItem\",\"position\":2,\"name\":\"Products\",\"item\":\"https:\\\/\\\/www.pinovo.eu\\\/de\\\/products\\\/\"},{\"@type\":\"ListItem\",\"position\":3,\"name\":\"PiHab\u2122\"}]},{\"@type\":\"WebSite\",\"@id\":\"https:\\\/\\\/www.pinovo.eu\\\/de\\\/#website\",\"url\":\"https:\\\/\\\/www.pinovo.eu\\\/de\\\/\",\"name\":\"Pinovo | DE\",\"description\":\"Pinovo slogan\",\"potentialAction\":[{\"@type\":\"SearchAction\",\"target\":{\"@type\":\"EntryPoint\",\"urlTemplate\":\"https:\\\/\\\/www.pinovo.eu\\\/de\\\/?s={search_term_string}\"},\"query-input\":{\"@type\":\"PropertyValueSpecification\",\"valueRequired\":true,\"valueName\":\"search_term_string\"}}],\"inLanguage\":\"de\"}]}<\/script>\n<!-- \/ Yoast SEO plugin. -->","yoast_head_json":{"title":"PiHab\u2122 - Flexible, Dust-Free Abrasive Blasting for ATEX-zones","description":"PiHab\u2122 enclosure ensures dust-free, efficient blasting of pipes and beams. Reduce abrasive waste by 90% with Pinovo's patented technology. Request a quote!","robots":{"index":"noindex","follow":"follow","max-snippet":"max-snippet:-1","max-image-preview":"max-image-preview:large","max-video-preview":"max-video-preview:-1"},"og_locale":"de_DE","og_type":"article","og_title":"PiHab\u2122 - Flexible, Dust-Free Abrasive Blasting for ATEX-zones","og_description":"PiHab\u2122 enclosure ensures dust-free, efficient blasting of pipes and beams. Reduce abrasive waste by 90% with Pinovo's patented technology. Request a quote!","og_url":"https:\/\/www.pinovo.eu\/de\/product\/vakuumstrahlmaschine\/pihab\/","og_site_name":"Pinovo | DE","article_modified_time":"2026-04-15T14:19:26+00:00","og_image":[{"width":1080,"height":1080,"url":"https:\/\/www.pinovo.eu\/de\/wp-content\/uploads\/sites\/13\/2024\/11\/PiHab.png","type":"image\/png"}],"twitter_card":"summary_large_image","twitter_misc":{"Gesch\u00e4tzte Lesezeit":"2\u00a0Minuten"},"schema":{"@context":"https:\/\/schema.org","@graph":[{"@type":"WebPage","@id":"https:\/\/www.pinovo.eu\/de\/product\/vakuumstrahlmaschine\/pihab\/","url":"https:\/\/www.pinovo.eu\/de\/product\/vakuumstrahlmaschine\/pihab\/","name":"PiHab\u2122 - Flexible, Dust-Free Abrasive Blasting for ATEX-zones","isPartOf":{"@id":"https:\/\/www.pinovo.eu\/de\/#website"},"primaryImageOfPage":{"@id":"https:\/\/www.pinovo.eu\/de\/product\/vakuumstrahlmaschine\/pihab\/#primaryimage"},"image":{"@id":"https:\/\/www.pinovo.eu\/de\/product\/vakuumstrahlmaschine\/pihab\/#primaryimage"},"thumbnailUrl":"https:\/\/www.pinovo.eu\/de\/wp-content\/uploads\/sites\/13\/2024\/11\/PiHab.png","datePublished":"2024-11-18T13:00:13+00:00","dateModified":"2026-04-15T14:19:26+00:00","description":"PiHab\u2122 enclosure ensures dust-free, efficient blasting of pipes and beams. Reduce abrasive waste by 90% with Pinovo's patented technology. Request a quote!","breadcrumb":{"@id":"https:\/\/www.pinovo.eu\/de\/product\/vakuumstrahlmaschine\/pihab\/#breadcrumb"},"inLanguage":"de","potentialAction":[{"@type":"ReadAction","target":["https:\/\/www.pinovo.eu\/de\/product\/vakuumstrahlmaschine\/pihab\/"]}]},{"@type":"ImageObject","inLanguage":"de","@id":"https:\/\/www.pinovo.eu\/de\/product\/vakuumstrahlmaschine\/pihab\/#primaryimage","url":"https:\/\/www.pinovo.eu\/de\/wp-content\/uploads\/sites\/13\/2024\/11\/PiHab.png","contentUrl":"https:\/\/www.pinovo.eu\/de\/wp-content\/uploads\/sites\/13\/2024\/11\/PiHab.png","width":1080,"height":1080},{"@type":"BreadcrumbList","@id":"https:\/\/www.pinovo.eu\/de\/product\/vakuumstrahlmaschine\/pihab\/#breadcrumb","itemListElement":[{"@type":"ListItem","position":1,"name":"Home","item":"https:\/\/www.pinovo.eu\/de\/"},{"@type":"ListItem","position":2,"name":"Products","item":"https:\/\/www.pinovo.eu\/de\/products\/"},{"@type":"ListItem","position":3,"name":"PiHab\u2122"}]},{"@type":"WebSite","@id":"https:\/\/www.pinovo.eu\/de\/#website","url":"https:\/\/www.pinovo.eu\/de\/","name":"Pinovo | DE","description":"Pinovo slogan","potentialAction":[{"@type":"SearchAction","target":{"@type":"EntryPoint","urlTemplate":"https:\/\/www.pinovo.eu\/de\/?s={search_term_string}"},"query-input":{"@type":"PropertyValueSpecification","valueRequired":true,"valueName":"search_term_string"}}],"inLanguage":"de"}]}},"_links":{"self":[{"href":"https:\/\/www.pinovo.eu\/de\/wp-json\/wp\/v2\/product\/2299","targetHints":{"allow":["GET"]}}],"collection":[{"href":"https:\/\/www.pinovo.eu\/de\/wp-json\/wp\/v2\/product"}],"about":[{"href":"https:\/\/www.pinovo.eu\/de\/wp-json\/wp\/v2\/types\/product"}],"wp:featuredmedia":[{"embeddable":true,"href":"https:\/\/www.pinovo.eu\/de\/wp-json\/wp\/v2\/media\/2300"}],"wp:attachment":[{"href":"https:\/\/www.pinovo.eu\/de\/wp-json\/wp\/v2\/media?parent=2299"}],"wp:term":[{"taxonomy":"product_brand","embeddable":true,"href":"https:\/\/www.pinovo.eu\/de\/wp-json\/wp\/v2\/product_brand?post=2299"},{"taxonomy":"product_cat","embeddable":true,"href":"https:\/\/www.pinovo.eu\/de\/wp-json\/wp\/v2\/product_cat?post=2299"},{"taxonomy":"product_tag","embeddable":true,"href":"https:\/\/www.pinovo.eu\/de\/wp-json\/wp\/v2\/product_tag?post=2299"}],"curies":[{"name":"wp","href":"https:\/\/api.w.org\/{rel}","templated":true}]}}