{"id":2340,"date":"2024-12-02T10:59:19","date_gmt":"2024-12-02T09:59:19","guid":{"rendered":"https:\/\/www.pinovo.eu\/?post_type=product&#038;p=2340"},"modified":"2026-04-15T15:19:13","modified_gmt":"2026-04-15T14:19:13","slug":"pico-pipe","status":"publish","type":"product","link":"https:\/\/www.pinovo.eu\/de\/product\/vakuumstrahlmaschine\/pico-pipe\/","title":{"rendered":"PiCo Pipe&#x2122;"},"content":{"rendered":"<h2>Hauptmerkmale:<\/h2>\n<ul>\n<li><strong>Geschlossenes System:<\/strong> Gew\u00e4hrleistet einen staubfreien Betrieb, indem abrasive Materialien erfasst und recycelt werden, um die Umweltbelastung zu minimieren.<\/li>\n<li><strong>ATEX-Zertifiziert:<\/strong> Geeignet f\u00fcr den Einsatz in explosiven Atmosph\u00e4ren und entspricht den Sicherheitsstandards.<\/li>\n<li><strong>Vielseitige Anwendungen:<\/strong> Ideal f\u00fcr das Spotstrahlen und die Reinigung von kleinen bis mittelgro\u00dfen Metallstrukturen.<\/li>\n<li><strong>Effiziente Reinigung:<\/strong> Erreicht eine \u201ewei\u00dfe Metall\u201c-Oberfl\u00e4chenreinheit (SA 3 \/ SSPC-SP5) mit einem Verankerungsprofil von bis zu 120 \u00b5m.<\/li>\n<\/ul>\n<h2>Zubeh\u00f6r:<\/h2>\n<p>Eine Reihe von Adaptern steht zur Verf\u00fcgung, um verschiedene Rohrdurchmesser und -geometrien zu ber\u00fccksichtigen und eine effektive Strahlbehandlung in verschiedenen Anwendungen zu gew\u00e4hrleisten.<\/p>\n<h2>Anwendungen:<\/h2>\n<p>Die PiCo Pipe&#x2122; ist geeignet f\u00fcr Branchen, die eine pr\u00e4zise und saubere Oberfl\u00e4chenvorbereitung von Rohren erfordern, einschlie\u00dflich der \u00d6l- und Gasindustrie, der chemischen Verarbeitung und der maritimen Sektoren.<\/p>\n<p>Durch die Nutzung der PiCo Pipe&#x2122; k\u00f6nnen Betreiber eine effiziente, sichere und umweltfreundliche Oberfl\u00e4chenvorbereitung erreichen, die den Branchenstandards entspricht und die betriebliche Produktivit\u00e4t steigert.<\/p>\n","protected":false},"excerpt":{"rendered":"<p>Das PiCo Pipe&#x2122; ist ein tragbares, geschlossenes Vakuumstrahlger\u00e4t, das f\u00fcr staubfreies Strahlen von Rohren entwickelt wurde. Es ist in verschiedenen Gr\u00f6\u00dfen erh\u00e4ltlich, um Rohrdurchmesser von \u00bd Zoll bis 8 Zoll zu ber\u00fccksichtigen.<\/p>\n","protected":false},"featured_media":2341,"template":"","meta":{"_acf_changed":false,"content-type":"","editor_notices":[]},"product_brand":[],"product_cat":[93,97],"product_tag":[],"class_list":{"0":"post-2340","1":"product","2":"type-product","3":"status-publish","4":"has-post-thumbnail","6":"product_cat-vakuumstrahlmaschine","7":"product_cat-picopipe","9":"first","10":"instock","11":"taxable","12":"shipping-taxable","13":"product-type-simple"},"acf":[],"yoast_head":"<!-- This site is optimized with the Yoast SEO plugin v27.3 - https:\/\/yoast.com\/product\/yoast-seo-wordpress\/ -->\n<title>PiCo Pipe&#x2122; - Pinovo | DE<\/title>\n<meta name=\"robots\" content=\"noindex, follow, max-snippet:-1, max-image-preview:large, max-video-preview:-1\" \/>\n<meta property=\"og:locale\" content=\"de_DE\" \/>\n<meta property=\"og:type\" content=\"article\" \/>\n<meta property=\"og:title\" content=\"PiCo Pipe&#x2122; - Pinovo | DE\" \/>\n<meta property=\"og:description\" content=\"Das PiCo Pipe&#x2122; ist ein tragbares, geschlossenes Vakuumstrahlger\u00e4t, das f\u00fcr staubfreies Strahlen von Rohren entwickelt wurde. Es ist in verschiedenen Gr\u00f6\u00dfen erh\u00e4ltlich, um Rohrdurchmesser von \u00bd Zoll bis 8 Zoll zu ber\u00fccksichtigen.\" \/>\n<meta property=\"og:url\" content=\"https:\/\/www.pinovo.eu\/de\/product\/vakuumstrahlmaschine\/pico-pipe\/\" \/>\n<meta property=\"og:site_name\" content=\"Pinovo | DE\" \/>\n<meta property=\"article:modified_time\" content=\"2026-04-15T14:19:13+00:00\" \/>\n<meta property=\"og:image\" content=\"https:\/\/www.pinovo.eu\/de\/wp-content\/uploads\/sites\/13\/2024\/12\/2136004_orig.jpg\" \/>\n\t<meta property=\"og:image:width\" content=\"1000\" \/>\n\t<meta property=\"og:image:height\" content=\"562\" \/>\n\t<meta property=\"og:image:type\" content=\"image\/jpeg\" \/>\n<meta name=\"twitter:card\" content=\"summary_large_image\" \/>\n<meta name=\"twitter:label1\" content=\"Gesch\u00e4tzte Lesezeit\" \/>\n\t<meta name=\"twitter:data1\" content=\"1\u00a0Minute\" \/>\n<script type=\"application\/ld+json\" class=\"yoast-schema-graph\">{\"@context\":\"https:\\\/\\\/schema.org\",\"@graph\":[{\"@type\":\"WebPage\",\"@id\":\"https:\\\/\\\/www.pinovo.eu\\\/de\\\/product\\\/vakuumstrahlmaschine\\\/pico-pipe\\\/\",\"url\":\"https:\\\/\\\/www.pinovo.eu\\\/de\\\/product\\\/vakuumstrahlmaschine\\\/pico-pipe\\\/\",\"name\":\"PiCo Pipe&#x2122; - Pinovo | DE\",\"isPartOf\":{\"@id\":\"https:\\\/\\\/www.pinovo.eu\\\/de\\\/#website\"},\"primaryImageOfPage\":{\"@id\":\"https:\\\/\\\/www.pinovo.eu\\\/de\\\/product\\\/vakuumstrahlmaschine\\\/pico-pipe\\\/#primaryimage\"},\"image\":{\"@id\":\"https:\\\/\\\/www.pinovo.eu\\\/de\\\/product\\\/vakuumstrahlmaschine\\\/pico-pipe\\\/#primaryimage\"},\"thumbnailUrl\":\"https:\\\/\\\/www.pinovo.eu\\\/de\\\/wp-content\\\/uploads\\\/sites\\\/13\\\/2024\\\/12\\\/2136004_orig.jpg\",\"datePublished\":\"2024-12-02T09:59:19+00:00\",\"dateModified\":\"2026-04-15T14:19:13+00:00\",\"breadcrumb\":{\"@id\":\"https:\\\/\\\/www.pinovo.eu\\\/de\\\/product\\\/vakuumstrahlmaschine\\\/pico-pipe\\\/#breadcrumb\"},\"inLanguage\":\"de\",\"potentialAction\":[{\"@type\":\"ReadAction\",\"target\":[\"https:\\\/\\\/www.pinovo.eu\\\/de\\\/product\\\/vakuumstrahlmaschine\\\/pico-pipe\\\/\"]}]},{\"@type\":\"ImageObject\",\"inLanguage\":\"de\",\"@id\":\"https:\\\/\\\/www.pinovo.eu\\\/de\\\/product\\\/vakuumstrahlmaschine\\\/pico-pipe\\\/#primaryimage\",\"url\":\"https:\\\/\\\/www.pinovo.eu\\\/de\\\/wp-content\\\/uploads\\\/sites\\\/13\\\/2024\\\/12\\\/2136004_orig.jpg\",\"contentUrl\":\"https:\\\/\\\/www.pinovo.eu\\\/de\\\/wp-content\\\/uploads\\\/sites\\\/13\\\/2024\\\/12\\\/2136004_orig.jpg\",\"width\":1000,\"height\":562,\"caption\":\"pico pipe\"},{\"@type\":\"BreadcrumbList\",\"@id\":\"https:\\\/\\\/www.pinovo.eu\\\/de\\\/product\\\/vakuumstrahlmaschine\\\/pico-pipe\\\/#breadcrumb\",\"itemListElement\":[{\"@type\":\"ListItem\",\"position\":1,\"name\":\"Home\",\"item\":\"https:\\\/\\\/www.pinovo.eu\\\/de\\\/\"},{\"@type\":\"ListItem\",\"position\":2,\"name\":\"Products\",\"item\":\"https:\\\/\\\/www.pinovo.eu\\\/de\\\/products\\\/\"},{\"@type\":\"ListItem\",\"position\":3,\"name\":\"PiCo Pipe\u2122\"}]},{\"@type\":\"WebSite\",\"@id\":\"https:\\\/\\\/www.pinovo.eu\\\/de\\\/#website\",\"url\":\"https:\\\/\\\/www.pinovo.eu\\\/de\\\/\",\"name\":\"Pinovo | DE\",\"description\":\"Pinovo slogan\",\"potentialAction\":[{\"@type\":\"SearchAction\",\"target\":{\"@type\":\"EntryPoint\",\"urlTemplate\":\"https:\\\/\\\/www.pinovo.eu\\\/de\\\/?s={search_term_string}\"},\"query-input\":{\"@type\":\"PropertyValueSpecification\",\"valueRequired\":true,\"valueName\":\"search_term_string\"}}],\"inLanguage\":\"de\"}]}<\/script>\n<!-- \/ Yoast SEO plugin. -->","yoast_head_json":{"title":"PiCo Pipe&#x2122; - Pinovo | DE","robots":{"index":"noindex","follow":"follow","max-snippet":"max-snippet:-1","max-image-preview":"max-image-preview:large","max-video-preview":"max-video-preview:-1"},"og_locale":"de_DE","og_type":"article","og_title":"PiCo Pipe&#x2122; - Pinovo | DE","og_description":"Das PiCo Pipe&#x2122; ist ein tragbares, geschlossenes Vakuumstrahlger\u00e4t, das f\u00fcr staubfreies Strahlen von Rohren entwickelt wurde. Es ist in verschiedenen Gr\u00f6\u00dfen erh\u00e4ltlich, um Rohrdurchmesser von \u00bd Zoll bis 8 Zoll zu ber\u00fccksichtigen.","og_url":"https:\/\/www.pinovo.eu\/de\/product\/vakuumstrahlmaschine\/pico-pipe\/","og_site_name":"Pinovo | DE","article_modified_time":"2026-04-15T14:19:13+00:00","og_image":[{"width":1000,"height":562,"url":"https:\/\/www.pinovo.eu\/de\/wp-content\/uploads\/sites\/13\/2024\/12\/2136004_orig.jpg","type":"image\/jpeg"}],"twitter_card":"summary_large_image","twitter_misc":{"Gesch\u00e4tzte Lesezeit":"1\u00a0Minute"},"schema":{"@context":"https:\/\/schema.org","@graph":[{"@type":"WebPage","@id":"https:\/\/www.pinovo.eu\/de\/product\/vakuumstrahlmaschine\/pico-pipe\/","url":"https:\/\/www.pinovo.eu\/de\/product\/vakuumstrahlmaschine\/pico-pipe\/","name":"PiCo Pipe&#x2122; - Pinovo | DE","isPartOf":{"@id":"https:\/\/www.pinovo.eu\/de\/#website"},"primaryImageOfPage":{"@id":"https:\/\/www.pinovo.eu\/de\/product\/vakuumstrahlmaschine\/pico-pipe\/#primaryimage"},"image":{"@id":"https:\/\/www.pinovo.eu\/de\/product\/vakuumstrahlmaschine\/pico-pipe\/#primaryimage"},"thumbnailUrl":"https:\/\/www.pinovo.eu\/de\/wp-content\/uploads\/sites\/13\/2024\/12\/2136004_orig.jpg","datePublished":"2024-12-02T09:59:19+00:00","dateModified":"2026-04-15T14:19:13+00:00","breadcrumb":{"@id":"https:\/\/www.pinovo.eu\/de\/product\/vakuumstrahlmaschine\/pico-pipe\/#breadcrumb"},"inLanguage":"de","potentialAction":[{"@type":"ReadAction","target":["https:\/\/www.pinovo.eu\/de\/product\/vakuumstrahlmaschine\/pico-pipe\/"]}]},{"@type":"ImageObject","inLanguage":"de","@id":"https:\/\/www.pinovo.eu\/de\/product\/vakuumstrahlmaschine\/pico-pipe\/#primaryimage","url":"https:\/\/www.pinovo.eu\/de\/wp-content\/uploads\/sites\/13\/2024\/12\/2136004_orig.jpg","contentUrl":"https:\/\/www.pinovo.eu\/de\/wp-content\/uploads\/sites\/13\/2024\/12\/2136004_orig.jpg","width":1000,"height":562,"caption":"pico pipe"},{"@type":"BreadcrumbList","@id":"https:\/\/www.pinovo.eu\/de\/product\/vakuumstrahlmaschine\/pico-pipe\/#breadcrumb","itemListElement":[{"@type":"ListItem","position":1,"name":"Home","item":"https:\/\/www.pinovo.eu\/de\/"},{"@type":"ListItem","position":2,"name":"Products","item":"https:\/\/www.pinovo.eu\/de\/products\/"},{"@type":"ListItem","position":3,"name":"PiCo Pipe\u2122"}]},{"@type":"WebSite","@id":"https:\/\/www.pinovo.eu\/de\/#website","url":"https:\/\/www.pinovo.eu\/de\/","name":"Pinovo | DE","description":"Pinovo slogan","potentialAction":[{"@type":"SearchAction","target":{"@type":"EntryPoint","urlTemplate":"https:\/\/www.pinovo.eu\/de\/?s={search_term_string}"},"query-input":{"@type":"PropertyValueSpecification","valueRequired":true,"valueName":"search_term_string"}}],"inLanguage":"de"}]}},"_links":{"self":[{"href":"https:\/\/www.pinovo.eu\/de\/wp-json\/wp\/v2\/product\/2340","targetHints":{"allow":["GET"]}}],"collection":[{"href":"https:\/\/www.pinovo.eu\/de\/wp-json\/wp\/v2\/product"}],"about":[{"href":"https:\/\/www.pinovo.eu\/de\/wp-json\/wp\/v2\/types\/product"}],"wp:featuredmedia":[{"embeddable":true,"href":"https:\/\/www.pinovo.eu\/de\/wp-json\/wp\/v2\/media\/2341"}],"wp:attachment":[{"href":"https:\/\/www.pinovo.eu\/de\/wp-json\/wp\/v2\/media?parent=2340"}],"wp:term":[{"taxonomy":"product_brand","embeddable":true,"href":"https:\/\/www.pinovo.eu\/de\/wp-json\/wp\/v2\/product_brand?post=2340"},{"taxonomy":"product_cat","embeddable":true,"href":"https:\/\/www.pinovo.eu\/de\/wp-json\/wp\/v2\/product_cat?post=2340"},{"taxonomy":"product_tag","embeddable":true,"href":"https:\/\/www.pinovo.eu\/de\/wp-json\/wp\/v2\/product_tag?post=2340"}],"curies":[{"name":"wp","href":"https:\/\/api.w.org\/{rel}","templated":true}]}}