{"id":2542,"date":"2025-07-03T10:09:31","date_gmt":"2025-07-03T09:09:31","guid":{"rendered":"https:\/\/www.pinovo.eu\/?post_type=product&#038;p=2542"},"modified":"2026-04-15T15:18:40","modified_gmt":"2026-04-15T14:18:40","slug":"adapter-ecke","status":"publish","type":"product","link":"https:\/\/www.pinovo.eu\/de\/product\/piconnect\/adapter-ecke\/","title":{"rendered":"Adapter-Ecke"},"content":{"rendered":"","protected":false},"excerpt":{"rendered":"<p>Der <strong data-start=\"207\" data-end=\"236\">PiConnect&#x2122; Adapter Ecke<\/strong> wurde speziell f\u00fcr sicheres und effizientes abrasive Strahlen in <strong data-start=\"298\" data-end=\"318\">inneren Ecken<\/strong> und engen Geometrien entwickelt. In Kombination mit dem <a href=\"https:\/\/www.pinovo.eu\/product-category\/piconnect\/\">PiConnect&#x2122;<\/a> Werkzeug und dem <a href=\"https:\/\/www.pinovo.eu\/product\/vacuum-blasting-machine\/vacuum-blasting-machine\/\">PiSys&#x2122;<\/a> Vakuumsystem sorgt dieser Adapter f\u00fcr die vollst\u00e4ndige Eind\u00e4mmung von Granulat und Abfall \u2013 ideal f\u00fcr enge R\u00e4ume und ATEX Zone 1 &amp; 2 Anwendungen.<\/p>\n<h3 data-start=\"513\" data-end=\"540\">Was bringt es dir?<\/h3>\n<ul data-start=\"541\" data-end=\"873\">\n<li data-start=\"541\" data-end=\"616\">\n<p data-start=\"543\" data-end=\"616\"><strong data-start=\"546\" data-end=\"576\">Entwickelt f\u00fcr innere Ecken<\/strong> an Tanks, Tr\u00e4gern und Baustahl<\/p>\n<\/li>\n<li data-start=\"617\" data-end=\"683\">\n<p data-start=\"619\" data-end=\"683\"><strong data-start=\"622\" data-end=\"645\">Staubfreier Betrieb<\/strong> \u2013 keine luftgetragenen Schadstoffe werden freigesetzt<\/p>\n<\/li>\n<li data-start=\"684\" data-end=\"754\">\n<p data-start=\"686\" data-end=\"754\"><strong data-start=\"689\" data-end=\"713\">Geschlossener Kreislauf beim Strahlen<\/strong> \u2013 h\u00e4lt Granulat und Abfall vollst\u00e4ndig eingekapselt<\/p>\n<\/li>\n<li data-start=\"755\" data-end=\"814\">\n<p data-start=\"757\" data-end=\"814\"><strong data-start=\"760\" data-end=\"775\">Plug &amp; Play<\/strong> mit PiConnect&#x2122; f\u00fcr eine schnelle Bereitstellung<\/p>\n<\/li>\n<li data-start=\"815\" data-end=\"873\">\n<p data-start=\"817\" data-end=\"873\"><strong data-start=\"820\" data-end=\"854\">Sicher in explosiven Umgebungen<\/strong> \u2013 ATEX-zertifiziert<\/p>\n<\/li>\n<\/ul>\n","protected":false},"featured_media":2576,"template":"","meta":{"_acf_changed":false,"content-type":"","editor_notices":[]},"product_brand":[],"product_cat":[94],"product_tag":[],"class_list":{"0":"post-2542","1":"product","2":"type-product","3":"status-publish","4":"has-post-thumbnail","6":"product_cat-piconnect","8":"first","9":"instock","10":"taxable","11":"shipping-taxable","12":"product-type-simple"},"acf":[],"yoast_head":"<!-- This site is optimized with the Yoast SEO plugin v27.3 - https:\/\/yoast.com\/product\/yoast-seo-wordpress\/ -->\n<title>Adapter-Ecke - Pinovo | DE<\/title>\n<meta name=\"robots\" content=\"noindex, follow, max-snippet:-1, max-image-preview:large, max-video-preview:-1\" \/>\n<meta property=\"og:locale\" content=\"de_DE\" \/>\n<meta property=\"og:type\" content=\"article\" \/>\n<meta property=\"og:title\" content=\"Adapter-Ecke - Pinovo | DE\" \/>\n<meta property=\"og:description\" content=\"Der PiConnect&#x2122; Adapter Ecke wurde speziell f\u00fcr sicheres und effizientes abrasive Strahlen in inneren Ecken und engen Geometrien entwickelt. In Kombination mit dem PiConnect&#x2122; Werkzeug und dem PiSys&#x2122; Vakuumsystem sorgt dieser Adapter f\u00fcr die vollst\u00e4ndige Eind\u00e4mmung von Granulat und Abfall \u2013 ideal f\u00fcr enge R\u00e4ume und ATEX Zone 1 &amp; 2 Anwendungen. Was bringt es dir?   Entwickelt f\u00fcr innere Ecken an Tanks, Tr\u00e4gern und Baustahl   Staubfreier Betrieb \u2013 keine luftgetragenen Schadstoffe werden freigesetzt   Geschlossener Kreislauf beim Strahlen \u2013 h\u00e4lt Granulat und Abfall vollst\u00e4ndig eingekapselt   Plug &amp; Play mit PiConnect&#x2122; f\u00fcr eine schnelle Bereitstellung   Sicher in explosiven Umgebungen \u2013 ATEX-zertifiziert\" \/>\n<meta property=\"og:url\" content=\"https:\/\/www.pinovo.eu\/de\/product\/piconnect\/adapter-corner\/\" \/>\n<meta property=\"og:site_name\" content=\"Pinovo | DE\" \/>\n<meta property=\"article:modified_time\" content=\"2026-04-15T14:18:40+00:00\" \/>\n<meta property=\"og:image\" content=\"https:\/\/www.pinovo.eu\/de\/wp-content\/uploads\/sites\/13\/2025\/07\/adapter-corner-1.png\" \/>\n\t<meta property=\"og:image:width\" content=\"675\" \/>\n\t<meta property=\"og:image:height\" content=\"675\" \/>\n\t<meta property=\"og:image:type\" content=\"image\/png\" \/>\n<meta name=\"twitter:card\" content=\"summary_large_image\" \/>\n<meta name=\"twitter:label1\" content=\"Gesch\u00e4tzte Lesezeit\" \/>\n\t<meta name=\"twitter:data1\" content=\"1\u00a0Minute\" \/>\n<script type=\"application\/ld+json\" class=\"yoast-schema-graph\">{\"@context\":\"https:\\\/\\\/schema.org\",\"@graph\":[{\"@type\":\"WebPage\",\"@id\":\"https:\\\/\\\/www.pinovo.eu\\\/de\\\/product\\\/piconnect\\\/adapter-corner\\\/\",\"url\":\"https:\\\/\\\/www.pinovo.eu\\\/de\\\/product\\\/piconnect\\\/adapter-corner\\\/\",\"name\":\"Adapter-Ecke - Pinovo | DE\",\"isPartOf\":{\"@id\":\"https:\\\/\\\/www.pinovo.eu\\\/de\\\/#website\"},\"primaryImageOfPage\":{\"@id\":\"https:\\\/\\\/www.pinovo.eu\\\/de\\\/product\\\/piconnect\\\/adapter-corner\\\/#primaryimage\"},\"image\":{\"@id\":\"https:\\\/\\\/www.pinovo.eu\\\/de\\\/product\\\/piconnect\\\/adapter-corner\\\/#primaryimage\"},\"thumbnailUrl\":\"https:\\\/\\\/www.pinovo.eu\\\/de\\\/wp-content\\\/uploads\\\/sites\\\/13\\\/2025\\\/07\\\/adapter-corner-1.png\",\"datePublished\":\"2025-07-03T09:09:31+00:00\",\"dateModified\":\"2026-04-15T14:18:40+00:00\",\"breadcrumb\":{\"@id\":\"https:\\\/\\\/www.pinovo.eu\\\/de\\\/product\\\/piconnect\\\/adapter-corner\\\/#breadcrumb\"},\"inLanguage\":\"de\",\"potentialAction\":[{\"@type\":\"ReadAction\",\"target\":[\"https:\\\/\\\/www.pinovo.eu\\\/de\\\/product\\\/piconnect\\\/adapter-corner\\\/\"]}]},{\"@type\":\"ImageObject\",\"inLanguage\":\"de\",\"@id\":\"https:\\\/\\\/www.pinovo.eu\\\/de\\\/product\\\/piconnect\\\/adapter-corner\\\/#primaryimage\",\"url\":\"https:\\\/\\\/www.pinovo.eu\\\/de\\\/wp-content\\\/uploads\\\/sites\\\/13\\\/2025\\\/07\\\/adapter-corner-1.png\",\"contentUrl\":\"https:\\\/\\\/www.pinovo.eu\\\/de\\\/wp-content\\\/uploads\\\/sites\\\/13\\\/2025\\\/07\\\/adapter-corner-1.png\",\"width\":675,\"height\":675},{\"@type\":\"BreadcrumbList\",\"@id\":\"https:\\\/\\\/www.pinovo.eu\\\/de\\\/product\\\/piconnect\\\/adapter-corner\\\/#breadcrumb\",\"itemListElement\":[{\"@type\":\"ListItem\",\"position\":1,\"name\":\"Home\",\"item\":\"https:\\\/\\\/www.pinovo.eu\\\/de\\\/\"},{\"@type\":\"ListItem\",\"position\":2,\"name\":\"Products\",\"item\":\"https:\\\/\\\/www.pinovo.eu\\\/de\\\/products\\\/\"},{\"@type\":\"ListItem\",\"position\":3,\"name\":\"Adapter Corner\"}]},{\"@type\":\"WebSite\",\"@id\":\"https:\\\/\\\/www.pinovo.eu\\\/de\\\/#website\",\"url\":\"https:\\\/\\\/www.pinovo.eu\\\/de\\\/\",\"name\":\"Pinovo | DE\",\"description\":\"Pinovo slogan\",\"potentialAction\":[{\"@type\":\"SearchAction\",\"target\":{\"@type\":\"EntryPoint\",\"urlTemplate\":\"https:\\\/\\\/www.pinovo.eu\\\/de\\\/?s={search_term_string}\"},\"query-input\":{\"@type\":\"PropertyValueSpecification\",\"valueRequired\":true,\"valueName\":\"search_term_string\"}}],\"inLanguage\":\"de\"}]}<\/script>\n<!-- \/ Yoast SEO plugin. -->","yoast_head_json":{"title":"Adapter-Ecke - Pinovo | DE","robots":{"index":"noindex","follow":"follow","max-snippet":"max-snippet:-1","max-image-preview":"max-image-preview:large","max-video-preview":"max-video-preview:-1"},"og_locale":"de_DE","og_type":"article","og_title":"Adapter-Ecke - Pinovo | DE","og_description":"Der PiConnect&#x2122; Adapter Ecke wurde speziell f\u00fcr sicheres und effizientes abrasive Strahlen in inneren Ecken und engen Geometrien entwickelt. In Kombination mit dem PiConnect&#x2122; Werkzeug und dem PiSys&#x2122; Vakuumsystem sorgt dieser Adapter f\u00fcr die vollst\u00e4ndige Eind\u00e4mmung von Granulat und Abfall \u2013 ideal f\u00fcr enge R\u00e4ume und ATEX Zone 1 &amp; 2 Anwendungen. Was bringt es dir?   Entwickelt f\u00fcr innere Ecken an Tanks, Tr\u00e4gern und Baustahl   Staubfreier Betrieb \u2013 keine luftgetragenen Schadstoffe werden freigesetzt   Geschlossener Kreislauf beim Strahlen \u2013 h\u00e4lt Granulat und Abfall vollst\u00e4ndig eingekapselt   Plug &amp; Play mit PiConnect&#x2122; f\u00fcr eine schnelle Bereitstellung   Sicher in explosiven Umgebungen \u2013 ATEX-zertifiziert","og_url":"https:\/\/www.pinovo.eu\/de\/product\/piconnect\/adapter-corner\/","og_site_name":"Pinovo | DE","article_modified_time":"2026-04-15T14:18:40+00:00","og_image":[{"width":675,"height":675,"url":"https:\/\/www.pinovo.eu\/de\/wp-content\/uploads\/sites\/13\/2025\/07\/adapter-corner-1.png","type":"image\/png"}],"twitter_card":"summary_large_image","twitter_misc":{"Gesch\u00e4tzte Lesezeit":"1\u00a0Minute"},"schema":{"@context":"https:\/\/schema.org","@graph":[{"@type":"WebPage","@id":"https:\/\/www.pinovo.eu\/de\/product\/piconnect\/adapter-corner\/","url":"https:\/\/www.pinovo.eu\/de\/product\/piconnect\/adapter-corner\/","name":"Adapter-Ecke - Pinovo | DE","isPartOf":{"@id":"https:\/\/www.pinovo.eu\/de\/#website"},"primaryImageOfPage":{"@id":"https:\/\/www.pinovo.eu\/de\/product\/piconnect\/adapter-corner\/#primaryimage"},"image":{"@id":"https:\/\/www.pinovo.eu\/de\/product\/piconnect\/adapter-corner\/#primaryimage"},"thumbnailUrl":"https:\/\/www.pinovo.eu\/de\/wp-content\/uploads\/sites\/13\/2025\/07\/adapter-corner-1.png","datePublished":"2025-07-03T09:09:31+00:00","dateModified":"2026-04-15T14:18:40+00:00","breadcrumb":{"@id":"https:\/\/www.pinovo.eu\/de\/product\/piconnect\/adapter-corner\/#breadcrumb"},"inLanguage":"de","potentialAction":[{"@type":"ReadAction","target":["https:\/\/www.pinovo.eu\/de\/product\/piconnect\/adapter-corner\/"]}]},{"@type":"ImageObject","inLanguage":"de","@id":"https:\/\/www.pinovo.eu\/de\/product\/piconnect\/adapter-corner\/#primaryimage","url":"https:\/\/www.pinovo.eu\/de\/wp-content\/uploads\/sites\/13\/2025\/07\/adapter-corner-1.png","contentUrl":"https:\/\/www.pinovo.eu\/de\/wp-content\/uploads\/sites\/13\/2025\/07\/adapter-corner-1.png","width":675,"height":675},{"@type":"BreadcrumbList","@id":"https:\/\/www.pinovo.eu\/de\/product\/piconnect\/adapter-corner\/#breadcrumb","itemListElement":[{"@type":"ListItem","position":1,"name":"Home","item":"https:\/\/www.pinovo.eu\/de\/"},{"@type":"ListItem","position":2,"name":"Products","item":"https:\/\/www.pinovo.eu\/de\/products\/"},{"@type":"ListItem","position":3,"name":"Adapter Corner"}]},{"@type":"WebSite","@id":"https:\/\/www.pinovo.eu\/de\/#website","url":"https:\/\/www.pinovo.eu\/de\/","name":"Pinovo | DE","description":"Pinovo slogan","potentialAction":[{"@type":"SearchAction","target":{"@type":"EntryPoint","urlTemplate":"https:\/\/www.pinovo.eu\/de\/?s={search_term_string}"},"query-input":{"@type":"PropertyValueSpecification","valueRequired":true,"valueName":"search_term_string"}}],"inLanguage":"de"}]}},"_links":{"self":[{"href":"https:\/\/www.pinovo.eu\/de\/wp-json\/wp\/v2\/product\/2542","targetHints":{"allow":["GET"]}}],"collection":[{"href":"https:\/\/www.pinovo.eu\/de\/wp-json\/wp\/v2\/product"}],"about":[{"href":"https:\/\/www.pinovo.eu\/de\/wp-json\/wp\/v2\/types\/product"}],"wp:featuredmedia":[{"embeddable":true,"href":"https:\/\/www.pinovo.eu\/de\/wp-json\/wp\/v2\/media\/2576"}],"wp:attachment":[{"href":"https:\/\/www.pinovo.eu\/de\/wp-json\/wp\/v2\/media?parent=2542"}],"wp:term":[{"taxonomy":"product_brand","embeddable":true,"href":"https:\/\/www.pinovo.eu\/de\/wp-json\/wp\/v2\/product_brand?post=2542"},{"taxonomy":"product_cat","embeddable":true,"href":"https:\/\/www.pinovo.eu\/de\/wp-json\/wp\/v2\/product_cat?post=2542"},{"taxonomy":"product_tag","embeddable":true,"href":"https:\/\/www.pinovo.eu\/de\/wp-json\/wp\/v2\/product_tag?post=2542"}],"curies":[{"name":"wp","href":"https:\/\/api.w.org\/{rel}","templated":true}]}}