{"id":2544,"date":"2025-07-03T10:14:06","date_gmt":"2025-07-03T09:14:06","guid":{"rendered":"https:\/\/www.pinovo.eu\/?post_type=product&#038;p=2544"},"modified":"2026-04-15T15:18:29","modified_gmt":"2026-04-15T14:18:29","slug":"adapter-edge","status":"publish","type":"product","link":"https:\/\/www.pinovo.eu\/de\/product\/piconnect\/adapter-edge\/","title":{"rendered":"Adapter Edge"},"content":{"rendered":"","protected":false},"excerpt":{"rendered":"<p>Der <strong data-start=\"209\" data-end=\"236\">PiConnect&#x2122; Adapter Edge<\/strong> wurde f\u00fcr <strong data-start=\"253\" data-end=\"311\">das abrasive Strahlen an \u00e4u\u00dferen Kanten und scharfen \u00dcberg\u00e4ngen<\/strong>, wie Flanschen, Versteifungen und strukturellen Ecken, entwickelt. In Kombination mit dem <a href=\"https:\/\/www.pinovo.eu\/product-category\/piconnect\/\">PiConnect&#x2122;<\/a> Handwerkzeug und dem <a href=\"https:\/\/www.pinovo.eu\/product\/vacuum-blasting-machine\/vacuum-blasting-machine\/\">PiSys&#x2122;<\/a> geschlossenen Kreislaufsystem erm\u00f6glicht es dieser Adapter, Beschichtungen oder Korrosion pr\u00e4zise zu entfernen \u2013 ohne Staub, Kontamination oder Ausfallzeiten.<\/p>\n<h3 data-start=\"545\" data-end=\"571\">Warum es f\u00fcr dich funktioniert<\/h3>\n<ul data-start=\"572\" data-end=\"869\">\n<li data-start=\"572\" data-end=\"639\">\n<p data-start=\"574\" data-end=\"639\"><strong data-start=\"577\" data-end=\"637\">Ideal f\u00fcr \u00e4u\u00dfere Ecken, Kanten und Winkelelemente<\/strong><\/p>\n<\/li>\n<li data-start=\"640\" data-end=\"696\">\n<p data-start=\"642\" data-end=\"696\"><strong data-start=\"645\" data-end=\"668\">Vollst\u00e4ndig geschlossen<\/strong> \u2013 kein Staub, keine K\u00f6rner entweichen<\/p>\n<\/li>\n<li data-start=\"697\" data-end=\"759\">\n<p data-start=\"699\" data-end=\"759\"><strong data-start=\"701\" data-end=\"730\">ATEX Zone 1 &amp; 2 konform<\/strong> \u2013 sicher f\u00fcr gef\u00e4hrliche Bereiche<\/p>\n<\/li>\n<li data-start=\"760\" data-end=\"814\">\n<p data-start=\"762\" data-end=\"814\"><strong data-start=\"765\" data-end=\"792\">Ersparnis bei der Reinigung &amp; K\u00f6rner<\/strong> durch vollst\u00e4ndiges Recycling<\/p>\n<\/li>\n<li data-start=\"815\" data-end=\"869\">\n<p data-start=\"817\" data-end=\"869\"><strong>Schneller Wechsel<\/strong> mit Klick-installation<\/p>\n<\/li>\n<\/ul>\n","protected":false},"featured_media":2577,"template":"","meta":{"_acf_changed":false,"content-type":"","editor_notices":[]},"product_brand":[],"product_cat":[94],"product_tag":[],"class_list":{"0":"post-2544","1":"product","2":"type-product","3":"status-publish","4":"has-post-thumbnail","6":"product_cat-piconnect","8":"first","9":"instock","10":"taxable","11":"shipping-taxable","12":"product-type-simple"},"acf":[],"yoast_head":"<!-- This site is optimized with the Yoast SEO plugin v27.3 - https:\/\/yoast.com\/product\/yoast-seo-wordpress\/ -->\n<title>Adapter Edge - Pinovo | DE<\/title>\n<meta name=\"robots\" content=\"noindex, follow, max-snippet:-1, max-image-preview:large, max-video-preview:-1\" \/>\n<meta property=\"og:locale\" content=\"de_DE\" \/>\n<meta property=\"og:type\" content=\"article\" \/>\n<meta property=\"og:title\" content=\"Adapter Edge - Pinovo | DE\" \/>\n<meta property=\"og:description\" content=\"Der PiConnect&#x2122; Adapter Edge wurde f\u00fcr das abrasive Strahlen an \u00e4u\u00dferen Kanten und scharfen \u00dcberg\u00e4ngen, wie Flanschen, Versteifungen und strukturellen Ecken, entwickelt. In Kombination mit dem PiConnect&#x2122; Handwerkzeug und dem PiSys&#x2122; geschlossenen Kreislaufsystem erm\u00f6glicht es dieser Adapter, Beschichtungen oder Korrosion pr\u00e4zise zu entfernen \u2013 ohne Staub, Kontamination oder Ausfallzeiten. Warum es f\u00fcr dich funktioniert   Ideal f\u00fcr \u00e4u\u00dfere Ecken, Kanten und Winkelelemente   Vollst\u00e4ndig geschlossen \u2013 kein Staub, keine K\u00f6rner entweichen   ATEX Zone 1 &amp; 2 konform \u2013 sicher f\u00fcr gef\u00e4hrliche Bereiche   Ersparnis bei der Reinigung &amp; K\u00f6rner durch vollst\u00e4ndiges Recycling   Schneller Wechsel mit Klick-installation\" \/>\n<meta property=\"og:url\" content=\"https:\/\/www.pinovo.eu\/de\/product\/piconnect\/adapter-edge\/\" \/>\n<meta property=\"og:site_name\" content=\"Pinovo | DE\" \/>\n<meta property=\"article:modified_time\" content=\"2026-04-15T14:18:29+00:00\" \/>\n<meta property=\"og:image\" content=\"https:\/\/www.pinovo.eu\/de\/wp-content\/uploads\/sites\/13\/2025\/07\/Adapter-Edge-1.png\" \/>\n\t<meta property=\"og:image:width\" content=\"675\" \/>\n\t<meta property=\"og:image:height\" content=\"675\" \/>\n\t<meta property=\"og:image:type\" content=\"image\/png\" \/>\n<meta name=\"twitter:card\" content=\"summary_large_image\" \/>\n<meta name=\"twitter:label1\" content=\"Gesch\u00e4tzte Lesezeit\" \/>\n\t<meta name=\"twitter:data1\" content=\"1\u00a0Minute\" \/>\n<script type=\"application\/ld+json\" class=\"yoast-schema-graph\">{\"@context\":\"https:\\\/\\\/schema.org\",\"@graph\":[{\"@type\":\"WebPage\",\"@id\":\"https:\\\/\\\/www.pinovo.eu\\\/de\\\/product\\\/piconnect\\\/adapter-edge\\\/\",\"url\":\"https:\\\/\\\/www.pinovo.eu\\\/de\\\/product\\\/piconnect\\\/adapter-edge\\\/\",\"name\":\"Adapter Edge - Pinovo | DE\",\"isPartOf\":{\"@id\":\"https:\\\/\\\/www.pinovo.eu\\\/de\\\/#website\"},\"primaryImageOfPage\":{\"@id\":\"https:\\\/\\\/www.pinovo.eu\\\/de\\\/product\\\/piconnect\\\/adapter-edge\\\/#primaryimage\"},\"image\":{\"@id\":\"https:\\\/\\\/www.pinovo.eu\\\/de\\\/product\\\/piconnect\\\/adapter-edge\\\/#primaryimage\"},\"thumbnailUrl\":\"https:\\\/\\\/www.pinovo.eu\\\/de\\\/wp-content\\\/uploads\\\/sites\\\/13\\\/2025\\\/07\\\/Adapter-Edge-1.png\",\"datePublished\":\"2025-07-03T09:14:06+00:00\",\"dateModified\":\"2026-04-15T14:18:29+00:00\",\"breadcrumb\":{\"@id\":\"https:\\\/\\\/www.pinovo.eu\\\/de\\\/product\\\/piconnect\\\/adapter-edge\\\/#breadcrumb\"},\"inLanguage\":\"de\",\"potentialAction\":[{\"@type\":\"ReadAction\",\"target\":[\"https:\\\/\\\/www.pinovo.eu\\\/de\\\/product\\\/piconnect\\\/adapter-edge\\\/\"]}]},{\"@type\":\"ImageObject\",\"inLanguage\":\"de\",\"@id\":\"https:\\\/\\\/www.pinovo.eu\\\/de\\\/product\\\/piconnect\\\/adapter-edge\\\/#primaryimage\",\"url\":\"https:\\\/\\\/www.pinovo.eu\\\/de\\\/wp-content\\\/uploads\\\/sites\\\/13\\\/2025\\\/07\\\/Adapter-Edge-1.png\",\"contentUrl\":\"https:\\\/\\\/www.pinovo.eu\\\/de\\\/wp-content\\\/uploads\\\/sites\\\/13\\\/2025\\\/07\\\/Adapter-Edge-1.png\",\"width\":675,\"height\":675},{\"@type\":\"BreadcrumbList\",\"@id\":\"https:\\\/\\\/www.pinovo.eu\\\/de\\\/product\\\/piconnect\\\/adapter-edge\\\/#breadcrumb\",\"itemListElement\":[{\"@type\":\"ListItem\",\"position\":1,\"name\":\"Home\",\"item\":\"https:\\\/\\\/www.pinovo.eu\\\/de\\\/\"},{\"@type\":\"ListItem\",\"position\":2,\"name\":\"Products\",\"item\":\"https:\\\/\\\/www.pinovo.eu\\\/de\\\/products\\\/\"},{\"@type\":\"ListItem\",\"position\":3,\"name\":\"Adapter Edge\"}]},{\"@type\":\"WebSite\",\"@id\":\"https:\\\/\\\/www.pinovo.eu\\\/de\\\/#website\",\"url\":\"https:\\\/\\\/www.pinovo.eu\\\/de\\\/\",\"name\":\"Pinovo | DE\",\"description\":\"Pinovo slogan\",\"potentialAction\":[{\"@type\":\"SearchAction\",\"target\":{\"@type\":\"EntryPoint\",\"urlTemplate\":\"https:\\\/\\\/www.pinovo.eu\\\/de\\\/?s={search_term_string}\"},\"query-input\":{\"@type\":\"PropertyValueSpecification\",\"valueRequired\":true,\"valueName\":\"search_term_string\"}}],\"inLanguage\":\"de\"}]}<\/script>\n<!-- \/ Yoast SEO plugin. -->","yoast_head_json":{"title":"Adapter Edge - Pinovo | DE","robots":{"index":"noindex","follow":"follow","max-snippet":"max-snippet:-1","max-image-preview":"max-image-preview:large","max-video-preview":"max-video-preview:-1"},"og_locale":"de_DE","og_type":"article","og_title":"Adapter Edge - Pinovo | DE","og_description":"Der PiConnect&#x2122; Adapter Edge wurde f\u00fcr das abrasive Strahlen an \u00e4u\u00dferen Kanten und scharfen \u00dcberg\u00e4ngen, wie Flanschen, Versteifungen und strukturellen Ecken, entwickelt. In Kombination mit dem PiConnect&#x2122; Handwerkzeug und dem PiSys&#x2122; geschlossenen Kreislaufsystem erm\u00f6glicht es dieser Adapter, Beschichtungen oder Korrosion pr\u00e4zise zu entfernen \u2013 ohne Staub, Kontamination oder Ausfallzeiten. Warum es f\u00fcr dich funktioniert   Ideal f\u00fcr \u00e4u\u00dfere Ecken, Kanten und Winkelelemente   Vollst\u00e4ndig geschlossen \u2013 kein Staub, keine K\u00f6rner entweichen   ATEX Zone 1 &amp; 2 konform \u2013 sicher f\u00fcr gef\u00e4hrliche Bereiche   Ersparnis bei der Reinigung &amp; K\u00f6rner durch vollst\u00e4ndiges Recycling   Schneller Wechsel mit Klick-installation","og_url":"https:\/\/www.pinovo.eu\/de\/product\/piconnect\/adapter-edge\/","og_site_name":"Pinovo | DE","article_modified_time":"2026-04-15T14:18:29+00:00","og_image":[{"width":675,"height":675,"url":"https:\/\/www.pinovo.eu\/de\/wp-content\/uploads\/sites\/13\/2025\/07\/Adapter-Edge-1.png","type":"image\/png"}],"twitter_card":"summary_large_image","twitter_misc":{"Gesch\u00e4tzte Lesezeit":"1\u00a0Minute"},"schema":{"@context":"https:\/\/schema.org","@graph":[{"@type":"WebPage","@id":"https:\/\/www.pinovo.eu\/de\/product\/piconnect\/adapter-edge\/","url":"https:\/\/www.pinovo.eu\/de\/product\/piconnect\/adapter-edge\/","name":"Adapter Edge - Pinovo | DE","isPartOf":{"@id":"https:\/\/www.pinovo.eu\/de\/#website"},"primaryImageOfPage":{"@id":"https:\/\/www.pinovo.eu\/de\/product\/piconnect\/adapter-edge\/#primaryimage"},"image":{"@id":"https:\/\/www.pinovo.eu\/de\/product\/piconnect\/adapter-edge\/#primaryimage"},"thumbnailUrl":"https:\/\/www.pinovo.eu\/de\/wp-content\/uploads\/sites\/13\/2025\/07\/Adapter-Edge-1.png","datePublished":"2025-07-03T09:14:06+00:00","dateModified":"2026-04-15T14:18:29+00:00","breadcrumb":{"@id":"https:\/\/www.pinovo.eu\/de\/product\/piconnect\/adapter-edge\/#breadcrumb"},"inLanguage":"de","potentialAction":[{"@type":"ReadAction","target":["https:\/\/www.pinovo.eu\/de\/product\/piconnect\/adapter-edge\/"]}]},{"@type":"ImageObject","inLanguage":"de","@id":"https:\/\/www.pinovo.eu\/de\/product\/piconnect\/adapter-edge\/#primaryimage","url":"https:\/\/www.pinovo.eu\/de\/wp-content\/uploads\/sites\/13\/2025\/07\/Adapter-Edge-1.png","contentUrl":"https:\/\/www.pinovo.eu\/de\/wp-content\/uploads\/sites\/13\/2025\/07\/Adapter-Edge-1.png","width":675,"height":675},{"@type":"BreadcrumbList","@id":"https:\/\/www.pinovo.eu\/de\/product\/piconnect\/adapter-edge\/#breadcrumb","itemListElement":[{"@type":"ListItem","position":1,"name":"Home","item":"https:\/\/www.pinovo.eu\/de\/"},{"@type":"ListItem","position":2,"name":"Products","item":"https:\/\/www.pinovo.eu\/de\/products\/"},{"@type":"ListItem","position":3,"name":"Adapter Edge"}]},{"@type":"WebSite","@id":"https:\/\/www.pinovo.eu\/de\/#website","url":"https:\/\/www.pinovo.eu\/de\/","name":"Pinovo | DE","description":"Pinovo slogan","potentialAction":[{"@type":"SearchAction","target":{"@type":"EntryPoint","urlTemplate":"https:\/\/www.pinovo.eu\/de\/?s={search_term_string}"},"query-input":{"@type":"PropertyValueSpecification","valueRequired":true,"valueName":"search_term_string"}}],"inLanguage":"de"}]}},"_links":{"self":[{"href":"https:\/\/www.pinovo.eu\/de\/wp-json\/wp\/v2\/product\/2544","targetHints":{"allow":["GET"]}}],"collection":[{"href":"https:\/\/www.pinovo.eu\/de\/wp-json\/wp\/v2\/product"}],"about":[{"href":"https:\/\/www.pinovo.eu\/de\/wp-json\/wp\/v2\/types\/product"}],"wp:featuredmedia":[{"embeddable":true,"href":"https:\/\/www.pinovo.eu\/de\/wp-json\/wp\/v2\/media\/2577"}],"wp:attachment":[{"href":"https:\/\/www.pinovo.eu\/de\/wp-json\/wp\/v2\/media?parent=2544"}],"wp:term":[{"taxonomy":"product_brand","embeddable":true,"href":"https:\/\/www.pinovo.eu\/de\/wp-json\/wp\/v2\/product_brand?post=2544"},{"taxonomy":"product_cat","embeddable":true,"href":"https:\/\/www.pinovo.eu\/de\/wp-json\/wp\/v2\/product_cat?post=2544"},{"taxonomy":"product_tag","embeddable":true,"href":"https:\/\/www.pinovo.eu\/de\/wp-json\/wp\/v2\/product_tag?post=2544"}],"curies":[{"name":"wp","href":"https:\/\/api.w.org\/{rel}","templated":true}]}}