{"id":2559,"date":"2025-07-03T13:07:48","date_gmt":"2025-07-03T12:07:48","guid":{"rendered":"https:\/\/www.pinovo.eu\/?post_type=product&#038;p=2559"},"modified":"2026-04-15T15:16:58","modified_gmt":"2026-04-15T14:16:58","slug":"pipoint-adapter-flach","status":"publish","type":"product","link":"https:\/\/www.pinovo.eu\/de\/product\/pipoint\/pipoint-adapter-flach\/","title":{"rendered":"PiPoint Adapter Flach"},"content":{"rendered":"","protected":false},"excerpt":{"rendered":"<h3 data-start=\"176\" data-end=\"245\">Sandstrahlen f\u00fcr flache Oberfl\u00e4chen \u2013 kompakt, pr\u00e4zise und staubfrei<\/h3>\n<p data-start=\"247\" data-end=\"520\">Der <strong data-start=\"251\" data-end=\"276\">PiPoint&#x2122; Adapter Flach<\/strong> ist f\u00fcr pr\u00e4zises abrasive Sandstrahlen auf <strong data-start=\"323\" data-end=\"352\">kleinen flachen Stahloberfl\u00e4chen<\/strong> mit dem PiPoint&#x2122; Handwerkzeug konzipiert. Sein kompaktes Design und das geschlossene System machen ihn ideal f\u00fcr schnelle Nachbesserungen, Vorbereitungen von Schwei\u00dfbereichen oder Beschichtungsreparaturen in ATEX-regulierten Umgebungen.<\/p>\n<h3 data-start=\"522\" data-end=\"556\">Was Ihnen dieser Adapter bietet<\/h3>\n<ul data-start=\"557\" data-end=\"896\">\n<li data-start=\"557\" data-end=\"634\">\n<p data-start=\"559\" data-end=\"634\"><strong data-start=\"562\" data-end=\"597\">Fokussiertes Strahlen f\u00fcr flache Bereiche<\/strong> \u2013 ideal f\u00fcr Schwei\u00dfn\u00e4hte und Reparaturen<\/p>\n<\/li>\n<li data-start=\"635\" data-end=\"702\">\n<p data-start=\"637\" data-end=\"702\"><strong data-start=\"641\" data-end=\"673\">Staubfrei und komplett geschlossen<\/strong> \u2013 sicher f\u00fcr empfindliche Bereiche<\/p>\n<\/li>\n<li data-start=\"703\" data-end=\"761\">\n<p data-start=\"705\" data-end=\"761\"><strong data-start=\"708\" data-end=\"726\">ATEX-zertifiziert<\/strong> \u2013 Einsatz in Zone 1 &amp; 2 ohne Risiko<\/p>\n<\/li>\n<li data-start=\"762\" data-end=\"817\">\n<p data-start=\"764\" data-end=\"817\"><strong data-start=\"768\" data-end=\"794\">Schnelle Adaptermontage<\/strong> f\u00fcr minimale Ausfallzeiten<\/p>\n<\/li>\n<li data-start=\"818\" data-end=\"896\">\n<p data-start=\"820\" data-end=\"896\"><strong data-start=\"823\" data-end=\"850\">Keine Notwendigkeit zur Sicherung<\/strong> \u2013 vollst\u00e4ndige Systemr\u00fcckgewinnung und saubere Arbeiten<\/p>\n<\/li>\n<\/ul>\n<h3 data-start=\"1489\" data-end=\"1509\">Kombinieren mit:<\/h3>\n<ul data-start=\"1510\" data-end=\"1575\">\n<li data-start=\"1510\" data-end=\"1537\">\n<p data-start=\"1512\" data-end=\"1537\"><a class=\"\" href=\"#\" rel=\"noopener\" data-start=\"1512\" data-end=\"1535\">PiPoint&#x2122; Handwerkzeug<\/a><\/p>\n<\/li>\n<li data-start=\"1538\" data-end=\"1575\">\n<p data-start=\"1540\" data-end=\"1575\"><a class=\"\" href=\"https:\/\/www.pinovo.eu\/product\/vacuum-blasting-machine\/vacuum-blasting-machine\/\" rel=\"noopener\" data-start=\"1540\" data-end=\"1575\">PiSys&#x2122; Geschlossenes Vakuumger\u00e4t<\/a><\/p>\n<\/li>\n<\/ul>\n","protected":false},"featured_media":2572,"template":"","meta":{"_acf_changed":false,"content-type":"","editor_notices":[]},"product_brand":[],"product_cat":[98],"product_tag":[],"class_list":{"0":"post-2559","1":"product","2":"type-product","3":"status-publish","4":"has-post-thumbnail","6":"product_cat-pipoint","8":"first","9":"instock","10":"taxable","11":"shipping-taxable","12":"product-type-simple"},"acf":[],"yoast_head":"<!-- This site is optimized with the Yoast SEO plugin v27.3 - https:\/\/yoast.com\/product\/yoast-seo-wordpress\/ -->\n<title>PiPoint Adapter Flach - Pinovo | DE<\/title>\n<meta name=\"robots\" content=\"noindex, follow, max-snippet:-1, max-image-preview:large, max-video-preview:-1\" \/>\n<meta property=\"og:locale\" content=\"de_DE\" \/>\n<meta property=\"og:type\" content=\"article\" \/>\n<meta property=\"og:title\" content=\"PiPoint Adapter Flach - Pinovo | DE\" \/>\n<meta property=\"og:description\" content=\"Sandstrahlen f\u00fcr flache Oberfl\u00e4chen \u2013 kompakt, pr\u00e4zise und staubfrei Der PiPoint&#x2122; Adapter Flach ist f\u00fcr pr\u00e4zises abrasive Sandstrahlen auf kleinen flachen Stahloberfl\u00e4chen mit dem PiPoint&#x2122; Handwerkzeug konzipiert. Sein kompaktes Design und das geschlossene System machen ihn ideal f\u00fcr schnelle Nachbesserungen, Vorbereitungen von Schwei\u00dfbereichen oder Beschichtungsreparaturen in ATEX-regulierten Umgebungen. Was Ihnen dieser Adapter bietet   Fokussiertes Strahlen f\u00fcr flache Bereiche \u2013 ideal f\u00fcr Schwei\u00dfn\u00e4hte und Reparaturen   Staubfrei und komplett geschlossen \u2013 sicher f\u00fcr empfindliche Bereiche   ATEX-zertifiziert \u2013 Einsatz in Zone 1 &amp; 2 ohne Risiko   Schnelle Adaptermontage f\u00fcr minimale Ausfallzeiten   Keine Notwendigkeit zur Sicherung \u2013 vollst\u00e4ndige Systemr\u00fcckgewinnung und saubere Arbeiten  Kombinieren mit:   PiPoint&#x2122; Handwerkzeug   PiSys&#x2122; Geschlossenes Vakuumger\u00e4t\" \/>\n<meta property=\"og:url\" content=\"https:\/\/www.pinovo.eu\/de\/product\/pipoint\/pipoint-adapter-flat\/\" \/>\n<meta property=\"og:site_name\" content=\"Pinovo | DE\" \/>\n<meta property=\"article:modified_time\" content=\"2026-04-15T14:16:58+00:00\" \/>\n<meta property=\"og:image\" content=\"https:\/\/www.pinovo.eu\/de\/wp-content\/uploads\/sites\/13\/2025\/07\/pipoint-adapter-flat-1.png\" \/>\n\t<meta property=\"og:image:width\" content=\"675\" \/>\n\t<meta property=\"og:image:height\" content=\"675\" \/>\n\t<meta property=\"og:image:type\" content=\"image\/png\" \/>\n<meta name=\"twitter:card\" content=\"summary_large_image\" \/>\n<meta name=\"twitter:label1\" content=\"Gesch\u00e4tzte Lesezeit\" \/>\n\t<meta name=\"twitter:data1\" content=\"1\u00a0Minute\" \/>\n<script type=\"application\/ld+json\" class=\"yoast-schema-graph\">{\"@context\":\"https:\\\/\\\/schema.org\",\"@graph\":[{\"@type\":\"WebPage\",\"@id\":\"https:\\\/\\\/www.pinovo.eu\\\/de\\\/product\\\/pipoint\\\/pipoint-adapter-flat\\\/\",\"url\":\"https:\\\/\\\/www.pinovo.eu\\\/de\\\/product\\\/pipoint\\\/pipoint-adapter-flat\\\/\",\"name\":\"PiPoint Adapter Flach - Pinovo | DE\",\"isPartOf\":{\"@id\":\"https:\\\/\\\/www.pinovo.eu\\\/de\\\/#website\"},\"primaryImageOfPage\":{\"@id\":\"https:\\\/\\\/www.pinovo.eu\\\/de\\\/product\\\/pipoint\\\/pipoint-adapter-flat\\\/#primaryimage\"},\"image\":{\"@id\":\"https:\\\/\\\/www.pinovo.eu\\\/de\\\/product\\\/pipoint\\\/pipoint-adapter-flat\\\/#primaryimage\"},\"thumbnailUrl\":\"https:\\\/\\\/www.pinovo.eu\\\/de\\\/wp-content\\\/uploads\\\/sites\\\/13\\\/2025\\\/07\\\/pipoint-adapter-flat-1.png\",\"datePublished\":\"2025-07-03T12:07:48+00:00\",\"dateModified\":\"2026-04-15T14:16:58+00:00\",\"breadcrumb\":{\"@id\":\"https:\\\/\\\/www.pinovo.eu\\\/de\\\/product\\\/pipoint\\\/pipoint-adapter-flat\\\/#breadcrumb\"},\"inLanguage\":\"de\",\"potentialAction\":[{\"@type\":\"ReadAction\",\"target\":[\"https:\\\/\\\/www.pinovo.eu\\\/de\\\/product\\\/pipoint\\\/pipoint-adapter-flat\\\/\"]}]},{\"@type\":\"ImageObject\",\"inLanguage\":\"de\",\"@id\":\"https:\\\/\\\/www.pinovo.eu\\\/de\\\/product\\\/pipoint\\\/pipoint-adapter-flat\\\/#primaryimage\",\"url\":\"https:\\\/\\\/www.pinovo.eu\\\/de\\\/wp-content\\\/uploads\\\/sites\\\/13\\\/2025\\\/07\\\/pipoint-adapter-flat-1.png\",\"contentUrl\":\"https:\\\/\\\/www.pinovo.eu\\\/de\\\/wp-content\\\/uploads\\\/sites\\\/13\\\/2025\\\/07\\\/pipoint-adapter-flat-1.png\",\"width\":675,\"height\":675},{\"@type\":\"BreadcrumbList\",\"@id\":\"https:\\\/\\\/www.pinovo.eu\\\/de\\\/product\\\/pipoint\\\/pipoint-adapter-flat\\\/#breadcrumb\",\"itemListElement\":[{\"@type\":\"ListItem\",\"position\":1,\"name\":\"Home\",\"item\":\"https:\\\/\\\/www.pinovo.eu\\\/de\\\/\"},{\"@type\":\"ListItem\",\"position\":2,\"name\":\"Products\",\"item\":\"https:\\\/\\\/www.pinovo.eu\\\/de\\\/products\\\/\"},{\"@type\":\"ListItem\",\"position\":3,\"name\":\"PiPoint Adapter Flat\"}]},{\"@type\":\"WebSite\",\"@id\":\"https:\\\/\\\/www.pinovo.eu\\\/de\\\/#website\",\"url\":\"https:\\\/\\\/www.pinovo.eu\\\/de\\\/\",\"name\":\"Pinovo | DE\",\"description\":\"Pinovo slogan\",\"potentialAction\":[{\"@type\":\"SearchAction\",\"target\":{\"@type\":\"EntryPoint\",\"urlTemplate\":\"https:\\\/\\\/www.pinovo.eu\\\/de\\\/?s={search_term_string}\"},\"query-input\":{\"@type\":\"PropertyValueSpecification\",\"valueRequired\":true,\"valueName\":\"search_term_string\"}}],\"inLanguage\":\"de\"}]}<\/script>\n<!-- \/ Yoast SEO plugin. -->","yoast_head_json":{"title":"PiPoint Adapter Flach - Pinovo | DE","robots":{"index":"noindex","follow":"follow","max-snippet":"max-snippet:-1","max-image-preview":"max-image-preview:large","max-video-preview":"max-video-preview:-1"},"og_locale":"de_DE","og_type":"article","og_title":"PiPoint Adapter Flach - Pinovo | DE","og_description":"Sandstrahlen f\u00fcr flache Oberfl\u00e4chen \u2013 kompakt, pr\u00e4zise und staubfrei Der PiPoint&#x2122; Adapter Flach ist f\u00fcr pr\u00e4zises abrasive Sandstrahlen auf kleinen flachen Stahloberfl\u00e4chen mit dem PiPoint&#x2122; Handwerkzeug konzipiert. Sein kompaktes Design und das geschlossene System machen ihn ideal f\u00fcr schnelle Nachbesserungen, Vorbereitungen von Schwei\u00dfbereichen oder Beschichtungsreparaturen in ATEX-regulierten Umgebungen. Was Ihnen dieser Adapter bietet   Fokussiertes Strahlen f\u00fcr flache Bereiche \u2013 ideal f\u00fcr Schwei\u00dfn\u00e4hte und Reparaturen   Staubfrei und komplett geschlossen \u2013 sicher f\u00fcr empfindliche Bereiche   ATEX-zertifiziert \u2013 Einsatz in Zone 1 &amp; 2 ohne Risiko   Schnelle Adaptermontage f\u00fcr minimale Ausfallzeiten   Keine Notwendigkeit zur Sicherung \u2013 vollst\u00e4ndige Systemr\u00fcckgewinnung und saubere Arbeiten  Kombinieren mit:   PiPoint&#x2122; Handwerkzeug   PiSys&#x2122; Geschlossenes Vakuumger\u00e4t","og_url":"https:\/\/www.pinovo.eu\/de\/product\/pipoint\/pipoint-adapter-flat\/","og_site_name":"Pinovo | DE","article_modified_time":"2026-04-15T14:16:58+00:00","og_image":[{"width":675,"height":675,"url":"https:\/\/www.pinovo.eu\/de\/wp-content\/uploads\/sites\/13\/2025\/07\/pipoint-adapter-flat-1.png","type":"image\/png"}],"twitter_card":"summary_large_image","twitter_misc":{"Gesch\u00e4tzte Lesezeit":"1\u00a0Minute"},"schema":{"@context":"https:\/\/schema.org","@graph":[{"@type":"WebPage","@id":"https:\/\/www.pinovo.eu\/de\/product\/pipoint\/pipoint-adapter-flat\/","url":"https:\/\/www.pinovo.eu\/de\/product\/pipoint\/pipoint-adapter-flat\/","name":"PiPoint Adapter Flach - Pinovo | DE","isPartOf":{"@id":"https:\/\/www.pinovo.eu\/de\/#website"},"primaryImageOfPage":{"@id":"https:\/\/www.pinovo.eu\/de\/product\/pipoint\/pipoint-adapter-flat\/#primaryimage"},"image":{"@id":"https:\/\/www.pinovo.eu\/de\/product\/pipoint\/pipoint-adapter-flat\/#primaryimage"},"thumbnailUrl":"https:\/\/www.pinovo.eu\/de\/wp-content\/uploads\/sites\/13\/2025\/07\/pipoint-adapter-flat-1.png","datePublished":"2025-07-03T12:07:48+00:00","dateModified":"2026-04-15T14:16:58+00:00","breadcrumb":{"@id":"https:\/\/www.pinovo.eu\/de\/product\/pipoint\/pipoint-adapter-flat\/#breadcrumb"},"inLanguage":"de","potentialAction":[{"@type":"ReadAction","target":["https:\/\/www.pinovo.eu\/de\/product\/pipoint\/pipoint-adapter-flat\/"]}]},{"@type":"ImageObject","inLanguage":"de","@id":"https:\/\/www.pinovo.eu\/de\/product\/pipoint\/pipoint-adapter-flat\/#primaryimage","url":"https:\/\/www.pinovo.eu\/de\/wp-content\/uploads\/sites\/13\/2025\/07\/pipoint-adapter-flat-1.png","contentUrl":"https:\/\/www.pinovo.eu\/de\/wp-content\/uploads\/sites\/13\/2025\/07\/pipoint-adapter-flat-1.png","width":675,"height":675},{"@type":"BreadcrumbList","@id":"https:\/\/www.pinovo.eu\/de\/product\/pipoint\/pipoint-adapter-flat\/#breadcrumb","itemListElement":[{"@type":"ListItem","position":1,"name":"Home","item":"https:\/\/www.pinovo.eu\/de\/"},{"@type":"ListItem","position":2,"name":"Products","item":"https:\/\/www.pinovo.eu\/de\/products\/"},{"@type":"ListItem","position":3,"name":"PiPoint Adapter Flat"}]},{"@type":"WebSite","@id":"https:\/\/www.pinovo.eu\/de\/#website","url":"https:\/\/www.pinovo.eu\/de\/","name":"Pinovo | DE","description":"Pinovo slogan","potentialAction":[{"@type":"SearchAction","target":{"@type":"EntryPoint","urlTemplate":"https:\/\/www.pinovo.eu\/de\/?s={search_term_string}"},"query-input":{"@type":"PropertyValueSpecification","valueRequired":true,"valueName":"search_term_string"}}],"inLanguage":"de"}]}},"_links":{"self":[{"href":"https:\/\/www.pinovo.eu\/de\/wp-json\/wp\/v2\/product\/2559","targetHints":{"allow":["GET"]}}],"collection":[{"href":"https:\/\/www.pinovo.eu\/de\/wp-json\/wp\/v2\/product"}],"about":[{"href":"https:\/\/www.pinovo.eu\/de\/wp-json\/wp\/v2\/types\/product"}],"wp:featuredmedia":[{"embeddable":true,"href":"https:\/\/www.pinovo.eu\/de\/wp-json\/wp\/v2\/media\/2572"}],"wp:attachment":[{"href":"https:\/\/www.pinovo.eu\/de\/wp-json\/wp\/v2\/media?parent=2559"}],"wp:term":[{"taxonomy":"product_brand","embeddable":true,"href":"https:\/\/www.pinovo.eu\/de\/wp-json\/wp\/v2\/product_brand?post=2559"},{"taxonomy":"product_cat","embeddable":true,"href":"https:\/\/www.pinovo.eu\/de\/wp-json\/wp\/v2\/product_cat?post=2559"},{"taxonomy":"product_tag","embeddable":true,"href":"https:\/\/www.pinovo.eu\/de\/wp-json\/wp\/v2\/product_tag?post=2559"}],"curies":[{"name":"wp","href":"https:\/\/api.w.org\/{rel}","templated":true}]}}