{"id":2565,"date":"2025-07-03T13:25:42","date_gmt":"2025-07-03T12:25:42","guid":{"rendered":"https:\/\/www.pinovo.eu\/?post_type=product&#038;p=2565"},"modified":"2026-04-15T15:16:08","modified_gmt":"2026-04-15T14:16:08","slug":"adapter-ecke-t-bogen","status":"publish","type":"product","link":"https:\/\/www.pinovo.eu\/de\/product\/pipoint\/adapter-ecke-t-bogen\/","title":{"rendered":"Adapter-Ecke &#038; T-Bogen"},"content":{"rendered":"<h3 data-start=\"164\" data-end=\"242\">Gezielte Strahlung f\u00fcr Ecken und \u00dcberg\u00e4nge \u2013 schnell, sauber und compliant<\/h3>\n<p data-start=\"244\" data-end=\"551\">Der <strong data-start=\"248\" data-end=\"284\">PiPoint&#x2122; Adapter f\u00fcr Ecken und T-Biegungen<\/strong> ist f\u00fcr eine sichere, staubfreie abrasive Strahlung von <strong data-start=\"338\" data-end=\"376\">scharfen Ecken, B\u00f6gen und T-Verbindungen<\/strong> konzipiert. Er passt auf das PiPoint&#x2122; Handwerkzeug und sorgt f\u00fcr zuverl\u00e4ssige Abdichtung und Kontrolle in komplexen strukturellen Geometrien, wo traditionelle Strahlung Kontamination oder \u00dcberspray verursacht.<\/p>\n<h3 data-start=\"553\" data-end=\"592\">Was diesen Adapter unverzichtbar macht<\/h3>\n<ul data-start=\"593\" data-end=\"926\">\n<li data-start=\"593\" data-end=\"659\">\n<p data-start=\"595\" data-end=\"659\"><strong data-start=\"598\" data-end=\"657\">Ideal f\u00fcr strukturelle T-Verbindungen, Winkel und Eckschwei\u00dfn\u00e4hte<\/strong><\/p>\n<\/li>\n<li data-start=\"660\" data-end=\"727\">\n<p data-start=\"662\" data-end=\"727\"><strong data-start=\"665\" data-end=\"683\">Vollst\u00e4ndig geschlossen<\/strong> \u2013 eliminiert luftgetragenen Staub und Medienverlust<\/p>\n<\/li>\n<li data-start=\"728\" data-end=\"795\">\n<p data-start=\"730\" data-end=\"795\"><strong data-start=\"733\" data-end=\"756\">Schnellwechsel-Design<\/strong> \u2013 einfacher Austausch w\u00e4hrend Wartungsarbeiten<\/p>\n<\/li>\n<li data-start=\"796\" data-end=\"865\">\n<p data-start=\"798\" data-end=\"865\"><strong data-start=\"801\" data-end=\"830\">ATEX Zone 1 &amp; 2 zertifiziert<\/strong> \u2013 sicher in explosiven Umgebungen<\/p>\n<\/li>\n<li data-start=\"866\" data-end=\"926\">\n<p data-start=\"868\" data-end=\"926\"><strong data-start=\"871\" data-end=\"902\">Unterst\u00fctzt vollst\u00e4ndige K\u00f6rner\u00fcckgewinnung<\/strong> \u2013 null Abfallstrahlung<\/p>\n<\/li>\n<\/ul>\n<h3 data-start=\"1524\" data-end=\"1544\">Kombinieren mit:<\/h3>\n<ul data-start=\"1545\" data-end=\"1607\">\n<li data-start=\"1545\" data-end=\"1576\">\n<p data-start=\"1547\" data-end=\"1576\"><a class=\"\" href=\"#\" rel=\"noopener\" data-start=\"1547\" data-end=\"1574\">PiPoint&#x2122; Strahlwerkzeug<\/a><\/p>\n<\/li>\n<li data-start=\"1577\" data-end=\"1607\">\n<p data-start=\"1579\" data-end=\"1607\"><a class=\"\" href=\"#\" rel=\"noopener\" data-start=\"1579\" data-end=\"1607\">PiSys&#x2122; Closed Loop Einheit<\/a><\/p>\n<\/li>\n<\/ul>\n","protected":false},"excerpt":{"rendered":"<p>Gezielte Strahlung f\u00fcr Ecken und \u00dcberg\u00e4nge \u2013 schnell, sauber und compliant Der PiPoint&#x2122; Adapter f\u00fcr Ecken und T-Biegungen ist f\u00fcr [&hellip;]<\/p>\n","protected":false},"featured_media":2574,"template":"","meta":{"_acf_changed":false,"content-type":"","editor_notices":[]},"product_brand":[],"product_cat":[98],"product_tag":[],"class_list":{"0":"post-2565","1":"product","2":"type-product","3":"status-publish","4":"has-post-thumbnail","6":"product_cat-pipoint","8":"first","9":"instock","10":"taxable","11":"shipping-taxable","12":"product-type-simple"},"acf":[],"yoast_head":"<!-- This site is optimized with the Yoast SEO plugin v27.3 - https:\/\/yoast.com\/product\/yoast-seo-wordpress\/ -->\n<title>Adapter-Ecke &amp; T-Bogen - Pinovo | DE<\/title>\n<meta name=\"robots\" content=\"noindex, follow, max-snippet:-1, max-image-preview:large, max-video-preview:-1\" \/>\n<meta property=\"og:locale\" content=\"de_DE\" \/>\n<meta property=\"og:type\" content=\"article\" \/>\n<meta property=\"og:title\" content=\"Adapter-Ecke &amp; T-Bogen - Pinovo | DE\" \/>\n<meta property=\"og:description\" content=\"Gezielte Strahlung f\u00fcr Ecken und \u00dcberg\u00e4nge \u2013 schnell, sauber und compliant Der PiPoint&#x2122; Adapter f\u00fcr Ecken und T-Biegungen ist f\u00fcr [&hellip;]\" \/>\n<meta property=\"og:url\" content=\"https:\/\/www.pinovo.eu\/de\/product\/pipoint\/adapter-corner-t-bend\/\" \/>\n<meta property=\"og:site_name\" content=\"Pinovo | DE\" \/>\n<meta property=\"article:modified_time\" content=\"2026-04-15T14:16:08+00:00\" \/>\n<meta property=\"og:image\" content=\"https:\/\/www.pinovo.eu\/de\/wp-content\/uploads\/sites\/13\/2025\/07\/Adapter-Corner-T-Bend-1.png\" \/>\n\t<meta property=\"og:image:width\" content=\"1080\" \/>\n\t<meta property=\"og:image:height\" content=\"1080\" \/>\n\t<meta property=\"og:image:type\" content=\"image\/png\" \/>\n<meta name=\"twitter:card\" content=\"summary_large_image\" \/>\n<meta name=\"twitter:label1\" content=\"Gesch\u00e4tzte Lesezeit\" \/>\n\t<meta name=\"twitter:data1\" content=\"1\u00a0Minute\" \/>\n<script type=\"application\/ld+json\" class=\"yoast-schema-graph\">{\"@context\":\"https:\\\/\\\/schema.org\",\"@graph\":[{\"@type\":\"WebPage\",\"@id\":\"https:\\\/\\\/www.pinovo.eu\\\/de\\\/product\\\/pipoint\\\/adapter-corner-t-bend\\\/\",\"url\":\"https:\\\/\\\/www.pinovo.eu\\\/de\\\/product\\\/pipoint\\\/adapter-corner-t-bend\\\/\",\"name\":\"Adapter-Ecke & T-Bogen - Pinovo | DE\",\"isPartOf\":{\"@id\":\"https:\\\/\\\/www.pinovo.eu\\\/de\\\/#website\"},\"primaryImageOfPage\":{\"@id\":\"https:\\\/\\\/www.pinovo.eu\\\/de\\\/product\\\/pipoint\\\/adapter-corner-t-bend\\\/#primaryimage\"},\"image\":{\"@id\":\"https:\\\/\\\/www.pinovo.eu\\\/de\\\/product\\\/pipoint\\\/adapter-corner-t-bend\\\/#primaryimage\"},\"thumbnailUrl\":\"https:\\\/\\\/www.pinovo.eu\\\/de\\\/wp-content\\\/uploads\\\/sites\\\/13\\\/2025\\\/07\\\/Adapter-Corner-T-Bend-1.png\",\"datePublished\":\"2025-07-03T12:25:42+00:00\",\"dateModified\":\"2026-04-15T14:16:08+00:00\",\"breadcrumb\":{\"@id\":\"https:\\\/\\\/www.pinovo.eu\\\/de\\\/product\\\/pipoint\\\/adapter-corner-t-bend\\\/#breadcrumb\"},\"inLanguage\":\"de\",\"potentialAction\":[{\"@type\":\"ReadAction\",\"target\":[\"https:\\\/\\\/www.pinovo.eu\\\/de\\\/product\\\/pipoint\\\/adapter-corner-t-bend\\\/\"]}]},{\"@type\":\"ImageObject\",\"inLanguage\":\"de\",\"@id\":\"https:\\\/\\\/www.pinovo.eu\\\/de\\\/product\\\/pipoint\\\/adapter-corner-t-bend\\\/#primaryimage\",\"url\":\"https:\\\/\\\/www.pinovo.eu\\\/de\\\/wp-content\\\/uploads\\\/sites\\\/13\\\/2025\\\/07\\\/Adapter-Corner-T-Bend-1.png\",\"contentUrl\":\"https:\\\/\\\/www.pinovo.eu\\\/de\\\/wp-content\\\/uploads\\\/sites\\\/13\\\/2025\\\/07\\\/Adapter-Corner-T-Bend-1.png\",\"width\":1080,\"height\":1080},{\"@type\":\"BreadcrumbList\",\"@id\":\"https:\\\/\\\/www.pinovo.eu\\\/de\\\/product\\\/pipoint\\\/adapter-corner-t-bend\\\/#breadcrumb\",\"itemListElement\":[{\"@type\":\"ListItem\",\"position\":1,\"name\":\"Home\",\"item\":\"https:\\\/\\\/www.pinovo.eu\\\/de\\\/\"},{\"@type\":\"ListItem\",\"position\":2,\"name\":\"Products\",\"item\":\"https:\\\/\\\/www.pinovo.eu\\\/de\\\/products\\\/\"},{\"@type\":\"ListItem\",\"position\":3,\"name\":\"Adapter Corner &amp; T-Bend\"}]},{\"@type\":\"WebSite\",\"@id\":\"https:\\\/\\\/www.pinovo.eu\\\/de\\\/#website\",\"url\":\"https:\\\/\\\/www.pinovo.eu\\\/de\\\/\",\"name\":\"Pinovo | DE\",\"description\":\"Pinovo slogan\",\"potentialAction\":[{\"@type\":\"SearchAction\",\"target\":{\"@type\":\"EntryPoint\",\"urlTemplate\":\"https:\\\/\\\/www.pinovo.eu\\\/de\\\/?s={search_term_string}\"},\"query-input\":{\"@type\":\"PropertyValueSpecification\",\"valueRequired\":true,\"valueName\":\"search_term_string\"}}],\"inLanguage\":\"de\"}]}<\/script>\n<!-- \/ Yoast SEO plugin. -->","yoast_head_json":{"title":"Adapter-Ecke & T-Bogen - Pinovo | DE","robots":{"index":"noindex","follow":"follow","max-snippet":"max-snippet:-1","max-image-preview":"max-image-preview:large","max-video-preview":"max-video-preview:-1"},"og_locale":"de_DE","og_type":"article","og_title":"Adapter-Ecke & T-Bogen - Pinovo | DE","og_description":"Gezielte Strahlung f\u00fcr Ecken und \u00dcberg\u00e4nge \u2013 schnell, sauber und compliant Der PiPoint&#x2122; Adapter f\u00fcr Ecken und T-Biegungen ist f\u00fcr [&hellip;]","og_url":"https:\/\/www.pinovo.eu\/de\/product\/pipoint\/adapter-corner-t-bend\/","og_site_name":"Pinovo | DE","article_modified_time":"2026-04-15T14:16:08+00:00","og_image":[{"width":1080,"height":1080,"url":"https:\/\/www.pinovo.eu\/de\/wp-content\/uploads\/sites\/13\/2025\/07\/Adapter-Corner-T-Bend-1.png","type":"image\/png"}],"twitter_card":"summary_large_image","twitter_misc":{"Gesch\u00e4tzte Lesezeit":"1\u00a0Minute"},"schema":{"@context":"https:\/\/schema.org","@graph":[{"@type":"WebPage","@id":"https:\/\/www.pinovo.eu\/de\/product\/pipoint\/adapter-corner-t-bend\/","url":"https:\/\/www.pinovo.eu\/de\/product\/pipoint\/adapter-corner-t-bend\/","name":"Adapter-Ecke & T-Bogen - Pinovo | DE","isPartOf":{"@id":"https:\/\/www.pinovo.eu\/de\/#website"},"primaryImageOfPage":{"@id":"https:\/\/www.pinovo.eu\/de\/product\/pipoint\/adapter-corner-t-bend\/#primaryimage"},"image":{"@id":"https:\/\/www.pinovo.eu\/de\/product\/pipoint\/adapter-corner-t-bend\/#primaryimage"},"thumbnailUrl":"https:\/\/www.pinovo.eu\/de\/wp-content\/uploads\/sites\/13\/2025\/07\/Adapter-Corner-T-Bend-1.png","datePublished":"2025-07-03T12:25:42+00:00","dateModified":"2026-04-15T14:16:08+00:00","breadcrumb":{"@id":"https:\/\/www.pinovo.eu\/de\/product\/pipoint\/adapter-corner-t-bend\/#breadcrumb"},"inLanguage":"de","potentialAction":[{"@type":"ReadAction","target":["https:\/\/www.pinovo.eu\/de\/product\/pipoint\/adapter-corner-t-bend\/"]}]},{"@type":"ImageObject","inLanguage":"de","@id":"https:\/\/www.pinovo.eu\/de\/product\/pipoint\/adapter-corner-t-bend\/#primaryimage","url":"https:\/\/www.pinovo.eu\/de\/wp-content\/uploads\/sites\/13\/2025\/07\/Adapter-Corner-T-Bend-1.png","contentUrl":"https:\/\/www.pinovo.eu\/de\/wp-content\/uploads\/sites\/13\/2025\/07\/Adapter-Corner-T-Bend-1.png","width":1080,"height":1080},{"@type":"BreadcrumbList","@id":"https:\/\/www.pinovo.eu\/de\/product\/pipoint\/adapter-corner-t-bend\/#breadcrumb","itemListElement":[{"@type":"ListItem","position":1,"name":"Home","item":"https:\/\/www.pinovo.eu\/de\/"},{"@type":"ListItem","position":2,"name":"Products","item":"https:\/\/www.pinovo.eu\/de\/products\/"},{"@type":"ListItem","position":3,"name":"Adapter Corner &amp; T-Bend"}]},{"@type":"WebSite","@id":"https:\/\/www.pinovo.eu\/de\/#website","url":"https:\/\/www.pinovo.eu\/de\/","name":"Pinovo | DE","description":"Pinovo slogan","potentialAction":[{"@type":"SearchAction","target":{"@type":"EntryPoint","urlTemplate":"https:\/\/www.pinovo.eu\/de\/?s={search_term_string}"},"query-input":{"@type":"PropertyValueSpecification","valueRequired":true,"valueName":"search_term_string"}}],"inLanguage":"de"}]}},"_links":{"self":[{"href":"https:\/\/www.pinovo.eu\/de\/wp-json\/wp\/v2\/product\/2565","targetHints":{"allow":["GET"]}}],"collection":[{"href":"https:\/\/www.pinovo.eu\/de\/wp-json\/wp\/v2\/product"}],"about":[{"href":"https:\/\/www.pinovo.eu\/de\/wp-json\/wp\/v2\/types\/product"}],"wp:featuredmedia":[{"embeddable":true,"href":"https:\/\/www.pinovo.eu\/de\/wp-json\/wp\/v2\/media\/2574"}],"wp:attachment":[{"href":"https:\/\/www.pinovo.eu\/de\/wp-json\/wp\/v2\/media?parent=2565"}],"wp:term":[{"taxonomy":"product_brand","embeddable":true,"href":"https:\/\/www.pinovo.eu\/de\/wp-json\/wp\/v2\/product_brand?post=2565"},{"taxonomy":"product_cat","embeddable":true,"href":"https:\/\/www.pinovo.eu\/de\/wp-json\/wp\/v2\/product_cat?post=2565"},{"taxonomy":"product_tag","embeddable":true,"href":"https:\/\/www.pinovo.eu\/de\/wp-json\/wp\/v2\/product_tag?post=2565"}],"curies":[{"name":"wp","href":"https:\/\/api.w.org\/{rel}","templated":true}]}}