{"id":2567,"date":"2025-07-03T14:07:39","date_gmt":"2025-07-03T13:07:39","guid":{"rendered":"https:\/\/www.pinovo.eu\/?post_type=product&#038;p=2567"},"modified":"2026-04-15T15:15:53","modified_gmt":"2026-04-15T14:15:53","slug":"adapter-ecke-t-bogen-lange-bursten","status":"publish","type":"product","link":"https:\/\/www.pinovo.eu\/de\/product\/pipoint\/adapter-ecke-t-bogen-lange-bursten\/","title":{"rendered":"Adapter-Ecke &amp; T-Bogen \u2013 Lange B\u00fcrsten"},"content":{"rendered":"<h3 data-start=\"576\" data-end=\"616\">Warum die Langb\u00fcrstenversion w\u00e4hlen?<\/h3>\n<ul data-start=\"617\" data-end=\"910\">\n<li data-start=\"617\" data-end=\"675\">\n<p data-start=\"619\" data-end=\"675\"><strong data-start=\"622\" data-end=\"673\">Entwickelt f\u00fcr geschwei\u00dfte B\u00f6gen und Eckenstrukturen<\/strong><\/p>\n<\/li>\n<li data-start=\"676\" data-end=\"735\">\n<p data-start=\"678\" data-end=\"735\"><strong>Verbesserte Staubabdichtung<\/strong> mit verl\u00e4ngerter B\u00fcrstenl\u00e4nge<\/p>\n<\/li>\n<li data-start=\"736\" data-end=\"798\">\n<p data-start=\"738\" data-end=\"798\"><strong data-start=\"741\" data-end=\"770\">ATEX Zone 1 &amp; 2 konform<\/strong> \u2013 sicher in explosiven Zonen<\/p>\n<\/li>\n<li data-start=\"799\" data-end=\"854\">\n<p data-start=\"801\" data-end=\"854\"><strong data-start=\"804\" data-end=\"829\">Einfacher Anbau<\/strong> f\u00fcr schnelle Adapterwechsel<\/p>\n<\/li>\n<li data-start=\"855\" data-end=\"910\">\n<p data-start=\"857\" data-end=\"910\"><strong data-start=\"860\" data-end=\"910\">Erh\u00f6ht die Festigkeit des Materials und die Umweltvertr\u00e4glichkeit<\/strong><\/p>\n<\/li>\n<\/ul>\n<h3 data-start=\"1426\" data-end=\"1446\">Kombinieren mit:<\/h3>\n<ul data-start=\"1447\" data-end=\"1514\">\n<li data-start=\"1447\" data-end=\"1483\">\n<p data-start=\"1449\" data-end=\"1483\"><a class=\"\" href=\"#\" rel=\"noopener\" data-start=\"1449\" data-end=\"1481\">PiPoint&#x2122; Spot-Blaswerkzeug<\/a><\/p>\n<\/li>\n<li data-start=\"1484\" data-end=\"1514\">\n<p data-start=\"1486\" data-end=\"1514\"><a class=\"\" href=\"#\" rel=\"noopener\" data-start=\"1486\" data-end=\"1514\">PiSys&#x2122; Geschlossene Schleife Einheit<\/a><\/p>\n<\/li>\n<\/ul>\n","protected":false},"excerpt":{"rendered":"<h3 data-start=\"156\" data-end=\"245\">Erweiterte B\u00fcrstenabdeckung f\u00fcr Ecken und \u00dcberg\u00e4nge \u2013 sichereres Strahlen, sauberere Ergebnisse<\/h3>\n<p data-start=\"247\" data-end=\"574\">Der <strong data-start=\"251\" data-end=\"302\">PiPoint&#x2122; Adapter Ecke &amp; T-Biegung \u2013 Lange B\u00fcrsten<\/strong> ist eine spezielle Version des Standardadapters, die mit <strong data-start=\"365\" data-end=\"383\">l\u00e4ngeren B\u00fcrsten<\/strong> ausgestattet ist, um eine bessere Abdichtung und Kontrolle beim Strahlen komplexer Geometrien wie Ecken, B\u00f6gen und T-Verbindungen zu gew\u00e4hrleisten. Er ist ideal f\u00fcr Projekte, bei denen maximale Eind\u00e4mmung und minimaler Gritschverlust von entscheidender Bedeutung sind.<\/p>\n","protected":false},"featured_media":2570,"template":"","meta":{"_acf_changed":false,"content-type":"","editor_notices":[]},"product_brand":[],"product_cat":[98],"product_tag":[],"class_list":{"0":"post-2567","1":"product","2":"type-product","3":"status-publish","4":"has-post-thumbnail","6":"product_cat-pipoint","8":"first","9":"instock","10":"taxable","11":"shipping-taxable","12":"product-type-simple"},"acf":[],"yoast_head":"<!-- This site is optimized with the Yoast SEO plugin v27.3 - https:\/\/yoast.com\/product\/yoast-seo-wordpress\/ -->\n<title>Adapter-Ecke &amp; T-Bogen \u2013 Lange B\u00fcrsten - Pinovo | DE<\/title>\n<meta name=\"robots\" content=\"noindex, follow, max-snippet:-1, max-image-preview:large, max-video-preview:-1\" \/>\n<meta property=\"og:locale\" content=\"de_DE\" \/>\n<meta property=\"og:type\" content=\"article\" \/>\n<meta property=\"og:title\" content=\"Adapter-Ecke &amp; T-Bogen \u2013 Lange B\u00fcrsten - Pinovo | DE\" \/>\n<meta property=\"og:description\" content=\"Erweiterte B\u00fcrstenabdeckung f\u00fcr Ecken und \u00dcberg\u00e4nge \u2013 sichereres Strahlen, sauberere Ergebnisse Der PiPoint&#x2122; Adapter Ecke &amp; T-Biegung \u2013 Lange B\u00fcrsten ist eine spezielle Version des Standardadapters, die mit l\u00e4ngeren B\u00fcrsten ausgestattet ist, um eine bessere Abdichtung und Kontrolle beim Strahlen komplexer Geometrien wie Ecken, B\u00f6gen und T-Verbindungen zu gew\u00e4hrleisten. Er ist ideal f\u00fcr Projekte, bei denen maximale Eind\u00e4mmung und minimaler Gritschverlust von entscheidender Bedeutung sind.\" \/>\n<meta property=\"og:url\" content=\"https:\/\/www.pinovo.eu\/de\/product\/pipoint\/adapter-corner-t-bend-long-brushes\/\" \/>\n<meta property=\"og:site_name\" content=\"Pinovo | DE\" \/>\n<meta property=\"article:modified_time\" content=\"2026-04-15T14:15:53+00:00\" \/>\n<meta property=\"og:image\" content=\"https:\/\/www.pinovo.eu\/de\/wp-content\/uploads\/sites\/13\/2025\/07\/Adapter-Corner-T-Bend-\u2013-Long-Brushes-1.png\" \/>\n\t<meta property=\"og:image:width\" content=\"675\" \/>\n\t<meta property=\"og:image:height\" content=\"675\" \/>\n\t<meta property=\"og:image:type\" content=\"image\/png\" \/>\n<meta name=\"twitter:card\" content=\"summary_large_image\" \/>\n<meta name=\"twitter:label1\" content=\"Gesch\u00e4tzte Lesezeit\" \/>\n\t<meta name=\"twitter:data1\" content=\"1\u00a0Minute\" \/>\n<script type=\"application\/ld+json\" class=\"yoast-schema-graph\">{\"@context\":\"https:\\\/\\\/schema.org\",\"@graph\":[{\"@type\":\"WebPage\",\"@id\":\"https:\\\/\\\/www.pinovo.eu\\\/de\\\/product\\\/pipoint\\\/adapter-corner-t-bend-long-brushes\\\/\",\"url\":\"https:\\\/\\\/www.pinovo.eu\\\/de\\\/product\\\/pipoint\\\/adapter-corner-t-bend-long-brushes\\\/\",\"name\":\"Adapter-Ecke &amp; T-Bogen \u2013 Lange B\u00fcrsten - Pinovo | DE\",\"isPartOf\":{\"@id\":\"https:\\\/\\\/www.pinovo.eu\\\/de\\\/#website\"},\"primaryImageOfPage\":{\"@id\":\"https:\\\/\\\/www.pinovo.eu\\\/de\\\/product\\\/pipoint\\\/adapter-corner-t-bend-long-brushes\\\/#primaryimage\"},\"image\":{\"@id\":\"https:\\\/\\\/www.pinovo.eu\\\/de\\\/product\\\/pipoint\\\/adapter-corner-t-bend-long-brushes\\\/#primaryimage\"},\"thumbnailUrl\":\"https:\\\/\\\/www.pinovo.eu\\\/de\\\/wp-content\\\/uploads\\\/sites\\\/13\\\/2025\\\/07\\\/Adapter-Corner-T-Bend-\u2013-Long-Brushes-1.png\",\"datePublished\":\"2025-07-03T13:07:39+00:00\",\"dateModified\":\"2026-04-15T14:15:53+00:00\",\"breadcrumb\":{\"@id\":\"https:\\\/\\\/www.pinovo.eu\\\/de\\\/product\\\/pipoint\\\/adapter-corner-t-bend-long-brushes\\\/#breadcrumb\"},\"inLanguage\":\"de\",\"potentialAction\":[{\"@type\":\"ReadAction\",\"target\":[\"https:\\\/\\\/www.pinovo.eu\\\/de\\\/product\\\/pipoint\\\/adapter-corner-t-bend-long-brushes\\\/\"]}]},{\"@type\":\"ImageObject\",\"inLanguage\":\"de\",\"@id\":\"https:\\\/\\\/www.pinovo.eu\\\/de\\\/product\\\/pipoint\\\/adapter-corner-t-bend-long-brushes\\\/#primaryimage\",\"url\":\"https:\\\/\\\/www.pinovo.eu\\\/de\\\/wp-content\\\/uploads\\\/sites\\\/13\\\/2025\\\/07\\\/Adapter-Corner-T-Bend-\u2013-Long-Brushes-1.png\",\"contentUrl\":\"https:\\\/\\\/www.pinovo.eu\\\/de\\\/wp-content\\\/uploads\\\/sites\\\/13\\\/2025\\\/07\\\/Adapter-Corner-T-Bend-\u2013-Long-Brushes-1.png\",\"width\":675,\"height\":675},{\"@type\":\"BreadcrumbList\",\"@id\":\"https:\\\/\\\/www.pinovo.eu\\\/de\\\/product\\\/pipoint\\\/adapter-corner-t-bend-long-brushes\\\/#breadcrumb\",\"itemListElement\":[{\"@type\":\"ListItem\",\"position\":1,\"name\":\"Home\",\"item\":\"https:\\\/\\\/www.pinovo.eu\\\/de\\\/\"},{\"@type\":\"ListItem\",\"position\":2,\"name\":\"Products\",\"item\":\"https:\\\/\\\/www.pinovo.eu\\\/de\\\/products\\\/\"},{\"@type\":\"ListItem\",\"position\":3,\"name\":\"Adapter Corner &amp; T-Bend \u2013 Long Brushes\"}]},{\"@type\":\"WebSite\",\"@id\":\"https:\\\/\\\/www.pinovo.eu\\\/de\\\/#website\",\"url\":\"https:\\\/\\\/www.pinovo.eu\\\/de\\\/\",\"name\":\"Pinovo | DE\",\"description\":\"Pinovo slogan\",\"potentialAction\":[{\"@type\":\"SearchAction\",\"target\":{\"@type\":\"EntryPoint\",\"urlTemplate\":\"https:\\\/\\\/www.pinovo.eu\\\/de\\\/?s={search_term_string}\"},\"query-input\":{\"@type\":\"PropertyValueSpecification\",\"valueRequired\":true,\"valueName\":\"search_term_string\"}}],\"inLanguage\":\"de\"}]}<\/script>\n<!-- \/ Yoast SEO plugin. -->","yoast_head_json":{"title":"Adapter-Ecke &amp; T-Bogen \u2013 Lange B\u00fcrsten - Pinovo | DE","robots":{"index":"noindex","follow":"follow","max-snippet":"max-snippet:-1","max-image-preview":"max-image-preview:large","max-video-preview":"max-video-preview:-1"},"og_locale":"de_DE","og_type":"article","og_title":"Adapter-Ecke &amp; T-Bogen \u2013 Lange B\u00fcrsten - Pinovo | DE","og_description":"Erweiterte B\u00fcrstenabdeckung f\u00fcr Ecken und \u00dcberg\u00e4nge \u2013 sichereres Strahlen, sauberere Ergebnisse Der PiPoint&#x2122; Adapter Ecke &amp; T-Biegung \u2013 Lange B\u00fcrsten ist eine spezielle Version des Standardadapters, die mit l\u00e4ngeren B\u00fcrsten ausgestattet ist, um eine bessere Abdichtung und Kontrolle beim Strahlen komplexer Geometrien wie Ecken, B\u00f6gen und T-Verbindungen zu gew\u00e4hrleisten. Er ist ideal f\u00fcr Projekte, bei denen maximale Eind\u00e4mmung und minimaler Gritschverlust von entscheidender Bedeutung sind.","og_url":"https:\/\/www.pinovo.eu\/de\/product\/pipoint\/adapter-corner-t-bend-long-brushes\/","og_site_name":"Pinovo | DE","article_modified_time":"2026-04-15T14:15:53+00:00","og_image":[{"width":675,"height":675,"url":"https:\/\/www.pinovo.eu\/de\/wp-content\/uploads\/sites\/13\/2025\/07\/Adapter-Corner-T-Bend-\u2013-Long-Brushes-1.png","type":"image\/png"}],"twitter_card":"summary_large_image","twitter_misc":{"Gesch\u00e4tzte Lesezeit":"1\u00a0Minute"},"schema":{"@context":"https:\/\/schema.org","@graph":[{"@type":"WebPage","@id":"https:\/\/www.pinovo.eu\/de\/product\/pipoint\/adapter-corner-t-bend-long-brushes\/","url":"https:\/\/www.pinovo.eu\/de\/product\/pipoint\/adapter-corner-t-bend-long-brushes\/","name":"Adapter-Ecke &amp; T-Bogen \u2013 Lange B\u00fcrsten - Pinovo | DE","isPartOf":{"@id":"https:\/\/www.pinovo.eu\/de\/#website"},"primaryImageOfPage":{"@id":"https:\/\/www.pinovo.eu\/de\/product\/pipoint\/adapter-corner-t-bend-long-brushes\/#primaryimage"},"image":{"@id":"https:\/\/www.pinovo.eu\/de\/product\/pipoint\/adapter-corner-t-bend-long-brushes\/#primaryimage"},"thumbnailUrl":"https:\/\/www.pinovo.eu\/de\/wp-content\/uploads\/sites\/13\/2025\/07\/Adapter-Corner-T-Bend-\u2013-Long-Brushes-1.png","datePublished":"2025-07-03T13:07:39+00:00","dateModified":"2026-04-15T14:15:53+00:00","breadcrumb":{"@id":"https:\/\/www.pinovo.eu\/de\/product\/pipoint\/adapter-corner-t-bend-long-brushes\/#breadcrumb"},"inLanguage":"de","potentialAction":[{"@type":"ReadAction","target":["https:\/\/www.pinovo.eu\/de\/product\/pipoint\/adapter-corner-t-bend-long-brushes\/"]}]},{"@type":"ImageObject","inLanguage":"de","@id":"https:\/\/www.pinovo.eu\/de\/product\/pipoint\/adapter-corner-t-bend-long-brushes\/#primaryimage","url":"https:\/\/www.pinovo.eu\/de\/wp-content\/uploads\/sites\/13\/2025\/07\/Adapter-Corner-T-Bend-\u2013-Long-Brushes-1.png","contentUrl":"https:\/\/www.pinovo.eu\/de\/wp-content\/uploads\/sites\/13\/2025\/07\/Adapter-Corner-T-Bend-\u2013-Long-Brushes-1.png","width":675,"height":675},{"@type":"BreadcrumbList","@id":"https:\/\/www.pinovo.eu\/de\/product\/pipoint\/adapter-corner-t-bend-long-brushes\/#breadcrumb","itemListElement":[{"@type":"ListItem","position":1,"name":"Home","item":"https:\/\/www.pinovo.eu\/de\/"},{"@type":"ListItem","position":2,"name":"Products","item":"https:\/\/www.pinovo.eu\/de\/products\/"},{"@type":"ListItem","position":3,"name":"Adapter Corner &amp; T-Bend \u2013 Long Brushes"}]},{"@type":"WebSite","@id":"https:\/\/www.pinovo.eu\/de\/#website","url":"https:\/\/www.pinovo.eu\/de\/","name":"Pinovo | DE","description":"Pinovo slogan","potentialAction":[{"@type":"SearchAction","target":{"@type":"EntryPoint","urlTemplate":"https:\/\/www.pinovo.eu\/de\/?s={search_term_string}"},"query-input":{"@type":"PropertyValueSpecification","valueRequired":true,"valueName":"search_term_string"}}],"inLanguage":"de"}]}},"_links":{"self":[{"href":"https:\/\/www.pinovo.eu\/de\/wp-json\/wp\/v2\/product\/2567","targetHints":{"allow":["GET"]}}],"collection":[{"href":"https:\/\/www.pinovo.eu\/de\/wp-json\/wp\/v2\/product"}],"about":[{"href":"https:\/\/www.pinovo.eu\/de\/wp-json\/wp\/v2\/types\/product"}],"wp:featuredmedia":[{"embeddable":true,"href":"https:\/\/www.pinovo.eu\/de\/wp-json\/wp\/v2\/media\/2570"}],"wp:attachment":[{"href":"https:\/\/www.pinovo.eu\/de\/wp-json\/wp\/v2\/media?parent=2567"}],"wp:term":[{"taxonomy":"product_brand","embeddable":true,"href":"https:\/\/www.pinovo.eu\/de\/wp-json\/wp\/v2\/product_brand?post=2567"},{"taxonomy":"product_cat","embeddable":true,"href":"https:\/\/www.pinovo.eu\/de\/wp-json\/wp\/v2\/product_cat?post=2567"},{"taxonomy":"product_tag","embeddable":true,"href":"https:\/\/www.pinovo.eu\/de\/wp-json\/wp\/v2\/product_tag?post=2567"}],"curies":[{"name":"wp","href":"https:\/\/api.w.org\/{rel}","templated":true}]}}