{"id":2587,"date":"2025-07-03T15:09:40","date_gmt":"2025-07-03T14:09:40","guid":{"rendered":"https:\/\/www.pinovo.eu\/?post_type=product&#038;p=2587"},"modified":"2026-04-15T15:15:24","modified_gmt":"2026-04-15T14:15:24","slug":"adapter-ecke-lange-bursten","status":"publish","type":"product","link":"https:\/\/www.pinovo.eu\/de\/product\/pipoint\/adapter-ecke-lange-bursten\/","title":{"rendered":"Adapter-Ecke \u2013 Lange B\u00fcrsten"},"content":{"rendered":"<h3 data-start=\"616\" data-end=\"654\">Warum du das in deinem Kit haben willst<\/h3>\n<ul data-start=\"655\" data-end=\"968\">\n<li data-start=\"655\" data-end=\"732\">\n<p data-start=\"657\" data-end=\"732\"><strong data-start=\"660\" data-end=\"698\">Perfekt f\u00fcr scharfe Innenkanten<\/strong> in Tanks, Balken und Geh\u00e4usen<\/p>\n<\/li>\n<li data-start=\"733\" data-end=\"793\">\n<p data-start=\"735\" data-end=\"793\"><strong data-start=\"739\" data-end=\"791\">L\u00e4ngere B\u00fcrsten = bessere Abdichtung und Staubkontrolle<\/strong><\/p>\n<\/li>\n<li data-start=\"794\" data-end=\"855\">\n<p data-start=\"796\" data-end=\"855\"><strong data-start=\"799\" data-end=\"832\">Zertifiziert f\u00fcr ATEX Zone 1 &amp; 2<\/strong> \u2013 sicher und konform<\/p>\n<\/li>\n<li data-start=\"856\" data-end=\"908\">\n<p data-start=\"858\" data-end=\"908\"><strong data-start=\"861\" data-end=\"877\">Click-on Passform<\/strong> mit PiPoint&#x2122; f\u00fcr schnelle Einrichtung<\/p>\n<\/li>\n<li data-start=\"909\" data-end=\"968\">\n<p data-start=\"911\" data-end=\"968\"><strong data-start=\"914\" data-end=\"939\">Erh\u00f6ht die K\u00f6rnigkeit<\/strong> \u2013 weniger Abfall, mehr Kontrolle<\/p>\n<\/li>\n<\/ul>\n<h3 data-start=\"1454\" data-end=\"1474\">Kombiniere mit:<\/h3>\n<ul data-start=\"1475\" data-end=\"1542\">\n<li data-start=\"1475\" data-end=\"1502\">\n<p data-start=\"1477\" data-end=\"1502\"><a class=\"\" href=\"#\" rel=\"noopener\" data-start=\"1477\" data-end=\"1500\">PiPoint&#x2122; Handwerkzeug<\/a><\/p>\n<\/li>\n<li data-start=\"1503\" data-end=\"1542\">\n<p data-start=\"1505\" data-end=\"1542\"><a class=\"\" href=\"#\" rel=\"noopener\" data-start=\"1505\" data-end=\"1542\">PiSys&#x2122; Geschlossenes Vakuumsystem<\/a><\/p>\n<\/li>\n<\/ul>\n","protected":false},"excerpt":{"rendered":"<h3 data-start=\"219\" data-end=\"294\">Bessere Abdichtung f\u00fcr innere Ecken \u2013 lange B\u00fcrsten, saubere Kanten, kein Staub<\/h3>\n<p data-start=\"296\" data-end=\"614\">Der <strong data-start=\"300\" data-end=\"342\">PiPoint&#x2122; Adapter Ecke \u2013 Lange B\u00fcrsten<\/strong> ist ein Pr\u00e4zisions-Blasadapter, der f\u00fcr <strong data-start=\"388\" data-end=\"425\">innere Ecken und enge Fugen<\/strong> entwickelt wurde und mit <strong data-start=\"441\" data-end=\"457\">langen B\u00fcrsten<\/strong> f\u00fcr eine verbesserte Abdichtung aufger\u00fcstet ist. Er ist die ideale Wahl, wenn man in engen R\u00e4umen oder in Umgebungen mit hohen HSE-Anforderungen arbeitet \u2013 wie ATEX-Zonen oder Offshore-Strukturen.<\/p>\n","protected":false},"featured_media":2588,"template":"","meta":{"_acf_changed":false,"content-type":"","editor_notices":[]},"product_brand":[],"product_cat":[98],"product_tag":[],"class_list":{"0":"post-2587","1":"product","2":"type-product","3":"status-publish","4":"has-post-thumbnail","6":"product_cat-pipoint","8":"first","9":"instock","10":"taxable","11":"shipping-taxable","12":"product-type-simple"},"acf":[],"yoast_head":"<!-- This site is optimized with the Yoast SEO plugin v27.3 - https:\/\/yoast.com\/product\/yoast-seo-wordpress\/ -->\n<title>Adapter-Ecke \u2013 Lange B\u00fcrsten - Pinovo | DE<\/title>\n<meta name=\"robots\" content=\"noindex, follow, max-snippet:-1, max-image-preview:large, max-video-preview:-1\" \/>\n<meta property=\"og:locale\" content=\"de_DE\" \/>\n<meta property=\"og:type\" content=\"article\" \/>\n<meta property=\"og:title\" content=\"Adapter-Ecke \u2013 Lange B\u00fcrsten - Pinovo | DE\" \/>\n<meta property=\"og:description\" content=\"Bessere Abdichtung f\u00fcr innere Ecken \u2013 lange B\u00fcrsten, saubere Kanten, kein Staub Der PiPoint&#x2122; Adapter Ecke \u2013 Lange B\u00fcrsten ist ein Pr\u00e4zisions-Blasadapter, der f\u00fcr innere Ecken und enge Fugen entwickelt wurde und mit langen B\u00fcrsten f\u00fcr eine verbesserte Abdichtung aufger\u00fcstet ist. Er ist die ideale Wahl, wenn man in engen R\u00e4umen oder in Umgebungen mit hohen HSE-Anforderungen arbeitet \u2013 wie ATEX-Zonen oder Offshore-Strukturen.\" \/>\n<meta property=\"og:url\" content=\"https:\/\/www.pinovo.eu\/de\/product\/pipoint\/adapter-corner-long-brushes\/\" \/>\n<meta property=\"og:site_name\" content=\"Pinovo | DE\" \/>\n<meta property=\"article:modified_time\" content=\"2026-04-15T14:15:24+00:00\" \/>\n<meta property=\"og:image\" content=\"https:\/\/www.pinovo.eu\/de\/wp-content\/uploads\/sites\/13\/2025\/07\/Adapter-Corner-\u2013-Long-Brushes.png\" \/>\n\t<meta property=\"og:image:width\" content=\"675\" \/>\n\t<meta property=\"og:image:height\" content=\"675\" \/>\n\t<meta property=\"og:image:type\" content=\"image\/png\" \/>\n<meta name=\"twitter:card\" content=\"summary_large_image\" \/>\n<meta name=\"twitter:label1\" content=\"Gesch\u00e4tzte Lesezeit\" \/>\n\t<meta name=\"twitter:data1\" content=\"1\u00a0Minute\" \/>\n<script type=\"application\/ld+json\" class=\"yoast-schema-graph\">{\"@context\":\"https:\\\/\\\/schema.org\",\"@graph\":[{\"@type\":\"WebPage\",\"@id\":\"https:\\\/\\\/www.pinovo.eu\\\/de\\\/product\\\/pipoint\\\/adapter-corner-long-brushes\\\/\",\"url\":\"https:\\\/\\\/www.pinovo.eu\\\/de\\\/product\\\/pipoint\\\/adapter-corner-long-brushes\\\/\",\"name\":\"Adapter-Ecke \u2013 Lange B\u00fcrsten - Pinovo | DE\",\"isPartOf\":{\"@id\":\"https:\\\/\\\/www.pinovo.eu\\\/de\\\/#website\"},\"primaryImageOfPage\":{\"@id\":\"https:\\\/\\\/www.pinovo.eu\\\/de\\\/product\\\/pipoint\\\/adapter-corner-long-brushes\\\/#primaryimage\"},\"image\":{\"@id\":\"https:\\\/\\\/www.pinovo.eu\\\/de\\\/product\\\/pipoint\\\/adapter-corner-long-brushes\\\/#primaryimage\"},\"thumbnailUrl\":\"https:\\\/\\\/www.pinovo.eu\\\/de\\\/wp-content\\\/uploads\\\/sites\\\/13\\\/2025\\\/07\\\/Adapter-Corner-\u2013-Long-Brushes.png\",\"datePublished\":\"2025-07-03T14:09:40+00:00\",\"dateModified\":\"2026-04-15T14:15:24+00:00\",\"breadcrumb\":{\"@id\":\"https:\\\/\\\/www.pinovo.eu\\\/de\\\/product\\\/pipoint\\\/adapter-corner-long-brushes\\\/#breadcrumb\"},\"inLanguage\":\"de\",\"potentialAction\":[{\"@type\":\"ReadAction\",\"target\":[\"https:\\\/\\\/www.pinovo.eu\\\/de\\\/product\\\/pipoint\\\/adapter-corner-long-brushes\\\/\"]}]},{\"@type\":\"ImageObject\",\"inLanguage\":\"de\",\"@id\":\"https:\\\/\\\/www.pinovo.eu\\\/de\\\/product\\\/pipoint\\\/adapter-corner-long-brushes\\\/#primaryimage\",\"url\":\"https:\\\/\\\/www.pinovo.eu\\\/de\\\/wp-content\\\/uploads\\\/sites\\\/13\\\/2025\\\/07\\\/Adapter-Corner-\u2013-Long-Brushes.png\",\"contentUrl\":\"https:\\\/\\\/www.pinovo.eu\\\/de\\\/wp-content\\\/uploads\\\/sites\\\/13\\\/2025\\\/07\\\/Adapter-Corner-\u2013-Long-Brushes.png\",\"width\":675,\"height\":675},{\"@type\":\"BreadcrumbList\",\"@id\":\"https:\\\/\\\/www.pinovo.eu\\\/de\\\/product\\\/pipoint\\\/adapter-corner-long-brushes\\\/#breadcrumb\",\"itemListElement\":[{\"@type\":\"ListItem\",\"position\":1,\"name\":\"Home\",\"item\":\"https:\\\/\\\/www.pinovo.eu\\\/de\\\/\"},{\"@type\":\"ListItem\",\"position\":2,\"name\":\"Products\",\"item\":\"https:\\\/\\\/www.pinovo.eu\\\/de\\\/products\\\/\"},{\"@type\":\"ListItem\",\"position\":3,\"name\":\"Adapter Corner \u2013 Long Brushes\"}]},{\"@type\":\"WebSite\",\"@id\":\"https:\\\/\\\/www.pinovo.eu\\\/de\\\/#website\",\"url\":\"https:\\\/\\\/www.pinovo.eu\\\/de\\\/\",\"name\":\"Pinovo | DE\",\"description\":\"Pinovo slogan\",\"potentialAction\":[{\"@type\":\"SearchAction\",\"target\":{\"@type\":\"EntryPoint\",\"urlTemplate\":\"https:\\\/\\\/www.pinovo.eu\\\/de\\\/?s={search_term_string}\"},\"query-input\":{\"@type\":\"PropertyValueSpecification\",\"valueRequired\":true,\"valueName\":\"search_term_string\"}}],\"inLanguage\":\"de\"}]}<\/script>\n<!-- \/ Yoast SEO plugin. -->","yoast_head_json":{"title":"Adapter-Ecke \u2013 Lange B\u00fcrsten - Pinovo | DE","robots":{"index":"noindex","follow":"follow","max-snippet":"max-snippet:-1","max-image-preview":"max-image-preview:large","max-video-preview":"max-video-preview:-1"},"og_locale":"de_DE","og_type":"article","og_title":"Adapter-Ecke \u2013 Lange B\u00fcrsten - Pinovo | DE","og_description":"Bessere Abdichtung f\u00fcr innere Ecken \u2013 lange B\u00fcrsten, saubere Kanten, kein Staub Der PiPoint&#x2122; Adapter Ecke \u2013 Lange B\u00fcrsten ist ein Pr\u00e4zisions-Blasadapter, der f\u00fcr innere Ecken und enge Fugen entwickelt wurde und mit langen B\u00fcrsten f\u00fcr eine verbesserte Abdichtung aufger\u00fcstet ist. Er ist die ideale Wahl, wenn man in engen R\u00e4umen oder in Umgebungen mit hohen HSE-Anforderungen arbeitet \u2013 wie ATEX-Zonen oder Offshore-Strukturen.","og_url":"https:\/\/www.pinovo.eu\/de\/product\/pipoint\/adapter-corner-long-brushes\/","og_site_name":"Pinovo | DE","article_modified_time":"2026-04-15T14:15:24+00:00","og_image":[{"width":675,"height":675,"url":"https:\/\/www.pinovo.eu\/de\/wp-content\/uploads\/sites\/13\/2025\/07\/Adapter-Corner-\u2013-Long-Brushes.png","type":"image\/png"}],"twitter_card":"summary_large_image","twitter_misc":{"Gesch\u00e4tzte Lesezeit":"1\u00a0Minute"},"schema":{"@context":"https:\/\/schema.org","@graph":[{"@type":"WebPage","@id":"https:\/\/www.pinovo.eu\/de\/product\/pipoint\/adapter-corner-long-brushes\/","url":"https:\/\/www.pinovo.eu\/de\/product\/pipoint\/adapter-corner-long-brushes\/","name":"Adapter-Ecke \u2013 Lange B\u00fcrsten - Pinovo | DE","isPartOf":{"@id":"https:\/\/www.pinovo.eu\/de\/#website"},"primaryImageOfPage":{"@id":"https:\/\/www.pinovo.eu\/de\/product\/pipoint\/adapter-corner-long-brushes\/#primaryimage"},"image":{"@id":"https:\/\/www.pinovo.eu\/de\/product\/pipoint\/adapter-corner-long-brushes\/#primaryimage"},"thumbnailUrl":"https:\/\/www.pinovo.eu\/de\/wp-content\/uploads\/sites\/13\/2025\/07\/Adapter-Corner-\u2013-Long-Brushes.png","datePublished":"2025-07-03T14:09:40+00:00","dateModified":"2026-04-15T14:15:24+00:00","breadcrumb":{"@id":"https:\/\/www.pinovo.eu\/de\/product\/pipoint\/adapter-corner-long-brushes\/#breadcrumb"},"inLanguage":"de","potentialAction":[{"@type":"ReadAction","target":["https:\/\/www.pinovo.eu\/de\/product\/pipoint\/adapter-corner-long-brushes\/"]}]},{"@type":"ImageObject","inLanguage":"de","@id":"https:\/\/www.pinovo.eu\/de\/product\/pipoint\/adapter-corner-long-brushes\/#primaryimage","url":"https:\/\/www.pinovo.eu\/de\/wp-content\/uploads\/sites\/13\/2025\/07\/Adapter-Corner-\u2013-Long-Brushes.png","contentUrl":"https:\/\/www.pinovo.eu\/de\/wp-content\/uploads\/sites\/13\/2025\/07\/Adapter-Corner-\u2013-Long-Brushes.png","width":675,"height":675},{"@type":"BreadcrumbList","@id":"https:\/\/www.pinovo.eu\/de\/product\/pipoint\/adapter-corner-long-brushes\/#breadcrumb","itemListElement":[{"@type":"ListItem","position":1,"name":"Home","item":"https:\/\/www.pinovo.eu\/de\/"},{"@type":"ListItem","position":2,"name":"Products","item":"https:\/\/www.pinovo.eu\/de\/products\/"},{"@type":"ListItem","position":3,"name":"Adapter Corner \u2013 Long Brushes"}]},{"@type":"WebSite","@id":"https:\/\/www.pinovo.eu\/de\/#website","url":"https:\/\/www.pinovo.eu\/de\/","name":"Pinovo | DE","description":"Pinovo slogan","potentialAction":[{"@type":"SearchAction","target":{"@type":"EntryPoint","urlTemplate":"https:\/\/www.pinovo.eu\/de\/?s={search_term_string}"},"query-input":{"@type":"PropertyValueSpecification","valueRequired":true,"valueName":"search_term_string"}}],"inLanguage":"de"}]}},"_links":{"self":[{"href":"https:\/\/www.pinovo.eu\/de\/wp-json\/wp\/v2\/product\/2587","targetHints":{"allow":["GET"]}}],"collection":[{"href":"https:\/\/www.pinovo.eu\/de\/wp-json\/wp\/v2\/product"}],"about":[{"href":"https:\/\/www.pinovo.eu\/de\/wp-json\/wp\/v2\/types\/product"}],"wp:featuredmedia":[{"embeddable":true,"href":"https:\/\/www.pinovo.eu\/de\/wp-json\/wp\/v2\/media\/2588"}],"wp:attachment":[{"href":"https:\/\/www.pinovo.eu\/de\/wp-json\/wp\/v2\/media?parent=2587"}],"wp:term":[{"taxonomy":"product_brand","embeddable":true,"href":"https:\/\/www.pinovo.eu\/de\/wp-json\/wp\/v2\/product_brand?post=2587"},{"taxonomy":"product_cat","embeddable":true,"href":"https:\/\/www.pinovo.eu\/de\/wp-json\/wp\/v2\/product_cat?post=2587"},{"taxonomy":"product_tag","embeddable":true,"href":"https:\/\/www.pinovo.eu\/de\/wp-json\/wp\/v2\/product_tag?post=2587"}],"curies":[{"name":"wp","href":"https:\/\/api.w.org\/{rel}","templated":true}]}}