{"id":2591,"date":"2025-07-03T15:29:16","date_gmt":"2025-07-03T14:29:16","guid":{"rendered":"https:\/\/www.pinovo.eu\/?post_type=product&#038;p=2591"},"modified":"2026-04-15T15:14:53","modified_gmt":"2026-04-15T14:14:53","slug":"pipointtm","status":"publish","type":"product","link":"https:\/\/www.pinovo.eu\/de\/product\/pipoint\/pipointtm\/","title":{"rendered":"PiPointTM"},"content":{"rendered":"<h3 data-start=\"857\" data-end=\"894\">Wesentliche Vorteile f\u00fcr Ihren Betrieb<\/h3>\n<ul data-start=\"895\" data-end=\"1256\">\n<li data-start=\"895\" data-end=\"982\">\n<p data-start=\"897\" data-end=\"982\"><strong data-start=\"900\" data-end=\"921\">Pr\u00e4zises Strahlen<\/strong> f\u00fcr Schwei\u00dfn\u00e4hte, Besch\u00e4digungen der Beschichtung, Bolzen, Halterungen &amp; Flansche<\/p>\n<\/li>\n<li data-start=\"983\" data-end=\"1049\">\n<p data-start=\"985\" data-end=\"1049\"><strong data-start=\"989\" data-end=\"1017\">Staubfrei und funkenfrei<\/strong> \u2013 perfekt f\u00fcr ATEX-Zone 1 &amp; 2<\/p>\n<\/li>\n<li data-start=\"1050\" data-end=\"1107\">\n<p data-start=\"1052\" data-end=\"1107\"><strong data-start=\"1055\" data-end=\"1077\">Closed-Loop-System<\/strong> \u2013 \u00fcber 90 % Abfallreduktion<\/p>\n<\/li>\n<li data-start=\"1108\" data-end=\"1171\">\n<p data-start=\"1110\" data-end=\"1171\"><strong data-start=\"1113\" data-end=\"1130\">Minimale Einrichtung<\/strong> \u2013 keine Einhausung oder Ger\u00fcst erforderlich<\/p>\n<\/li>\n<li data-start=\"1172\" data-end=\"1256\">\n<p data-start=\"1174\" data-end=\"1256\"><strong data-start=\"1177\" data-end=\"1202\">Schnelle Adapterwechsel<\/strong> \u2013 kompatibel mit einer vollst\u00e4ndigen Reihe von PiPoint&#x2122;-Adaptern<\/p>\n<\/li>\n<\/ul>\n<h3 data-start=\"1951\" data-end=\"1977\">Kompatible Adapter<\/h3>\n<p data-start=\"1978\" data-end=\"2050\">PiPoint&#x2122; unterst\u00fctzt eine breite Palette von geometriespezifischen Adaptern, darunter:<\/p>\n<ul data-start=\"2051\" data-end=\"2161\">\n<li data-start=\"2051\" data-end=\"2073\">\n<p data-start=\"2053\" data-end=\"2073\">Flache Oberfl\u00e4chen<\/p>\n<\/li>\n<li data-start=\"2074\" data-end=\"2100\">\n<p data-start=\"2076\" data-end=\"2100\">Ecken &amp; T-B\u00f6gen<\/p>\n<\/li>\n<li data-start=\"2101\" data-end=\"2134\">\n<p data-start=\"2103\" data-end=\"2134\">D\u00fcnne Kanten &amp; kleine Rohre<\/p>\n<\/li>\n<li data-start=\"2135\" data-end=\"2161\">\n<p data-start=\"2137\" data-end=\"2161\">Lange B\u00fcrstenvarianten<\/p>\n<\/li>\n<\/ul>\n<p data-start=\"2163\" data-end=\"2199\">\n","protected":false},"excerpt":{"rendered":"<h3 data-start=\"283\" data-end=\"366\">Pr\u00e4zise Oberfl\u00e4chenvorbereitung in engen R\u00e4umen \u2013 vollst\u00e4ndig geschlossen, vollst\u00e4ndig konform<\/h3>\n<p data-start=\"368\" data-end=\"712\">Der <strong data-start=\"372\" data-end=\"384\">PiPoint&#x2122;<\/strong> ist ein kompaktes, tragbares Strahlwerkzeug, das f\u00fcr <strong data-start=\"436\" data-end=\"462\">gezieltes Strahlen<\/strong> in engen Bereichen oder bei kleinen Oberfl\u00e4chenfehlern entwickelt wurde. Er wurde so konstruiert, dass er nahtlos mit dem <strong data-start=\"549\" data-end=\"578\">PiSys&#x2122;-Geschlossenschaltungssystem<\/strong> funktioniert, und bietet vollst\u00e4ndige Staub- und Schmutzbindung \u2013 wodurch die Notwendigkeit von Ger\u00fcsten, Abdeckungen oder Nachreinigungen nach dem Strahlen entf\u00e4llt.<\/p>\n<p data-start=\"714\" data-end=\"850\">Ideal f\u00fcr Offshore-, Maritime-, Petrochemische und industrielle Wartungsarbeiten erm\u00f6glicht der PiPoint&#x2122;, <strong data-start=\"812\" data-end=\"850\">intelligenter, sicherer und sauberer zu strahlen.<\/strong><\/p>\n","protected":false},"featured_media":2592,"template":"","meta":{"_acf_changed":false,"content-type":"","editor_notices":[]},"product_brand":[],"product_cat":[98],"product_tag":[],"class_list":{"0":"post-2591","1":"product","2":"type-product","3":"status-publish","4":"has-post-thumbnail","6":"product_cat-pipoint","8":"first","9":"instock","10":"taxable","11":"shipping-taxable","12":"product-type-simple"},"acf":[],"yoast_head":"<!-- This site is optimized with the Yoast SEO plugin v27.3 - https:\/\/yoast.com\/product\/yoast-seo-wordpress\/ -->\n<title>PiPointTM - Pinovo | DE<\/title>\n<meta name=\"robots\" content=\"noindex, follow, max-snippet:-1, max-image-preview:large, max-video-preview:-1\" \/>\n<meta property=\"og:locale\" content=\"de_DE\" \/>\n<meta property=\"og:type\" content=\"article\" \/>\n<meta property=\"og:title\" content=\"PiPointTM - Pinovo | DE\" \/>\n<meta property=\"og:description\" content=\"Pr\u00e4zise Oberfl\u00e4chenvorbereitung in engen R\u00e4umen \u2013 vollst\u00e4ndig geschlossen, vollst\u00e4ndig konform Der PiPoint&#x2122; ist ein kompaktes, tragbares Strahlwerkzeug, das f\u00fcr gezieltes Strahlen in engen Bereichen oder bei kleinen Oberfl\u00e4chenfehlern entwickelt wurde. Er wurde so konstruiert, dass er nahtlos mit dem PiSys&#x2122;-Geschlossenschaltungssystem funktioniert, und bietet vollst\u00e4ndige Staub- und Schmutzbindung \u2013 wodurch die Notwendigkeit von Ger\u00fcsten, Abdeckungen oder Nachreinigungen nach dem Strahlen entf\u00e4llt. Ideal f\u00fcr Offshore-, Maritime-, Petrochemische und industrielle Wartungsarbeiten erm\u00f6glicht der PiPoint&#x2122;, intelligenter, sicherer und sauberer zu strahlen.\" \/>\n<meta property=\"og:url\" content=\"https:\/\/www.pinovo.eu\/de\/product\/pipoint\/pipointtm\/\" \/>\n<meta property=\"og:site_name\" content=\"Pinovo | DE\" \/>\n<meta property=\"article:modified_time\" content=\"2026-04-15T14:14:53+00:00\" \/>\n<meta property=\"og:image\" content=\"https:\/\/www.pinovo.eu\/de\/wp-content\/uploads\/sites\/13\/2025\/07\/PiPoint-1.png\" \/>\n\t<meta property=\"og:image:width\" content=\"675\" \/>\n\t<meta property=\"og:image:height\" content=\"675\" \/>\n\t<meta property=\"og:image:type\" content=\"image\/png\" \/>\n<meta name=\"twitter:card\" content=\"summary_large_image\" \/>\n<meta name=\"twitter:label1\" content=\"Gesch\u00e4tzte Lesezeit\" \/>\n\t<meta name=\"twitter:data1\" content=\"1\u00a0Minute\" \/>\n<script type=\"application\/ld+json\" class=\"yoast-schema-graph\">{\"@context\":\"https:\\\/\\\/schema.org\",\"@graph\":[{\"@type\":\"WebPage\",\"@id\":\"https:\\\/\\\/www.pinovo.eu\\\/de\\\/product\\\/pipoint\\\/pipointtm\\\/\",\"url\":\"https:\\\/\\\/www.pinovo.eu\\\/de\\\/product\\\/pipoint\\\/pipointtm\\\/\",\"name\":\"PiPointTM - Pinovo | DE\",\"isPartOf\":{\"@id\":\"https:\\\/\\\/www.pinovo.eu\\\/de\\\/#website\"},\"primaryImageOfPage\":{\"@id\":\"https:\\\/\\\/www.pinovo.eu\\\/de\\\/product\\\/pipoint\\\/pipointtm\\\/#primaryimage\"},\"image\":{\"@id\":\"https:\\\/\\\/www.pinovo.eu\\\/de\\\/product\\\/pipoint\\\/pipointtm\\\/#primaryimage\"},\"thumbnailUrl\":\"https:\\\/\\\/www.pinovo.eu\\\/de\\\/wp-content\\\/uploads\\\/sites\\\/13\\\/2025\\\/07\\\/PiPoint-1.png\",\"datePublished\":\"2025-07-03T14:29:16+00:00\",\"dateModified\":\"2026-04-15T14:14:53+00:00\",\"breadcrumb\":{\"@id\":\"https:\\\/\\\/www.pinovo.eu\\\/de\\\/product\\\/pipoint\\\/pipointtm\\\/#breadcrumb\"},\"inLanguage\":\"de\",\"potentialAction\":[{\"@type\":\"ReadAction\",\"target\":[\"https:\\\/\\\/www.pinovo.eu\\\/de\\\/product\\\/pipoint\\\/pipointtm\\\/\"]}]},{\"@type\":\"ImageObject\",\"inLanguage\":\"de\",\"@id\":\"https:\\\/\\\/www.pinovo.eu\\\/de\\\/product\\\/pipoint\\\/pipointtm\\\/#primaryimage\",\"url\":\"https:\\\/\\\/www.pinovo.eu\\\/de\\\/wp-content\\\/uploads\\\/sites\\\/13\\\/2025\\\/07\\\/PiPoint-1.png\",\"contentUrl\":\"https:\\\/\\\/www.pinovo.eu\\\/de\\\/wp-content\\\/uploads\\\/sites\\\/13\\\/2025\\\/07\\\/PiPoint-1.png\",\"width\":675,\"height\":675},{\"@type\":\"BreadcrumbList\",\"@id\":\"https:\\\/\\\/www.pinovo.eu\\\/de\\\/product\\\/pipoint\\\/pipointtm\\\/#breadcrumb\",\"itemListElement\":[{\"@type\":\"ListItem\",\"position\":1,\"name\":\"Home\",\"item\":\"https:\\\/\\\/www.pinovo.eu\\\/de\\\/\"},{\"@type\":\"ListItem\",\"position\":2,\"name\":\"Products\",\"item\":\"https:\\\/\\\/www.pinovo.eu\\\/de\\\/products\\\/\"},{\"@type\":\"ListItem\",\"position\":3,\"name\":\"PiPointTM\"}]},{\"@type\":\"WebSite\",\"@id\":\"https:\\\/\\\/www.pinovo.eu\\\/de\\\/#website\",\"url\":\"https:\\\/\\\/www.pinovo.eu\\\/de\\\/\",\"name\":\"Pinovo | DE\",\"description\":\"Pinovo slogan\",\"potentialAction\":[{\"@type\":\"SearchAction\",\"target\":{\"@type\":\"EntryPoint\",\"urlTemplate\":\"https:\\\/\\\/www.pinovo.eu\\\/de\\\/?s={search_term_string}\"},\"query-input\":{\"@type\":\"PropertyValueSpecification\",\"valueRequired\":true,\"valueName\":\"search_term_string\"}}],\"inLanguage\":\"de\"}]}<\/script>\n<!-- \/ Yoast SEO plugin. -->","yoast_head_json":{"title":"PiPointTM - Pinovo | DE","robots":{"index":"noindex","follow":"follow","max-snippet":"max-snippet:-1","max-image-preview":"max-image-preview:large","max-video-preview":"max-video-preview:-1"},"og_locale":"de_DE","og_type":"article","og_title":"PiPointTM - Pinovo | DE","og_description":"Pr\u00e4zise Oberfl\u00e4chenvorbereitung in engen R\u00e4umen \u2013 vollst\u00e4ndig geschlossen, vollst\u00e4ndig konform Der PiPoint&#x2122; ist ein kompaktes, tragbares Strahlwerkzeug, das f\u00fcr gezieltes Strahlen in engen Bereichen oder bei kleinen Oberfl\u00e4chenfehlern entwickelt wurde. Er wurde so konstruiert, dass er nahtlos mit dem PiSys&#x2122;-Geschlossenschaltungssystem funktioniert, und bietet vollst\u00e4ndige Staub- und Schmutzbindung \u2013 wodurch die Notwendigkeit von Ger\u00fcsten, Abdeckungen oder Nachreinigungen nach dem Strahlen entf\u00e4llt. Ideal f\u00fcr Offshore-, Maritime-, Petrochemische und industrielle Wartungsarbeiten erm\u00f6glicht der PiPoint&#x2122;, intelligenter, sicherer und sauberer zu strahlen.","og_url":"https:\/\/www.pinovo.eu\/de\/product\/pipoint\/pipointtm\/","og_site_name":"Pinovo | DE","article_modified_time":"2026-04-15T14:14:53+00:00","og_image":[{"width":675,"height":675,"url":"https:\/\/www.pinovo.eu\/de\/wp-content\/uploads\/sites\/13\/2025\/07\/PiPoint-1.png","type":"image\/png"}],"twitter_card":"summary_large_image","twitter_misc":{"Gesch\u00e4tzte Lesezeit":"1\u00a0Minute"},"schema":{"@context":"https:\/\/schema.org","@graph":[{"@type":"WebPage","@id":"https:\/\/www.pinovo.eu\/de\/product\/pipoint\/pipointtm\/","url":"https:\/\/www.pinovo.eu\/de\/product\/pipoint\/pipointtm\/","name":"PiPointTM - Pinovo | DE","isPartOf":{"@id":"https:\/\/www.pinovo.eu\/de\/#website"},"primaryImageOfPage":{"@id":"https:\/\/www.pinovo.eu\/de\/product\/pipoint\/pipointtm\/#primaryimage"},"image":{"@id":"https:\/\/www.pinovo.eu\/de\/product\/pipoint\/pipointtm\/#primaryimage"},"thumbnailUrl":"https:\/\/www.pinovo.eu\/de\/wp-content\/uploads\/sites\/13\/2025\/07\/PiPoint-1.png","datePublished":"2025-07-03T14:29:16+00:00","dateModified":"2026-04-15T14:14:53+00:00","breadcrumb":{"@id":"https:\/\/www.pinovo.eu\/de\/product\/pipoint\/pipointtm\/#breadcrumb"},"inLanguage":"de","potentialAction":[{"@type":"ReadAction","target":["https:\/\/www.pinovo.eu\/de\/product\/pipoint\/pipointtm\/"]}]},{"@type":"ImageObject","inLanguage":"de","@id":"https:\/\/www.pinovo.eu\/de\/product\/pipoint\/pipointtm\/#primaryimage","url":"https:\/\/www.pinovo.eu\/de\/wp-content\/uploads\/sites\/13\/2025\/07\/PiPoint-1.png","contentUrl":"https:\/\/www.pinovo.eu\/de\/wp-content\/uploads\/sites\/13\/2025\/07\/PiPoint-1.png","width":675,"height":675},{"@type":"BreadcrumbList","@id":"https:\/\/www.pinovo.eu\/de\/product\/pipoint\/pipointtm\/#breadcrumb","itemListElement":[{"@type":"ListItem","position":1,"name":"Home","item":"https:\/\/www.pinovo.eu\/de\/"},{"@type":"ListItem","position":2,"name":"Products","item":"https:\/\/www.pinovo.eu\/de\/products\/"},{"@type":"ListItem","position":3,"name":"PiPointTM"}]},{"@type":"WebSite","@id":"https:\/\/www.pinovo.eu\/de\/#website","url":"https:\/\/www.pinovo.eu\/de\/","name":"Pinovo | DE","description":"Pinovo slogan","potentialAction":[{"@type":"SearchAction","target":{"@type":"EntryPoint","urlTemplate":"https:\/\/www.pinovo.eu\/de\/?s={search_term_string}"},"query-input":{"@type":"PropertyValueSpecification","valueRequired":true,"valueName":"search_term_string"}}],"inLanguage":"de"}]}},"_links":{"self":[{"href":"https:\/\/www.pinovo.eu\/de\/wp-json\/wp\/v2\/product\/2591","targetHints":{"allow":["GET"]}}],"collection":[{"href":"https:\/\/www.pinovo.eu\/de\/wp-json\/wp\/v2\/product"}],"about":[{"href":"https:\/\/www.pinovo.eu\/de\/wp-json\/wp\/v2\/types\/product"}],"wp:featuredmedia":[{"embeddable":true,"href":"https:\/\/www.pinovo.eu\/de\/wp-json\/wp\/v2\/media\/2592"}],"wp:attachment":[{"href":"https:\/\/www.pinovo.eu\/de\/wp-json\/wp\/v2\/media?parent=2591"}],"wp:term":[{"taxonomy":"product_brand","embeddable":true,"href":"https:\/\/www.pinovo.eu\/de\/wp-json\/wp\/v2\/product_brand?post=2591"},{"taxonomy":"product_cat","embeddable":true,"href":"https:\/\/www.pinovo.eu\/de\/wp-json\/wp\/v2\/product_cat?post=2591"},{"taxonomy":"product_tag","embeddable":true,"href":"https:\/\/www.pinovo.eu\/de\/wp-json\/wp\/v2\/product_tag?post=2591"}],"curies":[{"name":"wp","href":"https:\/\/api.w.org\/{rel}","templated":true}]}}