{"id":2542,"date":"2025-07-03T10:09:31","date_gmt":"2025-07-03T09:09:31","guid":{"rendered":"https:\/\/www.pinovo.eu\/?post_type=product&#038;p=2542"},"modified":"2026-03-17T11:07:53","modified_gmt":"2026-03-17T10:07:53","slug":"le-coin-des-adaptateurs","status":"publish","type":"product","link":"https:\/\/www.pinovo.eu\/fr\/product\/piconnect\/le-coin-des-adaptateurs\/","title":{"rendered":"Le coin des adaptateurs"},"content":{"rendered":"","protected":false},"excerpt":{"rendered":"<p>L&#x27;<strong data-start=\"207\" data-end=\"236\">adaptateur d&#x27;angle PiConnect&#x2122;<\/strong> est sp\u00e9cialement con\u00e7u pour permettre un sablage s\u00fbr et efficace dans <strong data-start=\"298\" data-end=\"318\">les angles internes<\/strong> et les espaces restreints. Utilis\u00e9 avec l&#x27;outil <a href=\"https:\/\/www.pinovo.eu\/product-category\/piconnect\/\">PiConnect&#x2122;<\/a> et le syst\u00e8me d&#x27;aspiration <a href=\"https:\/\/www.pinovo.eu\/product\/vacuum-blasting-machine\/vacuum-blasting-machine\/\">PiSys&#x2122;<\/a>, cet adaptateur garantit une r\u00e9tention totale des grains abrasifs et des d\u00e9bris, ce qui le rend id\u00e9al pour les espaces confin\u00e9s et les op\u00e9rations en zones ATEX 1 et 2.<\/p>\n<h3 data-start=\"513\" data-end=\"540\">Quels sont les avantages pour vous ?<\/h3>\n<ul data-start=\"541\" data-end=\"873\">\n<li data-start=\"541\" data-end=\"616\">\n<p data-start=\"543\" data-end=\"616\"><strong data-start=\"546\" data-end=\"576\">Con\u00e7u pour les angles int\u00e9rieurs<\/strong> des r\u00e9servoirs, des poutres et des structures en acier<\/p>\n<\/li>\n<li data-start=\"617\" data-end=\"683\">\n<p data-start=\"619\" data-end=\"683\"><strong data-start=\"622\" data-end=\"645\">Fonctionnement sans poussi\u00e8re<\/strong> \u2013 aucune \u00e9mission de contaminants dans l&#x27;air<\/p>\n<\/li>\n<li data-start=\"684\" data-end=\"754\">\n<p data-start=\"686\" data-end=\"754\"><strong data-start=\"689\" data-end=\"713\">Sablage en circuit ferm\u00e9<\/strong> \u2013 contient enti\u00e8rement le grain et les d\u00e9chets<\/p>\n<\/li>\n<li data-start=\"755\" data-end=\"814\">\n<p data-start=\"757\" data-end=\"814\"><strong data-start=\"760\" data-end=\"775\">Plug &amp; play<\/strong> avec PiConnect&#x2122; pour un d\u00e9ploiement rapide<\/p>\n<\/li>\n<li data-start=\"815\" data-end=\"873\">\n<p data-start=\"817\" data-end=\"873\"><strong data-start=\"820\" data-end=\"854\">S\u00fbr dans les environnements explosifs<\/strong> \u2013 certifi\u00e9 ATEX<\/p>\n<\/li>\n<\/ul>\n","protected":false},"featured_media":2576,"template":"","meta":{"_acf_changed":false,"content-type":"","editor_notices":[]},"product_brand":[],"product_cat":[94],"product_tag":[],"class_list":{"0":"post-2542","1":"product","2":"type-product","3":"status-publish","4":"has-post-thumbnail","6":"product_cat-piconnect","8":"first","9":"instock","10":"taxable","11":"shipping-taxable","12":"product-type-simple"},"acf":[],"yoast_head":"<!-- This site is optimized with the Yoast SEO plugin v27.3 - https:\/\/yoast.com\/product\/yoast-seo-wordpress\/ -->\n<title>Le coin des adaptateurs - Pinovo | FR<\/title>\n<meta name=\"robots\" content=\"noindex, follow, max-snippet:-1, max-image-preview:large, max-video-preview:-1\" \/>\n<meta property=\"og:locale\" content=\"fr_FR\" \/>\n<meta property=\"og:type\" content=\"article\" \/>\n<meta property=\"og:title\" content=\"Le coin des adaptateurs - Pinovo | FR\" \/>\n<meta property=\"og:description\" content=\"L&#x27;adaptateur d&#x27;angle PiConnect&#x2122; est sp\u00e9cialement con\u00e7u pour permettre un sablage s\u00fbr et efficace dans les angles internes et les espaces restreints. Utilis\u00e9 avec l&#x27;outil PiConnect&#x2122; et le syst\u00e8me d&#x27;aspiration PiSys&#x2122;, cet adaptateur garantit une r\u00e9tention totale des grains abrasifs et des d\u00e9bris, ce qui le rend id\u00e9al pour les espaces confin\u00e9s et les op\u00e9rations en zones ATEX 1 et 2. Quels sont les avantages pour vous ?   Con\u00e7u pour les angles int\u00e9rieurs des r\u00e9servoirs, des poutres et des structures en acier   Fonctionnement sans poussi\u00e8re \u2013 aucune \u00e9mission de contaminants dans l&#x27;air   Sablage en circuit ferm\u00e9 \u2013 contient enti\u00e8rement le grain et les d\u00e9chets   Plug &amp; play avec PiConnect&#x2122; pour un d\u00e9ploiement rapide   S\u00fbr dans les environnements explosifs \u2013 certifi\u00e9 ATEX\" \/>\n<meta property=\"og:url\" content=\"https:\/\/www.pinovo.eu\/fr\/product\/piconnect\/adapter-corner\/\" \/>\n<meta property=\"og:site_name\" content=\"Pinovo | FR\" \/>\n<meta property=\"article:modified_time\" content=\"2026-03-17T10:07:53+00:00\" \/>\n<meta property=\"og:image\" content=\"https:\/\/www.pinovo.eu\/fr\/wp-content\/uploads\/sites\/12\/2025\/07\/adapter-corner-1.png\" \/>\n\t<meta property=\"og:image:width\" content=\"675\" \/>\n\t<meta property=\"og:image:height\" content=\"675\" \/>\n\t<meta property=\"og:image:type\" content=\"image\/png\" \/>\n<meta name=\"twitter:card\" content=\"summary_large_image\" \/>\n<meta name=\"twitter:label1\" content=\"Dur\u00e9e de lecture estim\u00e9e\" \/>\n\t<meta name=\"twitter:data1\" content=\"1 minute\" \/>\n<script type=\"application\/ld+json\" class=\"yoast-schema-graph\">{\"@context\":\"https:\\\/\\\/schema.org\",\"@graph\":[{\"@type\":\"WebPage\",\"@id\":\"https:\\\/\\\/www.pinovo.eu\\\/fr\\\/product\\\/piconnect\\\/adapter-corner\\\/\",\"url\":\"https:\\\/\\\/www.pinovo.eu\\\/fr\\\/product\\\/piconnect\\\/adapter-corner\\\/\",\"name\":\"Le coin des adaptateurs - Pinovo | FR\",\"isPartOf\":{\"@id\":\"https:\\\/\\\/www.pinovo.eu\\\/fr\\\/#website\"},\"primaryImageOfPage\":{\"@id\":\"https:\\\/\\\/www.pinovo.eu\\\/fr\\\/product\\\/piconnect\\\/adapter-corner\\\/#primaryimage\"},\"image\":{\"@id\":\"https:\\\/\\\/www.pinovo.eu\\\/fr\\\/product\\\/piconnect\\\/adapter-corner\\\/#primaryimage\"},\"thumbnailUrl\":\"https:\\\/\\\/www.pinovo.eu\\\/fr\\\/wp-content\\\/uploads\\\/sites\\\/12\\\/2025\\\/07\\\/adapter-corner-1.png\",\"datePublished\":\"2025-07-03T09:09:31+00:00\",\"dateModified\":\"2026-03-17T10:07:53+00:00\",\"breadcrumb\":{\"@id\":\"https:\\\/\\\/www.pinovo.eu\\\/fr\\\/product\\\/piconnect\\\/adapter-corner\\\/#breadcrumb\"},\"inLanguage\":\"fr-FR\",\"potentialAction\":[{\"@type\":\"ReadAction\",\"target\":[\"https:\\\/\\\/www.pinovo.eu\\\/fr\\\/product\\\/piconnect\\\/adapter-corner\\\/\"]}]},{\"@type\":\"ImageObject\",\"inLanguage\":\"fr-FR\",\"@id\":\"https:\\\/\\\/www.pinovo.eu\\\/fr\\\/product\\\/piconnect\\\/adapter-corner\\\/#primaryimage\",\"url\":\"https:\\\/\\\/www.pinovo.eu\\\/fr\\\/wp-content\\\/uploads\\\/sites\\\/12\\\/2025\\\/07\\\/adapter-corner-1.png\",\"contentUrl\":\"https:\\\/\\\/www.pinovo.eu\\\/fr\\\/wp-content\\\/uploads\\\/sites\\\/12\\\/2025\\\/07\\\/adapter-corner-1.png\",\"width\":675,\"height\":675},{\"@type\":\"BreadcrumbList\",\"@id\":\"https:\\\/\\\/www.pinovo.eu\\\/fr\\\/product\\\/piconnect\\\/adapter-corner\\\/#breadcrumb\",\"itemListElement\":[{\"@type\":\"ListItem\",\"position\":1,\"name\":\"Home\",\"item\":\"https:\\\/\\\/www.pinovo.eu\\\/fr\\\/\"},{\"@type\":\"ListItem\",\"position\":2,\"name\":\"Products\",\"item\":\"https:\\\/\\\/www.pinovo.eu\\\/fr\\\/products\\\/\"},{\"@type\":\"ListItem\",\"position\":3,\"name\":\"Adapter Corner\"}]},{\"@type\":\"WebSite\",\"@id\":\"https:\\\/\\\/www.pinovo.eu\\\/fr\\\/#website\",\"url\":\"https:\\\/\\\/www.pinovo.eu\\\/fr\\\/\",\"name\":\"Pinovo | FR\",\"description\":\"Pinovo slogan\",\"potentialAction\":[{\"@type\":\"SearchAction\",\"target\":{\"@type\":\"EntryPoint\",\"urlTemplate\":\"https:\\\/\\\/www.pinovo.eu\\\/fr\\\/?s={search_term_string}\"},\"query-input\":{\"@type\":\"PropertyValueSpecification\",\"valueRequired\":true,\"valueName\":\"search_term_string\"}}],\"inLanguage\":\"fr-FR\"}]}<\/script>\n<!-- \/ Yoast SEO plugin. -->","yoast_head_json":{"title":"Le coin des adaptateurs - Pinovo | FR","robots":{"index":"noindex","follow":"follow","max-snippet":"max-snippet:-1","max-image-preview":"max-image-preview:large","max-video-preview":"max-video-preview:-1"},"og_locale":"fr_FR","og_type":"article","og_title":"Le coin des adaptateurs - Pinovo | FR","og_description":"L&#x27;adaptateur d&#x27;angle PiConnect&#x2122; est sp\u00e9cialement con\u00e7u pour permettre un sablage s\u00fbr et efficace dans les angles internes et les espaces restreints. Utilis\u00e9 avec l&#x27;outil PiConnect&#x2122; et le syst\u00e8me d&#x27;aspiration PiSys&#x2122;, cet adaptateur garantit une r\u00e9tention totale des grains abrasifs et des d\u00e9bris, ce qui le rend id\u00e9al pour les espaces confin\u00e9s et les op\u00e9rations en zones ATEX 1 et 2. Quels sont les avantages pour vous ?   Con\u00e7u pour les angles int\u00e9rieurs des r\u00e9servoirs, des poutres et des structures en acier   Fonctionnement sans poussi\u00e8re \u2013 aucune \u00e9mission de contaminants dans l&#x27;air   Sablage en circuit ferm\u00e9 \u2013 contient enti\u00e8rement le grain et les d\u00e9chets   Plug &amp; play avec PiConnect&#x2122; pour un d\u00e9ploiement rapide   S\u00fbr dans les environnements explosifs \u2013 certifi\u00e9 ATEX","og_url":"https:\/\/www.pinovo.eu\/fr\/product\/piconnect\/adapter-corner\/","og_site_name":"Pinovo | FR","article_modified_time":"2026-03-17T10:07:53+00:00","og_image":[{"width":675,"height":675,"url":"https:\/\/www.pinovo.eu\/fr\/wp-content\/uploads\/sites\/12\/2025\/07\/adapter-corner-1.png","type":"image\/png"}],"twitter_card":"summary_large_image","twitter_misc":{"Dur\u00e9e de lecture estim\u00e9e":"1 minute"},"schema":{"@context":"https:\/\/schema.org","@graph":[{"@type":"WebPage","@id":"https:\/\/www.pinovo.eu\/fr\/product\/piconnect\/adapter-corner\/","url":"https:\/\/www.pinovo.eu\/fr\/product\/piconnect\/adapter-corner\/","name":"Le coin des adaptateurs - Pinovo | FR","isPartOf":{"@id":"https:\/\/www.pinovo.eu\/fr\/#website"},"primaryImageOfPage":{"@id":"https:\/\/www.pinovo.eu\/fr\/product\/piconnect\/adapter-corner\/#primaryimage"},"image":{"@id":"https:\/\/www.pinovo.eu\/fr\/product\/piconnect\/adapter-corner\/#primaryimage"},"thumbnailUrl":"https:\/\/www.pinovo.eu\/fr\/wp-content\/uploads\/sites\/12\/2025\/07\/adapter-corner-1.png","datePublished":"2025-07-03T09:09:31+00:00","dateModified":"2026-03-17T10:07:53+00:00","breadcrumb":{"@id":"https:\/\/www.pinovo.eu\/fr\/product\/piconnect\/adapter-corner\/#breadcrumb"},"inLanguage":"fr-FR","potentialAction":[{"@type":"ReadAction","target":["https:\/\/www.pinovo.eu\/fr\/product\/piconnect\/adapter-corner\/"]}]},{"@type":"ImageObject","inLanguage":"fr-FR","@id":"https:\/\/www.pinovo.eu\/fr\/product\/piconnect\/adapter-corner\/#primaryimage","url":"https:\/\/www.pinovo.eu\/fr\/wp-content\/uploads\/sites\/12\/2025\/07\/adapter-corner-1.png","contentUrl":"https:\/\/www.pinovo.eu\/fr\/wp-content\/uploads\/sites\/12\/2025\/07\/adapter-corner-1.png","width":675,"height":675},{"@type":"BreadcrumbList","@id":"https:\/\/www.pinovo.eu\/fr\/product\/piconnect\/adapter-corner\/#breadcrumb","itemListElement":[{"@type":"ListItem","position":1,"name":"Home","item":"https:\/\/www.pinovo.eu\/fr\/"},{"@type":"ListItem","position":2,"name":"Products","item":"https:\/\/www.pinovo.eu\/fr\/products\/"},{"@type":"ListItem","position":3,"name":"Adapter Corner"}]},{"@type":"WebSite","@id":"https:\/\/www.pinovo.eu\/fr\/#website","url":"https:\/\/www.pinovo.eu\/fr\/","name":"Pinovo | FR","description":"Pinovo slogan","potentialAction":[{"@type":"SearchAction","target":{"@type":"EntryPoint","urlTemplate":"https:\/\/www.pinovo.eu\/fr\/?s={search_term_string}"},"query-input":{"@type":"PropertyValueSpecification","valueRequired":true,"valueName":"search_term_string"}}],"inLanguage":"fr-FR"}]}},"_links":{"self":[{"href":"https:\/\/www.pinovo.eu\/fr\/wp-json\/wp\/v2\/product\/2542","targetHints":{"allow":["GET"]}}],"collection":[{"href":"https:\/\/www.pinovo.eu\/fr\/wp-json\/wp\/v2\/product"}],"about":[{"href":"https:\/\/www.pinovo.eu\/fr\/wp-json\/wp\/v2\/types\/product"}],"wp:featuredmedia":[{"embeddable":true,"href":"https:\/\/www.pinovo.eu\/fr\/wp-json\/wp\/v2\/media\/2576"}],"wp:attachment":[{"href":"https:\/\/www.pinovo.eu\/fr\/wp-json\/wp\/v2\/media?parent=2542"}],"wp:term":[{"taxonomy":"product_brand","embeddable":true,"href":"https:\/\/www.pinovo.eu\/fr\/wp-json\/wp\/v2\/product_brand?post=2542"},{"taxonomy":"product_cat","embeddable":true,"href":"https:\/\/www.pinovo.eu\/fr\/wp-json\/wp\/v2\/product_cat?post=2542"},{"taxonomy":"product_tag","embeddable":true,"href":"https:\/\/www.pinovo.eu\/fr\/wp-json\/wp\/v2\/product_tag?post=2542"}],"curies":[{"name":"wp","href":"https:\/\/api.w.org\/{rel}","templated":true}]}}