{"id":2544,"date":"2025-07-03T10:14:06","date_gmt":"2025-07-03T09:14:06","guid":{"rendered":"https:\/\/www.pinovo.eu\/?post_type=product&#038;p=2544"},"modified":"2026-03-17T11:07:31","modified_gmt":"2026-03-17T10:07:31","slug":"adaptateur-edge","status":"publish","type":"product","link":"https:\/\/www.pinovo.eu\/fr\/product\/piconnect\/adaptateur-edge\/","title":{"rendered":"Adaptateur Edge"},"content":{"rendered":"","protected":false},"excerpt":{"rendered":"<p>L&#x27;<strong data-start=\"209\" data-end=\"236\">adaptateur<\/strong> <strong data-start=\"209\" data-end=\"236\">PiConnect&#x2122; Edge<\/strong> est con\u00e7u pour <strong data-start=\"253\" data-end=\"311\">le sablage des bords ext\u00e9rieurs et des transitions abruptes<\/strong>, tels que les brides, les renforts et les angles structurels. Associ\u00e9 \u00e0 l&#x27;outil manuel <a href=\"https:\/\/www.pinovo.eu\/product-category\/piconnect\/\">PiConnect&#x2122;<\/a> et au syst\u00e8me en boucle ferm\u00e9e <a href=\"https:\/\/www.pinovo.eu\/product\/vacuum-blasting-machine\/vacuum-blasting-machine\/\">PiSys&#x2122;<\/a>, cet adaptateur vous permet d&#x27;\u00e9liminer avec pr\u00e9cision les rev\u00eatements ou la corrosion, sans poussi\u00e8re, sans contamination et sans temps d&#x27;arr\u00eat.<\/p>\n<h3 data-start=\"545\" data-end=\"571\">Pourquoi c&#x27;est la solution qu&#x27;il vous faut<\/h3>\n<ul data-start=\"572\" data-end=\"869\">\n<li data-start=\"572\" data-end=\"639\">\n<p data-start=\"574\" data-end=\"639\"><strong data-start=\"577\" data-end=\"637\">Parfait pour les angles ext\u00e9rieurs, les ar\u00eates et les profil\u00e9s angulaires<\/strong><\/p>\n<\/li>\n<li data-start=\"640\" data-end=\"696\">\n<p data-start=\"642\" data-end=\"696\"><strong data-start=\"645\" data-end=\"668\">Enti\u00e8rement ferm\u00e9<\/strong> : aucune fuite de poussi\u00e8re ni de granulats<\/p>\n<\/li>\n<li data-start=\"697\" data-end=\"759\">\n<p data-start=\"699\" data-end=\"759\"><strong data-start=\"701\" data-end=\"730\">Conforme aux normes ATEX Zones 1 et 2<\/strong> \u2013 sans danger pour les zones \u00e0 risque<\/p>\n<\/li>\n<li data-start=\"760\" data-end=\"814\">\n<p data-start=\"762\" data-end=\"814\"><strong data-start=\"765\" data-end=\"792\">\u00c9conomie sur le nettoyage et le grain<\/strong> gr\u00e2ce au recyclage complet<\/p>\n<\/li>\n<li data-start=\"815\" data-end=\"869\">\n<p data-start=\"817\" data-end=\"869\"><strong>Remplacement rapide<\/strong> gr\u00e2ce \u00e0 une installation par clic<\/p>\n<\/li>\n<\/ul>\n","protected":false},"featured_media":2577,"template":"","meta":{"_acf_changed":false,"content-type":"","editor_notices":[]},"product_brand":[],"product_cat":[94],"product_tag":[],"class_list":{"0":"post-2544","1":"product","2":"type-product","3":"status-publish","4":"has-post-thumbnail","6":"product_cat-piconnect","8":"first","9":"instock","10":"taxable","11":"shipping-taxable","12":"product-type-simple"},"acf":[],"yoast_head":"<!-- This site is optimized with the Yoast SEO plugin v27.3 - https:\/\/yoast.com\/product\/yoast-seo-wordpress\/ -->\n<title>Adaptateur Edge - Pinovo | FR<\/title>\n<meta name=\"robots\" content=\"noindex, follow, max-snippet:-1, max-image-preview:large, max-video-preview:-1\" \/>\n<meta property=\"og:locale\" content=\"fr_FR\" \/>\n<meta property=\"og:type\" content=\"article\" \/>\n<meta property=\"og:title\" content=\"Adaptateur Edge - Pinovo | FR\" \/>\n<meta property=\"og:description\" content=\"L&#x27;adaptateur PiConnect&#x2122; Edge est con\u00e7u pour le sablage des bords ext\u00e9rieurs et des transitions abruptes, tels que les brides, les renforts et les angles structurels. Associ\u00e9 \u00e0 l&#x27;outil manuel PiConnect&#x2122; et au syst\u00e8me en boucle ferm\u00e9e PiSys&#x2122;, cet adaptateur vous permet d&#x27;\u00e9liminer avec pr\u00e9cision les rev\u00eatements ou la corrosion, sans poussi\u00e8re, sans contamination et sans temps d&#x27;arr\u00eat. Pourquoi c&#x27;est la solution qu&#x27;il vous faut   Parfait pour les angles ext\u00e9rieurs, les ar\u00eates et les profil\u00e9s angulaires   Enti\u00e8rement ferm\u00e9 : aucune fuite de poussi\u00e8re ni de granulats   Conforme aux normes ATEX Zones 1 et 2 \u2013 sans danger pour les zones \u00e0 risque   \u00c9conomie sur le nettoyage et le grain gr\u00e2ce au recyclage complet   Remplacement rapide gr\u00e2ce \u00e0 une installation par clic\" \/>\n<meta property=\"og:url\" content=\"https:\/\/www.pinovo.eu\/fr\/product\/piconnect\/adapter-edge\/\" \/>\n<meta property=\"og:site_name\" content=\"Pinovo | FR\" \/>\n<meta property=\"article:modified_time\" content=\"2026-03-17T10:07:31+00:00\" \/>\n<meta property=\"og:image\" content=\"https:\/\/www.pinovo.eu\/fr\/wp-content\/uploads\/sites\/12\/2025\/07\/Adapter-Edge-1.png\" \/>\n\t<meta property=\"og:image:width\" content=\"675\" \/>\n\t<meta property=\"og:image:height\" content=\"675\" \/>\n\t<meta property=\"og:image:type\" content=\"image\/png\" \/>\n<meta name=\"twitter:card\" content=\"summary_large_image\" \/>\n<meta name=\"twitter:label1\" content=\"Dur\u00e9e de lecture estim\u00e9e\" \/>\n\t<meta name=\"twitter:data1\" content=\"1 minute\" \/>\n<script type=\"application\/ld+json\" class=\"yoast-schema-graph\">{\"@context\":\"https:\\\/\\\/schema.org\",\"@graph\":[{\"@type\":\"WebPage\",\"@id\":\"https:\\\/\\\/www.pinovo.eu\\\/fr\\\/product\\\/piconnect\\\/adapter-edge\\\/\",\"url\":\"https:\\\/\\\/www.pinovo.eu\\\/fr\\\/product\\\/piconnect\\\/adapter-edge\\\/\",\"name\":\"Adaptateur Edge - Pinovo | FR\",\"isPartOf\":{\"@id\":\"https:\\\/\\\/www.pinovo.eu\\\/fr\\\/#website\"},\"primaryImageOfPage\":{\"@id\":\"https:\\\/\\\/www.pinovo.eu\\\/fr\\\/product\\\/piconnect\\\/adapter-edge\\\/#primaryimage\"},\"image\":{\"@id\":\"https:\\\/\\\/www.pinovo.eu\\\/fr\\\/product\\\/piconnect\\\/adapter-edge\\\/#primaryimage\"},\"thumbnailUrl\":\"https:\\\/\\\/www.pinovo.eu\\\/fr\\\/wp-content\\\/uploads\\\/sites\\\/12\\\/2025\\\/07\\\/Adapter-Edge-1.png\",\"datePublished\":\"2025-07-03T09:14:06+00:00\",\"dateModified\":\"2026-03-17T10:07:31+00:00\",\"breadcrumb\":{\"@id\":\"https:\\\/\\\/www.pinovo.eu\\\/fr\\\/product\\\/piconnect\\\/adapter-edge\\\/#breadcrumb\"},\"inLanguage\":\"fr-FR\",\"potentialAction\":[{\"@type\":\"ReadAction\",\"target\":[\"https:\\\/\\\/www.pinovo.eu\\\/fr\\\/product\\\/piconnect\\\/adapter-edge\\\/\"]}]},{\"@type\":\"ImageObject\",\"inLanguage\":\"fr-FR\",\"@id\":\"https:\\\/\\\/www.pinovo.eu\\\/fr\\\/product\\\/piconnect\\\/adapter-edge\\\/#primaryimage\",\"url\":\"https:\\\/\\\/www.pinovo.eu\\\/fr\\\/wp-content\\\/uploads\\\/sites\\\/12\\\/2025\\\/07\\\/Adapter-Edge-1.png\",\"contentUrl\":\"https:\\\/\\\/www.pinovo.eu\\\/fr\\\/wp-content\\\/uploads\\\/sites\\\/12\\\/2025\\\/07\\\/Adapter-Edge-1.png\",\"width\":675,\"height\":675},{\"@type\":\"BreadcrumbList\",\"@id\":\"https:\\\/\\\/www.pinovo.eu\\\/fr\\\/product\\\/piconnect\\\/adapter-edge\\\/#breadcrumb\",\"itemListElement\":[{\"@type\":\"ListItem\",\"position\":1,\"name\":\"Home\",\"item\":\"https:\\\/\\\/www.pinovo.eu\\\/fr\\\/\"},{\"@type\":\"ListItem\",\"position\":2,\"name\":\"Products\",\"item\":\"https:\\\/\\\/www.pinovo.eu\\\/fr\\\/products\\\/\"},{\"@type\":\"ListItem\",\"position\":3,\"name\":\"Adapter Edge\"}]},{\"@type\":\"WebSite\",\"@id\":\"https:\\\/\\\/www.pinovo.eu\\\/fr\\\/#website\",\"url\":\"https:\\\/\\\/www.pinovo.eu\\\/fr\\\/\",\"name\":\"Pinovo | FR\",\"description\":\"Pinovo slogan\",\"potentialAction\":[{\"@type\":\"SearchAction\",\"target\":{\"@type\":\"EntryPoint\",\"urlTemplate\":\"https:\\\/\\\/www.pinovo.eu\\\/fr\\\/?s={search_term_string}\"},\"query-input\":{\"@type\":\"PropertyValueSpecification\",\"valueRequired\":true,\"valueName\":\"search_term_string\"}}],\"inLanguage\":\"fr-FR\"}]}<\/script>\n<!-- \/ Yoast SEO plugin. -->","yoast_head_json":{"title":"Adaptateur Edge - Pinovo | FR","robots":{"index":"noindex","follow":"follow","max-snippet":"max-snippet:-1","max-image-preview":"max-image-preview:large","max-video-preview":"max-video-preview:-1"},"og_locale":"fr_FR","og_type":"article","og_title":"Adaptateur Edge - Pinovo | FR","og_description":"L&#x27;adaptateur PiConnect&#x2122; Edge est con\u00e7u pour le sablage des bords ext\u00e9rieurs et des transitions abruptes, tels que les brides, les renforts et les angles structurels. Associ\u00e9 \u00e0 l&#x27;outil manuel PiConnect&#x2122; et au syst\u00e8me en boucle ferm\u00e9e PiSys&#x2122;, cet adaptateur vous permet d&#x27;\u00e9liminer avec pr\u00e9cision les rev\u00eatements ou la corrosion, sans poussi\u00e8re, sans contamination et sans temps d&#x27;arr\u00eat. Pourquoi c&#x27;est la solution qu&#x27;il vous faut   Parfait pour les angles ext\u00e9rieurs, les ar\u00eates et les profil\u00e9s angulaires   Enti\u00e8rement ferm\u00e9 : aucune fuite de poussi\u00e8re ni de granulats   Conforme aux normes ATEX Zones 1 et 2 \u2013 sans danger pour les zones \u00e0 risque   \u00c9conomie sur le nettoyage et le grain gr\u00e2ce au recyclage complet   Remplacement rapide gr\u00e2ce \u00e0 une installation par clic","og_url":"https:\/\/www.pinovo.eu\/fr\/product\/piconnect\/adapter-edge\/","og_site_name":"Pinovo | FR","article_modified_time":"2026-03-17T10:07:31+00:00","og_image":[{"width":675,"height":675,"url":"https:\/\/www.pinovo.eu\/fr\/wp-content\/uploads\/sites\/12\/2025\/07\/Adapter-Edge-1.png","type":"image\/png"}],"twitter_card":"summary_large_image","twitter_misc":{"Dur\u00e9e de lecture estim\u00e9e":"1 minute"},"schema":{"@context":"https:\/\/schema.org","@graph":[{"@type":"WebPage","@id":"https:\/\/www.pinovo.eu\/fr\/product\/piconnect\/adapter-edge\/","url":"https:\/\/www.pinovo.eu\/fr\/product\/piconnect\/adapter-edge\/","name":"Adaptateur Edge - Pinovo | FR","isPartOf":{"@id":"https:\/\/www.pinovo.eu\/fr\/#website"},"primaryImageOfPage":{"@id":"https:\/\/www.pinovo.eu\/fr\/product\/piconnect\/adapter-edge\/#primaryimage"},"image":{"@id":"https:\/\/www.pinovo.eu\/fr\/product\/piconnect\/adapter-edge\/#primaryimage"},"thumbnailUrl":"https:\/\/www.pinovo.eu\/fr\/wp-content\/uploads\/sites\/12\/2025\/07\/Adapter-Edge-1.png","datePublished":"2025-07-03T09:14:06+00:00","dateModified":"2026-03-17T10:07:31+00:00","breadcrumb":{"@id":"https:\/\/www.pinovo.eu\/fr\/product\/piconnect\/adapter-edge\/#breadcrumb"},"inLanguage":"fr-FR","potentialAction":[{"@type":"ReadAction","target":["https:\/\/www.pinovo.eu\/fr\/product\/piconnect\/adapter-edge\/"]}]},{"@type":"ImageObject","inLanguage":"fr-FR","@id":"https:\/\/www.pinovo.eu\/fr\/product\/piconnect\/adapter-edge\/#primaryimage","url":"https:\/\/www.pinovo.eu\/fr\/wp-content\/uploads\/sites\/12\/2025\/07\/Adapter-Edge-1.png","contentUrl":"https:\/\/www.pinovo.eu\/fr\/wp-content\/uploads\/sites\/12\/2025\/07\/Adapter-Edge-1.png","width":675,"height":675},{"@type":"BreadcrumbList","@id":"https:\/\/www.pinovo.eu\/fr\/product\/piconnect\/adapter-edge\/#breadcrumb","itemListElement":[{"@type":"ListItem","position":1,"name":"Home","item":"https:\/\/www.pinovo.eu\/fr\/"},{"@type":"ListItem","position":2,"name":"Products","item":"https:\/\/www.pinovo.eu\/fr\/products\/"},{"@type":"ListItem","position":3,"name":"Adapter Edge"}]},{"@type":"WebSite","@id":"https:\/\/www.pinovo.eu\/fr\/#website","url":"https:\/\/www.pinovo.eu\/fr\/","name":"Pinovo | FR","description":"Pinovo slogan","potentialAction":[{"@type":"SearchAction","target":{"@type":"EntryPoint","urlTemplate":"https:\/\/www.pinovo.eu\/fr\/?s={search_term_string}"},"query-input":{"@type":"PropertyValueSpecification","valueRequired":true,"valueName":"search_term_string"}}],"inLanguage":"fr-FR"}]}},"_links":{"self":[{"href":"https:\/\/www.pinovo.eu\/fr\/wp-json\/wp\/v2\/product\/2544","targetHints":{"allow":["GET"]}}],"collection":[{"href":"https:\/\/www.pinovo.eu\/fr\/wp-json\/wp\/v2\/product"}],"about":[{"href":"https:\/\/www.pinovo.eu\/fr\/wp-json\/wp\/v2\/types\/product"}],"wp:featuredmedia":[{"embeddable":true,"href":"https:\/\/www.pinovo.eu\/fr\/wp-json\/wp\/v2\/media\/2577"}],"wp:attachment":[{"href":"https:\/\/www.pinovo.eu\/fr\/wp-json\/wp\/v2\/media?parent=2544"}],"wp:term":[{"taxonomy":"product_brand","embeddable":true,"href":"https:\/\/www.pinovo.eu\/fr\/wp-json\/wp\/v2\/product_brand?post=2544"},{"taxonomy":"product_cat","embeddable":true,"href":"https:\/\/www.pinovo.eu\/fr\/wp-json\/wp\/v2\/product_cat?post=2544"},{"taxonomy":"product_tag","embeddable":true,"href":"https:\/\/www.pinovo.eu\/fr\/wp-json\/wp\/v2\/product_tag?post=2544"}],"curies":[{"name":"wp","href":"https:\/\/api.w.org\/{rel}","templated":true}]}}