{"id":2550,"date":"2025-07-03T10:29:45","date_gmt":"2025-07-03T09:29:45","guid":{"rendered":"https:\/\/www.pinovo.eu\/?post_type=product&#038;p=2550"},"modified":"2026-03-17T11:06:09","modified_gmt":"2026-03-17T10:06:09","slug":"adaptateur-pour-tuyau-de-8-pouces","status":"publish","type":"product","link":"https:\/\/www.pinovo.eu\/fr\/product\/piconnect\/adaptateur-pour-tuyau-de-8-pouces\/","title":{"rendered":"Adaptateur pour tuyau de 8 pouces"},"content":{"rendered":"","protected":false},"excerpt":{"rendered":"<p>L&#x27;<strong data-start=\"220\" data-end=\"250\">adaptateur<\/strong> <strong data-start=\"220\" data-end=\"250\">PiConnect&#x2122; pour tuyaux de 8 pouces<\/strong> est la solution id\u00e9ale pour <strong data-start=\"278\" data-end=\"336\">une pr\u00e9paration de surface sans poussi\u00e8re sur les tuyaux de 8 pouces de diam\u00e8tre<\/strong>. Con\u00e7u pour se raccorder \u00e0 l&#x27;outil manuel <a href=\"https:\/\/www.pinovo.eu\/product-category\/piconnect\/\">PiConnect&#x2122;<\/a> et \u00e0 l&#x27;unit\u00e9 de sablage sous vide <a href=\"https:\/\/www.pinovo.eu\/product\/vacuum-blasting-machine\/vacuum-blasting-machine\/\">PiSys&#x2122;<\/a>, il offre des performances fiables dans les environnements \u00e0 haut risque, sans exposer votre \u00e9quipe ni votre environnement \u00e0 des particules nocives.<\/p>\n<h3 data-start=\"541\" data-end=\"571\">Pourquoi choisir cet adaptateur ?<\/h3>\n<ul data-start=\"572\" data-end=\"934\">\n<li data-start=\"572\" data-end=\"661\">\n<p data-start=\"574\" data-end=\"661\"><strong data-start=\"577\" data-end=\"610\">Con\u00e7u sur mesure pour la g\u00e9om\u00e9trie des tuyaux de 8 pouces<\/strong> \u2013 sablez \u00e0 la fois les surfaces ext\u00e9rieures et les surfaces int\u00e9rieures accessibles<\/p>\n<\/li>\n<li data-start=\"662\" data-end=\"738\">\n<p data-start=\"664\" data-end=\"738\"><strong data-start=\"668\" data-end=\"686\">Aucune fuite de poussi\u00e8re<\/strong> \u2013 \u00e9tanch\u00e9it\u00e9 totale pour les environnements dangereux ou propres<\/p>\n<\/li>\n<li data-start=\"739\" data-end=\"800\">\n<p data-start=\"741\" data-end=\"800\"><strong data-start=\"743\" data-end=\"776\">Certifi\u00e9 pour les zones ATEX 1 et 2<\/strong> \u2013 sans \u00e9tincelles et s\u00fbr<\/p>\n<\/li>\n<li data-start=\"801\" data-end=\"871\">\n<p data-start=\"803\" data-end=\"871\"><strong data-start=\"806\" data-end=\"834\">Syst\u00e8me de fixation par encliquetage<\/strong> \u2013 changez rapidement d&#x27;outil, r\u00e9duisez les temps d&#x27;arr\u00eat<\/p>\n<\/li>\n<li data-start=\"872\" data-end=\"934\">\n<p data-start=\"874\" data-end=\"934\"><strong data-start=\"877\" data-end=\"907\">R\u00e9duit les d\u00e9chets jusqu&#x27;\u00e0 90 %<\/strong> \u2013 gr\u00e2ce au recyclage de la grenaille<\/p>\n<\/li>\n<\/ul>\n","protected":false},"featured_media":2580,"template":"","meta":{"_acf_changed":false,"content-type":"","editor_notices":[]},"product_brand":[],"product_cat":[94],"product_tag":[],"class_list":{"0":"post-2550","1":"product","2":"type-product","3":"status-publish","4":"has-post-thumbnail","6":"product_cat-piconnect","8":"first","9":"instock","10":"taxable","11":"shipping-taxable","12":"product-type-simple"},"acf":[],"yoast_head":"<!-- This site is optimized with the Yoast SEO plugin v27.3 - https:\/\/yoast.com\/product\/yoast-seo-wordpress\/ -->\n<title>Adaptateur pour tuyau de 8 pouces - Pinovo | FR<\/title>\n<meta name=\"robots\" content=\"noindex, follow, max-snippet:-1, max-image-preview:large, max-video-preview:-1\" \/>\n<meta property=\"og:locale\" content=\"fr_FR\" \/>\n<meta property=\"og:type\" content=\"article\" \/>\n<meta property=\"og:title\" content=\"Adaptateur pour tuyau de 8 pouces - Pinovo | FR\" \/>\n<meta property=\"og:description\" content=\"L&#x27;adaptateur PiConnect&#x2122; pour tuyaux de 8 pouces est la solution id\u00e9ale pour une pr\u00e9paration de surface sans poussi\u00e8re sur les tuyaux de 8 pouces de diam\u00e8tre. Con\u00e7u pour se raccorder \u00e0 l&#x27;outil manuel PiConnect&#x2122; et \u00e0 l&#x27;unit\u00e9 de sablage sous vide PiSys&#x2122;, il offre des performances fiables dans les environnements \u00e0 haut risque, sans exposer votre \u00e9quipe ni votre environnement \u00e0 des particules nocives. Pourquoi choisir cet adaptateur ?   Con\u00e7u sur mesure pour la g\u00e9om\u00e9trie des tuyaux de 8 pouces \u2013 sablez \u00e0 la fois les surfaces ext\u00e9rieures et les surfaces int\u00e9rieures accessibles   Aucune fuite de poussi\u00e8re \u2013 \u00e9tanch\u00e9it\u00e9 totale pour les environnements dangereux ou propres   Certifi\u00e9 pour les zones ATEX 1 et 2 \u2013 sans \u00e9tincelles et s\u00fbr   Syst\u00e8me de fixation par encliquetage \u2013 changez rapidement d&#x27;outil, r\u00e9duisez les temps d&#x27;arr\u00eat   R\u00e9duit les d\u00e9chets jusqu&#x27;\u00e0 90 % \u2013 gr\u00e2ce au recyclage de la grenaille\" \/>\n<meta property=\"og:url\" content=\"https:\/\/www.pinovo.eu\/fr\/product\/piconnect\/adapter-8-pipe\/\" \/>\n<meta property=\"og:site_name\" content=\"Pinovo | FR\" \/>\n<meta property=\"article:modified_time\" content=\"2026-03-17T10:06:09+00:00\" \/>\n<meta property=\"og:image\" content=\"https:\/\/www.pinovo.eu\/fr\/wp-content\/uploads\/sites\/12\/2025\/07\/Adapter-8-Pipe-1.png\" \/>\n\t<meta property=\"og:image:width\" content=\"675\" \/>\n\t<meta property=\"og:image:height\" content=\"675\" \/>\n\t<meta property=\"og:image:type\" content=\"image\/png\" \/>\n<meta name=\"twitter:card\" content=\"summary_large_image\" \/>\n<meta name=\"twitter:label1\" content=\"Dur\u00e9e de lecture estim\u00e9e\" \/>\n\t<meta name=\"twitter:data1\" content=\"1 minute\" \/>\n<script type=\"application\/ld+json\" class=\"yoast-schema-graph\">{\"@context\":\"https:\\\/\\\/schema.org\",\"@graph\":[{\"@type\":\"WebPage\",\"@id\":\"https:\\\/\\\/www.pinovo.eu\\\/fr\\\/product\\\/piconnect\\\/adapter-8-pipe\\\/\",\"url\":\"https:\\\/\\\/www.pinovo.eu\\\/fr\\\/product\\\/piconnect\\\/adapter-8-pipe\\\/\",\"name\":\"Adaptateur pour tuyau de 8 pouces - Pinovo | FR\",\"isPartOf\":{\"@id\":\"https:\\\/\\\/www.pinovo.eu\\\/fr\\\/#website\"},\"primaryImageOfPage\":{\"@id\":\"https:\\\/\\\/www.pinovo.eu\\\/fr\\\/product\\\/piconnect\\\/adapter-8-pipe\\\/#primaryimage\"},\"image\":{\"@id\":\"https:\\\/\\\/www.pinovo.eu\\\/fr\\\/product\\\/piconnect\\\/adapter-8-pipe\\\/#primaryimage\"},\"thumbnailUrl\":\"https:\\\/\\\/www.pinovo.eu\\\/fr\\\/wp-content\\\/uploads\\\/sites\\\/12\\\/2025\\\/07\\\/Adapter-8-Pipe-1.png\",\"datePublished\":\"2025-07-03T09:29:45+00:00\",\"dateModified\":\"2026-03-17T10:06:09+00:00\",\"breadcrumb\":{\"@id\":\"https:\\\/\\\/www.pinovo.eu\\\/fr\\\/product\\\/piconnect\\\/adapter-8-pipe\\\/#breadcrumb\"},\"inLanguage\":\"fr-FR\",\"potentialAction\":[{\"@type\":\"ReadAction\",\"target\":[\"https:\\\/\\\/www.pinovo.eu\\\/fr\\\/product\\\/piconnect\\\/adapter-8-pipe\\\/\"]}]},{\"@type\":\"ImageObject\",\"inLanguage\":\"fr-FR\",\"@id\":\"https:\\\/\\\/www.pinovo.eu\\\/fr\\\/product\\\/piconnect\\\/adapter-8-pipe\\\/#primaryimage\",\"url\":\"https:\\\/\\\/www.pinovo.eu\\\/fr\\\/wp-content\\\/uploads\\\/sites\\\/12\\\/2025\\\/07\\\/Adapter-8-Pipe-1.png\",\"contentUrl\":\"https:\\\/\\\/www.pinovo.eu\\\/fr\\\/wp-content\\\/uploads\\\/sites\\\/12\\\/2025\\\/07\\\/Adapter-8-Pipe-1.png\",\"width\":675,\"height\":675},{\"@type\":\"BreadcrumbList\",\"@id\":\"https:\\\/\\\/www.pinovo.eu\\\/fr\\\/product\\\/piconnect\\\/adapter-8-pipe\\\/#breadcrumb\",\"itemListElement\":[{\"@type\":\"ListItem\",\"position\":1,\"name\":\"Home\",\"item\":\"https:\\\/\\\/www.pinovo.eu\\\/fr\\\/\"},{\"@type\":\"ListItem\",\"position\":2,\"name\":\"Products\",\"item\":\"https:\\\/\\\/www.pinovo.eu\\\/fr\\\/products\\\/\"},{\"@type\":\"ListItem\",\"position\":3,\"name\":\"Adapter 8\u201d Pipe\"}]},{\"@type\":\"WebSite\",\"@id\":\"https:\\\/\\\/www.pinovo.eu\\\/fr\\\/#website\",\"url\":\"https:\\\/\\\/www.pinovo.eu\\\/fr\\\/\",\"name\":\"Pinovo | FR\",\"description\":\"Pinovo slogan\",\"potentialAction\":[{\"@type\":\"SearchAction\",\"target\":{\"@type\":\"EntryPoint\",\"urlTemplate\":\"https:\\\/\\\/www.pinovo.eu\\\/fr\\\/?s={search_term_string}\"},\"query-input\":{\"@type\":\"PropertyValueSpecification\",\"valueRequired\":true,\"valueName\":\"search_term_string\"}}],\"inLanguage\":\"fr-FR\"}]}<\/script>\n<!-- \/ Yoast SEO plugin. -->","yoast_head_json":{"title":"Adaptateur pour tuyau de 8 pouces - Pinovo | FR","robots":{"index":"noindex","follow":"follow","max-snippet":"max-snippet:-1","max-image-preview":"max-image-preview:large","max-video-preview":"max-video-preview:-1"},"og_locale":"fr_FR","og_type":"article","og_title":"Adaptateur pour tuyau de 8 pouces - Pinovo | FR","og_description":"L&#x27;adaptateur PiConnect&#x2122; pour tuyaux de 8 pouces est la solution id\u00e9ale pour une pr\u00e9paration de surface sans poussi\u00e8re sur les tuyaux de 8 pouces de diam\u00e8tre. Con\u00e7u pour se raccorder \u00e0 l&#x27;outil manuel PiConnect&#x2122; et \u00e0 l&#x27;unit\u00e9 de sablage sous vide PiSys&#x2122;, il offre des performances fiables dans les environnements \u00e0 haut risque, sans exposer votre \u00e9quipe ni votre environnement \u00e0 des particules nocives. Pourquoi choisir cet adaptateur ?   Con\u00e7u sur mesure pour la g\u00e9om\u00e9trie des tuyaux de 8 pouces \u2013 sablez \u00e0 la fois les surfaces ext\u00e9rieures et les surfaces int\u00e9rieures accessibles   Aucune fuite de poussi\u00e8re \u2013 \u00e9tanch\u00e9it\u00e9 totale pour les environnements dangereux ou propres   Certifi\u00e9 pour les zones ATEX 1 et 2 \u2013 sans \u00e9tincelles et s\u00fbr   Syst\u00e8me de fixation par encliquetage \u2013 changez rapidement d&#x27;outil, r\u00e9duisez les temps d&#x27;arr\u00eat   R\u00e9duit les d\u00e9chets jusqu&#x27;\u00e0 90 % \u2013 gr\u00e2ce au recyclage de la grenaille","og_url":"https:\/\/www.pinovo.eu\/fr\/product\/piconnect\/adapter-8-pipe\/","og_site_name":"Pinovo | FR","article_modified_time":"2026-03-17T10:06:09+00:00","og_image":[{"width":675,"height":675,"url":"https:\/\/www.pinovo.eu\/fr\/wp-content\/uploads\/sites\/12\/2025\/07\/Adapter-8-Pipe-1.png","type":"image\/png"}],"twitter_card":"summary_large_image","twitter_misc":{"Dur\u00e9e de lecture estim\u00e9e":"1 minute"},"schema":{"@context":"https:\/\/schema.org","@graph":[{"@type":"WebPage","@id":"https:\/\/www.pinovo.eu\/fr\/product\/piconnect\/adapter-8-pipe\/","url":"https:\/\/www.pinovo.eu\/fr\/product\/piconnect\/adapter-8-pipe\/","name":"Adaptateur pour tuyau de 8 pouces - Pinovo | FR","isPartOf":{"@id":"https:\/\/www.pinovo.eu\/fr\/#website"},"primaryImageOfPage":{"@id":"https:\/\/www.pinovo.eu\/fr\/product\/piconnect\/adapter-8-pipe\/#primaryimage"},"image":{"@id":"https:\/\/www.pinovo.eu\/fr\/product\/piconnect\/adapter-8-pipe\/#primaryimage"},"thumbnailUrl":"https:\/\/www.pinovo.eu\/fr\/wp-content\/uploads\/sites\/12\/2025\/07\/Adapter-8-Pipe-1.png","datePublished":"2025-07-03T09:29:45+00:00","dateModified":"2026-03-17T10:06:09+00:00","breadcrumb":{"@id":"https:\/\/www.pinovo.eu\/fr\/product\/piconnect\/adapter-8-pipe\/#breadcrumb"},"inLanguage":"fr-FR","potentialAction":[{"@type":"ReadAction","target":["https:\/\/www.pinovo.eu\/fr\/product\/piconnect\/adapter-8-pipe\/"]}]},{"@type":"ImageObject","inLanguage":"fr-FR","@id":"https:\/\/www.pinovo.eu\/fr\/product\/piconnect\/adapter-8-pipe\/#primaryimage","url":"https:\/\/www.pinovo.eu\/fr\/wp-content\/uploads\/sites\/12\/2025\/07\/Adapter-8-Pipe-1.png","contentUrl":"https:\/\/www.pinovo.eu\/fr\/wp-content\/uploads\/sites\/12\/2025\/07\/Adapter-8-Pipe-1.png","width":675,"height":675},{"@type":"BreadcrumbList","@id":"https:\/\/www.pinovo.eu\/fr\/product\/piconnect\/adapter-8-pipe\/#breadcrumb","itemListElement":[{"@type":"ListItem","position":1,"name":"Home","item":"https:\/\/www.pinovo.eu\/fr\/"},{"@type":"ListItem","position":2,"name":"Products","item":"https:\/\/www.pinovo.eu\/fr\/products\/"},{"@type":"ListItem","position":3,"name":"Adapter 8\u201d Pipe"}]},{"@type":"WebSite","@id":"https:\/\/www.pinovo.eu\/fr\/#website","url":"https:\/\/www.pinovo.eu\/fr\/","name":"Pinovo | FR","description":"Pinovo slogan","potentialAction":[{"@type":"SearchAction","target":{"@type":"EntryPoint","urlTemplate":"https:\/\/www.pinovo.eu\/fr\/?s={search_term_string}"},"query-input":{"@type":"PropertyValueSpecification","valueRequired":true,"valueName":"search_term_string"}}],"inLanguage":"fr-FR"}]}},"_links":{"self":[{"href":"https:\/\/www.pinovo.eu\/fr\/wp-json\/wp\/v2\/product\/2550","targetHints":{"allow":["GET"]}}],"collection":[{"href":"https:\/\/www.pinovo.eu\/fr\/wp-json\/wp\/v2\/product"}],"about":[{"href":"https:\/\/www.pinovo.eu\/fr\/wp-json\/wp\/v2\/types\/product"}],"wp:featuredmedia":[{"embeddable":true,"href":"https:\/\/www.pinovo.eu\/fr\/wp-json\/wp\/v2\/media\/2580"}],"wp:attachment":[{"href":"https:\/\/www.pinovo.eu\/fr\/wp-json\/wp\/v2\/media?parent=2550"}],"wp:term":[{"taxonomy":"product_brand","embeddable":true,"href":"https:\/\/www.pinovo.eu\/fr\/wp-json\/wp\/v2\/product_brand?post=2550"},{"taxonomy":"product_cat","embeddable":true,"href":"https:\/\/www.pinovo.eu\/fr\/wp-json\/wp\/v2\/product_cat?post=2550"},{"taxonomy":"product_tag","embeddable":true,"href":"https:\/\/www.pinovo.eu\/fr\/wp-json\/wp\/v2\/product_tag?post=2550"}],"curies":[{"name":"wp","href":"https:\/\/api.w.org\/{rel}","templated":true}]}}