{"id":2552,"date":"2025-07-03T11:00:18","date_gmt":"2025-07-03T10:00:18","guid":{"rendered":"https:\/\/www.pinovo.eu\/?post_type=product&#038;p=2552"},"modified":"2026-03-17T11:05:50","modified_gmt":"2026-03-17T10:05:50","slug":"adaptateur-pour-tuyau-de-10-pouces","status":"publish","type":"product","link":"https:\/\/www.pinovo.eu\/fr\/product\/piconnect\/adaptateur-pour-tuyau-de-10-pouces\/","title":{"rendered":"Adaptateur pour tuyau de 10 pouces"},"content":{"rendered":"","protected":false},"excerpt":{"rendered":"<p>L&#x27;<strong data-start=\"321\" data-end=\"352\">adaptateur<\/strong> <strong data-start=\"321\" data-end=\"352\">PiConnect&#x2122; pour tuyaux de 10 pouces<\/strong> est con\u00e7u pour le sablage en circuit ferm\u00e9 et en toute s\u00e9curit\u00e9 de <strong data-start=\"396\" data-end=\"422\">tuyaux d&#x27;un diam\u00e8tre de 10 pouces<\/strong>, ce qui en fait le plus grand adaptateur standard de la gamme PiConnect&#x2122;. Con\u00e7u pour \u00eatre compatible avec l&#x27;outil<a href=\"https:\/\/www.pinovo.eu\/product-category\/piconnect\/\"> PiConnect<\/a>&#x2122; et l&#x27;unit\u00e9 de vide en circuit ferm\u00e9 <a href=\"https:\/\/www.pinovo.eu\/product\/vacuum-blasting-machine\/vacuum-blasting-machine\/\">PiSys&#x2122;<\/a>, cet adaptateur vous offre un contr\u00f4le total sur la consommation de granulats et la protection de l&#x27;environnement.<\/p>\n<h3 data-start=\"660\" data-end=\"696\">Pourquoi cet adaptateur est-il fait pour vous ?<\/h3>\n<ul data-start=\"697\" data-end=\"1036\">\n<li data-start=\"697\" data-end=\"774\">\n<p data-start=\"699\" data-end=\"774\"><strong data-start=\"703\" data-end=\"742\">Sp\u00e9cialement con\u00e7u pour les surfaces de tuyaux de 10 pouces<\/strong> \u2013 le sablage externe simplifi\u00e9<\/p>\n<\/li>\n<li data-start=\"775\" data-end=\"839\">\n<p data-start=\"777\" data-end=\"839\"><strong data-start=\"780\" data-end=\"798\">Enti\u00e8rement ferm\u00e9<\/strong> \u2013 aucune \u00e9mission, aucune contamination crois\u00e9e<\/p>\n<\/li>\n<li data-start=\"840\" data-end=\"908\">\n<p data-start=\"842\" data-end=\"908\"><strong data-start=\"844\" data-end=\"873\">Certifi\u00e9 ATEX Zones 1 et 2<\/strong> \u2013 s\u00e9curit\u00e9 garantie dans les environnements explosifs<\/p>\n<\/li>\n<li data-start=\"909\" data-end=\"981\">\n<p data-start=\"911\" data-end=\"981\"><strong data-start=\"914\" data-end=\"931\">R\u00e9cup\u00e9ration de la grenaille<\/strong> jusqu&#x27;\u00e0 25 cycles \u2013 \u00e9conomise du temps, de l&#x27;argent et r\u00e9duit le nettoyage<\/p>\n<\/li>\n<li data-start=\"982\" data-end=\"1036\">\n<p data-start=\"984\" data-end=\"1036\"><strong data-start=\"987\" data-end=\"1011\">Changement rapide d&#x27;adaptateur<\/strong> gr\u00e2ce \u00e0 une interface \u00e0 encliquetage<\/p>\n<\/li>\n<\/ul>\n","protected":false},"featured_media":2581,"template":"","meta":{"_acf_changed":false,"content-type":"","editor_notices":[]},"product_brand":[],"product_cat":[94],"product_tag":[],"class_list":{"0":"post-2552","1":"product","2":"type-product","3":"status-publish","4":"has-post-thumbnail","6":"product_cat-piconnect","8":"first","9":"instock","10":"taxable","11":"shipping-taxable","12":"product-type-simple"},"acf":[],"yoast_head":"<!-- This site is optimized with the Yoast SEO plugin v27.3 - https:\/\/yoast.com\/product\/yoast-seo-wordpress\/ -->\n<title>Adaptateur pour tuyau de 10 pouces - Pinovo | FR<\/title>\n<meta name=\"robots\" content=\"noindex, follow, max-snippet:-1, max-image-preview:large, max-video-preview:-1\" \/>\n<meta property=\"og:locale\" content=\"fr_FR\" \/>\n<meta property=\"og:type\" content=\"article\" \/>\n<meta property=\"og:title\" content=\"Adaptateur pour tuyau de 10 pouces - Pinovo | FR\" \/>\n<meta property=\"og:description\" content=\"L&#x27;adaptateur PiConnect&#x2122; pour tuyaux de 10 pouces est con\u00e7u pour le sablage en circuit ferm\u00e9 et en toute s\u00e9curit\u00e9 de tuyaux d&#x27;un diam\u00e8tre de 10 pouces, ce qui en fait le plus grand adaptateur standard de la gamme PiConnect&#x2122;. Con\u00e7u pour \u00eatre compatible avec l&#x27;outil PiConnect&#x2122; et l&#x27;unit\u00e9 de vide en circuit ferm\u00e9 PiSys&#x2122;, cet adaptateur vous offre un contr\u00f4le total sur la consommation de granulats et la protection de l&#x27;environnement. Pourquoi cet adaptateur est-il fait pour vous ?   Sp\u00e9cialement con\u00e7u pour les surfaces de tuyaux de 10 pouces \u2013 le sablage externe simplifi\u00e9   Enti\u00e8rement ferm\u00e9 \u2013 aucune \u00e9mission, aucune contamination crois\u00e9e   Certifi\u00e9 ATEX Zones 1 et 2 \u2013 s\u00e9curit\u00e9 garantie dans les environnements explosifs   R\u00e9cup\u00e9ration de la grenaille jusqu&#x27;\u00e0 25 cycles \u2013 \u00e9conomise du temps, de l&#x27;argent et r\u00e9duit le nettoyage   Changement rapide d&#x27;adaptateur gr\u00e2ce \u00e0 une interface \u00e0 encliquetage\" \/>\n<meta property=\"og:url\" content=\"https:\/\/www.pinovo.eu\/fr\/product\/piconnect\/adapter-10-pipe\/\" \/>\n<meta property=\"og:site_name\" content=\"Pinovo | FR\" \/>\n<meta property=\"article:modified_time\" content=\"2026-03-17T10:05:50+00:00\" \/>\n<meta property=\"og:image\" content=\"https:\/\/www.pinovo.eu\/fr\/wp-content\/uploads\/sites\/12\/2025\/07\/Adapter-10-Pipe-1.png\" \/>\n\t<meta property=\"og:image:width\" content=\"675\" \/>\n\t<meta property=\"og:image:height\" content=\"675\" \/>\n\t<meta property=\"og:image:type\" content=\"image\/png\" \/>\n<meta name=\"twitter:card\" content=\"summary_large_image\" \/>\n<meta name=\"twitter:label1\" content=\"Dur\u00e9e de lecture estim\u00e9e\" \/>\n\t<meta name=\"twitter:data1\" content=\"1 minute\" \/>\n<script type=\"application\/ld+json\" class=\"yoast-schema-graph\">{\"@context\":\"https:\\\/\\\/schema.org\",\"@graph\":[{\"@type\":\"WebPage\",\"@id\":\"https:\\\/\\\/www.pinovo.eu\\\/fr\\\/product\\\/piconnect\\\/adapter-10-pipe\\\/\",\"url\":\"https:\\\/\\\/www.pinovo.eu\\\/fr\\\/product\\\/piconnect\\\/adapter-10-pipe\\\/\",\"name\":\"Adaptateur pour tuyau de 10 pouces - Pinovo | FR\",\"isPartOf\":{\"@id\":\"https:\\\/\\\/www.pinovo.eu\\\/fr\\\/#website\"},\"primaryImageOfPage\":{\"@id\":\"https:\\\/\\\/www.pinovo.eu\\\/fr\\\/product\\\/piconnect\\\/adapter-10-pipe\\\/#primaryimage\"},\"image\":{\"@id\":\"https:\\\/\\\/www.pinovo.eu\\\/fr\\\/product\\\/piconnect\\\/adapter-10-pipe\\\/#primaryimage\"},\"thumbnailUrl\":\"https:\\\/\\\/www.pinovo.eu\\\/fr\\\/wp-content\\\/uploads\\\/sites\\\/12\\\/2025\\\/07\\\/Adapter-10-Pipe-1.png\",\"datePublished\":\"2025-07-03T10:00:18+00:00\",\"dateModified\":\"2026-03-17T10:05:50+00:00\",\"breadcrumb\":{\"@id\":\"https:\\\/\\\/www.pinovo.eu\\\/fr\\\/product\\\/piconnect\\\/adapter-10-pipe\\\/#breadcrumb\"},\"inLanguage\":\"fr-FR\",\"potentialAction\":[{\"@type\":\"ReadAction\",\"target\":[\"https:\\\/\\\/www.pinovo.eu\\\/fr\\\/product\\\/piconnect\\\/adapter-10-pipe\\\/\"]}]},{\"@type\":\"ImageObject\",\"inLanguage\":\"fr-FR\",\"@id\":\"https:\\\/\\\/www.pinovo.eu\\\/fr\\\/product\\\/piconnect\\\/adapter-10-pipe\\\/#primaryimage\",\"url\":\"https:\\\/\\\/www.pinovo.eu\\\/fr\\\/wp-content\\\/uploads\\\/sites\\\/12\\\/2025\\\/07\\\/Adapter-10-Pipe-1.png\",\"contentUrl\":\"https:\\\/\\\/www.pinovo.eu\\\/fr\\\/wp-content\\\/uploads\\\/sites\\\/12\\\/2025\\\/07\\\/Adapter-10-Pipe-1.png\",\"width\":675,\"height\":675},{\"@type\":\"BreadcrumbList\",\"@id\":\"https:\\\/\\\/www.pinovo.eu\\\/fr\\\/product\\\/piconnect\\\/adapter-10-pipe\\\/#breadcrumb\",\"itemListElement\":[{\"@type\":\"ListItem\",\"position\":1,\"name\":\"Home\",\"item\":\"https:\\\/\\\/www.pinovo.eu\\\/fr\\\/\"},{\"@type\":\"ListItem\",\"position\":2,\"name\":\"Products\",\"item\":\"https:\\\/\\\/www.pinovo.eu\\\/fr\\\/products\\\/\"},{\"@type\":\"ListItem\",\"position\":3,\"name\":\"Adapter 10\u201d Pipe\"}]},{\"@type\":\"WebSite\",\"@id\":\"https:\\\/\\\/www.pinovo.eu\\\/fr\\\/#website\",\"url\":\"https:\\\/\\\/www.pinovo.eu\\\/fr\\\/\",\"name\":\"Pinovo | FR\",\"description\":\"Pinovo slogan\",\"potentialAction\":[{\"@type\":\"SearchAction\",\"target\":{\"@type\":\"EntryPoint\",\"urlTemplate\":\"https:\\\/\\\/www.pinovo.eu\\\/fr\\\/?s={search_term_string}\"},\"query-input\":{\"@type\":\"PropertyValueSpecification\",\"valueRequired\":true,\"valueName\":\"search_term_string\"}}],\"inLanguage\":\"fr-FR\"}]}<\/script>\n<!-- \/ Yoast SEO plugin. -->","yoast_head_json":{"title":"Adaptateur pour tuyau de 10 pouces - Pinovo | FR","robots":{"index":"noindex","follow":"follow","max-snippet":"max-snippet:-1","max-image-preview":"max-image-preview:large","max-video-preview":"max-video-preview:-1"},"og_locale":"fr_FR","og_type":"article","og_title":"Adaptateur pour tuyau de 10 pouces - Pinovo | FR","og_description":"L&#x27;adaptateur PiConnect&#x2122; pour tuyaux de 10 pouces est con\u00e7u pour le sablage en circuit ferm\u00e9 et en toute s\u00e9curit\u00e9 de tuyaux d&#x27;un diam\u00e8tre de 10 pouces, ce qui en fait le plus grand adaptateur standard de la gamme PiConnect&#x2122;. Con\u00e7u pour \u00eatre compatible avec l&#x27;outil PiConnect&#x2122; et l&#x27;unit\u00e9 de vide en circuit ferm\u00e9 PiSys&#x2122;, cet adaptateur vous offre un contr\u00f4le total sur la consommation de granulats et la protection de l&#x27;environnement. Pourquoi cet adaptateur est-il fait pour vous ?   Sp\u00e9cialement con\u00e7u pour les surfaces de tuyaux de 10 pouces \u2013 le sablage externe simplifi\u00e9   Enti\u00e8rement ferm\u00e9 \u2013 aucune \u00e9mission, aucune contamination crois\u00e9e   Certifi\u00e9 ATEX Zones 1 et 2 \u2013 s\u00e9curit\u00e9 garantie dans les environnements explosifs   R\u00e9cup\u00e9ration de la grenaille jusqu&#x27;\u00e0 25 cycles \u2013 \u00e9conomise du temps, de l&#x27;argent et r\u00e9duit le nettoyage   Changement rapide d&#x27;adaptateur gr\u00e2ce \u00e0 une interface \u00e0 encliquetage","og_url":"https:\/\/www.pinovo.eu\/fr\/product\/piconnect\/adapter-10-pipe\/","og_site_name":"Pinovo | FR","article_modified_time":"2026-03-17T10:05:50+00:00","og_image":[{"width":675,"height":675,"url":"https:\/\/www.pinovo.eu\/fr\/wp-content\/uploads\/sites\/12\/2025\/07\/Adapter-10-Pipe-1.png","type":"image\/png"}],"twitter_card":"summary_large_image","twitter_misc":{"Dur\u00e9e de lecture estim\u00e9e":"1 minute"},"schema":{"@context":"https:\/\/schema.org","@graph":[{"@type":"WebPage","@id":"https:\/\/www.pinovo.eu\/fr\/product\/piconnect\/adapter-10-pipe\/","url":"https:\/\/www.pinovo.eu\/fr\/product\/piconnect\/adapter-10-pipe\/","name":"Adaptateur pour tuyau de 10 pouces - Pinovo | FR","isPartOf":{"@id":"https:\/\/www.pinovo.eu\/fr\/#website"},"primaryImageOfPage":{"@id":"https:\/\/www.pinovo.eu\/fr\/product\/piconnect\/adapter-10-pipe\/#primaryimage"},"image":{"@id":"https:\/\/www.pinovo.eu\/fr\/product\/piconnect\/adapter-10-pipe\/#primaryimage"},"thumbnailUrl":"https:\/\/www.pinovo.eu\/fr\/wp-content\/uploads\/sites\/12\/2025\/07\/Adapter-10-Pipe-1.png","datePublished":"2025-07-03T10:00:18+00:00","dateModified":"2026-03-17T10:05:50+00:00","breadcrumb":{"@id":"https:\/\/www.pinovo.eu\/fr\/product\/piconnect\/adapter-10-pipe\/#breadcrumb"},"inLanguage":"fr-FR","potentialAction":[{"@type":"ReadAction","target":["https:\/\/www.pinovo.eu\/fr\/product\/piconnect\/adapter-10-pipe\/"]}]},{"@type":"ImageObject","inLanguage":"fr-FR","@id":"https:\/\/www.pinovo.eu\/fr\/product\/piconnect\/adapter-10-pipe\/#primaryimage","url":"https:\/\/www.pinovo.eu\/fr\/wp-content\/uploads\/sites\/12\/2025\/07\/Adapter-10-Pipe-1.png","contentUrl":"https:\/\/www.pinovo.eu\/fr\/wp-content\/uploads\/sites\/12\/2025\/07\/Adapter-10-Pipe-1.png","width":675,"height":675},{"@type":"BreadcrumbList","@id":"https:\/\/www.pinovo.eu\/fr\/product\/piconnect\/adapter-10-pipe\/#breadcrumb","itemListElement":[{"@type":"ListItem","position":1,"name":"Home","item":"https:\/\/www.pinovo.eu\/fr\/"},{"@type":"ListItem","position":2,"name":"Products","item":"https:\/\/www.pinovo.eu\/fr\/products\/"},{"@type":"ListItem","position":3,"name":"Adapter 10\u201d Pipe"}]},{"@type":"WebSite","@id":"https:\/\/www.pinovo.eu\/fr\/#website","url":"https:\/\/www.pinovo.eu\/fr\/","name":"Pinovo | FR","description":"Pinovo slogan","potentialAction":[{"@type":"SearchAction","target":{"@type":"EntryPoint","urlTemplate":"https:\/\/www.pinovo.eu\/fr\/?s={search_term_string}"},"query-input":{"@type":"PropertyValueSpecification","valueRequired":true,"valueName":"search_term_string"}}],"inLanguage":"fr-FR"}]}},"_links":{"self":[{"href":"https:\/\/www.pinovo.eu\/fr\/wp-json\/wp\/v2\/product\/2552","targetHints":{"allow":["GET"]}}],"collection":[{"href":"https:\/\/www.pinovo.eu\/fr\/wp-json\/wp\/v2\/product"}],"about":[{"href":"https:\/\/www.pinovo.eu\/fr\/wp-json\/wp\/v2\/types\/product"}],"wp:featuredmedia":[{"embeddable":true,"href":"https:\/\/www.pinovo.eu\/fr\/wp-json\/wp\/v2\/media\/2581"}],"wp:attachment":[{"href":"https:\/\/www.pinovo.eu\/fr\/wp-json\/wp\/v2\/media?parent=2552"}],"wp:term":[{"taxonomy":"product_brand","embeddable":true,"href":"https:\/\/www.pinovo.eu\/fr\/wp-json\/wp\/v2\/product_brand?post=2552"},{"taxonomy":"product_cat","embeddable":true,"href":"https:\/\/www.pinovo.eu\/fr\/wp-json\/wp\/v2\/product_cat?post=2552"},{"taxonomy":"product_tag","embeddable":true,"href":"https:\/\/www.pinovo.eu\/fr\/wp-json\/wp\/v2\/product_tag?post=2552"}],"curies":[{"name":"wp","href":"https:\/\/api.w.org\/{rel}","templated":true}]}}