{"id":2555,"date":"2025-07-03T11:04:03","date_gmt":"2025-07-03T10:04:03","guid":{"rendered":"https:\/\/www.pinovo.eu\/?post_type=product&#038;p=2555"},"modified":"2026-03-17T11:05:41","modified_gmt":"2026-03-17T10:05:41","slug":"adaptateur-coude","status":"publish","type":"product","link":"https:\/\/www.pinovo.eu\/fr\/product\/piconnect\/adaptateur-coude\/","title":{"rendered":"Adaptateur coud\u00e9"},"content":{"rendered":"","protected":false},"excerpt":{"rendered":"<p>L&#x27;<strong data-start=\"222\" data-end=\"251\">adaptateur coud\u00e9 PiConnect&#x2122;<\/strong> est sp\u00e9cialement con\u00e7u pour la pr\u00e9paration de surface sur <strong data-start=\"301\" data-end=\"328\">des structures en acier coud\u00e9es<\/strong>, telles que les ailes int\u00e9rieures des poutres en H. Associ\u00e9 \u00e0 l&#x27;outil manuel PiConnect&#x2122; et au syst\u00e8me en boucle ferm\u00e9e PiSys&#x2122;, cet adaptateur permet un sablage pr\u00e9cis sans dispersion de poussi\u00e8re, garantissant ainsi la s\u00e9curit\u00e9, la propret\u00e9 et la conformit\u00e9 de vos op\u00e9rations.<\/p>\n<h3 data-start=\"552\" data-end=\"595\">Pourquoi les professionnels choisissent cet adaptateur<\/h3>\n<ul data-start=\"596\" data-end=\"913\">\n<li data-start=\"596\" data-end=\"652\">\n<p data-start=\"598\" data-end=\"652\"><strong data-start=\"602\" data-end=\"650\">Parfaitement adapt\u00e9 aux poutres en H et aux profil\u00e9s \u00e0 ailes<\/strong><\/p>\n<\/li>\n<li data-start=\"653\" data-end=\"722\">\n<p data-start=\"655\" data-end=\"722\"><strong data-start=\"658\" data-end=\"681\">Acc\u00e8s aux angles serr\u00e9s<\/strong> difficiles \u00e0 atteindre avec des outils standard<\/p>\n<\/li>\n<li data-start=\"723\" data-end=\"784\">\n<p data-start=\"725\" data-end=\"784\"><strong data-start=\"729\" data-end=\"754\">Sans poussi\u00e8re, sans \u00e9tincelles<\/strong> \u2013 compatible avec les zones ATEX 1 et 2<\/p>\n<\/li>\n<li data-start=\"785\" data-end=\"852\">\n<p data-start=\"787\" data-end=\"852\"><strong data-start=\"790\" data-end=\"813\">Simplicit\u00e9 d&#x27;encliquetage<\/strong> \u2013 changement rapide d&#x27;adaptateur pendant les projets<\/p>\n<\/li>\n<li data-start=\"853\" data-end=\"913\">\n<p data-start=\"855\" data-end=\"913\"><strong data-start=\"858\" data-end=\"882\">Sablage en circuit ferm\u00e9<\/strong> = d\u00e9chets minimaux, contr\u00f4le maximal<\/p>\n<\/li>\n<\/ul>\n<h3 data-start=\"1565\" data-end=\"1585\">\u00c0 combiner avec :<\/h3>\n<ul data-start=\"1586\" data-end=\"1659\">\n<li data-start=\"1586\" data-end=\"1624\">\n<p data-start=\"1588\" data-end=\"1624\"><a class=\"\" href=\"https:\/\/www.pinovo.eu\/product-category\/piconnect\/\" rel=\"noopener\" data-start=\"1588\" data-end=\"1622\">Outil de sablage ponctuel PiConnect&#x2122;<\/a><\/p>\n<\/li>\n<li data-start=\"1625\" data-end=\"1659\">\n<p data-start=\"1627\" data-end=\"1659\"><a class=\"\" href=\"https:\/\/www.pinovo.eu\/product\/vacuum-blasting-machine\/vacuum-blasting-machine\/\" rel=\"noopener\" data-start=\"1627\" data-end=\"1659\">Syst\u00e8me de r\u00e9cup\u00e9ration de granulats PiSys&#x2122;<\/a><\/p>\n<\/li>\n<\/ul>\n","protected":false},"featured_media":2582,"template":"","meta":{"_acf_changed":false,"content-type":"","editor_notices":[]},"product_brand":[],"product_cat":[94],"product_tag":[],"class_list":{"0":"post-2555","1":"product","2":"type-product","3":"status-publish","4":"has-post-thumbnail","6":"product_cat-piconnect","8":"first","9":"instock","10":"taxable","11":"shipping-taxable","12":"product-type-simple"},"acf":[],"yoast_head":"<!-- This site is optimized with the Yoast SEO plugin v27.3 - https:\/\/yoast.com\/product\/yoast-seo-wordpress\/ -->\n<title>Adaptateur coud\u00e9 - Pinovo | FR<\/title>\n<meta name=\"robots\" content=\"noindex, follow, max-snippet:-1, max-image-preview:large, max-video-preview:-1\" \/>\n<meta property=\"og:locale\" content=\"fr_FR\" \/>\n<meta property=\"og:type\" content=\"article\" \/>\n<meta property=\"og:title\" content=\"Adaptateur coud\u00e9 - Pinovo | FR\" \/>\n<meta property=\"og:description\" content=\"L&#x27;adaptateur coud\u00e9 PiConnect&#x2122; est sp\u00e9cialement con\u00e7u pour la pr\u00e9paration de surface sur des structures en acier coud\u00e9es, telles que les ailes int\u00e9rieures des poutres en H. Associ\u00e9 \u00e0 l&#x27;outil manuel PiConnect&#x2122; et au syst\u00e8me en boucle ferm\u00e9e PiSys&#x2122;, cet adaptateur permet un sablage pr\u00e9cis sans dispersion de poussi\u00e8re, garantissant ainsi la s\u00e9curit\u00e9, la propret\u00e9 et la conformit\u00e9 de vos op\u00e9rations. Pourquoi les professionnels choisissent cet adaptateur   Parfaitement adapt\u00e9 aux poutres en H et aux profil\u00e9s \u00e0 ailes   Acc\u00e8s aux angles serr\u00e9s difficiles \u00e0 atteindre avec des outils standard   Sans poussi\u00e8re, sans \u00e9tincelles \u2013 compatible avec les zones ATEX 1 et 2   Simplicit\u00e9 d&#x27;encliquetage \u2013 changement rapide d&#x27;adaptateur pendant les projets   Sablage en circuit ferm\u00e9 = d\u00e9chets minimaux, contr\u00f4le maximal  \u00c0 combiner avec :   Outil de sablage ponctuel PiConnect&#x2122;   Syst\u00e8me de r\u00e9cup\u00e9ration de granulats PiSys&#x2122;\" \/>\n<meta property=\"og:url\" content=\"https:\/\/www.pinovo.eu\/fr\/product\/piconnect\/adapter-angled\/\" \/>\n<meta property=\"og:site_name\" content=\"Pinovo | FR\" \/>\n<meta property=\"article:modified_time\" content=\"2026-03-17T10:05:41+00:00\" \/>\n<meta property=\"og:image\" content=\"https:\/\/www.pinovo.eu\/fr\/wp-content\/uploads\/sites\/12\/2025\/07\/adapter-angled-1.png\" \/>\n\t<meta property=\"og:image:width\" content=\"1080\" \/>\n\t<meta property=\"og:image:height\" content=\"1080\" \/>\n\t<meta property=\"og:image:type\" content=\"image\/png\" \/>\n<meta name=\"twitter:card\" content=\"summary_large_image\" \/>\n<meta name=\"twitter:label1\" content=\"Dur\u00e9e de lecture estim\u00e9e\" \/>\n\t<meta name=\"twitter:data1\" content=\"1 minute\" \/>\n<script type=\"application\/ld+json\" class=\"yoast-schema-graph\">{\"@context\":\"https:\\\/\\\/schema.org\",\"@graph\":[{\"@type\":\"WebPage\",\"@id\":\"https:\\\/\\\/www.pinovo.eu\\\/fr\\\/product\\\/piconnect\\\/adapter-angled\\\/\",\"url\":\"https:\\\/\\\/www.pinovo.eu\\\/fr\\\/product\\\/piconnect\\\/adapter-angled\\\/\",\"name\":\"Adaptateur coud\u00e9 - Pinovo | FR\",\"isPartOf\":{\"@id\":\"https:\\\/\\\/www.pinovo.eu\\\/fr\\\/#website\"},\"primaryImageOfPage\":{\"@id\":\"https:\\\/\\\/www.pinovo.eu\\\/fr\\\/product\\\/piconnect\\\/adapter-angled\\\/#primaryimage\"},\"image\":{\"@id\":\"https:\\\/\\\/www.pinovo.eu\\\/fr\\\/product\\\/piconnect\\\/adapter-angled\\\/#primaryimage\"},\"thumbnailUrl\":\"https:\\\/\\\/www.pinovo.eu\\\/fr\\\/wp-content\\\/uploads\\\/sites\\\/12\\\/2025\\\/07\\\/adapter-angled-1.png\",\"datePublished\":\"2025-07-03T10:04:03+00:00\",\"dateModified\":\"2026-03-17T10:05:41+00:00\",\"breadcrumb\":{\"@id\":\"https:\\\/\\\/www.pinovo.eu\\\/fr\\\/product\\\/piconnect\\\/adapter-angled\\\/#breadcrumb\"},\"inLanguage\":\"fr-FR\",\"potentialAction\":[{\"@type\":\"ReadAction\",\"target\":[\"https:\\\/\\\/www.pinovo.eu\\\/fr\\\/product\\\/piconnect\\\/adapter-angled\\\/\"]}]},{\"@type\":\"ImageObject\",\"inLanguage\":\"fr-FR\",\"@id\":\"https:\\\/\\\/www.pinovo.eu\\\/fr\\\/product\\\/piconnect\\\/adapter-angled\\\/#primaryimage\",\"url\":\"https:\\\/\\\/www.pinovo.eu\\\/fr\\\/wp-content\\\/uploads\\\/sites\\\/12\\\/2025\\\/07\\\/adapter-angled-1.png\",\"contentUrl\":\"https:\\\/\\\/www.pinovo.eu\\\/fr\\\/wp-content\\\/uploads\\\/sites\\\/12\\\/2025\\\/07\\\/adapter-angled-1.png\",\"width\":1080,\"height\":1080},{\"@type\":\"BreadcrumbList\",\"@id\":\"https:\\\/\\\/www.pinovo.eu\\\/fr\\\/product\\\/piconnect\\\/adapter-angled\\\/#breadcrumb\",\"itemListElement\":[{\"@type\":\"ListItem\",\"position\":1,\"name\":\"Home\",\"item\":\"https:\\\/\\\/www.pinovo.eu\\\/fr\\\/\"},{\"@type\":\"ListItem\",\"position\":2,\"name\":\"Products\",\"item\":\"https:\\\/\\\/www.pinovo.eu\\\/fr\\\/products\\\/\"},{\"@type\":\"ListItem\",\"position\":3,\"name\":\"Adapter Angled\"}]},{\"@type\":\"WebSite\",\"@id\":\"https:\\\/\\\/www.pinovo.eu\\\/fr\\\/#website\",\"url\":\"https:\\\/\\\/www.pinovo.eu\\\/fr\\\/\",\"name\":\"Pinovo | FR\",\"description\":\"Pinovo slogan\",\"potentialAction\":[{\"@type\":\"SearchAction\",\"target\":{\"@type\":\"EntryPoint\",\"urlTemplate\":\"https:\\\/\\\/www.pinovo.eu\\\/fr\\\/?s={search_term_string}\"},\"query-input\":{\"@type\":\"PropertyValueSpecification\",\"valueRequired\":true,\"valueName\":\"search_term_string\"}}],\"inLanguage\":\"fr-FR\"}]}<\/script>\n<!-- \/ Yoast SEO plugin. -->","yoast_head_json":{"title":"Adaptateur coud\u00e9 - Pinovo | FR","robots":{"index":"noindex","follow":"follow","max-snippet":"max-snippet:-1","max-image-preview":"max-image-preview:large","max-video-preview":"max-video-preview:-1"},"og_locale":"fr_FR","og_type":"article","og_title":"Adaptateur coud\u00e9 - Pinovo | FR","og_description":"L&#x27;adaptateur coud\u00e9 PiConnect&#x2122; est sp\u00e9cialement con\u00e7u pour la pr\u00e9paration de surface sur des structures en acier coud\u00e9es, telles que les ailes int\u00e9rieures des poutres en H. Associ\u00e9 \u00e0 l&#x27;outil manuel PiConnect&#x2122; et au syst\u00e8me en boucle ferm\u00e9e PiSys&#x2122;, cet adaptateur permet un sablage pr\u00e9cis sans dispersion de poussi\u00e8re, garantissant ainsi la s\u00e9curit\u00e9, la propret\u00e9 et la conformit\u00e9 de vos op\u00e9rations. Pourquoi les professionnels choisissent cet adaptateur   Parfaitement adapt\u00e9 aux poutres en H et aux profil\u00e9s \u00e0 ailes   Acc\u00e8s aux angles serr\u00e9s difficiles \u00e0 atteindre avec des outils standard   Sans poussi\u00e8re, sans \u00e9tincelles \u2013 compatible avec les zones ATEX 1 et 2   Simplicit\u00e9 d&#x27;encliquetage \u2013 changement rapide d&#x27;adaptateur pendant les projets   Sablage en circuit ferm\u00e9 = d\u00e9chets minimaux, contr\u00f4le maximal  \u00c0 combiner avec :   Outil de sablage ponctuel PiConnect&#x2122;   Syst\u00e8me de r\u00e9cup\u00e9ration de granulats PiSys&#x2122;","og_url":"https:\/\/www.pinovo.eu\/fr\/product\/piconnect\/adapter-angled\/","og_site_name":"Pinovo | FR","article_modified_time":"2026-03-17T10:05:41+00:00","og_image":[{"width":1080,"height":1080,"url":"https:\/\/www.pinovo.eu\/fr\/wp-content\/uploads\/sites\/12\/2025\/07\/adapter-angled-1.png","type":"image\/png"}],"twitter_card":"summary_large_image","twitter_misc":{"Dur\u00e9e de lecture estim\u00e9e":"1 minute"},"schema":{"@context":"https:\/\/schema.org","@graph":[{"@type":"WebPage","@id":"https:\/\/www.pinovo.eu\/fr\/product\/piconnect\/adapter-angled\/","url":"https:\/\/www.pinovo.eu\/fr\/product\/piconnect\/adapter-angled\/","name":"Adaptateur coud\u00e9 - Pinovo | FR","isPartOf":{"@id":"https:\/\/www.pinovo.eu\/fr\/#website"},"primaryImageOfPage":{"@id":"https:\/\/www.pinovo.eu\/fr\/product\/piconnect\/adapter-angled\/#primaryimage"},"image":{"@id":"https:\/\/www.pinovo.eu\/fr\/product\/piconnect\/adapter-angled\/#primaryimage"},"thumbnailUrl":"https:\/\/www.pinovo.eu\/fr\/wp-content\/uploads\/sites\/12\/2025\/07\/adapter-angled-1.png","datePublished":"2025-07-03T10:04:03+00:00","dateModified":"2026-03-17T10:05:41+00:00","breadcrumb":{"@id":"https:\/\/www.pinovo.eu\/fr\/product\/piconnect\/adapter-angled\/#breadcrumb"},"inLanguage":"fr-FR","potentialAction":[{"@type":"ReadAction","target":["https:\/\/www.pinovo.eu\/fr\/product\/piconnect\/adapter-angled\/"]}]},{"@type":"ImageObject","inLanguage":"fr-FR","@id":"https:\/\/www.pinovo.eu\/fr\/product\/piconnect\/adapter-angled\/#primaryimage","url":"https:\/\/www.pinovo.eu\/fr\/wp-content\/uploads\/sites\/12\/2025\/07\/adapter-angled-1.png","contentUrl":"https:\/\/www.pinovo.eu\/fr\/wp-content\/uploads\/sites\/12\/2025\/07\/adapter-angled-1.png","width":1080,"height":1080},{"@type":"BreadcrumbList","@id":"https:\/\/www.pinovo.eu\/fr\/product\/piconnect\/adapter-angled\/#breadcrumb","itemListElement":[{"@type":"ListItem","position":1,"name":"Home","item":"https:\/\/www.pinovo.eu\/fr\/"},{"@type":"ListItem","position":2,"name":"Products","item":"https:\/\/www.pinovo.eu\/fr\/products\/"},{"@type":"ListItem","position":3,"name":"Adapter Angled"}]},{"@type":"WebSite","@id":"https:\/\/www.pinovo.eu\/fr\/#website","url":"https:\/\/www.pinovo.eu\/fr\/","name":"Pinovo | FR","description":"Pinovo slogan","potentialAction":[{"@type":"SearchAction","target":{"@type":"EntryPoint","urlTemplate":"https:\/\/www.pinovo.eu\/fr\/?s={search_term_string}"},"query-input":{"@type":"PropertyValueSpecification","valueRequired":true,"valueName":"search_term_string"}}],"inLanguage":"fr-FR"}]}},"_links":{"self":[{"href":"https:\/\/www.pinovo.eu\/fr\/wp-json\/wp\/v2\/product\/2555","targetHints":{"allow":["GET"]}}],"collection":[{"href":"https:\/\/www.pinovo.eu\/fr\/wp-json\/wp\/v2\/product"}],"about":[{"href":"https:\/\/www.pinovo.eu\/fr\/wp-json\/wp\/v2\/types\/product"}],"wp:featuredmedia":[{"embeddable":true,"href":"https:\/\/www.pinovo.eu\/fr\/wp-json\/wp\/v2\/media\/2582"}],"wp:attachment":[{"href":"https:\/\/www.pinovo.eu\/fr\/wp-json\/wp\/v2\/media?parent=2555"}],"wp:term":[{"taxonomy":"product_brand","embeddable":true,"href":"https:\/\/www.pinovo.eu\/fr\/wp-json\/wp\/v2\/product_brand?post=2555"},{"taxonomy":"product_cat","embeddable":true,"href":"https:\/\/www.pinovo.eu\/fr\/wp-json\/wp\/v2\/product_cat?post=2555"},{"taxonomy":"product_tag","embeddable":true,"href":"https:\/\/www.pinovo.eu\/fr\/wp-json\/wp\/v2\/product_tag?post=2555"}],"curies":[{"name":"wp","href":"https:\/\/api.w.org\/{rel}","templated":true}]}}