{"id":2557,"date":"2025-07-03T11:15:56","date_gmt":"2025-07-03T10:15:56","guid":{"rendered":"https:\/\/www.pinovo.eu\/?post_type=product&#038;p=2557"},"modified":"2026-03-17T11:05:36","modified_gmt":"2026-03-17T10:05:36","slug":"adaptateur-a-bord-reglable","status":"publish","type":"product","link":"https:\/\/www.pinovo.eu\/fr\/product\/piconnect\/adaptateur-a-bord-reglable\/","title":{"rendered":"Adaptateur \u00e0 bord r\u00e9glable"},"content":{"rendered":"","protected":false},"excerpt":{"rendered":"<p>L&#x27;<strong data-start=\"272\" data-end=\"310\">adaptateur<\/strong> <strong data-start=\"272\" data-end=\"310\">PiConnect&#x2122; \u00e0 bord r\u00e9glable<\/strong> est votre solution polyvalente pour le sablage des bords et des profil\u00e9s en acier de diff\u00e9rentes \u00e9paisseurs. Id\u00e9al pour les poutres en H et en T, cet adaptateur s&#x27;ajuste pour s&#x27;adapter \u00e0 <strong data-start=\"457\" data-end=\"495\">des largeurs de bord comprises entre 8 mm et 20 mm<\/strong>, permettant ainsi une pr\u00e9paration de surface sans poussi\u00e8re, avec pr\u00e9cision et rapidit\u00e9.<\/p>\n<h3 data-start=\"565\" data-end=\"600\">Les avantages pour votre projet<\/h3>\n<ul data-start=\"601\" data-end=\"936\">\n<li data-start=\"601\" data-end=\"673\">\n<p data-start=\"603\" data-end=\"673\"><strong data-start=\"606\" data-end=\"644\">R\u00e9glable pour s&#x27;adapter \u00e0 diff\u00e9rentes tailles de bords<\/strong> \u2013 pas besoin de changer d&#x27;adaptateur<\/p>\n<\/li>\n<li data-start=\"674\" data-end=\"721\">\n<p data-start=\"676\" data-end=\"721\"><strong data-start=\"680\" data-end=\"719\">Optimis\u00e9 pour les ailes des poutres en H et en T<\/strong><\/p>\n<\/li>\n<li data-start=\"722\" data-end=\"795\">\n<p data-start=\"724\" data-end=\"795\"><strong data-start=\"727\" data-end=\"753\">Sablage 100 % confin\u00e9<\/strong> \u2013 prot\u00e8ge l&#x27;environnement et l&#x27;op\u00e9rateur<\/p>\n<\/li>\n<li data-start=\"796\" data-end=\"872\">\n<p data-start=\"798\" data-end=\"872\"><strong data-start=\"801\" data-end=\"830\">Certifi\u00e9 ATEX Zones 1 et 2<\/strong> \u2013 utilisation s\u00fbre dans les atmosph\u00e8res explosives<\/p>\n<\/li>\n<li data-start=\"873\" data-end=\"936\">\n<p data-start=\"875\" data-end=\"936\"><strong data-start=\"878\" data-end=\"897\">Syst\u00e8me \u00e0 encliqueter<\/strong> pour une installation rapide et un temps d&#x27;arr\u00eat minimal<\/p>\n<\/li>\n<\/ul>\n<h3 data-start=\"1606\" data-end=\"1626\">\u00c0 combiner avec :<\/h3>\n<ul data-start=\"1627\" data-end=\"1691\">\n<li data-start=\"1627\" data-end=\"1660\">\n<p data-start=\"1629\" data-end=\"1660\"><a class=\"\" href=\"https:\/\/www.pinovo.eu\/product-category\/piconnect\/\" rel=\"noopener\" data-start=\"1629\" data-end=\"1658\">Outil de sablage PiConnect&#x2122;<\/a><\/p>\n<\/li>\n<li data-start=\"1661\" data-end=\"1691\">\n<p data-start=\"1663\" data-end=\"1691\"><a class=\"\" href=\"https:\/\/www.pinovo.eu\/product\/vacuum-blasting-machine\/vacuum-blasting-machine\/\" rel=\"noopener\" data-start=\"1663\" data-end=\"1691\">Unit\u00e9 en boucle ferm\u00e9e PiSys&#x2122;<\/a><\/p>\n<\/li>\n<\/ul>\n","protected":false},"featured_media":2583,"template":"","meta":{"_acf_changed":false,"content-type":"","editor_notices":[]},"product_brand":[],"product_cat":[94],"product_tag":[],"class_list":{"0":"post-2557","1":"product","2":"type-product","3":"status-publish","4":"has-post-thumbnail","6":"product_cat-piconnect","8":"first","9":"instock","10":"taxable","11":"shipping-taxable","12":"product-type-simple"},"acf":[],"yoast_head":"<!-- This site is optimized with the Yoast SEO plugin v27.3 - https:\/\/yoast.com\/product\/yoast-seo-wordpress\/ -->\n<title>Adaptateur \u00e0 bord r\u00e9glable - Pinovo | FR<\/title>\n<meta name=\"robots\" content=\"noindex, follow, max-snippet:-1, max-image-preview:large, max-video-preview:-1\" \/>\n<meta property=\"og:locale\" content=\"fr_FR\" \/>\n<meta property=\"og:type\" content=\"article\" \/>\n<meta property=\"og:title\" content=\"Adaptateur \u00e0 bord r\u00e9glable - Pinovo | FR\" \/>\n<meta property=\"og:description\" content=\"L&#x27;adaptateur PiConnect&#x2122; \u00e0 bord r\u00e9glable est votre solution polyvalente pour le sablage des bords et des profil\u00e9s en acier de diff\u00e9rentes \u00e9paisseurs. Id\u00e9al pour les poutres en H et en T, cet adaptateur s&#x27;ajuste pour s&#x27;adapter \u00e0 des largeurs de bord comprises entre 8 mm et 20 mm, permettant ainsi une pr\u00e9paration de surface sans poussi\u00e8re, avec pr\u00e9cision et rapidit\u00e9. Les avantages pour votre projet   R\u00e9glable pour s&#x27;adapter \u00e0 diff\u00e9rentes tailles de bords \u2013 pas besoin de changer d&#x27;adaptateur   Optimis\u00e9 pour les ailes des poutres en H et en T   Sablage 100 % confin\u00e9 \u2013 prot\u00e8ge l&#x27;environnement et l&#x27;op\u00e9rateur   Certifi\u00e9 ATEX Zones 1 et 2 \u2013 utilisation s\u00fbre dans les atmosph\u00e8res explosives   Syst\u00e8me \u00e0 encliqueter pour une installation rapide et un temps d&#x27;arr\u00eat minimal  \u00c0 combiner avec :   Outil de sablage PiConnect&#x2122;   Unit\u00e9 en boucle ferm\u00e9e PiSys&#x2122;\" \/>\n<meta property=\"og:url\" content=\"https:\/\/www.pinovo.eu\/fr\/product\/piconnect\/adapter-adjustable-edge\/\" \/>\n<meta property=\"og:site_name\" content=\"Pinovo | FR\" \/>\n<meta property=\"article:modified_time\" content=\"2026-03-17T10:05:36+00:00\" \/>\n<meta property=\"og:image\" content=\"https:\/\/www.pinovo.eu\/fr\/wp-content\/uploads\/sites\/12\/2025\/07\/Adapter-Adjustable-Edge-1.png\" \/>\n\t<meta property=\"og:image:width\" content=\"675\" \/>\n\t<meta property=\"og:image:height\" content=\"675\" \/>\n\t<meta property=\"og:image:type\" content=\"image\/png\" \/>\n<meta name=\"twitter:card\" content=\"summary_large_image\" \/>\n<meta name=\"twitter:label1\" content=\"Dur\u00e9e de lecture estim\u00e9e\" \/>\n\t<meta name=\"twitter:data1\" content=\"1 minute\" \/>\n<script type=\"application\/ld+json\" class=\"yoast-schema-graph\">{\"@context\":\"https:\\\/\\\/schema.org\",\"@graph\":[{\"@type\":\"WebPage\",\"@id\":\"https:\\\/\\\/www.pinovo.eu\\\/fr\\\/product\\\/piconnect\\\/adapter-adjustable-edge\\\/\",\"url\":\"https:\\\/\\\/www.pinovo.eu\\\/fr\\\/product\\\/piconnect\\\/adapter-adjustable-edge\\\/\",\"name\":\"Adaptateur \u00e0 bord r\u00e9glable - Pinovo | FR\",\"isPartOf\":{\"@id\":\"https:\\\/\\\/www.pinovo.eu\\\/fr\\\/#website\"},\"primaryImageOfPage\":{\"@id\":\"https:\\\/\\\/www.pinovo.eu\\\/fr\\\/product\\\/piconnect\\\/adapter-adjustable-edge\\\/#primaryimage\"},\"image\":{\"@id\":\"https:\\\/\\\/www.pinovo.eu\\\/fr\\\/product\\\/piconnect\\\/adapter-adjustable-edge\\\/#primaryimage\"},\"thumbnailUrl\":\"https:\\\/\\\/www.pinovo.eu\\\/fr\\\/wp-content\\\/uploads\\\/sites\\\/12\\\/2025\\\/07\\\/Adapter-Adjustable-Edge-1.png\",\"datePublished\":\"2025-07-03T10:15:56+00:00\",\"dateModified\":\"2026-03-17T10:05:36+00:00\",\"breadcrumb\":{\"@id\":\"https:\\\/\\\/www.pinovo.eu\\\/fr\\\/product\\\/piconnect\\\/adapter-adjustable-edge\\\/#breadcrumb\"},\"inLanguage\":\"fr-FR\",\"potentialAction\":[{\"@type\":\"ReadAction\",\"target\":[\"https:\\\/\\\/www.pinovo.eu\\\/fr\\\/product\\\/piconnect\\\/adapter-adjustable-edge\\\/\"]}]},{\"@type\":\"ImageObject\",\"inLanguage\":\"fr-FR\",\"@id\":\"https:\\\/\\\/www.pinovo.eu\\\/fr\\\/product\\\/piconnect\\\/adapter-adjustable-edge\\\/#primaryimage\",\"url\":\"https:\\\/\\\/www.pinovo.eu\\\/fr\\\/wp-content\\\/uploads\\\/sites\\\/12\\\/2025\\\/07\\\/Adapter-Adjustable-Edge-1.png\",\"contentUrl\":\"https:\\\/\\\/www.pinovo.eu\\\/fr\\\/wp-content\\\/uploads\\\/sites\\\/12\\\/2025\\\/07\\\/Adapter-Adjustable-Edge-1.png\",\"width\":675,\"height\":675},{\"@type\":\"BreadcrumbList\",\"@id\":\"https:\\\/\\\/www.pinovo.eu\\\/fr\\\/product\\\/piconnect\\\/adapter-adjustable-edge\\\/#breadcrumb\",\"itemListElement\":[{\"@type\":\"ListItem\",\"position\":1,\"name\":\"Home\",\"item\":\"https:\\\/\\\/www.pinovo.eu\\\/fr\\\/\"},{\"@type\":\"ListItem\",\"position\":2,\"name\":\"Products\",\"item\":\"https:\\\/\\\/www.pinovo.eu\\\/fr\\\/products\\\/\"},{\"@type\":\"ListItem\",\"position\":3,\"name\":\"Adapter Adjustable Edge\"}]},{\"@type\":\"WebSite\",\"@id\":\"https:\\\/\\\/www.pinovo.eu\\\/fr\\\/#website\",\"url\":\"https:\\\/\\\/www.pinovo.eu\\\/fr\\\/\",\"name\":\"Pinovo | FR\",\"description\":\"Pinovo slogan\",\"potentialAction\":[{\"@type\":\"SearchAction\",\"target\":{\"@type\":\"EntryPoint\",\"urlTemplate\":\"https:\\\/\\\/www.pinovo.eu\\\/fr\\\/?s={search_term_string}\"},\"query-input\":{\"@type\":\"PropertyValueSpecification\",\"valueRequired\":true,\"valueName\":\"search_term_string\"}}],\"inLanguage\":\"fr-FR\"}]}<\/script>\n<!-- \/ Yoast SEO plugin. -->","yoast_head_json":{"title":"Adaptateur \u00e0 bord r\u00e9glable - Pinovo | FR","robots":{"index":"noindex","follow":"follow","max-snippet":"max-snippet:-1","max-image-preview":"max-image-preview:large","max-video-preview":"max-video-preview:-1"},"og_locale":"fr_FR","og_type":"article","og_title":"Adaptateur \u00e0 bord r\u00e9glable - Pinovo | FR","og_description":"L&#x27;adaptateur PiConnect&#x2122; \u00e0 bord r\u00e9glable est votre solution polyvalente pour le sablage des bords et des profil\u00e9s en acier de diff\u00e9rentes \u00e9paisseurs. Id\u00e9al pour les poutres en H et en T, cet adaptateur s&#x27;ajuste pour s&#x27;adapter \u00e0 des largeurs de bord comprises entre 8 mm et 20 mm, permettant ainsi une pr\u00e9paration de surface sans poussi\u00e8re, avec pr\u00e9cision et rapidit\u00e9. Les avantages pour votre projet   R\u00e9glable pour s&#x27;adapter \u00e0 diff\u00e9rentes tailles de bords \u2013 pas besoin de changer d&#x27;adaptateur   Optimis\u00e9 pour les ailes des poutres en H et en T   Sablage 100 % confin\u00e9 \u2013 prot\u00e8ge l&#x27;environnement et l&#x27;op\u00e9rateur   Certifi\u00e9 ATEX Zones 1 et 2 \u2013 utilisation s\u00fbre dans les atmosph\u00e8res explosives   Syst\u00e8me \u00e0 encliqueter pour une installation rapide et un temps d&#x27;arr\u00eat minimal  \u00c0 combiner avec :   Outil de sablage PiConnect&#x2122;   Unit\u00e9 en boucle ferm\u00e9e PiSys&#x2122;","og_url":"https:\/\/www.pinovo.eu\/fr\/product\/piconnect\/adapter-adjustable-edge\/","og_site_name":"Pinovo | FR","article_modified_time":"2026-03-17T10:05:36+00:00","og_image":[{"width":675,"height":675,"url":"https:\/\/www.pinovo.eu\/fr\/wp-content\/uploads\/sites\/12\/2025\/07\/Adapter-Adjustable-Edge-1.png","type":"image\/png"}],"twitter_card":"summary_large_image","twitter_misc":{"Dur\u00e9e de lecture estim\u00e9e":"1 minute"},"schema":{"@context":"https:\/\/schema.org","@graph":[{"@type":"WebPage","@id":"https:\/\/www.pinovo.eu\/fr\/product\/piconnect\/adapter-adjustable-edge\/","url":"https:\/\/www.pinovo.eu\/fr\/product\/piconnect\/adapter-adjustable-edge\/","name":"Adaptateur \u00e0 bord r\u00e9glable - Pinovo | FR","isPartOf":{"@id":"https:\/\/www.pinovo.eu\/fr\/#website"},"primaryImageOfPage":{"@id":"https:\/\/www.pinovo.eu\/fr\/product\/piconnect\/adapter-adjustable-edge\/#primaryimage"},"image":{"@id":"https:\/\/www.pinovo.eu\/fr\/product\/piconnect\/adapter-adjustable-edge\/#primaryimage"},"thumbnailUrl":"https:\/\/www.pinovo.eu\/fr\/wp-content\/uploads\/sites\/12\/2025\/07\/Adapter-Adjustable-Edge-1.png","datePublished":"2025-07-03T10:15:56+00:00","dateModified":"2026-03-17T10:05:36+00:00","breadcrumb":{"@id":"https:\/\/www.pinovo.eu\/fr\/product\/piconnect\/adapter-adjustable-edge\/#breadcrumb"},"inLanguage":"fr-FR","potentialAction":[{"@type":"ReadAction","target":["https:\/\/www.pinovo.eu\/fr\/product\/piconnect\/adapter-adjustable-edge\/"]}]},{"@type":"ImageObject","inLanguage":"fr-FR","@id":"https:\/\/www.pinovo.eu\/fr\/product\/piconnect\/adapter-adjustable-edge\/#primaryimage","url":"https:\/\/www.pinovo.eu\/fr\/wp-content\/uploads\/sites\/12\/2025\/07\/Adapter-Adjustable-Edge-1.png","contentUrl":"https:\/\/www.pinovo.eu\/fr\/wp-content\/uploads\/sites\/12\/2025\/07\/Adapter-Adjustable-Edge-1.png","width":675,"height":675},{"@type":"BreadcrumbList","@id":"https:\/\/www.pinovo.eu\/fr\/product\/piconnect\/adapter-adjustable-edge\/#breadcrumb","itemListElement":[{"@type":"ListItem","position":1,"name":"Home","item":"https:\/\/www.pinovo.eu\/fr\/"},{"@type":"ListItem","position":2,"name":"Products","item":"https:\/\/www.pinovo.eu\/fr\/products\/"},{"@type":"ListItem","position":3,"name":"Adapter Adjustable Edge"}]},{"@type":"WebSite","@id":"https:\/\/www.pinovo.eu\/fr\/#website","url":"https:\/\/www.pinovo.eu\/fr\/","name":"Pinovo | FR","description":"Pinovo slogan","potentialAction":[{"@type":"SearchAction","target":{"@type":"EntryPoint","urlTemplate":"https:\/\/www.pinovo.eu\/fr\/?s={search_term_string}"},"query-input":{"@type":"PropertyValueSpecification","valueRequired":true,"valueName":"search_term_string"}}],"inLanguage":"fr-FR"}]}},"_links":{"self":[{"href":"https:\/\/www.pinovo.eu\/fr\/wp-json\/wp\/v2\/product\/2557","targetHints":{"allow":["GET"]}}],"collection":[{"href":"https:\/\/www.pinovo.eu\/fr\/wp-json\/wp\/v2\/product"}],"about":[{"href":"https:\/\/www.pinovo.eu\/fr\/wp-json\/wp\/v2\/types\/product"}],"wp:featuredmedia":[{"embeddable":true,"href":"https:\/\/www.pinovo.eu\/fr\/wp-json\/wp\/v2\/media\/2583"}],"wp:attachment":[{"href":"https:\/\/www.pinovo.eu\/fr\/wp-json\/wp\/v2\/media?parent=2557"}],"wp:term":[{"taxonomy":"product_brand","embeddable":true,"href":"https:\/\/www.pinovo.eu\/fr\/wp-json\/wp\/v2\/product_brand?post=2557"},{"taxonomy":"product_cat","embeddable":true,"href":"https:\/\/www.pinovo.eu\/fr\/wp-json\/wp\/v2\/product_cat?post=2557"},{"taxonomy":"product_tag","embeddable":true,"href":"https:\/\/www.pinovo.eu\/fr\/wp-json\/wp\/v2\/product_tag?post=2557"}],"curies":[{"name":"wp","href":"https:\/\/api.w.org\/{rel}","templated":true}]}}