{"id":2559,"date":"2025-07-03T13:07:48","date_gmt":"2025-07-03T12:07:48","guid":{"rendered":"https:\/\/www.pinovo.eu\/?post_type=product&#038;p=2559"},"modified":"2026-03-17T11:05:12","modified_gmt":"2026-03-17T10:05:12","slug":"adaptateur-pipoint-plat","status":"publish","type":"product","link":"https:\/\/www.pinovo.eu\/fr\/product\/pipoint\/adaptateur-pipoint-plat\/","title":{"rendered":"Adaptateur PiPoint plat"},"content":{"rendered":"","protected":false},"excerpt":{"rendered":"<h3 data-start=\"176\" data-end=\"245\">Sablage ponctuel pour surfaces planes \u2013 compact, pr\u00e9cis et sans poussi\u00e8re<\/h3>\n<p data-start=\"247\" data-end=\"520\">L&#x27;<strong data-start=\"251\" data-end=\"276\">adaptateur<\/strong> <strong data-start=\"251\" data-end=\"276\">PiPoint&#x2122; Flat<\/strong> est con\u00e7u pour un sablage pr\u00e9cis sur <strong data-start=\"323\" data-end=\"352\">de petites surfaces planes en acier<\/strong> \u00e0 l&#x27;aide de l&#x27;outil \u00e0 main PiPoint&#x2122;. Sa conception compacte et son syst\u00e8me \u00e9tanche en font l&#x27;outil id\u00e9al pour les retouches rapides, la pr\u00e9paration des zones de soudure ou les r\u00e9parations de rev\u00eatements dans les environnements soumis \u00e0 la r\u00e9glementation ATEX.<\/p>\n<h3 data-start=\"522\" data-end=\"556\">Ce que cet adaptateur vous offre<\/h3>\n<ul data-start=\"557\" data-end=\"896\">\n<li data-start=\"557\" data-end=\"634\">\n<p data-start=\"559\" data-end=\"634\"><strong data-start=\"562\" data-end=\"597\">Sablage cibl\u00e9 pour les surfaces planes<\/strong> \u2013 id\u00e9al pour les cordons de soudure et les r\u00e9parations<\/p>\n<\/li>\n<li data-start=\"635\" data-end=\"702\">\n<p data-start=\"637\" data-end=\"702\"><strong data-start=\"641\" data-end=\"673\">Sans poussi\u00e8re et enti\u00e8rement ferm\u00e9<\/strong> \u2013 sans danger pour les zones sensibles<\/p>\n<\/li>\n<li data-start=\"703\" data-end=\"761\">\n<p data-start=\"705\" data-end=\"761\"><strong data-start=\"708\" data-end=\"726\">Certifi\u00e9 ATEX<\/strong> \u2013 utilisation sans risque dans les zones 1 et 2<\/p>\n<\/li>\n<li data-start=\"762\" data-end=\"817\">\n<p data-start=\"764\" data-end=\"817\"><strong data-start=\"768\" data-end=\"794\">Montage rapide de l&#x27;adaptateur<\/strong> pour un temps d&#x27;arr\u00eat minimal<\/p>\n<\/li>\n<li data-start=\"818\" data-end=\"896\">\n<p data-start=\"820\" data-end=\"896\"><strong data-start=\"823\" data-end=\"850\">Pas besoin de confinement<\/strong> \u2013 r\u00e9cup\u00e9ration totale du syst\u00e8me et op\u00e9rations propres<\/p>\n<\/li>\n<\/ul>\n<h3 data-start=\"1489\" data-end=\"1509\">\u00c0 combiner avec :<\/h3>\n<ul data-start=\"1510\" data-end=\"1575\">\n<li data-start=\"1510\" data-end=\"1537\">\n<p data-start=\"1512\" data-end=\"1537\"><a class=\"\" href=\"#\" rel=\"noopener\" data-start=\"1512\" data-end=\"1535\">Outil manuel PiPoint&#x2122;<\/a><\/p>\n<\/li>\n<li data-start=\"1538\" data-end=\"1575\">\n<p data-start=\"1540\" data-end=\"1575\"><a class=\"\" href=\"https:\/\/www.pinovo.eu\/product\/vacuum-blasting-machine\/vacuum-blasting-machine\/\" rel=\"noopener\" data-start=\"1540\" data-end=\"1575\">Unit\u00e9 de vide en boucle ferm\u00e9e PiSys&#x2122;<\/a><\/p>\n<\/li>\n<\/ul>\n","protected":false},"featured_media":2572,"template":"","meta":{"_acf_changed":false,"content-type":"","editor_notices":[]},"product_brand":[],"product_cat":[98],"product_tag":[],"class_list":{"0":"post-2559","1":"product","2":"type-product","3":"status-publish","4":"has-post-thumbnail","6":"product_cat-pipoint","8":"first","9":"instock","10":"taxable","11":"shipping-taxable","12":"product-type-simple"},"acf":[],"yoast_head":"<!-- This site is optimized with the Yoast SEO plugin v27.3 - https:\/\/yoast.com\/product\/yoast-seo-wordpress\/ -->\n<title>Adaptateur PiPoint plat - Pinovo | FR<\/title>\n<meta name=\"robots\" content=\"noindex, follow, max-snippet:-1, max-image-preview:large, max-video-preview:-1\" \/>\n<meta property=\"og:locale\" content=\"fr_FR\" \/>\n<meta property=\"og:type\" content=\"article\" \/>\n<meta property=\"og:title\" content=\"Adaptateur PiPoint plat - Pinovo | FR\" \/>\n<meta property=\"og:description\" content=\"Sablage ponctuel pour surfaces planes \u2013 compact, pr\u00e9cis et sans poussi\u00e8re L&#x27;adaptateur PiPoint&#x2122; Flat est con\u00e7u pour un sablage pr\u00e9cis sur de petites surfaces planes en acier \u00e0 l&#x27;aide de l&#x27;outil \u00e0 main PiPoint&#x2122;. Sa conception compacte et son syst\u00e8me \u00e9tanche en font l&#x27;outil id\u00e9al pour les retouches rapides, la pr\u00e9paration des zones de soudure ou les r\u00e9parations de rev\u00eatements dans les environnements soumis \u00e0 la r\u00e9glementation ATEX. Ce que cet adaptateur vous offre   Sablage cibl\u00e9 pour les surfaces planes \u2013 id\u00e9al pour les cordons de soudure et les r\u00e9parations   Sans poussi\u00e8re et enti\u00e8rement ferm\u00e9 \u2013 sans danger pour les zones sensibles   Certifi\u00e9 ATEX \u2013 utilisation sans risque dans les zones 1 et 2   Montage rapide de l&#x27;adaptateur pour un temps d&#x27;arr\u00eat minimal   Pas besoin de confinement \u2013 r\u00e9cup\u00e9ration totale du syst\u00e8me et op\u00e9rations propres  \u00c0 combiner avec :   Outil manuel PiPoint&#x2122;   Unit\u00e9 de vide en boucle ferm\u00e9e PiSys&#x2122;\" \/>\n<meta property=\"og:url\" content=\"https:\/\/www.pinovo.eu\/fr\/product\/pipoint\/pipoint-adapter-flat\/\" \/>\n<meta property=\"og:site_name\" content=\"Pinovo | FR\" \/>\n<meta property=\"article:modified_time\" content=\"2026-03-17T10:05:12+00:00\" \/>\n<meta property=\"og:image\" content=\"https:\/\/www.pinovo.eu\/fr\/wp-content\/uploads\/sites\/12\/2025\/07\/pipoint-adapter-flat-1.png\" \/>\n\t<meta property=\"og:image:width\" content=\"675\" \/>\n\t<meta property=\"og:image:height\" content=\"675\" \/>\n\t<meta property=\"og:image:type\" content=\"image\/png\" \/>\n<meta name=\"twitter:card\" content=\"summary_large_image\" \/>\n<meta name=\"twitter:label1\" content=\"Dur\u00e9e de lecture estim\u00e9e\" \/>\n\t<meta name=\"twitter:data1\" content=\"1 minute\" \/>\n<script type=\"application\/ld+json\" class=\"yoast-schema-graph\">{\"@context\":\"https:\\\/\\\/schema.org\",\"@graph\":[{\"@type\":\"WebPage\",\"@id\":\"https:\\\/\\\/www.pinovo.eu\\\/fr\\\/product\\\/pipoint\\\/pipoint-adapter-flat\\\/\",\"url\":\"https:\\\/\\\/www.pinovo.eu\\\/fr\\\/product\\\/pipoint\\\/pipoint-adapter-flat\\\/\",\"name\":\"Adaptateur PiPoint plat - Pinovo | FR\",\"isPartOf\":{\"@id\":\"https:\\\/\\\/www.pinovo.eu\\\/fr\\\/#website\"},\"primaryImageOfPage\":{\"@id\":\"https:\\\/\\\/www.pinovo.eu\\\/fr\\\/product\\\/pipoint\\\/pipoint-adapter-flat\\\/#primaryimage\"},\"image\":{\"@id\":\"https:\\\/\\\/www.pinovo.eu\\\/fr\\\/product\\\/pipoint\\\/pipoint-adapter-flat\\\/#primaryimage\"},\"thumbnailUrl\":\"https:\\\/\\\/www.pinovo.eu\\\/fr\\\/wp-content\\\/uploads\\\/sites\\\/12\\\/2025\\\/07\\\/pipoint-adapter-flat-1.png\",\"datePublished\":\"2025-07-03T12:07:48+00:00\",\"dateModified\":\"2026-03-17T10:05:12+00:00\",\"breadcrumb\":{\"@id\":\"https:\\\/\\\/www.pinovo.eu\\\/fr\\\/product\\\/pipoint\\\/pipoint-adapter-flat\\\/#breadcrumb\"},\"inLanguage\":\"fr-FR\",\"potentialAction\":[{\"@type\":\"ReadAction\",\"target\":[\"https:\\\/\\\/www.pinovo.eu\\\/fr\\\/product\\\/pipoint\\\/pipoint-adapter-flat\\\/\"]}]},{\"@type\":\"ImageObject\",\"inLanguage\":\"fr-FR\",\"@id\":\"https:\\\/\\\/www.pinovo.eu\\\/fr\\\/product\\\/pipoint\\\/pipoint-adapter-flat\\\/#primaryimage\",\"url\":\"https:\\\/\\\/www.pinovo.eu\\\/fr\\\/wp-content\\\/uploads\\\/sites\\\/12\\\/2025\\\/07\\\/pipoint-adapter-flat-1.png\",\"contentUrl\":\"https:\\\/\\\/www.pinovo.eu\\\/fr\\\/wp-content\\\/uploads\\\/sites\\\/12\\\/2025\\\/07\\\/pipoint-adapter-flat-1.png\",\"width\":675,\"height\":675},{\"@type\":\"BreadcrumbList\",\"@id\":\"https:\\\/\\\/www.pinovo.eu\\\/fr\\\/product\\\/pipoint\\\/pipoint-adapter-flat\\\/#breadcrumb\",\"itemListElement\":[{\"@type\":\"ListItem\",\"position\":1,\"name\":\"Home\",\"item\":\"https:\\\/\\\/www.pinovo.eu\\\/fr\\\/\"},{\"@type\":\"ListItem\",\"position\":2,\"name\":\"Products\",\"item\":\"https:\\\/\\\/www.pinovo.eu\\\/fr\\\/products\\\/\"},{\"@type\":\"ListItem\",\"position\":3,\"name\":\"PiPoint Adapter Flat\"}]},{\"@type\":\"WebSite\",\"@id\":\"https:\\\/\\\/www.pinovo.eu\\\/fr\\\/#website\",\"url\":\"https:\\\/\\\/www.pinovo.eu\\\/fr\\\/\",\"name\":\"Pinovo | FR\",\"description\":\"Pinovo slogan\",\"potentialAction\":[{\"@type\":\"SearchAction\",\"target\":{\"@type\":\"EntryPoint\",\"urlTemplate\":\"https:\\\/\\\/www.pinovo.eu\\\/fr\\\/?s={search_term_string}\"},\"query-input\":{\"@type\":\"PropertyValueSpecification\",\"valueRequired\":true,\"valueName\":\"search_term_string\"}}],\"inLanguage\":\"fr-FR\"}]}<\/script>\n<!-- \/ Yoast SEO plugin. -->","yoast_head_json":{"title":"Adaptateur PiPoint plat - Pinovo | FR","robots":{"index":"noindex","follow":"follow","max-snippet":"max-snippet:-1","max-image-preview":"max-image-preview:large","max-video-preview":"max-video-preview:-1"},"og_locale":"fr_FR","og_type":"article","og_title":"Adaptateur PiPoint plat - Pinovo | FR","og_description":"Sablage ponctuel pour surfaces planes \u2013 compact, pr\u00e9cis et sans poussi\u00e8re L&#x27;adaptateur PiPoint&#x2122; Flat est con\u00e7u pour un sablage pr\u00e9cis sur de petites surfaces planes en acier \u00e0 l&#x27;aide de l&#x27;outil \u00e0 main PiPoint&#x2122;. Sa conception compacte et son syst\u00e8me \u00e9tanche en font l&#x27;outil id\u00e9al pour les retouches rapides, la pr\u00e9paration des zones de soudure ou les r\u00e9parations de rev\u00eatements dans les environnements soumis \u00e0 la r\u00e9glementation ATEX. Ce que cet adaptateur vous offre   Sablage cibl\u00e9 pour les surfaces planes \u2013 id\u00e9al pour les cordons de soudure et les r\u00e9parations   Sans poussi\u00e8re et enti\u00e8rement ferm\u00e9 \u2013 sans danger pour les zones sensibles   Certifi\u00e9 ATEX \u2013 utilisation sans risque dans les zones 1 et 2   Montage rapide de l&#x27;adaptateur pour un temps d&#x27;arr\u00eat minimal   Pas besoin de confinement \u2013 r\u00e9cup\u00e9ration totale du syst\u00e8me et op\u00e9rations propres  \u00c0 combiner avec :   Outil manuel PiPoint&#x2122;   Unit\u00e9 de vide en boucle ferm\u00e9e PiSys&#x2122;","og_url":"https:\/\/www.pinovo.eu\/fr\/product\/pipoint\/pipoint-adapter-flat\/","og_site_name":"Pinovo | FR","article_modified_time":"2026-03-17T10:05:12+00:00","og_image":[{"width":675,"height":675,"url":"https:\/\/www.pinovo.eu\/fr\/wp-content\/uploads\/sites\/12\/2025\/07\/pipoint-adapter-flat-1.png","type":"image\/png"}],"twitter_card":"summary_large_image","twitter_misc":{"Dur\u00e9e de lecture estim\u00e9e":"1 minute"},"schema":{"@context":"https:\/\/schema.org","@graph":[{"@type":"WebPage","@id":"https:\/\/www.pinovo.eu\/fr\/product\/pipoint\/pipoint-adapter-flat\/","url":"https:\/\/www.pinovo.eu\/fr\/product\/pipoint\/pipoint-adapter-flat\/","name":"Adaptateur PiPoint plat - Pinovo | FR","isPartOf":{"@id":"https:\/\/www.pinovo.eu\/fr\/#website"},"primaryImageOfPage":{"@id":"https:\/\/www.pinovo.eu\/fr\/product\/pipoint\/pipoint-adapter-flat\/#primaryimage"},"image":{"@id":"https:\/\/www.pinovo.eu\/fr\/product\/pipoint\/pipoint-adapter-flat\/#primaryimage"},"thumbnailUrl":"https:\/\/www.pinovo.eu\/fr\/wp-content\/uploads\/sites\/12\/2025\/07\/pipoint-adapter-flat-1.png","datePublished":"2025-07-03T12:07:48+00:00","dateModified":"2026-03-17T10:05:12+00:00","breadcrumb":{"@id":"https:\/\/www.pinovo.eu\/fr\/product\/pipoint\/pipoint-adapter-flat\/#breadcrumb"},"inLanguage":"fr-FR","potentialAction":[{"@type":"ReadAction","target":["https:\/\/www.pinovo.eu\/fr\/product\/pipoint\/pipoint-adapter-flat\/"]}]},{"@type":"ImageObject","inLanguage":"fr-FR","@id":"https:\/\/www.pinovo.eu\/fr\/product\/pipoint\/pipoint-adapter-flat\/#primaryimage","url":"https:\/\/www.pinovo.eu\/fr\/wp-content\/uploads\/sites\/12\/2025\/07\/pipoint-adapter-flat-1.png","contentUrl":"https:\/\/www.pinovo.eu\/fr\/wp-content\/uploads\/sites\/12\/2025\/07\/pipoint-adapter-flat-1.png","width":675,"height":675},{"@type":"BreadcrumbList","@id":"https:\/\/www.pinovo.eu\/fr\/product\/pipoint\/pipoint-adapter-flat\/#breadcrumb","itemListElement":[{"@type":"ListItem","position":1,"name":"Home","item":"https:\/\/www.pinovo.eu\/fr\/"},{"@type":"ListItem","position":2,"name":"Products","item":"https:\/\/www.pinovo.eu\/fr\/products\/"},{"@type":"ListItem","position":3,"name":"PiPoint Adapter Flat"}]},{"@type":"WebSite","@id":"https:\/\/www.pinovo.eu\/fr\/#website","url":"https:\/\/www.pinovo.eu\/fr\/","name":"Pinovo | FR","description":"Pinovo slogan","potentialAction":[{"@type":"SearchAction","target":{"@type":"EntryPoint","urlTemplate":"https:\/\/www.pinovo.eu\/fr\/?s={search_term_string}"},"query-input":{"@type":"PropertyValueSpecification","valueRequired":true,"valueName":"search_term_string"}}],"inLanguage":"fr-FR"}]}},"_links":{"self":[{"href":"https:\/\/www.pinovo.eu\/fr\/wp-json\/wp\/v2\/product\/2559","targetHints":{"allow":["GET"]}}],"collection":[{"href":"https:\/\/www.pinovo.eu\/fr\/wp-json\/wp\/v2\/product"}],"about":[{"href":"https:\/\/www.pinovo.eu\/fr\/wp-json\/wp\/v2\/types\/product"}],"wp:featuredmedia":[{"embeddable":true,"href":"https:\/\/www.pinovo.eu\/fr\/wp-json\/wp\/v2\/media\/2572"}],"wp:attachment":[{"href":"https:\/\/www.pinovo.eu\/fr\/wp-json\/wp\/v2\/media?parent=2559"}],"wp:term":[{"taxonomy":"product_brand","embeddable":true,"href":"https:\/\/www.pinovo.eu\/fr\/wp-json\/wp\/v2\/product_brand?post=2559"},{"taxonomy":"product_cat","embeddable":true,"href":"https:\/\/www.pinovo.eu\/fr\/wp-json\/wp\/v2\/product_cat?post=2559"},{"taxonomy":"product_tag","embeddable":true,"href":"https:\/\/www.pinovo.eu\/fr\/wp-json\/wp\/v2\/product_tag?post=2559"}],"curies":[{"name":"wp","href":"https:\/\/api.w.org\/{rel}","templated":true}]}}