{"id":2561,"date":"2025-07-03T13:19:03","date_gmt":"2025-07-03T12:19:03","guid":{"rendered":"https:\/\/www.pinovo.eu\/?post_type=product&#038;p=2561"},"modified":"2026-03-17T11:05:02","modified_gmt":"2026-03-17T10:05:02","slug":"adaptateur-plat-brosses-longues","status":"publish","type":"product","link":"https:\/\/www.pinovo.eu\/fr\/product\/pipoint\/adaptateur-plat-brosses-longues\/","title":{"rendered":"Adaptateur plat \u2013 Brosses longues"},"content":{"rendered":"","protected":false},"excerpt":{"rendered":"<h3 data-start=\"149\" data-end=\"234\">Couverture \u00e9tendue des brosses pour le sablage de surfaces planes \u2013 bords plus nets, meilleur contr\u00f4le<\/h3>\n<p data-start=\"236\" data-end=\"542\">L&#x27;<strong data-start=\"240\" data-end=\"280\">adaptateur<\/strong> <strong data-start=\"240\" data-end=\"280\">PiPoint&#x2122; plat \u2013 brosses longues<\/strong> est une variante de l&#x27;adaptateur plat standard, \u00e9quip\u00e9 de <strong data-start=\"340\" data-end=\"360\">brosses allong\u00e9es<\/strong> pour offrir une meilleure \u00e9tanch\u00e9it\u00e9 et un meilleur contact avec la surface. Id\u00e9al pour le sablage de surfaces en acier planes o\u00f9 un confinement des bords, un meilleur contr\u00f4le de la poussi\u00e8re ou une zone de couverture l\u00e9g\u00e8rement plus grande sont n\u00e9cessaires.<\/p>\n<h3 data-start=\"544\" data-end=\"580\">Pourquoi cette version vous convient<\/h3>\n<ul data-start=\"581\" data-end=\"890\">\n<li data-start=\"581\" data-end=\"647\">\n<p data-start=\"583\" data-end=\"647\"><strong data-start=\"586\" data-end=\"615\">Meilleur confinement de la poussi\u00e8re<\/strong> gr\u00e2ce \u00e0 la conception des brosses plus longues<\/p>\n<\/li>\n<li data-start=\"648\" data-end=\"712\">\n<p data-start=\"650\" data-end=\"712\"><strong data-start=\"653\" data-end=\"710\">Id\u00e9al pour la pr\u00e9paration des soudures, les r\u00e9parations ponctuelles et le d\u00e9capage de rev\u00eatements<\/strong><\/p>\n<\/li>\n<li data-start=\"713\" data-end=\"774\">\n<p data-start=\"715\" data-end=\"774\"><strong data-start=\"718\" data-end=\"746\">Homologu\u00e9 ATEX Zones 1 et 2<\/strong> \u2013 utilisation en toute s\u00e9curit\u00e9 dans les zones explosives<\/p>\n<\/li>\n<li data-start=\"775\" data-end=\"826\">\n<p data-start=\"777\" data-end=\"826\"><strong data-start=\"780\" data-end=\"803\">Se remplace en quelques secondes<\/strong> sur l&#x27;outil PiPoint&#x2122;<\/p>\n<\/li>\n<li data-start=\"827\" data-end=\"890\">\n<p data-start=\"829\" data-end=\"890\"><strong data-start=\"831\" data-end=\"890\">Meilleure \u00e9tanch\u00e9it\u00e9 = environnement de travail plus propre et moins de perte de grain<\/strong><\/p>\n<\/li>\n<\/ul>\n<h3 data-start=\"1390\" data-end=\"1410\">\u00c0 associer avec :<\/h3>\n<ul data-start=\"1411\" data-end=\"1464\">\n<li data-start=\"1411\" data-end=\"1433\">\n<p data-start=\"1413\" data-end=\"1433\"><a class=\"\" href=\"#\" rel=\"noopener\" data-start=\"1413\" data-end=\"1431\">Outil PiPoint&#x2122;<\/a><\/p>\n<\/li>\n<li data-start=\"1434\" data-end=\"1464\">\n<p data-start=\"1436\" data-end=\"1464\"><a class=\"\" href=\"#\" rel=\"noopener\" data-start=\"1436\" data-end=\"1464\">Unit\u00e9 en boucle ferm\u00e9e PiSys&#x2122;<\/a><\/p>\n<\/li>\n<\/ul>\n","protected":false},"featured_media":2584,"template":"","meta":{"_acf_changed":false,"content-type":"","editor_notices":[]},"product_brand":[],"product_cat":[98],"product_tag":[],"class_list":{"0":"post-2561","1":"product","2":"type-product","3":"status-publish","4":"has-post-thumbnail","6":"product_cat-pipoint","8":"first","9":"instock","10":"taxable","11":"shipping-taxable","12":"product-type-simple"},"acf":[],"yoast_head":"<!-- This site is optimized with the Yoast SEO plugin v27.3 - https:\/\/yoast.com\/product\/yoast-seo-wordpress\/ -->\n<title>Adaptateur plat \u2013 Brosses longues - Pinovo | FR<\/title>\n<meta name=\"robots\" content=\"noindex, follow, max-snippet:-1, max-image-preview:large, max-video-preview:-1\" \/>\n<meta property=\"og:locale\" content=\"fr_FR\" \/>\n<meta property=\"og:type\" content=\"article\" \/>\n<meta property=\"og:title\" content=\"Adaptateur plat \u2013 Brosses longues - Pinovo | FR\" \/>\n<meta property=\"og:description\" content=\"Couverture \u00e9tendue des brosses pour le sablage de surfaces planes \u2013 bords plus nets, meilleur contr\u00f4le L&#x27;adaptateur PiPoint&#x2122; plat \u2013 brosses longues est une variante de l&#x27;adaptateur plat standard, \u00e9quip\u00e9 de brosses allong\u00e9es pour offrir une meilleure \u00e9tanch\u00e9it\u00e9 et un meilleur contact avec la surface. Id\u00e9al pour le sablage de surfaces en acier planes o\u00f9 un confinement des bords, un meilleur contr\u00f4le de la poussi\u00e8re ou une zone de couverture l\u00e9g\u00e8rement plus grande sont n\u00e9cessaires. Pourquoi cette version vous convient   Meilleur confinement de la poussi\u00e8re gr\u00e2ce \u00e0 la conception des brosses plus longues   Id\u00e9al pour la pr\u00e9paration des soudures, les r\u00e9parations ponctuelles et le d\u00e9capage de rev\u00eatements   Homologu\u00e9 ATEX Zones 1 et 2 \u2013 utilisation en toute s\u00e9curit\u00e9 dans les zones explosives   Se remplace en quelques secondes sur l&#x27;outil PiPoint&#x2122;   Meilleure \u00e9tanch\u00e9it\u00e9 = environnement de travail plus propre et moins de perte de grain  \u00c0 associer avec :   Outil PiPoint&#x2122;   Unit\u00e9 en boucle ferm\u00e9e PiSys&#x2122;\" \/>\n<meta property=\"og:url\" content=\"https:\/\/www.pinovo.eu\/fr\/product\/pipoint\/adapter-flat-long-brushes\/\" \/>\n<meta property=\"og:site_name\" content=\"Pinovo | FR\" \/>\n<meta property=\"article:modified_time\" content=\"2026-03-17T10:05:02+00:00\" \/>\n<meta property=\"og:image\" content=\"https:\/\/www.pinovo.eu\/fr\/wp-content\/uploads\/sites\/12\/2025\/07\/Adapter-Flat-\u2013-Long-Brushes-2.png\" \/>\n\t<meta property=\"og:image:width\" content=\"675\" \/>\n\t<meta property=\"og:image:height\" content=\"675\" \/>\n\t<meta property=\"og:image:type\" content=\"image\/png\" \/>\n<meta name=\"twitter:card\" content=\"summary_large_image\" \/>\n<meta name=\"twitter:label1\" content=\"Dur\u00e9e de lecture estim\u00e9e\" \/>\n\t<meta name=\"twitter:data1\" content=\"1 minute\" \/>\n<script type=\"application\/ld+json\" class=\"yoast-schema-graph\">{\"@context\":\"https:\\\/\\\/schema.org\",\"@graph\":[{\"@type\":\"WebPage\",\"@id\":\"https:\\\/\\\/www.pinovo.eu\\\/fr\\\/product\\\/pipoint\\\/adapter-flat-long-brushes\\\/\",\"url\":\"https:\\\/\\\/www.pinovo.eu\\\/fr\\\/product\\\/pipoint\\\/adapter-flat-long-brushes\\\/\",\"name\":\"Adaptateur plat \u2013 Brosses longues - Pinovo | FR\",\"isPartOf\":{\"@id\":\"https:\\\/\\\/www.pinovo.eu\\\/fr\\\/#website\"},\"primaryImageOfPage\":{\"@id\":\"https:\\\/\\\/www.pinovo.eu\\\/fr\\\/product\\\/pipoint\\\/adapter-flat-long-brushes\\\/#primaryimage\"},\"image\":{\"@id\":\"https:\\\/\\\/www.pinovo.eu\\\/fr\\\/product\\\/pipoint\\\/adapter-flat-long-brushes\\\/#primaryimage\"},\"thumbnailUrl\":\"https:\\\/\\\/www.pinovo.eu\\\/fr\\\/wp-content\\\/uploads\\\/sites\\\/12\\\/2025\\\/07\\\/Adapter-Flat-\u2013-Long-Brushes-2.png\",\"datePublished\":\"2025-07-03T12:19:03+00:00\",\"dateModified\":\"2026-03-17T10:05:02+00:00\",\"breadcrumb\":{\"@id\":\"https:\\\/\\\/www.pinovo.eu\\\/fr\\\/product\\\/pipoint\\\/adapter-flat-long-brushes\\\/#breadcrumb\"},\"inLanguage\":\"fr-FR\",\"potentialAction\":[{\"@type\":\"ReadAction\",\"target\":[\"https:\\\/\\\/www.pinovo.eu\\\/fr\\\/product\\\/pipoint\\\/adapter-flat-long-brushes\\\/\"]}]},{\"@type\":\"ImageObject\",\"inLanguage\":\"fr-FR\",\"@id\":\"https:\\\/\\\/www.pinovo.eu\\\/fr\\\/product\\\/pipoint\\\/adapter-flat-long-brushes\\\/#primaryimage\",\"url\":\"https:\\\/\\\/www.pinovo.eu\\\/fr\\\/wp-content\\\/uploads\\\/sites\\\/12\\\/2025\\\/07\\\/Adapter-Flat-\u2013-Long-Brushes-2.png\",\"contentUrl\":\"https:\\\/\\\/www.pinovo.eu\\\/fr\\\/wp-content\\\/uploads\\\/sites\\\/12\\\/2025\\\/07\\\/Adapter-Flat-\u2013-Long-Brushes-2.png\",\"width\":675,\"height\":675},{\"@type\":\"BreadcrumbList\",\"@id\":\"https:\\\/\\\/www.pinovo.eu\\\/fr\\\/product\\\/pipoint\\\/adapter-flat-long-brushes\\\/#breadcrumb\",\"itemListElement\":[{\"@type\":\"ListItem\",\"position\":1,\"name\":\"Home\",\"item\":\"https:\\\/\\\/www.pinovo.eu\\\/fr\\\/\"},{\"@type\":\"ListItem\",\"position\":2,\"name\":\"Products\",\"item\":\"https:\\\/\\\/www.pinovo.eu\\\/fr\\\/products\\\/\"},{\"@type\":\"ListItem\",\"position\":3,\"name\":\"Adapter Flat \u2013 Long Brushes\"}]},{\"@type\":\"WebSite\",\"@id\":\"https:\\\/\\\/www.pinovo.eu\\\/fr\\\/#website\",\"url\":\"https:\\\/\\\/www.pinovo.eu\\\/fr\\\/\",\"name\":\"Pinovo | FR\",\"description\":\"Pinovo slogan\",\"potentialAction\":[{\"@type\":\"SearchAction\",\"target\":{\"@type\":\"EntryPoint\",\"urlTemplate\":\"https:\\\/\\\/www.pinovo.eu\\\/fr\\\/?s={search_term_string}\"},\"query-input\":{\"@type\":\"PropertyValueSpecification\",\"valueRequired\":true,\"valueName\":\"search_term_string\"}}],\"inLanguage\":\"fr-FR\"}]}<\/script>\n<!-- \/ Yoast SEO plugin. -->","yoast_head_json":{"title":"Adaptateur plat \u2013 Brosses longues - Pinovo | FR","robots":{"index":"noindex","follow":"follow","max-snippet":"max-snippet:-1","max-image-preview":"max-image-preview:large","max-video-preview":"max-video-preview:-1"},"og_locale":"fr_FR","og_type":"article","og_title":"Adaptateur plat \u2013 Brosses longues - Pinovo | FR","og_description":"Couverture \u00e9tendue des brosses pour le sablage de surfaces planes \u2013 bords plus nets, meilleur contr\u00f4le L&#x27;adaptateur PiPoint&#x2122; plat \u2013 brosses longues est une variante de l&#x27;adaptateur plat standard, \u00e9quip\u00e9 de brosses allong\u00e9es pour offrir une meilleure \u00e9tanch\u00e9it\u00e9 et un meilleur contact avec la surface. Id\u00e9al pour le sablage de surfaces en acier planes o\u00f9 un confinement des bords, un meilleur contr\u00f4le de la poussi\u00e8re ou une zone de couverture l\u00e9g\u00e8rement plus grande sont n\u00e9cessaires. Pourquoi cette version vous convient   Meilleur confinement de la poussi\u00e8re gr\u00e2ce \u00e0 la conception des brosses plus longues   Id\u00e9al pour la pr\u00e9paration des soudures, les r\u00e9parations ponctuelles et le d\u00e9capage de rev\u00eatements   Homologu\u00e9 ATEX Zones 1 et 2 \u2013 utilisation en toute s\u00e9curit\u00e9 dans les zones explosives   Se remplace en quelques secondes sur l&#x27;outil PiPoint&#x2122;   Meilleure \u00e9tanch\u00e9it\u00e9 = environnement de travail plus propre et moins de perte de grain  \u00c0 associer avec :   Outil PiPoint&#x2122;   Unit\u00e9 en boucle ferm\u00e9e PiSys&#x2122;","og_url":"https:\/\/www.pinovo.eu\/fr\/product\/pipoint\/adapter-flat-long-brushes\/","og_site_name":"Pinovo | FR","article_modified_time":"2026-03-17T10:05:02+00:00","og_image":[{"width":675,"height":675,"url":"https:\/\/www.pinovo.eu\/fr\/wp-content\/uploads\/sites\/12\/2025\/07\/Adapter-Flat-\u2013-Long-Brushes-2.png","type":"image\/png"}],"twitter_card":"summary_large_image","twitter_misc":{"Dur\u00e9e de lecture estim\u00e9e":"1 minute"},"schema":{"@context":"https:\/\/schema.org","@graph":[{"@type":"WebPage","@id":"https:\/\/www.pinovo.eu\/fr\/product\/pipoint\/adapter-flat-long-brushes\/","url":"https:\/\/www.pinovo.eu\/fr\/product\/pipoint\/adapter-flat-long-brushes\/","name":"Adaptateur plat \u2013 Brosses longues - Pinovo | FR","isPartOf":{"@id":"https:\/\/www.pinovo.eu\/fr\/#website"},"primaryImageOfPage":{"@id":"https:\/\/www.pinovo.eu\/fr\/product\/pipoint\/adapter-flat-long-brushes\/#primaryimage"},"image":{"@id":"https:\/\/www.pinovo.eu\/fr\/product\/pipoint\/adapter-flat-long-brushes\/#primaryimage"},"thumbnailUrl":"https:\/\/www.pinovo.eu\/fr\/wp-content\/uploads\/sites\/12\/2025\/07\/Adapter-Flat-\u2013-Long-Brushes-2.png","datePublished":"2025-07-03T12:19:03+00:00","dateModified":"2026-03-17T10:05:02+00:00","breadcrumb":{"@id":"https:\/\/www.pinovo.eu\/fr\/product\/pipoint\/adapter-flat-long-brushes\/#breadcrumb"},"inLanguage":"fr-FR","potentialAction":[{"@type":"ReadAction","target":["https:\/\/www.pinovo.eu\/fr\/product\/pipoint\/adapter-flat-long-brushes\/"]}]},{"@type":"ImageObject","inLanguage":"fr-FR","@id":"https:\/\/www.pinovo.eu\/fr\/product\/pipoint\/adapter-flat-long-brushes\/#primaryimage","url":"https:\/\/www.pinovo.eu\/fr\/wp-content\/uploads\/sites\/12\/2025\/07\/Adapter-Flat-\u2013-Long-Brushes-2.png","contentUrl":"https:\/\/www.pinovo.eu\/fr\/wp-content\/uploads\/sites\/12\/2025\/07\/Adapter-Flat-\u2013-Long-Brushes-2.png","width":675,"height":675},{"@type":"BreadcrumbList","@id":"https:\/\/www.pinovo.eu\/fr\/product\/pipoint\/adapter-flat-long-brushes\/#breadcrumb","itemListElement":[{"@type":"ListItem","position":1,"name":"Home","item":"https:\/\/www.pinovo.eu\/fr\/"},{"@type":"ListItem","position":2,"name":"Products","item":"https:\/\/www.pinovo.eu\/fr\/products\/"},{"@type":"ListItem","position":3,"name":"Adapter Flat \u2013 Long Brushes"}]},{"@type":"WebSite","@id":"https:\/\/www.pinovo.eu\/fr\/#website","url":"https:\/\/www.pinovo.eu\/fr\/","name":"Pinovo | FR","description":"Pinovo slogan","potentialAction":[{"@type":"SearchAction","target":{"@type":"EntryPoint","urlTemplate":"https:\/\/www.pinovo.eu\/fr\/?s={search_term_string}"},"query-input":{"@type":"PropertyValueSpecification","valueRequired":true,"valueName":"search_term_string"}}],"inLanguage":"fr-FR"}]}},"_links":{"self":[{"href":"https:\/\/www.pinovo.eu\/fr\/wp-json\/wp\/v2\/product\/2561","targetHints":{"allow":["GET"]}}],"collection":[{"href":"https:\/\/www.pinovo.eu\/fr\/wp-json\/wp\/v2\/product"}],"about":[{"href":"https:\/\/www.pinovo.eu\/fr\/wp-json\/wp\/v2\/types\/product"}],"wp:featuredmedia":[{"embeddable":true,"href":"https:\/\/www.pinovo.eu\/fr\/wp-json\/wp\/v2\/media\/2584"}],"wp:attachment":[{"href":"https:\/\/www.pinovo.eu\/fr\/wp-json\/wp\/v2\/media?parent=2561"}],"wp:term":[{"taxonomy":"product_brand","embeddable":true,"href":"https:\/\/www.pinovo.eu\/fr\/wp-json\/wp\/v2\/product_brand?post=2561"},{"taxonomy":"product_cat","embeddable":true,"href":"https:\/\/www.pinovo.eu\/fr\/wp-json\/wp\/v2\/product_cat?post=2561"},{"taxonomy":"product_tag","embeddable":true,"href":"https:\/\/www.pinovo.eu\/fr\/wp-json\/wp\/v2\/product_tag?post=2561"}],"curies":[{"name":"wp","href":"https:\/\/api.w.org\/{rel}","templated":true}]}}