{"id":2565,"date":"2025-07-03T13:25:42","date_gmt":"2025-07-03T12:25:42","guid":{"rendered":"https:\/\/www.pinovo.eu\/?post_type=product&#038;p=2565"},"modified":"2026-03-17T11:03:59","modified_gmt":"2026-03-17T10:03:59","slug":"raccord-coude-et-coude-en-t","status":"publish","type":"product","link":"https:\/\/www.pinovo.eu\/fr\/product\/pipoint\/raccord-coude-et-coude-en-t\/","title":{"rendered":"Raccord coud\u00e9 et coude en T"},"content":{"rendered":"<h3 data-start=\"164\" data-end=\"242\">Sablage cibl\u00e9 pour les angles et les transitions \u2013 rapide, propre et conforme<\/h3>\n<p data-start=\"244\" data-end=\"551\">L&#x27;<strong data-start=\"248\" data-end=\"284\">adaptateur<\/strong> <strong data-start=\"248\" data-end=\"284\">PiPoint&#x2122; pour angles et coudes en T<\/strong> est con\u00e7u pour un sablage s\u00fbr et sans poussi\u00e8re des <strong data-start=\"338\" data-end=\"376\">angles vifs, des coudes et des raccords en T<\/strong>. Il s&#x27;adapte \u00e0 l&#x27;outil \u00e0 main PiPoint&#x2122; et offre une \u00e9tanch\u00e9it\u00e9 et un contr\u00f4le fiables dans les g\u00e9om\u00e9tries structurelles complexes o\u00f9 le sablage traditionnel g\u00e9n\u00e8re de la contamination ou des projections excessives.<\/p>\n<h3 data-start=\"553\" data-end=\"592\">Pourquoi cet adaptateur est-il indispensable ?<\/h3>\n<ul data-start=\"593\" data-end=\"926\">\n<li data-start=\"593\" data-end=\"659\">\n<p data-start=\"595\" data-end=\"659\"><strong data-start=\"598\" data-end=\"657\">Id\u00e9al pour les raccords en T, les coudes et les soudures d&#x27;angle<\/strong><\/p>\n<\/li>\n<li data-start=\"660\" data-end=\"727\">\n<p data-start=\"662\" data-end=\"727\"><strong data-start=\"665\" data-end=\"683\">Enti\u00e8rement ferm\u00e9<\/strong> \u2013 \u00e9limine la poussi\u00e8re en suspension dans l&#x27;air et la perte de m\u00e9dia<\/p>\n<\/li>\n<li data-start=\"728\" data-end=\"795\">\n<p data-start=\"730\" data-end=\"795\"><strong data-start=\"733\" data-end=\"756\">Conception \u00e0 changement rapide<\/strong> \u2013 remplacement facile lors des op\u00e9rations de maintenance<\/p>\n<\/li>\n<li data-start=\"796\" data-end=\"865\">\n<p data-start=\"798\" data-end=\"865\"><strong data-start=\"801\" data-end=\"830\">Certifi\u00e9 ATEX Zones 1 et 2<\/strong> \u2013 s\u00fbr dans les environnements explosifs<\/p>\n<\/li>\n<li data-start=\"866\" data-end=\"926\">\n<p data-start=\"868\" data-end=\"926\"><strong data-start=\"871\" data-end=\"902\">Permet une r\u00e9cup\u00e9ration totale du granulat<\/strong> \u2013 sablage sans d\u00e9chet<\/p>\n<\/li>\n<\/ul>\n<h3 data-start=\"1524\" data-end=\"1544\">\u00c0 associer avec :<\/h3>\n<ul data-start=\"1545\" data-end=\"1607\">\n<li data-start=\"1545\" data-end=\"1576\">\n<p data-start=\"1547\" data-end=\"1576\"><a class=\"\" href=\"#\" rel=\"noopener\" data-start=\"1547\" data-end=\"1574\">Outil de sablage PiPoint&#x2122;<\/a><\/p>\n<\/li>\n<li data-start=\"1577\" data-end=\"1607\">\n<p data-start=\"1579\" data-end=\"1607\"><a class=\"\" href=\"#\" rel=\"noopener\" data-start=\"1579\" data-end=\"1607\">Unit\u00e9 en boucle ferm\u00e9e PiSys&#x2122;<\/a><\/p>\n<\/li>\n<\/ul>\n","protected":false},"excerpt":{"rendered":"<p>Sablage cibl\u00e9 pour les angles et les transitions \u2013 rapide, propre et conforme L&#x27;adaptateur PiPoint&#x2122; pour angles et coudes en [&hellip;]<\/p>\n","protected":false},"featured_media":2574,"template":"","meta":{"_acf_changed":false,"content-type":"","editor_notices":[]},"product_brand":[],"product_cat":[98],"product_tag":[],"class_list":{"0":"post-2565","1":"product","2":"type-product","3":"status-publish","4":"has-post-thumbnail","6":"product_cat-pipoint","8":"first","9":"instock","10":"taxable","11":"shipping-taxable","12":"product-type-simple"},"acf":[],"yoast_head":"<!-- This site is optimized with the Yoast SEO plugin v27.3 - https:\/\/yoast.com\/product\/yoast-seo-wordpress\/ -->\n<title>Raccord coud\u00e9 et coude en T - Pinovo | FR<\/title>\n<meta name=\"robots\" content=\"noindex, follow, max-snippet:-1, max-image-preview:large, max-video-preview:-1\" \/>\n<meta property=\"og:locale\" content=\"fr_FR\" \/>\n<meta property=\"og:type\" content=\"article\" \/>\n<meta property=\"og:title\" content=\"Raccord coud\u00e9 et coude en T - Pinovo | FR\" \/>\n<meta property=\"og:description\" content=\"Sablage cibl\u00e9 pour les angles et les transitions \u2013 rapide, propre et conforme L&#x27;adaptateur PiPoint&#x2122; pour angles et coudes en [&hellip;]\" \/>\n<meta property=\"og:url\" content=\"https:\/\/www.pinovo.eu\/fr\/product\/pipoint\/adapter-corner-t-bend\/\" \/>\n<meta property=\"og:site_name\" content=\"Pinovo | FR\" \/>\n<meta property=\"article:modified_time\" content=\"2026-03-17T10:03:59+00:00\" \/>\n<meta property=\"og:image\" content=\"https:\/\/www.pinovo.eu\/fr\/wp-content\/uploads\/sites\/12\/2025\/07\/Adapter-Corner-T-Bend-1.png\" \/>\n\t<meta property=\"og:image:width\" content=\"1080\" \/>\n\t<meta property=\"og:image:height\" content=\"1080\" \/>\n\t<meta property=\"og:image:type\" content=\"image\/png\" \/>\n<meta name=\"twitter:card\" content=\"summary_large_image\" \/>\n<meta name=\"twitter:label1\" content=\"Dur\u00e9e de lecture estim\u00e9e\" \/>\n\t<meta name=\"twitter:data1\" content=\"1 minute\" \/>\n<script type=\"application\/ld+json\" class=\"yoast-schema-graph\">{\"@context\":\"https:\\\/\\\/schema.org\",\"@graph\":[{\"@type\":\"WebPage\",\"@id\":\"https:\\\/\\\/www.pinovo.eu\\\/fr\\\/product\\\/pipoint\\\/adapter-corner-t-bend\\\/\",\"url\":\"https:\\\/\\\/www.pinovo.eu\\\/fr\\\/product\\\/pipoint\\\/adapter-corner-t-bend\\\/\",\"name\":\"Raccord coud\u00e9 et coude en T - Pinovo | FR\",\"isPartOf\":{\"@id\":\"https:\\\/\\\/www.pinovo.eu\\\/fr\\\/#website\"},\"primaryImageOfPage\":{\"@id\":\"https:\\\/\\\/www.pinovo.eu\\\/fr\\\/product\\\/pipoint\\\/adapter-corner-t-bend\\\/#primaryimage\"},\"image\":{\"@id\":\"https:\\\/\\\/www.pinovo.eu\\\/fr\\\/product\\\/pipoint\\\/adapter-corner-t-bend\\\/#primaryimage\"},\"thumbnailUrl\":\"https:\\\/\\\/www.pinovo.eu\\\/fr\\\/wp-content\\\/uploads\\\/sites\\\/12\\\/2025\\\/07\\\/Adapter-Corner-T-Bend-1.png\",\"datePublished\":\"2025-07-03T12:25:42+00:00\",\"dateModified\":\"2026-03-17T10:03:59+00:00\",\"breadcrumb\":{\"@id\":\"https:\\\/\\\/www.pinovo.eu\\\/fr\\\/product\\\/pipoint\\\/adapter-corner-t-bend\\\/#breadcrumb\"},\"inLanguage\":\"fr-FR\",\"potentialAction\":[{\"@type\":\"ReadAction\",\"target\":[\"https:\\\/\\\/www.pinovo.eu\\\/fr\\\/product\\\/pipoint\\\/adapter-corner-t-bend\\\/\"]}]},{\"@type\":\"ImageObject\",\"inLanguage\":\"fr-FR\",\"@id\":\"https:\\\/\\\/www.pinovo.eu\\\/fr\\\/product\\\/pipoint\\\/adapter-corner-t-bend\\\/#primaryimage\",\"url\":\"https:\\\/\\\/www.pinovo.eu\\\/fr\\\/wp-content\\\/uploads\\\/sites\\\/12\\\/2025\\\/07\\\/Adapter-Corner-T-Bend-1.png\",\"contentUrl\":\"https:\\\/\\\/www.pinovo.eu\\\/fr\\\/wp-content\\\/uploads\\\/sites\\\/12\\\/2025\\\/07\\\/Adapter-Corner-T-Bend-1.png\",\"width\":1080,\"height\":1080},{\"@type\":\"BreadcrumbList\",\"@id\":\"https:\\\/\\\/www.pinovo.eu\\\/fr\\\/product\\\/pipoint\\\/adapter-corner-t-bend\\\/#breadcrumb\",\"itemListElement\":[{\"@type\":\"ListItem\",\"position\":1,\"name\":\"Home\",\"item\":\"https:\\\/\\\/www.pinovo.eu\\\/fr\\\/\"},{\"@type\":\"ListItem\",\"position\":2,\"name\":\"Products\",\"item\":\"https:\\\/\\\/www.pinovo.eu\\\/fr\\\/products\\\/\"},{\"@type\":\"ListItem\",\"position\":3,\"name\":\"Adapter Corner &amp; T-Bend\"}]},{\"@type\":\"WebSite\",\"@id\":\"https:\\\/\\\/www.pinovo.eu\\\/fr\\\/#website\",\"url\":\"https:\\\/\\\/www.pinovo.eu\\\/fr\\\/\",\"name\":\"Pinovo | FR\",\"description\":\"Pinovo slogan\",\"potentialAction\":[{\"@type\":\"SearchAction\",\"target\":{\"@type\":\"EntryPoint\",\"urlTemplate\":\"https:\\\/\\\/www.pinovo.eu\\\/fr\\\/?s={search_term_string}\"},\"query-input\":{\"@type\":\"PropertyValueSpecification\",\"valueRequired\":true,\"valueName\":\"search_term_string\"}}],\"inLanguage\":\"fr-FR\"}]}<\/script>\n<!-- \/ Yoast SEO plugin. -->","yoast_head_json":{"title":"Raccord coud\u00e9 et coude en T - Pinovo | FR","robots":{"index":"noindex","follow":"follow","max-snippet":"max-snippet:-1","max-image-preview":"max-image-preview:large","max-video-preview":"max-video-preview:-1"},"og_locale":"fr_FR","og_type":"article","og_title":"Raccord coud\u00e9 et coude en T - Pinovo | FR","og_description":"Sablage cibl\u00e9 pour les angles et les transitions \u2013 rapide, propre et conforme L&#x27;adaptateur PiPoint&#x2122; pour angles et coudes en [&hellip;]","og_url":"https:\/\/www.pinovo.eu\/fr\/product\/pipoint\/adapter-corner-t-bend\/","og_site_name":"Pinovo | FR","article_modified_time":"2026-03-17T10:03:59+00:00","og_image":[{"width":1080,"height":1080,"url":"https:\/\/www.pinovo.eu\/fr\/wp-content\/uploads\/sites\/12\/2025\/07\/Adapter-Corner-T-Bend-1.png","type":"image\/png"}],"twitter_card":"summary_large_image","twitter_misc":{"Dur\u00e9e de lecture estim\u00e9e":"1 minute"},"schema":{"@context":"https:\/\/schema.org","@graph":[{"@type":"WebPage","@id":"https:\/\/www.pinovo.eu\/fr\/product\/pipoint\/adapter-corner-t-bend\/","url":"https:\/\/www.pinovo.eu\/fr\/product\/pipoint\/adapter-corner-t-bend\/","name":"Raccord coud\u00e9 et coude en T - Pinovo | FR","isPartOf":{"@id":"https:\/\/www.pinovo.eu\/fr\/#website"},"primaryImageOfPage":{"@id":"https:\/\/www.pinovo.eu\/fr\/product\/pipoint\/adapter-corner-t-bend\/#primaryimage"},"image":{"@id":"https:\/\/www.pinovo.eu\/fr\/product\/pipoint\/adapter-corner-t-bend\/#primaryimage"},"thumbnailUrl":"https:\/\/www.pinovo.eu\/fr\/wp-content\/uploads\/sites\/12\/2025\/07\/Adapter-Corner-T-Bend-1.png","datePublished":"2025-07-03T12:25:42+00:00","dateModified":"2026-03-17T10:03:59+00:00","breadcrumb":{"@id":"https:\/\/www.pinovo.eu\/fr\/product\/pipoint\/adapter-corner-t-bend\/#breadcrumb"},"inLanguage":"fr-FR","potentialAction":[{"@type":"ReadAction","target":["https:\/\/www.pinovo.eu\/fr\/product\/pipoint\/adapter-corner-t-bend\/"]}]},{"@type":"ImageObject","inLanguage":"fr-FR","@id":"https:\/\/www.pinovo.eu\/fr\/product\/pipoint\/adapter-corner-t-bend\/#primaryimage","url":"https:\/\/www.pinovo.eu\/fr\/wp-content\/uploads\/sites\/12\/2025\/07\/Adapter-Corner-T-Bend-1.png","contentUrl":"https:\/\/www.pinovo.eu\/fr\/wp-content\/uploads\/sites\/12\/2025\/07\/Adapter-Corner-T-Bend-1.png","width":1080,"height":1080},{"@type":"BreadcrumbList","@id":"https:\/\/www.pinovo.eu\/fr\/product\/pipoint\/adapter-corner-t-bend\/#breadcrumb","itemListElement":[{"@type":"ListItem","position":1,"name":"Home","item":"https:\/\/www.pinovo.eu\/fr\/"},{"@type":"ListItem","position":2,"name":"Products","item":"https:\/\/www.pinovo.eu\/fr\/products\/"},{"@type":"ListItem","position":3,"name":"Adapter Corner &amp; T-Bend"}]},{"@type":"WebSite","@id":"https:\/\/www.pinovo.eu\/fr\/#website","url":"https:\/\/www.pinovo.eu\/fr\/","name":"Pinovo | FR","description":"Pinovo slogan","potentialAction":[{"@type":"SearchAction","target":{"@type":"EntryPoint","urlTemplate":"https:\/\/www.pinovo.eu\/fr\/?s={search_term_string}"},"query-input":{"@type":"PropertyValueSpecification","valueRequired":true,"valueName":"search_term_string"}}],"inLanguage":"fr-FR"}]}},"_links":{"self":[{"href":"https:\/\/www.pinovo.eu\/fr\/wp-json\/wp\/v2\/product\/2565","targetHints":{"allow":["GET"]}}],"collection":[{"href":"https:\/\/www.pinovo.eu\/fr\/wp-json\/wp\/v2\/product"}],"about":[{"href":"https:\/\/www.pinovo.eu\/fr\/wp-json\/wp\/v2\/types\/product"}],"wp:featuredmedia":[{"embeddable":true,"href":"https:\/\/www.pinovo.eu\/fr\/wp-json\/wp\/v2\/media\/2574"}],"wp:attachment":[{"href":"https:\/\/www.pinovo.eu\/fr\/wp-json\/wp\/v2\/media?parent=2565"}],"wp:term":[{"taxonomy":"product_brand","embeddable":true,"href":"https:\/\/www.pinovo.eu\/fr\/wp-json\/wp\/v2\/product_brand?post=2565"},{"taxonomy":"product_cat","embeddable":true,"href":"https:\/\/www.pinovo.eu\/fr\/wp-json\/wp\/v2\/product_cat?post=2565"},{"taxonomy":"product_tag","embeddable":true,"href":"https:\/\/www.pinovo.eu\/fr\/wp-json\/wp\/v2\/product_tag?post=2565"}],"curies":[{"name":"wp","href":"https:\/\/api.w.org\/{rel}","templated":true}]}}