{"id":116,"date":"2022-08-24T16:21:31","date_gmt":"2022-08-24T14:21:31","guid":{"rendered":"https:\/\/www.pinovo.eu\/?page_id=116"},"modified":"2024-12-19T13:14:56","modified_gmt":"2024-12-19T12:14:56","slug":"over-ons","status":"publish","type":"page","link":"https:\/\/www.pinovo.eu\/nl\/over-ons\/","title":{"rendered":"Over ons"},"content":{"rendered":"\n<p>Pinovo is d\u00e9 specialist in stofvrije en ATEX-gecertificeerde vacu\u00fcm straalsystemen. Wij bieden innovatieve oplossingen die de normen voor industri\u00eble oppervlaktevoorbereiding herdefini\u00ebren. Onze technologie\u00ebn staan niet alleen garant voor effici\u00ebntie en veiligheid, maar dragen ook bij aan een duurzamere toekomst.<\/p>\n\n\n\n<h2 class=\"wp-block-heading\">Onze missie:<\/h2>\n\n\n\n<p>Wij geloven dat industri\u00eble processen veiliger, effici\u00ebnter en milieuvriendelijker kunnen zijn. Met onze vacu\u00fcm straalsystemen helpen we bedrijven wereldwijd om:<\/p>\n\n\n\n<ul class=\"wp-block-list\">\n<li><strong>Kosten te besparen:<\/strong> Door effici\u00ebnte technologie\u00ebn en minder afval.<\/li>\n\n\n\n<li><strong>Veiligheid te vergroten:<\/strong> Door stofvrije en trillingsvrije oplossingen.<\/li>\n\n\n\n<li><strong>Duurzaam te werken:<\/strong> Met technologie\u00ebn die microplastics en afval minimaliseren.<\/li>\n<\/ul>\n\n\n\n<h2 class=\"wp-block-heading\">Wat maakt Pinovo uniek?<\/h2>\n\n\n\n<p><strong>ATEX-gecertificeerd<\/strong><br>Onze oplossingen zijn ontworpen voor explosiegevaarlijke omgevingen en voldoen aan de strengste veiligheidsnormen.<\/p>\n\n\n\n<p><strong>Stofvrije technologie<\/strong><br>Ons gesloten vacu\u00fcm straalsysteem voorkomt verspreiding van stof en schadelijke deeltjes, waardoor uw werkomgeving schoon en veilig blijft.<\/p>\n\n\n\n<p><strong>Kosteneffectief<\/strong><br>Met lagere indirecte kosten, minder straalmiddelverbruik en effici\u00ebnte workflows bespaart u tot <strong>70% op totale projectkosten<\/strong>.<\/p>\n\n\n\n<h2 class=\"wp-block-heading\">Onze kernwaarden<\/h2>\n\n\n\n<ul class=\"wp-block-list\">\n<li><strong>Innovatie:<\/strong> We blijven onze technologie\u00ebn verbeteren om te voldoen aan de behoeften van de industrie.<\/li>\n\n\n\n<li><strong>Samenwerking:<\/strong> Wij zien onze klanten als partners en werken samen aan de beste oplossingen.<\/li>\n\n\n\n<li><strong>Duurzaamheid:<\/strong> Onze producten verminderen de impact op het milieu en dragen bij aan een schonere wereld.<\/li>\n<\/ul>\n\n\n\n<div class=\"wp-block-buttons is-content-justification-center is-layout-flex wp-container-core-buttons-is-layout-a89b3969 wp-block-buttons-is-layout-flex\">\n<div class=\"wp-block-button is-style-fill\"><a class=\"wp-block-button__link has-black-color has-text-color has-background has-link-color wp-element-button\" href=\"https:\/\/www.pinovo.eu\/nl\/team\/\" style=\"border-radius:10px;background-color:#ffff00\">Bekijk het  team<\/a><\/div>\n<\/div>\n\n\n\n<h2 class=\"wp-block-heading\">Hoe wij ons inzetten om u te helpen<\/h2>\n\n\n\n<p>Bij Pinovo combineren we hoogwaardige technologie met persoonlijke service. Of het nu gaat om advies, verhuur van apparatuur of trainingen, ons team staat klaar om u te ondersteunen. We werken samen om uw projecten succesvol te maken, terwijl we de hoogste standaarden op het gebied van veiligheid en effici\u00ebntie waarborgen.<\/p>\n\n\n\n<h2 class=\"wp-block-heading\">Neem contact op voor vrijblijvende informatie<\/h2>\n\n\n\n<p>Wilt u meer weten over onze oplossingen of hoe we uw processen kunnen verbeteren? <strong>Neem contact met ons op<\/strong> en ontdek hoe Pinovo uw industri\u00eble uitdagingen oplost met innovatieve en duurzame technologie\u00ebn.<\/p>\n\n\n<script>\nvar gform;gform||(document.addEventListener(\"gform_main_scripts_loaded\",function(){gform.scriptsLoaded=!0}),document.addEventListener(\"gform\/theme\/scripts_loaded\",function(){gform.themeScriptsLoaded=!0}),window.addEventListener(\"DOMContentLoaded\",function(){gform.domLoaded=!0}),gform={domLoaded:!1,scriptsLoaded:!1,themeScriptsLoaded:!1,isFormEditor:()=>\"function\"==typeof InitializeEditor,callIfLoaded:function(o){return!(!gform.domLoaded||!gform.scriptsLoaded||!gform.themeScriptsLoaded&&!gform.isFormEditor()||(gform.isFormEditor()&&console.warn(\"The use of gform.initializeOnLoaded() is deprecated in the form editor context and will be removed in Gravity Forms 3.1.\"),o(),0))},initializeOnLoaded:function(o){gform.callIfLoaded(o)||(document.addEventListener(\"gform_main_scripts_loaded\",()=>{gform.scriptsLoaded=!0,gform.callIfLoaded(o)}),document.addEventListener(\"gform\/theme\/scripts_loaded\",()=>{gform.themeScriptsLoaded=!0,gform.callIfLoaded(o)}),window.addEventListener(\"DOMContentLoaded\",()=>{gform.domLoaded=!0,gform.callIfLoaded(o)}))},hooks:{action:{},filter:{}},addAction:function(o,r,e,t){gform.addHook(\"action\",o,r,e,t)},addFilter:function(o,r,e,t){gform.addHook(\"filter\",o,r,e,t)},doAction:function(o){gform.doHook(\"action\",o,arguments)},applyFilters:function(o){return gform.doHook(\"filter\",o,arguments)},removeAction:function(o,r){gform.removeHook(\"action\",o,r)},removeFilter:function(o,r,e){gform.removeHook(\"filter\",o,r,e)},addHook:function(o,r,e,t,n){null==gform.hooks[o][r]&&(gform.hooks[o][r]=[]);var d=gform.hooks[o][r];null==n&&(n=r+\"_\"+d.length),gform.hooks[o][r].push({tag:n,callable:e,priority:t=null==t?10:t})},doHook:function(r,o,e){var t;if(e=Array.prototype.slice.call(e,1),null!=gform.hooks[r][o]&&((o=gform.hooks[r][o]).sort(function(o,r){return o.priority-r.priority}),o.forEach(function(o){\"function\"!=typeof(t=o.callable)&&(t=window[t]),\"action\"==r?t.apply(null,e):e[0]=t.apply(null,e)})),\"filter\"==r)return e[0]},removeHook:function(o,r,t,n){var e;null!=gform.hooks[o][r]&&(e=(e=gform.hooks[o][r]).filter(function(o,r,e){return!!(null!=n&&n!=o.tag||null!=t&&t!=o.priority)}),gform.hooks[o][r]=e)}});\n<\/script>\n\n                <div class='gf_browser_gecko gform_wrapper gravity-theme gform-theme--no-framework' data-form-theme='gravity-theme' data-form-index='0' id='gform_wrapper_2' >\n                        <div class='gform_heading'>\n                            <h2 class=\"gform_title\">Afspraak maken?<\/h2>\n                            <p class='gform_description'><\/p>\n                        <\/div><form method='post' enctype='multipart\/form-data'  id='gform_2'  action='\/nl\/wp-json\/wp\/v2\/pages\/116' data-formid='2' novalidate><div class='gf_invisible ginput_recaptchav3' data-sitekey='6LdvnYMqAAAAAAPUL9JPPjD4cXOJAqmBO21My4Yg' data-tabindex='0'><input id=\"input_e2b319fd2e41264554e8d155ce5222e0\" class=\"gfield_recaptcha_response\" type=\"hidden\" name=\"input_e2b319fd2e41264554e8d155ce5222e0\" value=\"\"\/><\/div>\n                        <div class='gform-body gform_body'><div id='gform_fields_2' class='gform_fields top_label form_sublabel_below description_below validation_below'><div id=\"field_2_10\" class=\"gfield gfield--type-html gfield--input-type-html gfield--width-full gfield_html gfield_html_formatted gfield_no_follows_desc field_sublabel_below gfield--no-description field_description_below field_validation_below gfield_visibility_visible\"  ><p>Heeft u een vraag of behoefte aan technisch advies? Vul ons contactformulier in en ontdek hoe Pinovo samen met u de beste oplossing biedt voor uw specifieke uitdaging.<\/p><\/div><div id=\"field_2_1\" class=\"gfield gfield--type-text gfield--input-type-text gfield_contains_required field_sublabel_below gfield--no-description field_description_below hidden_label field_validation_below gfield_visibility_visible\"  ><label class='gfield_label gform-field-label' for='input_2_1'>Voor- en achternaam<span class=\"gfield_required\"><span class=\"gfield_required gfield_required_text\">(Vereist)<\/span><\/span><\/label><div class='ginput_container ginput_container_text'><input name='input_1' id='input_2_1' type='text' value='' class='large'    placeholder='Naam' aria-required=\"true\" aria-invalid=\"false\"   \/><\/div><\/div><div id=\"field_2_5\" class=\"gfield gfield--type-email gfield--input-type-email gfield--width-full gfield_contains_required field_sublabel_below gfield--no-description field_description_below hidden_label field_validation_below gfield_visibility_visible\"  ><label class='gfield_label gform-field-label' for='input_2_5'>E-mail adres<span class=\"gfield_required\"><span class=\"gfield_required gfield_required_text\">(Vereist)<\/span><\/span><\/label><div class='ginput_container ginput_container_email'>\n                            <input name='input_5' id='input_2_5' type='email' value='' class='large'   placeholder='E-mail' aria-required=\"true\" aria-invalid=\"false\"  \/>\n                        <\/div><\/div><div id=\"field_2_11\" class=\"gfield gfield--type-phone gfield--input-type-phone gfield--width-full field_sublabel_below gfield--no-description field_description_below hidden_label field_validation_below gfield_visibility_visible\"  ><label class='gfield_label gform-field-label' for='input_2_11'>Telefoon<\/label><div class='ginput_container ginput_container_phone'><input name='input_11' id='input_2_11' type='tel' value='' class='large'  placeholder='Telefoon'  aria-invalid=\"false\"   \/><\/div><\/div><div id=\"field_2_7\" class=\"gfield gfield--type-textarea gfield--input-type-textarea gfield--width-full gfield_contains_required field_sublabel_below gfield--no-description field_description_below hidden_label field_validation_below gfield_visibility_visible\"  ><label class='gfield_label gform-field-label' for='input_2_7'>Waarmee kunnen we u helpen?<span class=\"gfield_required\"><span class=\"gfield_required gfield_required_text\">(Vereist)<\/span><\/span><\/label><div class='ginput_container ginput_container_textarea'><textarea name='input_7' id='input_2_7' class='textarea small'    placeholder='Bericht' aria-required=\"true\" aria-invalid=\"false\"   rows='10' cols='50'><\/textarea><\/div><\/div><\/div><\/div>\n        <div class='gform-footer gform_footer top_label'> <div class=\"btn-container\"><button class='wp-block-button__link' id='gform_submit_button_2'>Versturen <span class='icon-chevron-right'><\/span><\/button><p>Deze website is beveiligd door reCAPTCHA en de Google <a href=\"https:\/\/policies.google.com\/privacy\" target=\"_blank\">Privacy Policy<\/a> en <a href=\"https:\/\/policies.google.com\/terms\" target=\"_blank\">Terms of Service<\/a> zijn hierop van kracht.<\/p><\/div> \n            <input type='hidden' class='gform_hidden' name='gform_submission_method' data-js='gform_submission_method_2' value='postback' \/>\n            <input type='hidden' class='gform_hidden' name='gform_theme' data-js='gform_theme_2' id='gform_theme_2' value='gravity-theme' \/>\n            <input type='hidden' class='gform_hidden' name='gform_style_settings' data-js='gform_style_settings_2' id='gform_style_settings_2' value='{&quot;inputPrimaryColor&quot;:&quot;#204ce5&quot;}' \/>\n            <input type='hidden' class='gform_hidden' name='is_submit_2' value='1' \/>\n            <input type='hidden' class='gform_hidden' name='gform_submit' value='2' \/>\n            \n            <input type='hidden' class='gform_hidden' name='gform_currency' data-currency='EUR' value='Ui4GmxG0SSBGCrX0Zceeu\/mmw4jhTnAPtDiD+itmg8X+mId3jRFpiIYqZP\/qSObkRp9nlt5RdLXx4GjeZtEESsy9IvFPRwqVIcqfewC4Ll1UUQo=' \/>\n            <input type='hidden' class='gform_hidden' name='gform_unique_id' value='' \/>\n            <input type='hidden' class='gform_hidden' name='state_2' value='WyJbXSIsImU2NjU1MzQxY2MyNjJjMjlmOWIwNjI4ZTViMjRmNzEwIl0=' \/>\n            <input type='hidden' autocomplete='off' class='gform_hidden' name='gform_target_page_number_2' id='gform_target_page_number_2' value='0' \/>\n            <input type='hidden' autocomplete='off' class='gform_hidden' name='gform_source_page_number_2' id='gform_source_page_number_2' value='1' \/>\n            <input type='hidden' name='gform_field_values' value='' \/>\n            \n        <\/div>\n                        <\/form>\n                        <\/div><script>\ngform.initializeOnLoaded( function() {gformInitSpinner( 2, 'https:\/\/www.pinovo.eu\/nl\/wp-content\/plugins\/gravityforms\/images\/spinner.svg', true );jQuery('#gform_ajax_frame_2').on('load',function(){var contents = jQuery(this).contents().find('*').html();var is_postback = contents.indexOf('GF_AJAX_POSTBACK') >= 0;if(!is_postback){return;}var form_content = jQuery(this).contents().find('#gform_wrapper_2');var is_confirmation = jQuery(this).contents().find('#gform_confirmation_wrapper_2').length > 0;var is_redirect = contents.indexOf('gformRedirect(){') >= 0;var is_form = form_content.length > 0 && ! is_redirect && ! is_confirmation;var mt = parseInt(jQuery('html').css('margin-top'), 10) + parseInt(jQuery('body').css('margin-top'), 10) + 100;if(is_form){jQuery('#gform_wrapper_2').html(form_content.html());if(form_content.hasClass('gform_validation_error')){jQuery('#gform_wrapper_2').addClass('gform_validation_error');} else {jQuery('#gform_wrapper_2').removeClass('gform_validation_error');}setTimeout( function() { \/* delay the scroll by 50 milliseconds to fix a bug in chrome *\/  }, 50 );if(window['gformInitDatepicker']) {gformInitDatepicker();}if(window['gformInitPriceFields']) {gformInitPriceFields();}var current_page = jQuery('#gform_source_page_number_2').val();gformInitSpinner( 2, 'https:\/\/www.pinovo.eu\/nl\/wp-content\/plugins\/gravityforms\/images\/spinner.svg', true );jQuery(document).trigger('gform_page_loaded', [2, current_page]);window['gf_submitting_2'] = false;}else if(!is_redirect){var confirmation_content = jQuery(this).contents().find('.GF_AJAX_POSTBACK').html();if(!confirmation_content){confirmation_content = contents;}jQuery('#gform_wrapper_2').replaceWith(confirmation_content);jQuery(document).trigger('gform_confirmation_loaded', [2]);window['gf_submitting_2'] = false;wp.a11y.speak(jQuery('#gform_confirmation_message_2').text());}else{jQuery('#gform_2').append(contents);if(window['gformRedirect']) {gformRedirect();}}jQuery(document).trigger(\"gform_pre_post_render\", [{ formId: \"2\", currentPage: \"current_page\", abort: function() { this.preventDefault(); } }]);        if (event && event.defaultPrevented) {                return;        }        const gformWrapperDiv = document.getElementById( \"gform_wrapper_2\" );        if ( gformWrapperDiv ) {            const visibilitySpan = document.createElement( \"span\" );            visibilitySpan.id = \"gform_visibility_test_2\";            gformWrapperDiv.insertAdjacentElement( \"afterend\", visibilitySpan );        }        const visibilityTestDiv = document.getElementById( \"gform_visibility_test_2\" );        let postRenderFired = false;        function triggerPostRender() {            if ( postRenderFired ) {                return;            }            postRenderFired = true;            gform.core.triggerPostRenderEvents( 2, current_page );            if ( visibilityTestDiv ) {                visibilityTestDiv.parentNode.removeChild( visibilityTestDiv );            }        }        function debounce( func, wait, immediate ) {            var timeout;            return function() {                var context = this, args = arguments;                var later = function() {                    timeout = null;                    if ( !immediate ) func.apply( context, args );                };                var callNow = immediate && !timeout;                clearTimeout( timeout );                timeout = setTimeout( later, wait );                if ( callNow ) func.apply( context, args );            };        }        const debouncedTriggerPostRender = debounce( function() {            triggerPostRender();        }, 200 );        if ( visibilityTestDiv && visibilityTestDiv.offsetParent === null ) {            const observer = new MutationObserver( ( mutations ) => {                mutations.forEach( ( mutation ) => {                    if ( mutation.type === 'attributes' && visibilityTestDiv.offsetParent !== null ) {                        debouncedTriggerPostRender();                        observer.disconnect();                    }                });            });            observer.observe( document.body, {                attributes: true,                childList: false,                subtree: true,                attributeFilter: [ 'style', 'class' ],            });        } else {            triggerPostRender();        }    } );} );\n<\/script>\n","protected":false},"excerpt":{"rendered":"<p>Pinovo is d\u00e9 specialist in stofvrije en ATEX-gecertificeerde vacu\u00fcm straalsystemen. Wij bieden innovatieve oplossingen die de normen voor industri\u00eble oppervlaktevoorbereiding [&hellip;]<\/p>\n","protected":false},"author":2,"featured_media":2053,"parent":0,"menu_order":0,"comment_status":"closed","ping_status":"closed","template":"","meta":{"_acf_changed":false,"content-type":"","editor_notices":[],"footnotes":""},"class_list":["post-116","page","type-page","status-publish","has-post-thumbnail","hentry"],"acf":[],"yoast_head":"<!-- This site is optimized with the Yoast SEO plugin v27.3 - https:\/\/yoast.com\/product\/yoast-seo-wordpress\/ -->\n<title>Over ons - Pinovo | NL<\/title>\n<meta name=\"robots\" content=\"index, follow, max-snippet:-1, max-image-preview:large, max-video-preview:-1\" \/>\n<link rel=\"canonical\" href=\"https:\/\/www.pinovo.eu\/nl\/over-ons\/\" \/>\n<meta property=\"og:locale\" content=\"nl_NL\" \/>\n<meta property=\"og:type\" content=\"article\" \/>\n<meta property=\"og:title\" content=\"Over ons - Pinovo | NL\" \/>\n<meta property=\"og:description\" content=\"Pinovo is d\u00e9 specialist in stofvrije en ATEX-gecertificeerde vacu\u00fcm straalsystemen. Wij bieden innovatieve oplossingen die de normen voor industri\u00eble oppervlaktevoorbereiding [&hellip;]\" \/>\n<meta property=\"og:url\" content=\"https:\/\/www.pinovo.eu\/nl\/over-ons\/\" \/>\n<meta property=\"og:site_name\" content=\"Pinovo | NL\" \/>\n<meta property=\"article:modified_time\" content=\"2024-12-19T12:14:56+00:00\" \/>\n<meta property=\"og:image\" content=\"https:\/\/www.pinovo.eu\/nl\/wp-content\/uploads\/sites\/5\/2024\/09\/team-perspect.png\" \/>\n\t<meta property=\"og:image:width\" content=\"750\" \/>\n\t<meta property=\"og:image:height\" content=\"503\" \/>\n\t<meta property=\"og:image:type\" content=\"image\/png\" \/>\n<meta name=\"twitter:card\" content=\"summary_large_image\" \/>\n<meta name=\"twitter:label1\" content=\"Geschatte leestijd\" \/>\n\t<meta name=\"twitter:data1\" content=\"2 minuten\" \/>\n<script type=\"application\/ld+json\" class=\"yoast-schema-graph\">{\"@context\":\"https:\\\/\\\/schema.org\",\"@graph\":[{\"@type\":\"WebPage\",\"@id\":\"https:\\\/\\\/www.pinovo.eu\\\/nl\\\/over-ons\\\/\",\"url\":\"https:\\\/\\\/www.pinovo.eu\\\/nl\\\/over-ons\\\/\",\"name\":\"Over ons - Pinovo | NL\",\"isPartOf\":{\"@id\":\"https:\\\/\\\/www.pinovo.eu\\\/nl\\\/#website\"},\"primaryImageOfPage\":{\"@id\":\"https:\\\/\\\/www.pinovo.eu\\\/nl\\\/over-ons\\\/#primaryimage\"},\"image\":{\"@id\":\"https:\\\/\\\/www.pinovo.eu\\\/nl\\\/over-ons\\\/#primaryimage\"},\"thumbnailUrl\":\"https:\\\/\\\/www.pinovo.eu\\\/nl\\\/wp-content\\\/uploads\\\/sites\\\/5\\\/2024\\\/09\\\/team-perspect.png\",\"datePublished\":\"2022-08-24T14:21:31+00:00\",\"dateModified\":\"2024-12-19T12:14:56+00:00\",\"breadcrumb\":{\"@id\":\"https:\\\/\\\/www.pinovo.eu\\\/nl\\\/over-ons\\\/#breadcrumb\"},\"inLanguage\":\"nl-NL\",\"potentialAction\":[{\"@type\":\"ReadAction\",\"target\":[\"https:\\\/\\\/www.pinovo.eu\\\/nl\\\/over-ons\\\/\"]}]},{\"@type\":\"ImageObject\",\"inLanguage\":\"nl-NL\",\"@id\":\"https:\\\/\\\/www.pinovo.eu\\\/nl\\\/over-ons\\\/#primaryimage\",\"url\":\"https:\\\/\\\/www.pinovo.eu\\\/nl\\\/wp-content\\\/uploads\\\/sites\\\/5\\\/2024\\\/09\\\/team-perspect.png\",\"contentUrl\":\"https:\\\/\\\/www.pinovo.eu\\\/nl\\\/wp-content\\\/uploads\\\/sites\\\/5\\\/2024\\\/09\\\/team-perspect.png\",\"width\":750,\"height\":503},{\"@type\":\"BreadcrumbList\",\"@id\":\"https:\\\/\\\/www.pinovo.eu\\\/nl\\\/over-ons\\\/#breadcrumb\",\"itemListElement\":[{\"@type\":\"ListItem\",\"position\":1,\"name\":\"Home\",\"item\":\"https:\\\/\\\/www.pinovo.eu\\\/nl\\\/\"},{\"@type\":\"ListItem\",\"position\":2,\"name\":\"Over ons\"}]},{\"@type\":\"WebSite\",\"@id\":\"https:\\\/\\\/www.pinovo.eu\\\/nl\\\/#website\",\"url\":\"https:\\\/\\\/www.pinovo.eu\\\/nl\\\/\",\"name\":\"Pinovo | NL\",\"description\":\"Pinovo slogan\",\"potentialAction\":[{\"@type\":\"SearchAction\",\"target\":{\"@type\":\"EntryPoint\",\"urlTemplate\":\"https:\\\/\\\/www.pinovo.eu\\\/nl\\\/?s={search_term_string}\"},\"query-input\":{\"@type\":\"PropertyValueSpecification\",\"valueRequired\":true,\"valueName\":\"search_term_string\"}}],\"inLanguage\":\"nl-NL\"}]}<\/script>\n<!-- \/ Yoast SEO plugin. -->","yoast_head_json":{"title":"Over ons - Pinovo | NL","robots":{"index":"index","follow":"follow","max-snippet":"max-snippet:-1","max-image-preview":"max-image-preview:large","max-video-preview":"max-video-preview:-1"},"canonical":"https:\/\/www.pinovo.eu\/nl\/over-ons\/","og_locale":"nl_NL","og_type":"article","og_title":"Over ons - Pinovo | NL","og_description":"Pinovo is d\u00e9 specialist in stofvrije en ATEX-gecertificeerde vacu\u00fcm straalsystemen. Wij bieden innovatieve oplossingen die de normen voor industri\u00eble oppervlaktevoorbereiding [&hellip;]","og_url":"https:\/\/www.pinovo.eu\/nl\/over-ons\/","og_site_name":"Pinovo | NL","article_modified_time":"2024-12-19T12:14:56+00:00","og_image":[{"width":750,"height":503,"url":"https:\/\/www.pinovo.eu\/nl\/wp-content\/uploads\/sites\/5\/2024\/09\/team-perspect.png","type":"image\/png"}],"twitter_card":"summary_large_image","twitter_misc":{"Geschatte leestijd":"2 minuten"},"schema":{"@context":"https:\/\/schema.org","@graph":[{"@type":"WebPage","@id":"https:\/\/www.pinovo.eu\/nl\/over-ons\/","url":"https:\/\/www.pinovo.eu\/nl\/over-ons\/","name":"Over ons - Pinovo | NL","isPartOf":{"@id":"https:\/\/www.pinovo.eu\/nl\/#website"},"primaryImageOfPage":{"@id":"https:\/\/www.pinovo.eu\/nl\/over-ons\/#primaryimage"},"image":{"@id":"https:\/\/www.pinovo.eu\/nl\/over-ons\/#primaryimage"},"thumbnailUrl":"https:\/\/www.pinovo.eu\/nl\/wp-content\/uploads\/sites\/5\/2024\/09\/team-perspect.png","datePublished":"2022-08-24T14:21:31+00:00","dateModified":"2024-12-19T12:14:56+00:00","breadcrumb":{"@id":"https:\/\/www.pinovo.eu\/nl\/over-ons\/#breadcrumb"},"inLanguage":"nl-NL","potentialAction":[{"@type":"ReadAction","target":["https:\/\/www.pinovo.eu\/nl\/over-ons\/"]}]},{"@type":"ImageObject","inLanguage":"nl-NL","@id":"https:\/\/www.pinovo.eu\/nl\/over-ons\/#primaryimage","url":"https:\/\/www.pinovo.eu\/nl\/wp-content\/uploads\/sites\/5\/2024\/09\/team-perspect.png","contentUrl":"https:\/\/www.pinovo.eu\/nl\/wp-content\/uploads\/sites\/5\/2024\/09\/team-perspect.png","width":750,"height":503},{"@type":"BreadcrumbList","@id":"https:\/\/www.pinovo.eu\/nl\/over-ons\/#breadcrumb","itemListElement":[{"@type":"ListItem","position":1,"name":"Home","item":"https:\/\/www.pinovo.eu\/nl\/"},{"@type":"ListItem","position":2,"name":"Over ons"}]},{"@type":"WebSite","@id":"https:\/\/www.pinovo.eu\/nl\/#website","url":"https:\/\/www.pinovo.eu\/nl\/","name":"Pinovo | NL","description":"Pinovo slogan","potentialAction":[{"@type":"SearchAction","target":{"@type":"EntryPoint","urlTemplate":"https:\/\/www.pinovo.eu\/nl\/?s={search_term_string}"},"query-input":{"@type":"PropertyValueSpecification","valueRequired":true,"valueName":"search_term_string"}}],"inLanguage":"nl-NL"}]}},"_links":{"self":[{"href":"https:\/\/www.pinovo.eu\/nl\/wp-json\/wp\/v2\/pages\/116","targetHints":{"allow":["GET"]}}],"collection":[{"href":"https:\/\/www.pinovo.eu\/nl\/wp-json\/wp\/v2\/pages"}],"about":[{"href":"https:\/\/www.pinovo.eu\/nl\/wp-json\/wp\/v2\/types\/page"}],"author":[{"embeddable":true,"href":"https:\/\/www.pinovo.eu\/nl\/wp-json\/wp\/v2\/users\/2"}],"replies":[{"embeddable":true,"href":"https:\/\/www.pinovo.eu\/nl\/wp-json\/wp\/v2\/comments?post=116"}],"version-history":[{"count":6,"href":"https:\/\/www.pinovo.eu\/nl\/wp-json\/wp\/v2\/pages\/116\/revisions"}],"predecessor-version":[{"id":2398,"href":"https:\/\/www.pinovo.eu\/nl\/wp-json\/wp\/v2\/pages\/116\/revisions\/2398"}],"wp:featuredmedia":[{"embeddable":true,"href":"https:\/\/www.pinovo.eu\/nl\/wp-json\/wp\/v2\/media\/2053"}],"wp:attachment":[{"href":"https:\/\/www.pinovo.eu\/nl\/wp-json\/wp\/v2\/media?parent=116"}],"curies":[{"name":"wp","href":"https:\/\/api.w.org\/{rel}","templated":true}]}}